{"id":879,"date":"2026-02-02T14:07:15","date_gmt":"2026-02-02T13:07:15","guid":{"rendered":"https:\/\/angry-villani.57-128-39-62.plesk.page\/?page_id=879"},"modified":"2026-02-02T14:16:01","modified_gmt":"2026-02-02T13:16:01","slug":"programme-bruxelles-2025","status":"publish","type":"page","link":"https:\/\/dpo-forum.eu\/nl\/programme-bruxelles-2025\/","title":{"rendered":"Programme Bruxelles 2025"},"content":{"rendered":"\t\t<div data-elementor-type=\"wp-page\" data-elementor-id=\"879\" class=\"elementor elementor-879\" data-elementor-post-type=\"page\">\n\t\t\t\t<div data-particle_enable=\"false\" data-particle-mobile-disabled=\"false\" class=\"elementor-element elementor-element-e723a72 e-flex e-con-boxed e-con e-parent\" data-id=\"e723a72\" data-element_type=\"container\" data-e-type=\"container\" data-settings=\"{&quot;background_background&quot;:&quot;classic&quot;}\">\n\t\t\t\t\t<div class=\"e-con-inner\">\n\t\t\t\t<div class=\"elementor-element elementor-element-791b8bc elementor-widget elementor-widget-heading\" data-id=\"791b8bc\" data-element_type=\"widget\" data-e-type=\"widget\" data-widget_type=\"heading.default\">\n\t\t\t\t\t<h2 class=\"elementor-heading-title elementor-size-default\">Programme des conf\u00e9rences<\/h2>\t\t\t\t<\/div>\n\t\t\t\t<div class=\"elementor-element elementor-element-1698fe0 elementor-widget elementor-widget-text-editor\" data-id=\"1698fe0\" data-element_type=\"widget\" data-e-type=\"widget\" data-widget_type=\"text-editor.default\">\n\t\t\t\t\t\t\t\t\t<p class=\"elementor-heading-title elementor-size-default\">Le programme des conf\u00e9rences va \u00eatre r\u00e9guli\u00e8rement mis \u00e0 jour au fur et \u00e0 mesure que nous recevrons leur contenu<\/p>\t\t\t\t\t\t\t\t<\/div>\n\t\t\t\t<div class=\"elementor-element elementor-element-b0fde06 elementor-widget elementor-widget-n-accordion\" data-id=\"b0fde06\" data-element_type=\"widget\" data-e-type=\"widget\" data-settings=\"{&quot;default_state&quot;:&quot;all_collapsed&quot;,&quot;max_items_expended&quot;:&quot;multiple&quot;,&quot;n_accordion_animation_duration&quot;:{&quot;unit&quot;:&quot;ms&quot;,&quot;size&quot;:400,&quot;sizes&quot;:[]}}\" data-widget_type=\"nested-accordion.default\">\n\t\t\t\t\t\t\t<div class=\"e-n-accordion\" aria-label=\"Accordion. Open links with Enter or Space, close with Escape, and navigate with Arrow Keys\">\n\t\t\t\t\t\t<details id=\"e-n-accordion-item-1850\" class=\"e-n-accordion-item\" >\n\t\t\t\t<summary class=\"e-n-accordion-item-title\" data-accordion-index=\"1\" tabindex=\"0\" aria-expanded=\"false\" aria-controls=\"e-n-accordion-item-1850\" >\n\t\t\t\t\t<span class='e-n-accordion-item-title-header'><h4 class=\"e-n-accordion-item-title-text\"> 9h30 - 10h00 : Accueil &amp; Petit-d\u00e9jeuner <\/h4><\/span>\n\t\t\t\t\t\t\t<span class='e-n-accordion-item-title-icon'>\n\t\t\t<span class='e-opened' ><i aria-hidden=\"true\" class=\"fas fa-chevron-up\"><\/i><\/span>\n\t\t\t<span class='e-closed'><i aria-hidden=\"true\" class=\"fas fa-chevron-down\"><\/i><\/span>\n\t\t<\/span>\n\n\t\t\t\t\t\t<\/summary>\n\t\t\t\t<div data-particle_enable=\"false\" data-particle-mobile-disabled=\"false\" role=\"region\" aria-labelledby=\"e-n-accordion-item-1850\" class=\"elementor-element elementor-element-2a38b44 e-con-full e-flex e-con e-child\" data-id=\"2a38b44\" data-element_type=\"container\" data-e-type=\"container\" data-settings=\"{&quot;background_background&quot;:&quot;classic&quot;}\">\n\t\t\t\t<div class=\"elementor-element elementor-element-d05a2a4 elementor-widget elementor-widget-text-editor\" data-id=\"d05a2a4\" data-element_type=\"widget\" data-e-type=\"widget\" data-widget_type=\"text-editor.default\">\n\t\t\t\t\t\t\t\t\t<p>Accueil et caf\u00e9<\/p>\t\t\t\t\t\t\t\t<\/div>\n\t\t\t\t<\/div>\n\t\t\t\t\t<\/details>\n\t\t\t\t\t\t<details id=\"e-n-accordion-item-1851\" class=\"e-n-accordion-item\" >\n\t\t\t\t<summary class=\"e-n-accordion-item-title\" data-accordion-index=\"2\" tabindex=\"-1\" aria-expanded=\"false\" aria-controls=\"e-n-accordion-item-1851\" >\n\t\t\t\t\t<span class='e-n-accordion-item-title-header'><h4 class=\"e-n-accordion-item-title-text\"> 10h00 - 10h30 : Keynote de Nathalie Ragheno <\/h4><\/span>\n\t\t\t\t\t\t\t<span class='e-n-accordion-item-title-icon'>\n\t\t\t<span class='e-opened' ><i aria-hidden=\"true\" class=\"fas fa-chevron-up\"><\/i><\/span>\n\t\t\t<span class='e-closed'><i aria-hidden=\"true\" class=\"fas fa-chevron-down\"><\/i><\/span>\n\t\t<\/span>\n\n\t\t\t\t\t\t<\/summary>\n\t\t\t\t<div data-particle_enable=\"false\" data-particle-mobile-disabled=\"false\" role=\"region\" aria-labelledby=\"e-n-accordion-item-1851\" class=\"elementor-element elementor-element-6fb79d9 e-con-full e-flex e-con e-child\" data-id=\"6fb79d9\" data-element_type=\"container\" data-e-type=\"container\" data-settings=\"{&quot;background_background&quot;:&quot;classic&quot;}\">\n\t\t\t\t<div class=\"elementor-element elementor-element-a0fc7e3 elementor-widget elementor-widget-text-editor\" data-id=\"a0fc7e3\" data-element_type=\"widget\" data-e-type=\"widget\" data-widget_type=\"text-editor.default\">\n\t\t\t\t\t\t\t\t\t<p data-start=\"0\" data-end=\"79\"><strong><em>\u00ab \u00catre DPO en 2025 : entre temp\u00eate r\u00e9glementaire et opportunit\u00e9 strat\u00e9gique \u00bb<\/em><\/strong><\/p><p data-start=\"81\" data-end=\"395\">En cinq ans, le r\u00f4le du DPO a profond\u00e9ment \u00e9volu\u00e9. Apr\u00e8s avoir gagn\u00e9 en visibilit\u00e9 avec le RGPD, il fait d\u00e9sormais face \u00e0 un v\u00e9ritable tsunami r\u00e9glementaire (DSA, AI Act, Data Governance Act\u2026). Les DPO doivent composer avec des ressources limit\u00e9es, des r\u00e9sistances internes et une veille r\u00e9glementaire exigeante.<\/p><p data-start=\"397\" data-end=\"716\">Pourtant, leur r\u00f4le n\u2019a jamais \u00e9t\u00e9 aussi strat\u00e9gique : dans un contexte o\u00f9 chaque violation de donn\u00e9es fait la une, les DPO transforment les contraintes en avantages concurrentiels. Le grand d\u00e9fi reste de passer du statut de simple gardien de la conformit\u00e9 \u00e0 celui de v\u00e9ritable partenaire strat\u00e9gique de l\u2019entreprise.<\/p><p data-start=\"718\" data-end=\"769\" data-is-last-node=\"\" data-is-only-node=\"\"><strong><em>Nathalie Ragheno \u2013 Avocate, Senior Advisor \u00e0 la FEB<\/em><\/strong><\/p>\t\t\t\t\t\t\t\t<\/div>\n\t\t\t\t<\/div>\n\t\t\t\t\t<\/details>\n\t\t\t\t\t\t<details id=\"e-n-accordion-item-1852\" class=\"e-n-accordion-item\" >\n\t\t\t\t<summary class=\"e-n-accordion-item-title\" data-accordion-index=\"3\" tabindex=\"-1\" aria-expanded=\"false\" aria-controls=\"e-n-accordion-item-1852\" >\n\t\t\t\t\t<span class='e-n-accordion-item-title-header'><h4 class=\"e-n-accordion-item-title-text\"> 10h30 - 11h00 : Conf\u00e9rence de DASTRA <\/h4><\/span>\n\t\t\t\t\t\t\t<span class='e-n-accordion-item-title-icon'>\n\t\t\t<span class='e-opened' ><i aria-hidden=\"true\" class=\"fas fa-chevron-up\"><\/i><\/span>\n\t\t\t<span class='e-closed'><i aria-hidden=\"true\" class=\"fas fa-chevron-down\"><\/i><\/span>\n\t\t<\/span>\n\n\t\t\t\t\t\t<\/summary>\n\t\t\t\t<div data-particle_enable=\"false\" data-particle-mobile-disabled=\"false\" role=\"region\" aria-labelledby=\"e-n-accordion-item-1852\" class=\"elementor-element elementor-element-04cc7cd e-con-full e-flex e-con e-child\" data-id=\"04cc7cd\" data-element_type=\"container\" data-e-type=\"container\" data-settings=\"{&quot;background_background&quot;:&quot;classic&quot;}\">\n\t\t\t\t<div class=\"elementor-element elementor-element-a1118e7 elementor-widget elementor-widget-text-editor\" data-id=\"a1118e7\" data-element_type=\"widget\" data-e-type=\"widget\" data-widget_type=\"text-editor.default\">\n\t\t\t\t\t\t\t\t\t<p data-start=\"0\" data-end=\"79\"><em><strong>\u00ab Ce que la protection des donn\u00e9es nous a appris sur la gouvernance de l\u2019IA \u00bb<\/strong><\/em><\/p><p data-start=\"81\" data-end=\"518\">\u00c0 une \u00e9poque o\u00f9 l\u2019intelligence artificielle transforme nos pratiques, quelles le\u00e7ons peut-on tirer du RGPD pour orienter son d\u00e9veloppement ? Cette conf\u00e9rence explore les passerelles entre r\u00e9gulation et innovation, et montre comment les principes du RGPD peuvent inspirer une gouvernance de l\u2019IA responsable, \u00e9thique et centr\u00e9e sur l\u2019humain. Venez d\u00e9couvrir comment la conformit\u00e9 peut aller de pair avec la confiance et la performance !<\/p><p data-start=\"520\" data-end=\"552\"><strong><em>Paul-Emmanuel Bidault \u2013 DASTRA<\/em><\/strong><\/p><p data-start=\"554\" data-end=\"564\" data-is-last-node=\"\" data-is-only-node=\"\">Conf\u00e9rence:\u00a0<a href=\"https:\/\/dpo-forum.eu\/wp-content\/uploads\/2025\/10\/DPO-Forum-Belgium-2025-Dastra-AI-Governance-02102025.pdf\">[DPO Forum Belgium 2025] Dastra &#8211; AI Governance\u00a0<\/a><\/p>\t\t\t\t\t\t\t\t<\/div>\n\t\t\t\t<\/div>\n\t\t\t\t\t<\/details>\n\t\t\t\t\t\t<details id=\"e-n-accordion-item-1853\" class=\"e-n-accordion-item\" >\n\t\t\t\t<summary class=\"e-n-accordion-item-title\" data-accordion-index=\"4\" tabindex=\"-1\" aria-expanded=\"false\" aria-controls=\"e-n-accordion-item-1853\" >\n\t\t\t\t\t<span class='e-n-accordion-item-title-header'><h4 class=\"e-n-accordion-item-title-text\"> 11h00 - 11h30 : Conf\u00e9rence de AXEPTIO <\/h4><\/span>\n\t\t\t\t\t\t\t<span class='e-n-accordion-item-title-icon'>\n\t\t\t<span class='e-opened' ><i aria-hidden=\"true\" class=\"fas fa-chevron-up\"><\/i><\/span>\n\t\t\t<span class='e-closed'><i aria-hidden=\"true\" class=\"fas fa-chevron-down\"><\/i><\/span>\n\t\t<\/span>\n\n\t\t\t\t\t\t<\/summary>\n\t\t\t\t<div data-particle_enable=\"false\" data-particle-mobile-disabled=\"false\" role=\"region\" aria-labelledby=\"e-n-accordion-item-1853\" class=\"elementor-element elementor-element-8325b43 e-con-full e-flex e-con e-child\" data-id=\"8325b43\" data-element_type=\"container\" data-e-type=\"container\" data-settings=\"{&quot;background_background&quot;:&quot;classic&quot;}\">\n\t\t\t\t<div class=\"elementor-element elementor-element-076e97a elementor-widget elementor-widget-text-editor\" data-id=\"076e97a\" data-element_type=\"widget\" data-e-type=\"widget\" data-widget_type=\"text-editor.default\">\n\t\t\t\t\t\t\t\t\t<article class=\"text-token-text-primary w-full focus:outline-none [--shadow-height:45px] has-data-writing-block:pointer-events-none has-data-writing-block:-mt-(--shadow-height) has-data-writing-block:pt-(--shadow-height) [&amp;:has([data-writing-block])&gt;*]:pointer-events-auto [content-visibility:auto] supports-[content-visibility:auto]:[contain-intrinsic-size:auto_100lvh] scroll-mt-[calc(var(--header-height)+min(200px,max(70px,20svh)))]\" dir=\"auto\" tabindex=\"-1\" data-turn-id=\"request-WEB:aa40ca08-699d-47ce-bdb1-1c64fefabdb0-6\" data-testid=\"conversation-turn-14\" data-scroll-anchor=\"true\" data-turn=\"assistant\"><div class=\"text-base my-auto mx-auto pb-10 [--thread-content-margin:--spacing(4)] thread-sm:[--thread-content-margin:--spacing(6)] thread-lg:[--thread-content-margin:--spacing(16)] px-(--thread-content-margin)\"><div class=\"[--thread-content-max-width:40rem] thread-lg:[--thread-content-max-width:48rem] mx-auto max-w-(--thread-content-max-width) flex-1 group\/turn-messages focus-visible:outline-hidden relative flex w-full min-w-0 flex-col agent-turn\" tabindex=\"-1\"><div class=\"flex max-w-full flex-col grow\"><div class=\"min-h-8 text-message relative flex w-full flex-col items-end gap-2 text-start break-words whitespace-normal [.text-message+&amp;]:mt-1\" dir=\"auto\" data-message-author-role=\"assistant\" data-message-id=\"eb028555-596c-4353-b161-80ce5920d63d\" data-message-model-slug=\"gpt-5\"><div class=\"flex w-full flex-col gap-1 empty:hidden first:pt-[1px]\"><div class=\"markdown prose dark:prose-invert w-full break-words dark markdown-new-styling\"><p data-start=\"0\" data-end=\"109\"><em><strong>\u00ab R\u00e9inventer l\u2019exp\u00e9rience utilisateur : en faire un atout strat\u00e9gique et \u00e9conomique pour votre entreprise \u00bb<\/strong><\/em><\/p><p data-start=\"111\" data-end=\"474\">Les conditions g\u00e9n\u00e9rales ne doivent pas \u00eatre un obstacle mais un levier strat\u00e9gique. D\u00e9couvrez comment Axeptio r\u00e9invente l\u2019exp\u00e9rience utilisateur autour du consentement en ligne et des mentions l\u00e9gales : clart\u00e9, confiance et meilleures conversions. Une conf\u00e9rence inspirante sur la transformation d\u2019une obligation l\u00e9gale en un v\u00e9ritable atout pour l\u2019entreprise.<\/p><p data-start=\"476\" data-end=\"517\" data-is-last-node=\"\" data-is-only-node=\"\"><em><strong>Gordon Plomp \u2013 Directeur, Axeptio Benelux<\/strong><\/em><\/p><\/div><\/div><\/div><\/div><\/div><\/div><\/article><p data-start=\"0\" data-end=\"100\">Conference:\u00a0<a href=\"https:\/\/dpo-forum.eu\/wp-content\/uploads\/2025\/10\/Presentation-DPO-Forum-Axeptio.pdf\">Pre\u0301sentation DPO Forum &#8211; Axeptio<\/a><\/p>\t\t\t\t\t\t\t\t<\/div>\n\t\t\t\t<\/div>\n\t\t\t\t\t<\/details>\n\t\t\t\t\t\t<details id=\"e-n-accordion-item-1854\" class=\"e-n-accordion-item\" >\n\t\t\t\t<summary class=\"e-n-accordion-item-title\" data-accordion-index=\"5\" tabindex=\"-1\" aria-expanded=\"false\" aria-controls=\"e-n-accordion-item-1854\" >\n\t\t\t\t\t<span class='e-n-accordion-item-title-header'><h4 class=\"e-n-accordion-item-title-text\"> 11h30 - 12h00 : Conf\u00e9rence de CRANIUM <\/h4><\/span>\n\t\t\t\t\t\t\t<span class='e-n-accordion-item-title-icon'>\n\t\t\t<span class='e-opened' ><i aria-hidden=\"true\" class=\"fas fa-chevron-up\"><\/i><\/span>\n\t\t\t<span class='e-closed'><i aria-hidden=\"true\" class=\"fas fa-chevron-down\"><\/i><\/span>\n\t\t<\/span>\n\n\t\t\t\t\t\t<\/summary>\n\t\t\t\t<div data-particle_enable=\"false\" data-particle-mobile-disabled=\"false\" role=\"region\" aria-labelledby=\"e-n-accordion-item-1854\" class=\"elementor-element elementor-element-c611d87 e-con-full e-flex e-con e-child\" data-id=\"c611d87\" data-element_type=\"container\" data-e-type=\"container\" data-settings=\"{&quot;background_background&quot;:&quot;classic&quot;}\">\n\t\t\t\t<div class=\"elementor-element elementor-element-bca8e80 elementor-widget elementor-widget-text-editor\" data-id=\"bca8e80\" data-element_type=\"widget\" data-e-type=\"widget\" data-widget_type=\"text-editor.default\">\n\t\t\t\t\t\t\t\t\t<p data-start=\"0\" data-end=\"108\"><strong>\u00ab Ma\u00eetriser le cycle de vie des donn\u00e9es : un atout pour relever les d\u00e9fis strat\u00e9giques des organisations \u00bb<\/strong><\/p><p data-start=\"110\" data-end=\"582\">Collecte, identification, conservation, int\u00e9grit\u00e9, suppression, archivage\u2026 Ma\u00eetriser le cycle de vie des donn\u00e9es n\u2019est pas seulement une exigence op\u00e9rationnelle : c\u2019est un levier strat\u00e9gique pour renforcer la protection des donn\u00e9es personnelles. Le cadre juridique et les bonnes pratiques de gouvernance des donn\u00e9es offrent aux DPO non seulement les outils pour atteindre la conformit\u00e9 au RGPD, mais aussi l\u2019opportunit\u00e9 d\u2019en faire un v\u00e9ritable atout pour l\u2019organisation.<\/p><p data-start=\"584\" data-end=\"648\" data-is-last-node=\"\" data-is-only-node=\"\"><em><strong>Florian Delabie \u2013 Consultant en gouvernance des donn\u00e9es, CRANIUM<\/strong><\/em><\/p><p><em>Farouk Jebali<\/em> &#8211; <strong>Hamyna<\/strong><\/p>\t\t\t\t\t\t\t\t<\/div>\n\t\t\t\t<\/div>\n\t\t\t\t\t<\/details>\n\t\t\t\t\t\t<details id=\"e-n-accordion-item-1855\" class=\"e-n-accordion-item\" >\n\t\t\t\t<summary class=\"e-n-accordion-item-title\" data-accordion-index=\"6\" tabindex=\"-1\" aria-expanded=\"false\" aria-controls=\"e-n-accordion-item-1855\" >\n\t\t\t\t\t<span class='e-n-accordion-item-title-header'><h4 class=\"e-n-accordion-item-title-text\"> 12h00 - 12h30 : Conf\u00e9rence de SHIELD AI <\/h4><\/span>\n\t\t\t\t\t\t\t<span class='e-n-accordion-item-title-icon'>\n\t\t\t<span class='e-opened' ><i aria-hidden=\"true\" class=\"fas fa-chevron-up\"><\/i><\/span>\n\t\t\t<span class='e-closed'><i aria-hidden=\"true\" class=\"fas fa-chevron-down\"><\/i><\/span>\n\t\t<\/span>\n\n\t\t\t\t\t\t<\/summary>\n\t\t\t\t<div data-particle_enable=\"false\" data-particle-mobile-disabled=\"false\" role=\"region\" aria-labelledby=\"e-n-accordion-item-1855\" class=\"elementor-element elementor-element-c3c9ae6 e-flex e-con-boxed e-con e-child\" data-id=\"c3c9ae6\" data-element_type=\"container\" data-e-type=\"container\" data-settings=\"{&quot;background_background&quot;:&quot;classic&quot;}\">\n\t\t\t\t\t<div class=\"e-con-inner\">\n\t\t\t\t<div class=\"elementor-element elementor-element-d511a46 elementor-widget elementor-widget-text-editor\" data-id=\"d511a46\" data-element_type=\"widget\" data-e-type=\"widget\" data-widget_type=\"text-editor.default\">\n\t\t\t\t\t\t\t\t\t<p data-start=\"0\" data-end=\"103\"><em><strong>\u00ab Cybers\u00e9curit\u00e9 et conformit\u00e9 : bonnes et mauvaises pratiques dans l\u2019utilisation de l\u2019IA g\u00e9n\u00e9rative \u00bb<\/strong><\/em><\/p><p data-start=\"105\" data-end=\"184\">L\u2019exposition de donn\u00e9es sensibles et personnelles : comment g\u00e9rer ce risque ?<\/p><p data-start=\"186\" data-end=\"228\" data-is-last-node=\"\" data-is-only-node=\"\"><em><strong>Mustapha Annouh \u2013 Cofondateur de SHIELD AI<\/strong><\/em><\/p>\t\t\t\t\t\t\t\t<\/div>\n\t\t\t\t\t<\/div>\n\t\t\t\t<\/div>\n\t\t\t\t\t<\/details>\n\t\t\t\t\t\t<details id=\"e-n-accordion-item-1856\" class=\"e-n-accordion-item\" >\n\t\t\t\t<summary class=\"e-n-accordion-item-title\" data-accordion-index=\"7\" tabindex=\"-1\" aria-expanded=\"false\" aria-controls=\"e-n-accordion-item-1856\" >\n\t\t\t\t\t<span class='e-n-accordion-item-title-header'><h4 class=\"e-n-accordion-item-title-text\"> 12h30 - 13h00 : Conf\u00e9rence de SYNERGIT <\/h4><\/span>\n\t\t\t\t\t\t\t<span class='e-n-accordion-item-title-icon'>\n\t\t\t<span class='e-opened' ><i aria-hidden=\"true\" class=\"fas fa-chevron-up\"><\/i><\/span>\n\t\t\t<span class='e-closed'><i aria-hidden=\"true\" class=\"fas fa-chevron-down\"><\/i><\/span>\n\t\t<\/span>\n\n\t\t\t\t\t\t<\/summary>\n\t\t\t\t<div data-particle_enable=\"false\" data-particle-mobile-disabled=\"false\" role=\"region\" aria-labelledby=\"e-n-accordion-item-1856\" class=\"elementor-element elementor-element-4888a86 e-flex e-con-boxed e-con e-child\" data-id=\"4888a86\" data-element_type=\"container\" data-e-type=\"container\" data-settings=\"{&quot;background_background&quot;:&quot;classic&quot;}\">\n\t\t\t\t\t<div class=\"e-con-inner\">\n\t\t\t\t<div class=\"elementor-element elementor-element-1114f7c elementor-widget elementor-widget-text-editor\" data-id=\"1114f7c\" data-element_type=\"widget\" data-e-type=\"widget\" data-widget_type=\"text-editor.default\">\n\t\t\t\t\t\t\t\t\t<p data-start=\"0\" data-end=\"139\"><em><strong>\u00ab Du RGPD, NIS2, DORA \u00e0 la r\u00e9silience op\u00e9rationnelle : quand les DPO et les CISO deviennent les architectes de la continuit\u00e9 d\u2019activit\u00e9 \u00bb<\/strong><\/em><\/p><p data-start=\"141\" data-end=\"358\">Le monde a encore chang\u00e9 ! Et dans ce nouveau contexte, les donn\u00e9es personnelles sont plus vuln\u00e9rables que jamais et, \u00e0 travers elles, nos citoyens, nos employ\u00e9s et, en fin de compte, nos d\u00e9mocraties sont en danger.<\/p><p data-start=\"360\" data-end=\"541\">Dans cette pr\u00e9sentation, nous explorerons le r\u00f4le essentiel que les DPO et les CISO doivent jouer dans la construction et la protection du futur dans lequel nous souhaitons vivre.<\/p><p data-start=\"543\" data-end=\"574\"><em><strong>Christian De Boeck \u2013 Synergit<\/strong><\/em><\/p><p data-start=\"576\" data-end=\"588\" data-is-last-node=\"\" data-is-only-node=\"\">Conf\u00e9rence :\u00a0<a href=\"https:\/\/dpo-forum.eu\/wp-content\/uploads\/2025\/10\/DPO-Forum-2025-v2.00.pdf\">DPO Forum 2025<\/a><\/p>\t\t\t\t\t\t\t\t<\/div>\n\t\t\t\t\t<\/div>\n\t\t\t\t<\/div>\n\t\t\t\t\t<\/details>\n\t\t\t\t\t\t<details id=\"e-n-accordion-item-1857\" class=\"e-n-accordion-item\" >\n\t\t\t\t<summary class=\"e-n-accordion-item-title\" data-accordion-index=\"8\" tabindex=\"-1\" aria-expanded=\"false\" aria-controls=\"e-n-accordion-item-1857\" >\n\t\t\t\t\t<span class='e-n-accordion-item-title-header'><h4 class=\"e-n-accordion-item-title-text\"> 13h00 - 13h30 : Table Ronde <\/h4><\/span>\n\t\t\t\t\t\t\t<span class='e-n-accordion-item-title-icon'>\n\t\t\t<span class='e-opened' ><i aria-hidden=\"true\" class=\"fas fa-chevron-up\"><\/i><\/span>\n\t\t\t<span class='e-closed'><i aria-hidden=\"true\" class=\"fas fa-chevron-down\"><\/i><\/span>\n\t\t<\/span>\n\n\t\t\t\t\t\t<\/summary>\n\t\t\t\t<div data-particle_enable=\"false\" data-particle-mobile-disabled=\"false\" role=\"region\" aria-labelledby=\"e-n-accordion-item-1857\" class=\"elementor-element elementor-element-afd3e62 e-flex e-con-boxed e-con e-child\" data-id=\"afd3e62\" data-element_type=\"container\" data-e-type=\"container\" data-settings=\"{&quot;background_background&quot;:&quot;classic&quot;}\">\n\t\t\t\t\t<div class=\"e-con-inner\">\n\t\t\t\t<div class=\"elementor-element elementor-element-23d640f elementor-widget elementor-widget-text-editor\" data-id=\"23d640f\" data-element_type=\"widget\" data-e-type=\"widget\" data-widget_type=\"text-editor.default\">\n\t\t\t\t\t\t\t\t\t<p data-start=\"0\" data-end=\"64\"><strong><em>\u00ab La convergence des r\u00e9glementations (NIS2 \u2013 RGPD \u2013 AI ACT \u2013 DORA) \u00bb<\/em><\/strong><\/p><p data-start=\"72\" data-end=\"214\">Comment l\u2019IA en tant que technologie peut aider et s\u2019int\u00e9grer dans les processus m\u00e9tiers. L\u2019\u00e9volution du r\u00f4le du DPO avec cette convergence.<\/p><p data-start=\"216\" data-end=\"259\">Mod\u00e9rateur :\u00a0<em><strong>Fabrice Hecquet<\/strong>\u00a0<\/em>\u2013 CyberXpert<\/p><p data-start=\"261\" data-end=\"323\" data-is-last-node=\"\" data-is-only-node=\"\">Intervenants :<em><strong>\u00a0Cedric Cantillon<\/strong><\/em>\u00a0\u2013 RTBF \/ Anne Mikusinski \u2013 UCM<\/p>\t\t\t\t\t\t\t\t<\/div>\n\t\t\t\t\t<\/div>\n\t\t\t\t<\/div>\n\t\t\t\t\t<\/details>\n\t\t\t\t\t\t<details id=\"e-n-accordion-item-1858\" class=\"e-n-accordion-item\" >\n\t\t\t\t<summary class=\"e-n-accordion-item-title\" data-accordion-index=\"9\" tabindex=\"-1\" aria-expanded=\"false\" aria-controls=\"e-n-accordion-item-1858\" >\n\t\t\t\t\t<span class='e-n-accordion-item-title-header'><h4 class=\"e-n-accordion-item-title-text\"> 13h30 : Lunch et Networking <\/h4><\/span>\n\t\t\t\t\t\t\t<span class='e-n-accordion-item-title-icon'>\n\t\t\t<span class='e-opened' ><i aria-hidden=\"true\" class=\"fas fa-chevron-up\"><\/i><\/span>\n\t\t\t<span class='e-closed'><i aria-hidden=\"true\" class=\"fas fa-chevron-down\"><\/i><\/span>\n\t\t<\/span>\n\n\t\t\t\t\t\t<\/summary>\n\t\t\t\t<div data-particle_enable=\"false\" data-particle-mobile-disabled=\"false\" role=\"region\" aria-labelledby=\"e-n-accordion-item-1858\" class=\"elementor-element elementor-element-9d0a2a2 e-flex e-con-boxed e-con e-child\" data-id=\"9d0a2a2\" data-element_type=\"container\" data-e-type=\"container\" data-settings=\"{&quot;background_background&quot;:&quot;classic&quot;}\">\n\t\t\t\t\t<div class=\"e-con-inner\">\n\t\t\t\t<div class=\"elementor-element elementor-element-9553cbf elementor-widget elementor-widget-text-editor\" data-id=\"9553cbf\" data-element_type=\"widget\" data-e-type=\"widget\" data-widget_type=\"text-editor.default\">\n\t\t\t\t\t\t\t\t\t<p>Lunch &amp; Networking<\/p>\t\t\t\t\t\t\t\t<\/div>\n\t\t\t\t\t<\/div>\n\t\t\t\t<\/div>\n\t\t\t\t\t<\/details>\n\t\t\t\t\t<\/div>\n\t\t\t\t\t\t<\/div>\n\t\t\t\t\t<\/div>\n\t\t\t\t<\/div>\n\t\t\t\t<\/div>\n\t\t","protected":false},"excerpt":{"rendered":"<p>Programme des conf\u00e9rences Le programme des conf\u00e9rences va \u00eatre r\u00e9guli\u00e8rement mis \u00e0 jour au fur et \u00e0 mesure que nous recevrons leur contenu 9h30 &#8211; 10h00 : Accueil &amp; Petit-d\u00e9jeuner Accueil et caf\u00e9 10h00 &#8211; 10h30 : Keynote de Nathalie Ragheno \u00ab \u00catre DPO en 2025 : entre temp\u00eate r\u00e9glementaire et opportunit\u00e9 strat\u00e9gique \u00bb En [&hellip;]<\/p>\n","protected":false},"author":1,"featured_media":0,"parent":0,"menu_order":0,"comment_status":"closed","ping_status":"closed","template":"","meta":{"footnotes":""},"class_list":["post-879","page","type-page","status-publish","hentry"],"_links":{"self":[{"href":"https:\/\/dpo-forum.eu\/nl\/wp-json\/wp\/v2\/pages\/879","targetHints":{"allow":["GET"]}}],"collection":[{"href":"https:\/\/dpo-forum.eu\/nl\/wp-json\/wp\/v2\/pages"}],"about":[{"href":"https:\/\/dpo-forum.eu\/nl\/wp-json\/wp\/v2\/types\/page"}],"author":[{"embeddable":true,"href":"https:\/\/dpo-forum.eu\/nl\/wp-json\/wp\/v2\/users\/1"}],"replies":[{"embeddable":true,"href":"https:\/\/dpo-forum.eu\/nl\/wp-json\/wp\/v2\/comments?post=879"}],"version-history":[{"count":5,"href":"https:\/\/dpo-forum.eu\/nl\/wp-json\/wp\/v2\/pages\/879\/revisions"}],"predecessor-version":[{"id":892,"href":"https:\/\/dpo-forum.eu\/nl\/wp-json\/wp\/v2\/pages\/879\/revisions\/892"}],"wp:attachment":[{"href":"https:\/\/dpo-forum.eu\/nl\/wp-json\/wp\/v2\/media?parent=879"}],"curies":[{"name":"wp","href":"https:\/\/api.w.org\/{rel}","templated":true}]}}