{"id":256,"date":"2026-01-27T15:33:07","date_gmt":"2026-01-27T14:33:07","guid":{"rendered":"https:\/\/angry-villani.57-128-39-62.plesk.page\/?page_id=256"},"modified":"2026-02-09T11:20:26","modified_gmt":"2026-02-09T10:20:26","slug":"dpo-forum-decembre-2025","status":"publish","type":"page","link":"https:\/\/dpo-forum.eu\/nl\/dpo-forum-decembre-2025\/","title":{"rendered":"DPO Forum december 2025"},"content":{"rendered":"<div data-elementor-type=\"wp-page\" data-elementor-id=\"256\" class=\"elementor elementor-256\" data-elementor-post-type=\"page\">\n\t\t\t\t<div data-particle_enable=\"false\" data-particle-mobile-disabled=\"false\" class=\"elementor-element elementor-element-bb5997f e-flex e-con-boxed e-con e-parent\" data-id=\"bb5997f\" data-element_type=\"container\" data-e-type=\"container\" data-settings=\"{&quot;background_background&quot;:&quot;classic&quot;,&quot;background_motion_fx_motion_fx_mouse&quot;:&quot;yes&quot;,&quot;background_motion_fx_mouseTrack_effect&quot;:&quot;yes&quot;,&quot;background_motion_fx_mouseTrack_speed&quot;:{&quot;unit&quot;:&quot;px&quot;,&quot;size&quot;:1.6,&quot;sizes&quot;:[]}}\">\n\t\t\t\t\t<div class=\"e-con-inner\">\n\t\t\t\t<div class=\"elementor-element elementor-element-88b6dca elementor-widget elementor-widget-heading\" data-id=\"88b6dca\" data-element_type=\"widget\" data-e-type=\"widget\" data-widget_type=\"heading.default\">\n\t\t\t\t\t<h1 class=\"elementor-heading-title elementor-size-default\"><span class=\"hl-hero\">DPO-forum<\/span><\/h1>\t\t\t\t<\/div>\n\t\t\t\t<div class=\"elementor-element elementor-element-b98e524 elementor-widget elementor-widget-heading\" data-id=\"b98e524\" data-element_type=\"widget\" data-e-type=\"widget\" data-widget_type=\"heading.default\">\n\t\t\t\t\t<h2 class=\"elementor-heading-title elementor-size-default\"><span class=\"hl-hero\">Luxemburg december 2025<\/span><\/h2>\t\t\t\t<\/div>\n\t\t\t\t\t<\/div>\n\t\t\t\t<\/div>\n\t\t<div data-particle_enable=\"false\" data-particle-mobile-disabled=\"false\" class=\"elementor-element elementor-element-52845af e-con-full e-flex e-con e-parent\" data-id=\"52845af\" data-element_type=\"container\" data-e-type=\"container\" data-settings=\"{&quot;background_background&quot;:&quot;classic&quot;}\">\n\t\t<div data-particle_enable=\"false\" data-particle-mobile-disabled=\"false\" class=\"elementor-element elementor-element-4859dea e-con-full e-flex e-con e-child\" data-id=\"4859dea\" data-element_type=\"container\" data-e-type=\"container\" data-settings=\"{&quot;background_background&quot;:&quot;classic&quot;}\">\n\t\t<div data-particle_enable=\"false\" data-particle-mobile-disabled=\"false\" class=\"elementor-element elementor-element-fc49d3d e-con-full e-flex e-con e-child\" data-id=\"fc49d3d\" data-element_type=\"container\" data-e-type=\"container\">\n\t\t\t\t<div class=\"elementor-element elementor-element-0d87a83 elementor-widget elementor-widget-text-editor\" data-id=\"0d87a83\" data-element_type=\"widget\" data-e-type=\"widget\" data-widget_type=\"text-editor.default\">\n\t\t\t\t\t\t\t\t\t<p>Laten we elkaar ontmoeten op 11 december 2025 in de <a class=\"big-link\" href=\"https:\/\/luxembourg.leroyal.com\/\" target=\"_blank\" rel=\"noopener\">Welkom Hotel<\/a>, Luxemburg (Ville-Haute) voor nog een dag vol conferenties.<\/p>\t\t\t\t\t\t\t\t<\/div>\n\t\t\t\t<\/div>\n\t\t<div data-particle_enable=\"false\" data-particle-mobile-disabled=\"false\" class=\"elementor-element elementor-element-9d6648b e-con-full e-flex e-con e-child\" data-id=\"9d6648b\" data-element_type=\"container\" data-e-type=\"container\">\n\t\t<div data-particle_enable=\"false\" data-particle-mobile-disabled=\"false\" class=\"elementor-element elementor-element-4c645ae e-con-full e-flex e-con e-child\" data-id=\"4c645ae\" data-element_type=\"container\" data-e-type=\"container\">\n\t\t\t\t<div class=\"elementor-element elementor-element-2b42263 elementor-widget elementor-widget-image\" data-id=\"2b42263\" data-element_type=\"widget\" data-e-type=\"widget\" data-widget_type=\"image.default\">\n\t\t\t\t\t\t\t\t\t\t\t\t\t\t\t<img fetchpriority=\"high\" decoding=\"async\" width=\"1000\" height=\"667\" src=\"https:\/\/dpo-forum.eu\/wp-content\/uploads\/Photo-site-4.png\" class=\"attachment-large size-large wp-image-655\" alt=\",\" srcset=\"https:\/\/dpo-forum.eu\/wp-content\/uploads\/Photo-site-4.png 1000w, https:\/\/dpo-forum.eu\/wp-content\/uploads\/Photo-site-4-768x512.png 768w\" sizes=\"(max-width: 1000px) 100vw, 1000px\" title=\"\">\t\t\t\t\t\t\t\t\t\t\t\t\t\t\t<\/div>\n\t\t\t\t<div class=\"elementor-element elementor-element-7b4e40f elementor-widget elementor-widget-heading\" data-id=\"7b4e40f\" data-element_type=\"widget\" data-e-type=\"widget\" data-widget_type=\"heading.default\">\n\t\t\t\t\t<h3 class=\"elementor-heading-title elementor-size-default\">Wat is het?<\/h3>\t\t\t\t<\/div>\n\t\t\t\t<div class=\"elementor-element elementor-element-a880b11 elementor-widget elementor-widget-heading\" data-id=\"a880b11\" data-element_type=\"widget\" data-e-type=\"widget\" data-widget_type=\"heading.default\">\n\t\t\t\t\t<h4 class=\"elementor-heading-title elementor-size-default\">Naleving van de RGPD optimaliseren<\/h4>\t\t\t\t<\/div>\n\t\t\t\t<div class=\"elementor-element elementor-element-b893ded elementor-widget elementor-widget-text-editor\" data-id=\"b893ded\" data-element_type=\"widget\" data-e-type=\"widget\" data-widget_type=\"text-editor.default\">\n\t\t\t\t\t\t\t\t\t<p>Le <strong>DPO-forum<\/strong>, georganiseerd door Mark-Com Event, zal worden gehouden op\u00a0<strong>11 december 2025<\/strong>\u00a0in Luxemburg, na een succesvolle editie in 2023 in Belgi\u00eb en Frankrijk.<\/p><p>Dit evenement is bedoeld om bedrijven praktische oplossingen te bieden voor het versterken van de bescherming van persoonsgegevens onder de RGPD. Het forum brengt experts samen om de uitdagingen te bespreken waarmee DPO's (Data Protection Officers) worden geconfronteerd, zoals het gebrek aan steun van het management, de implementatie van nalevingsbeleid en de aanpassing aan nieuwe technologie\u00ebn. Dit is een unieke kans voor bedrijven om de nieuwste innovaties te ontdekken en gespecialiseerde partners op dit gebied te ontmoeten.<\/p>\t\t\t\t\t\t\t\t<\/div>\n\t\t\t\t<\/div>\n\t\t<div data-particle_enable=\"false\" data-particle-mobile-disabled=\"false\" class=\"elementor-element elementor-element-8e58f25 e-con-full e-flex e-con e-child\" data-id=\"8e58f25\" data-element_type=\"container\" data-e-type=\"container\">\n\t\t\t\t<div class=\"elementor-element elementor-element-bda4fff elementor-widget elementor-widget-image\" data-id=\"bda4fff\" data-element_type=\"widget\" data-e-type=\"widget\" data-widget_type=\"image.default\">\n\t\t\t\t\t\t\t\t\t\t\t\t\t\t\t<img decoding=\"async\" width=\"1000\" height=\"667\" src=\"https:\/\/dpo-forum.eu\/wp-content\/uploads\/3s8a9146_1625747621.jpg\" class=\"attachment-large size-large wp-image-1406\" alt=\",\" srcset=\"https:\/\/dpo-forum.eu\/wp-content\/uploads\/3s8a9146_1625747621.jpg 1000w, https:\/\/dpo-forum.eu\/wp-content\/uploads\/3s8a9146_1625747621-768x512.jpg 768w\" sizes=\"(max-width: 1000px) 100vw, 1000px\" title=\"\">\t\t\t\t\t\t\t\t\t\t\t\t\t\t\t<\/div>\n\t\t\t\t<div class=\"elementor-element elementor-element-b0f3190 elementor-widget elementor-widget-heading\" data-id=\"b0f3190\" data-element_type=\"widget\" data-e-type=\"widget\" data-widget_type=\"heading.default\">\n\t\t\t\t\t<h3 class=\"elementor-heading-title elementor-size-default\">Waar? Waar?<\/h3>\t\t\t\t<\/div>\n\t\t\t\t<div class=\"elementor-element elementor-element-98e47eb elementor-widget__width-inherit elementor-icon-list--layout-traditional elementor-list-item-link-full_width elementor-widget elementor-widget-icon-list\" data-id=\"98e47eb\" data-element_type=\"widget\" data-e-type=\"widget\" data-widget_type=\"icon-list.default\">\n\t\t\t\t\t\t\t<ul class=\"elementor-icon-list-items\">\n\t\t\t\t\t\t\t<li class=\"elementor-icon-list-item\">\n\t\t\t\t\t\t\t\t\t\t\t<span class=\"elementor-icon-list-icon\">\n\t\t\t\t\t\t\t<i aria-hidden=\"true\" class=\"fas fa-calendar-alt\"><\/i>\t\t\t\t\t\t<\/span>\n\t\t\t\t\t\t\t\t\t\t<span class=\"elementor-icon-list-text\">11 december 2025<\/span>\n\t\t\t\t\t\t\t\t\t<\/li>\n\t\t\t\t\t\t\t\t<li class=\"elementor-icon-list-item\">\n\t\t\t\t\t\t\t\t\t\t\t<span class=\"elementor-icon-list-icon\">\n\t\t\t\t\t\t\t<i aria-hidden=\"true\" class=\"fas fa-clock\"><\/i>\t\t\t\t\t\t<\/span>\n\t\t\t\t\t\t\t\t\t\t<span class=\"elementor-icon-list-text\">8.30 - 16.00<\/span>\n\t\t\t\t\t\t\t\t\t<\/li>\n\t\t\t\t\t\t\t\t<li class=\"elementor-icon-list-item\">\n\t\t\t\t\t\t\t\t\t\t\t<span class=\"elementor-icon-list-icon\">\n\t\t\t\t\t\t\t<i aria-hidden=\"true\" class=\"fas fa-map-pin\"><\/i>\t\t\t\t\t\t<\/span>\n\t\t\t\t\t\t\t\t\t\t<span class=\"elementor-icon-list-text\">Hotel Le Royal, Luxemburg (Ville-Haute)<\/span>\n\t\t\t\t\t\t\t\t\t<\/li>\n\t\t\t\t\t\t<\/ul>\n\t\t\t\t\t\t<\/div>\n\t\t\t\t<div class=\"elementor-element elementor-element-73d86c2 elementor-widget__width-inherit elementor-widget elementor-widget-text-editor\" data-id=\"73d86c2\" data-element_type=\"widget\" data-e-type=\"widget\" data-widget_type=\"text-editor.default\">\n\t\t\t\t\t\t\t\t\t<p>Dit niet te missen evenement brengt de Data Protection Officer (DPO) gemeenschap samen om belangrijke ontwikkelingen in de sector te bespreken.<\/p>\t\t\t\t\t\t\t\t<\/div>\n\t\t\t\t<div class=\"elementor-element elementor-element-4e0e72e elementor-icon-list--layout-traditional elementor-list-item-link-full_width elementor-widget elementor-widget-icon-list\" data-id=\"4e0e72e\" data-element_type=\"widget\" data-e-type=\"widget\" data-widget_type=\"icon-list.default\">\n\t\t\t\t\t\t\t<ul class=\"elementor-icon-list-items\">\n\t\t\t\t\t\t\t<li class=\"elementor-icon-list-item\">\n\t\t\t\t\t\t\t\t\t\t\t<a href=\"https:\/\/www.google.com\/maps?um=1&#038;ie=UTF-8&#038;fb=1&#038;gl=fr&#038;sa=X&#038;geocode=KfmUvfkqT5VHMStvk_4cG78d&#038;daddr=12+Bd+Royal,+2449+Ville-Haute+Luxembourg\" target=\"_blank\" rel=\"noopener\">\n\n\t\t\t\t\t\t\t\t\t\t\t\t<span class=\"elementor-icon-list-icon\">\n\t\t\t\t\t\t\t<i aria-hidden=\"true\" class=\"fas fa-link\"><\/i>\t\t\t\t\t\t<\/span>\n\t\t\t\t\t\t\t\t\t\t<span class=\"elementor-icon-list-text\">Google-kaarten <\/span>\n\t\t\t\t\t\t\t\t\t\t\t<\/a>\n\t\t\t\t\t\t\t\t\t<\/li>\n\t\t\t\t\t\t<\/ul>\n\t\t\t\t\t\t<\/div>\n\t\t\t\t<\/div>\n\t\t<div data-particle_enable=\"false\" data-particle-mobile-disabled=\"false\" class=\"elementor-element elementor-element-08c12ac e-con-full e-flex e-con e-child\" data-id=\"08c12ac\" data-element_type=\"container\" data-e-type=\"container\">\n\t\t\t\t<div class=\"elementor-element elementor-element-b621db4 elementor-widget elementor-widget-image\" data-id=\"b621db4\" data-element_type=\"widget\" data-e-type=\"widget\" data-widget_type=\"image.default\">\n\t\t\t\t\t\t\t\t\t\t\t\t\t\t\t<img decoding=\"async\" width=\"612\" height=\"408\" src=\"https:\/\/dpo-forum.eu\/wp-content\/uploads\/istockphoto-1857502667-612x612-1.jpg\" class=\"attachment-large size-large wp-image-381\" alt=\",\" title=\"\">\t\t\t\t\t\t\t\t\t\t\t\t\t\t\t<\/div>\n\t\t\t\t<div class=\"elementor-element elementor-element-7757f29 elementor-widget elementor-widget-heading\" data-id=\"7757f29\" data-element_type=\"widget\" data-e-type=\"widget\" data-widget_type=\"heading.default\">\n\t\t\t\t\t<h3 class=\"elementor-heading-title elementor-size-default\">Wie is het?<\/h3>\t\t\t\t<\/div>\n\t\t\t\t<div class=\"elementor-element elementor-element-d035dc2 elementor-widget elementor-widget-text-editor\" data-id=\"d035dc2\" data-element_type=\"widget\" data-e-type=\"widget\" data-widget_type=\"text-editor.default\">\n\t\t\t\t\t\t\t\t\t<p class=\"\" data-start=\"1686\" data-end=\"1869\">Voor meer dan\u00a0<strong data-start=\"204\" data-end=\"214\">30 jaar oud<\/strong>,\u00a0<strong data-start=\"216\" data-end=\"234\">Mark-Com evenement<\/strong>\u00a0is een belangrijke speler in de organisatie van\u00a0<strong data-start=\"276\" data-end=\"326\">conferenties en zakelijke bijeenkomsten in Europa<\/strong>. We brengen samen\u00a0<strong data-start=\"348\" data-end=\"379\">publieke en private besluitvormers<\/strong>\u00a0in de digitale sector om uitwisseling, samenwerking en innovatie aan te moedigen.<\/p>\t\t\t\t\t\t\t\t<\/div>\n\t\t\t\t<div class=\"elementor-element elementor-element-ba6c443 elementor-icon-list--layout-traditional elementor-list-item-link-full_width elementor-widget elementor-widget-icon-list\" data-id=\"ba6c443\" data-element_type=\"widget\" data-e-type=\"widget\" data-widget_type=\"icon-list.default\">\n\t\t\t\t\t\t\t<ul class=\"elementor-icon-list-items\">\n\t\t\t\t\t\t\t<li class=\"elementor-icon-list-item\">\n\t\t\t\t\t\t\t\t\t\t\t<a href=\"https:\/\/mark-com.com\/fr\/\" target=\"_blank\" rel=\"noopener\">\n\n\t\t\t\t\t\t\t\t\t\t\t\t<span class=\"elementor-icon-list-icon\">\n\t\t\t\t\t\t\t<i aria-hidden=\"true\" class=\"fas fa-info-circle\"><\/i>\t\t\t\t\t\t<\/span>\n\t\t\t\t\t\t\t\t\t\t<span class=\"elementor-icon-list-text\">Lees meer<\/span>\n\t\t\t\t\t\t\t\t\t\t\t<\/a>\n\t\t\t\t\t\t\t\t\t<\/li>\n\t\t\t\t\t\t<\/ul>\n\t\t\t\t\t\t<\/div>\n\t\t\t\t<\/div>\n\t\t\t\t<\/div>\n\t\t<div data-particle_enable=\"false\" data-particle-mobile-disabled=\"false\" class=\"elementor-element elementor-element-3c0f2c6 e-con-full e-flex e-con e-child\" data-id=\"3c0f2c6\" data-element_type=\"container\" data-e-type=\"container\">\n\t\t\t\t<div class=\"elementor-element elementor-element-c78cba5 animated-slow elementor-invisible elementor-widget elementor-widget-button\" data-id=\"c78cba5\" data-element_type=\"widget\" data-e-type=\"widget\" data-settings=\"{&quot;_animation&quot;:&quot;zoomIn&quot;}\" data-widget_type=\"button.default\">\n\t\t\t\t\t\t\t\t\t\t<a class=\"elementor-button elementor-button-link elementor-size-sm\" href=\"https:\/\/www.eventbrite.be\/e\/billets-dpo-forum-luxembourg-1047746226167?aff=oddtdtcreator\" target=\"_blank\" rel=\"noopener\">\n\t\t\t\t\t\t<span class=\"elementor-button-content-wrapper\">\n\t\t\t\t\t\t\t\t\t<span class=\"elementor-button-text\">Registreer hier!<\/span>\n\t\t\t\t\t<\/span>\n\t\t\t\t\t<\/a>\n\t\t\t\t\t\t\t\t<\/div>\n\t\t\t\t<div class=\"elementor-element elementor-element-91c5759 elementor-widget elementor-widget-text-editor\" data-id=\"91c5759\" data-element_type=\"widget\" data-e-type=\"widget\" data-widget_type=\"text-editor.default\">\n\t\t\t\t\t\t\t\t\t<p class=\"widget-title\"><strong>Alleen toegang voor professionele gebruikers in bedrijven (DPO, Legal Officer, Advocaat, CISO, etc.)<\/strong><\/p>\t\t\t\t\t\t\t\t<\/div>\n\t\t\t\t<\/div>\n\t\t<div data-particle_enable=\"false\" data-particle-mobile-disabled=\"false\" class=\"elementor-element elementor-element-9739882 e-con-full e-flex e-con e-child\" data-id=\"9739882\" data-element_type=\"container\" data-e-type=\"container\">\n\t\t\t\t<div class=\"elementor-element elementor-element-7e3c63c elementor-widget elementor-widget-text-editor\" data-id=\"7e3c63c\" data-element_type=\"widget\" data-e-type=\"widget\" data-widget_type=\"text-editor.default\">\n\t\t\t\t\t\t\t\t\t<p>Hartelijk dank voor het bijwonen van deze 2\u1d49 2025 editie in Luxemburg!<\/p>\t\t\t\t\t\t\t\t<\/div>\n\t\t\t\t<div class=\"elementor-element elementor-element-49141c2 gallery-spacing-custom elementor-widget elementor-widget-image-gallery\" data-id=\"49141c2\" data-element_type=\"widget\" data-e-type=\"widget\" data-widget_type=\"image-gallery.default\">\n\t\t\t\t\t\t\t<div class=\"elementor-image-gallery\">\n\t\t\t<div id='gallery-1' class='gallery galleryid-256 gallery-columns-5 gallery-size-thumbnail'><figure class='gallery-item'>\n\t\t\t<div class='gallery-icon landscape'>\n\t\t\t\t<a data-elementor-open-lightbox=\"yes\" data-elementor-lightbox-slideshow=\"49141c2\" data-e-action-hash=\"#elementor-action%3Aaction%3Dlightbox%26settings%3DeyJpZCI6MTQ2OSwidXJsIjoiaHR0cHM6XC9cL2Rwby1mb3J1bS5ldVwvd3AtY29udGVudFwvdXBsb2Fkc1wvUEhPVE8tMjAyNS0xMi0xNi0xMi01Mi01OS04LmpwZyIsInNsaWRlc2hvdyI6IjQ5MTQxYzIifQ%3D%3D\" href=\"https:\/\/dpo-forum.eu\/wp-content\/uploads\/PHOTO-2025-12-16-12-52-59-8.jpg\"><img loading=\"lazy\" decoding=\"async\" width=\"600\" height=\"600\" src=\"https:\/\/dpo-forum.eu\/wp-content\/uploads\/PHOTO-2025-12-16-12-52-59-8-600x600.jpg\" class=\"attachment-thumbnail size-thumbnail\" alt=\",\" title=\"\"><\/a>\n\t\t\t<\/div><\/figure><figure class='gallery-item'>\n\t\t\t<div class='gallery-icon landscape'>\n\t\t\t\t<a data-elementor-open-lightbox=\"yes\" data-elementor-lightbox-slideshow=\"49141c2\" data-e-action-hash=\"#elementor-action%3Aaction%3Dlightbox%26settings%3DeyJpZCI6MTQ2OCwidXJsIjoiaHR0cHM6XC9cL2Rwby1mb3J1bS5ldVwvd3AtY29udGVudFwvdXBsb2Fkc1wvUEhPVE8tMjAyNS0xMi0xNi0xMi01Mi01OS01LWUxNzcwNjMwNjU4ODgzLmpwZyIsInNsaWRlc2hvdyI6IjQ5MTQxYzIifQ%3D%3D\" href=\"https:\/\/dpo-forum.eu\/wp-content\/uploads\/PHOTO-2025-12-16-12-52-59-5-e1770630658883.jpg\"><img loading=\"lazy\" decoding=\"async\" width=\"600\" height=\"600\" src=\"https:\/\/dpo-forum.eu\/wp-content\/uploads\/PHOTO-2025-12-16-12-52-59-5-e1770630658883-600x600.jpg\" class=\"attachment-thumbnail size-thumbnail\" alt=\",\" title=\"\"><\/a>\n\t\t\t<\/div><\/figure><figure class='gallery-item'>\n\t\t\t<div class='gallery-icon landscape'>\n\t\t\t\t<a data-elementor-open-lightbox=\"yes\" data-elementor-lightbox-slideshow=\"49141c2\" data-e-action-hash=\"#elementor-action%3Aaction%3Dlightbox%26settings%3DeyJpZCI6MTQ3MCwidXJsIjoiaHR0cHM6XC9cL2Rwby1mb3J1bS5ldVwvd3AtY29udGVudFwvdXBsb2Fkc1wvUEhPVE8tMjAyNS0xMi0xNi0xMi01Mi01OS0xMi5qcGciLCJzbGlkZXNob3ciOiI0OTE0MWMyIn0%3D\" href=\"https:\/\/dpo-forum.eu\/wp-content\/uploads\/PHOTO-2025-12-16-12-52-59-12.jpg\"><img loading=\"lazy\" decoding=\"async\" width=\"600\" height=\"600\" src=\"https:\/\/dpo-forum.eu\/wp-content\/uploads\/PHOTO-2025-12-16-12-52-59-12-600x600.jpg\" class=\"attachment-thumbnail size-thumbnail\" alt=\",\" title=\"\"><\/a>\n\t\t\t<\/div><\/figure><figure class='gallery-item'>\n\t\t\t<div class='gallery-icon portrait'>\n\t\t\t\t<a data-elementor-open-lightbox=\"yes\" data-elementor-lightbox-slideshow=\"49141c2\" data-e-action-hash=\"#elementor-action%3Aaction%3Dlightbox%26settings%3DeyJpZCI6MTQ3MSwidXJsIjoiaHR0cHM6XC9cL2Rwby1mb3J1bS5ldVwvd3AtY29udGVudFwvdXBsb2Fkc1wvUEhPVE8tMjAyNS0xMi0xNi0xMi01Mi01OS0xMy5qcGciLCJzbGlkZXNob3ciOiI0OTE0MWMyIn0%3D\" href=\"https:\/\/dpo-forum.eu\/wp-content\/uploads\/PHOTO-2025-12-16-12-52-59-13.jpg\"><img loading=\"lazy\" decoding=\"async\" width=\"600\" height=\"600\" src=\"https:\/\/dpo-forum.eu\/wp-content\/uploads\/PHOTO-2025-12-16-12-52-59-13-600x600.jpg\" class=\"attachment-thumbnail size-thumbnail\" alt=\",\" title=\"\"><\/a>\n\t\t\t<\/div><\/figure><figure class='gallery-item'>\n\t\t\t<div class='gallery-icon landscape'>\n\t\t\t\t<a data-elementor-open-lightbox=\"yes\" data-elementor-lightbox-slideshow=\"49141c2\" data-e-action-hash=\"#elementor-action%3Aaction%3Dlightbox%26settings%3DeyJpZCI6MTQ3MiwidXJsIjoiaHR0cHM6XC9cL2Rwby1mb3J1bS5ldVwvd3AtY29udGVudFwvdXBsb2Fkc1wvUEhPVE8tMjAyNS0xMi0xNi0xMi01Mi01OS0yMC5qcGciLCJzbGlkZXNob3ciOiI0OTE0MWMyIn0%3D\" href=\"https:\/\/dpo-forum.eu\/wp-content\/uploads\/PHOTO-2025-12-16-12-52-59-20.jpg\"><img loading=\"lazy\" decoding=\"async\" width=\"600\" height=\"600\" src=\"https:\/\/dpo-forum.eu\/wp-content\/uploads\/PHOTO-2025-12-16-12-52-59-20-600x600.jpg\" class=\"attachment-thumbnail size-thumbnail\" alt=\",\" title=\"\"><\/a>\n\t\t\t<\/div><\/figure><figure class='gallery-item'>\n\t\t\t<div class='gallery-icon landscape'>\n\t\t\t\t<a data-elementor-open-lightbox=\"yes\" data-elementor-lightbox-slideshow=\"49141c2\" data-e-action-hash=\"#elementor-action%3Aaction%3Dlightbox%26settings%3DeyJpZCI6MTQ3MywidXJsIjoiaHR0cHM6XC9cL2Rwby1mb3J1bS5ldVwvd3AtY29udGVudFwvdXBsb2Fkc1wvUEhPVE8tMjAyNS0xMi0xNi0xMi01Mi01OS0yMS1lMTc3MDYzMDY4NDc4Mi5qcGciLCJzbGlkZXNob3ciOiI0OTE0MWMyIn0%3D\" href=\"https:\/\/dpo-forum.eu\/wp-content\/uploads\/PHOTO-2025-12-16-12-52-59-21-e1770630684782.jpg\"><img loading=\"lazy\" decoding=\"async\" width=\"600\" height=\"600\" src=\"https:\/\/dpo-forum.eu\/wp-content\/uploads\/PHOTO-2025-12-16-12-52-59-21-e1770630684782-600x600.jpg\" class=\"attachment-thumbnail size-thumbnail\" alt=\",\" title=\"\"><\/a>\n\t\t\t<\/div><\/figure><figure class='gallery-item'>\n\t\t\t<div class='gallery-icon portrait'>\n\t\t\t\t<a data-elementor-open-lightbox=\"yes\" data-elementor-lightbox-slideshow=\"49141c2\" data-e-action-hash=\"#elementor-action%3Aaction%3Dlightbox%26settings%3DeyJpZCI6MTQ3NCwidXJsIjoiaHR0cHM6XC9cL2Rwby1mb3J1bS5ldVwvd3AtY29udGVudFwvdXBsb2Fkc1wvUEhPVE8tMjAyNS0xMi0xNi0xMi01Mi01OS0yNC5qcGciLCJzbGlkZXNob3ciOiI0OTE0MWMyIn0%3D\" href=\"https:\/\/dpo-forum.eu\/wp-content\/uploads\/PHOTO-2025-12-16-12-52-59-24.jpg\"><img loading=\"lazy\" decoding=\"async\" width=\"600\" height=\"600\" src=\"https:\/\/dpo-forum.eu\/wp-content\/uploads\/PHOTO-2025-12-16-12-52-59-24-600x600.jpg\" class=\"attachment-thumbnail size-thumbnail\" alt=\",\" title=\"\"><\/a>\n\t\t\t<\/div><\/figure><figure class='gallery-item'>\n\t\t\t<div class='gallery-icon landscape'>\n\t\t\t\t<a data-elementor-open-lightbox=\"yes\" data-elementor-lightbox-slideshow=\"49141c2\" data-e-action-hash=\"#elementor-action%3Aaction%3Dlightbox%26settings%3DeyJpZCI6MTQ3NSwidXJsIjoiaHR0cHM6XC9cL2Rwby1mb3J1bS5ldVwvd3AtY29udGVudFwvdXBsb2Fkc1wvUEhPVE8tMjAyNS0xMi0xNi0xMi01Mi01OS0zMC5qcGciLCJzbGlkZXNob3ciOiI0OTE0MWMyIn0%3D\" href=\"https:\/\/dpo-forum.eu\/wp-content\/uploads\/PHOTO-2025-12-16-12-52-59-30.jpg\"><img loading=\"lazy\" decoding=\"async\" width=\"600\" height=\"600\" src=\"https:\/\/dpo-forum.eu\/wp-content\/uploads\/PHOTO-2025-12-16-12-52-59-30-600x600.jpg\" class=\"attachment-thumbnail size-thumbnail\" alt=\",\" title=\"\"><\/a>\n\t\t\t<\/div><\/figure><figure class='gallery-item'>\n\t\t\t<div class='gallery-icon portrait'>\n\t\t\t\t<a data-elementor-open-lightbox=\"yes\" data-elementor-lightbox-slideshow=\"49141c2\" data-e-action-hash=\"#elementor-action%3Aaction%3Dlightbox%26settings%3DeyJpZCI6MTQ3NiwidXJsIjoiaHR0cHM6XC9cL2Rwby1mb3J1bS5ldVwvd3AtY29udGVudFwvdXBsb2Fkc1wvUEhPVE8tMjAyNS0xMi0xNi0xMi01Mi01OS0zNC5qcGciLCJzbGlkZXNob3ciOiI0OTE0MWMyIn0%3D\" href=\"https:\/\/dpo-forum.eu\/wp-content\/uploads\/PHOTO-2025-12-16-12-52-59-34.jpg\"><img loading=\"lazy\" decoding=\"async\" width=\"600\" height=\"600\" src=\"https:\/\/dpo-forum.eu\/wp-content\/uploads\/PHOTO-2025-12-16-12-52-59-34-600x600.jpg\" class=\"attachment-thumbnail size-thumbnail\" alt=\",\" title=\"\"><\/a>\n\t\t\t<\/div><\/figure>\n\t\t<\/div>\n\t\t<\/div>\n\t\t\t\t\t\t<\/div>\n\t\t\t\t<\/div>\n\t\t\t\t<\/div>\n\t\t\t\t<\/div>\n\t\t\t\t<\/div>","protected":false},"excerpt":{"rendered":"<p>DPO Forum Luxembourg D\u00e9cembre 2025 Retrouvons-nous le 11 d\u00e9cembre 2025 au Royal Hotel, \u00e0 Luxembourg (Ville-Haute) pour une nouvelle journ\u00e9e de conf\u00e9rences. Quoi ? Optimiser la Conformit\u00e9 RGPD Le DPO Forum, organis\u00e9 par Mark-Com Event, se tiendra le\u00a011 decembre 2025\u00a0au Luxembourg, apr\u00e8s une \u00e9dition 2023 couronn\u00e9e de succ\u00e8s en Belgique et en France. Cet \u00e9v\u00e9nement [&hellip;]<\/p>\n","protected":false},"author":1,"featured_media":0,"parent":0,"menu_order":0,"comment_status":"closed","ping_status":"closed","template":"","meta":{"footnotes":""},"class_list":["post-256","page","type-page","status-publish","hentry"],"_links":{"self":[{"href":"https:\/\/dpo-forum.eu\/nl\/wp-json\/wp\/v2\/pages\/256","targetHints":{"allow":["GET"]}}],"collection":[{"href":"https:\/\/dpo-forum.eu\/nl\/wp-json\/wp\/v2\/pages"}],"about":[{"href":"https:\/\/dpo-forum.eu\/nl\/wp-json\/wp\/v2\/types\/page"}],"author":[{"embeddable":true,"href":"https:\/\/dpo-forum.eu\/nl\/wp-json\/wp\/v2\/users\/1"}],"replies":[{"embeddable":true,"href":"https:\/\/dpo-forum.eu\/nl\/wp-json\/wp\/v2\/comments?post=256"}],"version-history":[{"count":31,"href":"https:\/\/dpo-forum.eu\/nl\/wp-json\/wp\/v2\/pages\/256\/revisions"}],"predecessor-version":[{"id":1501,"href":"https:\/\/dpo-forum.eu\/nl\/wp-json\/wp\/v2\/pages\/256\/revisions\/1501"}],"wp:attachment":[{"href":"https:\/\/dpo-forum.eu\/nl\/wp-json\/wp\/v2\/media?parent=256"}],"curies":[{"name":"wp","href":"https:\/\/api.w.org\/{rel}","templated":true}]}}