{"id":252,"date":"2026-01-27T15:32:04","date_gmt":"2026-01-27T14:32:04","guid":{"rendered":"https:\/\/angry-villani.57-128-39-62.plesk.page\/?page_id=252"},"modified":"2026-02-03T15:10:30","modified_gmt":"2026-02-03T14:10:30","slug":"dpo-forum-lyon-2024","status":"publish","type":"page","link":"https:\/\/dpo-forum.eu\/nl\/dpo-forum-lyon-2024\/","title":{"rendered":"DPO-forum Lyon 2024"},"content":{"rendered":"<div data-elementor-type=\"wp-page\" data-elementor-id=\"252\" class=\"elementor elementor-252\" data-elementor-post-type=\"page\">\n\t\t\t\t<div data-particle_enable=\"false\" data-particle-mobile-disabled=\"false\" class=\"elementor-element elementor-element-c6da873 e-flex e-con-boxed e-con e-parent\" data-id=\"c6da873\" data-element_type=\"container\" data-e-type=\"container\" data-settings=\"{&quot;background_background&quot;:&quot;classic&quot;,&quot;background_motion_fx_motion_fx_mouse&quot;:&quot;yes&quot;,&quot;background_motion_fx_mouseTrack_effect&quot;:&quot;yes&quot;,&quot;background_motion_fx_mouseTrack_speed&quot;:{&quot;unit&quot;:&quot;px&quot;,&quot;size&quot;:1.6,&quot;sizes&quot;:[]}}\">\n\t\t\t\t\t<div class=\"e-con-inner\">\n\t\t\t\t<div class=\"elementor-element elementor-element-ecd85ef elementor-widget elementor-widget-heading\" data-id=\"ecd85ef\" data-element_type=\"widget\" data-e-type=\"widget\" data-widget_type=\"heading.default\">\n\t\t\t\t\t<h1 class=\"elementor-heading-title elementor-size-default\"><span class=\"hl-hero\">DPO-forum<\/span><\/h1>\t\t\t\t<\/div>\n\t\t\t\t<div class=\"elementor-element elementor-element-64d37a7 elementor-widget elementor-widget-heading\" data-id=\"64d37a7\" data-element_type=\"widget\" data-e-type=\"widget\" data-widget_type=\"heading.default\">\n\t\t\t\t\t<h2 class=\"elementor-heading-title elementor-size-default\"><span class=\"hl-hero\">Lyon 2024<\/span><\/h2>\t\t\t\t<\/div>\n\t\t\t\t\t<\/div>\n\t\t\t\t<\/div>\n\t\t<div data-particle_enable=\"false\" data-particle-mobile-disabled=\"false\" class=\"elementor-element elementor-element-b211035 e-con-full e-flex e-con e-parent\" data-id=\"b211035\" data-element_type=\"container\" data-e-type=\"container\" data-settings=\"{&quot;background_background&quot;:&quot;classic&quot;}\">\n\t\t<div data-particle_enable=\"false\" data-particle-mobile-disabled=\"false\" class=\"elementor-element elementor-element-d8e1454 e-con-full e-flex e-con e-child\" data-id=\"d8e1454\" data-element_type=\"container\" data-e-type=\"container\" data-settings=\"{&quot;background_background&quot;:&quot;classic&quot;}\">\n\t\t<div data-particle_enable=\"false\" data-particle-mobile-disabled=\"false\" class=\"elementor-element elementor-element-211927e e-con-full e-flex e-con e-child\" data-id=\"211927e\" data-element_type=\"container\" data-e-type=\"container\">\n\t\t\t\t<div class=\"elementor-element elementor-element-a23426c elementor-widget elementor-widget-text-editor\" data-id=\"a23426c\" data-element_type=\"widget\" data-e-type=\"widget\" data-widget_type=\"text-editor.default\">\n\t\t\t\t\t\t\t\t\t<p>Het eerste DPO Forum Lyon was afgelopen september een groot succes!<\/p>\t\t\t\t\t\t\t\t<\/div>\n\t\t\t\t<div class=\"elementor-element elementor-element-94fbba5 elementor-widget elementor-widget-text-editor\" data-id=\"94fbba5\" data-element_type=\"widget\" data-e-type=\"widget\" data-widget_type=\"text-editor.default\">\n\t\t\t\t\t\t\t\t\t<p>Een echt succes!<\/p>\t\t\t\t\t\t\t\t<\/div>\n\t\t\t\t<div class=\"elementor-element elementor-element-9a89376 elementor-widget elementor-widget-text-editor\" data-id=\"9a89376\" data-element_type=\"widget\" data-e-type=\"widget\" data-widget_type=\"text-editor.default\">\n\t\t\t\t\t\t\t\t\t<p>Laten we elkaar weer ontmoeten op 17 september 2024 voor een nieuwe conferentiedag.<\/p>\t\t\t\t\t\t\t\t<\/div>\n\t\t\t\t<\/div>\n\t\t<div data-particle_enable=\"false\" data-particle-mobile-disabled=\"false\" class=\"elementor-element elementor-element-76f1db2 e-con-full e-flex e-con e-child\" data-id=\"76f1db2\" data-element_type=\"container\" data-e-type=\"container\">\n\t\t<div data-particle_enable=\"false\" data-particle-mobile-disabled=\"false\" class=\"elementor-element elementor-element-1c95497 e-con-full e-flex e-con e-child\" data-id=\"1c95497\" data-element_type=\"container\" data-e-type=\"container\">\n\t\t\t\t<div class=\"elementor-element elementor-element-4962703 elementor-widget elementor-widget-image\" data-id=\"4962703\" data-element_type=\"widget\" data-e-type=\"widget\" data-widget_type=\"image.default\">\n\t\t\t\t\t\t\t\t\t\t\t\t\t\t\t<img fetchpriority=\"high\" decoding=\"async\" width=\"1000\" height=\"667\" src=\"https:\/\/dpo-forum.eu\/wp-content\/uploads\/Photo-site-4.png\" class=\"attachment-large size-large wp-image-655\" alt=\",\" srcset=\"https:\/\/dpo-forum.eu\/wp-content\/uploads\/Photo-site-4.png 1000w, https:\/\/dpo-forum.eu\/wp-content\/uploads\/Photo-site-4-768x512.png 768w\" sizes=\"(max-width: 1000px) 100vw, 1000px\" title=\"\">\t\t\t\t\t\t\t\t\t\t\t\t\t\t\t<\/div>\n\t\t\t\t<div class=\"elementor-element elementor-element-eedf3b7 elementor-widget elementor-widget-heading\" data-id=\"eedf3b7\" data-element_type=\"widget\" data-e-type=\"widget\" data-widget_type=\"heading.default\">\n\t\t\t\t\t<h3 class=\"elementor-heading-title elementor-size-default\">Wat is het?<\/h3>\t\t\t\t<\/div>\n\t\t\t\t<div class=\"elementor-element elementor-element-04e82bb elementor-widget elementor-widget-text-editor\" data-id=\"04e82bb\" data-element_type=\"widget\" data-e-type=\"widget\" data-widget_type=\"text-editor.default\">\n\t\t\t\t\t\t\t\t\t<p>De Data Protection Officer (DPO) is verantwoordelijk voor de naleving van de GDPR en adviseert en ondersteunt organisaties bij het beheer van hun gegevens. Deze rol is de afgelopen jaren sterk ge\u00ebvolueerd.<\/p><p>Het blijkt dat een derde van de functionarissen voor gegevensbescherming sinds 2016 geen enkele IT- en vrijheden\/GDPR-training heeft gevolgd, terwijl steeds meer van hen noch jurist noch IT-specialist zijn. Een positieve noot tot besluit: 58% van de DPO's is tevreden met hun rol en 87% is overtuigd van het nut ervan.<\/p><p>Dit is een kans voor u om de balans op te maken van het DPO-beroep in termen van wat bedrijven verwachten van deze sector, evenals de uitdagingen die gepaard gaan met deze rol.<\/p><p>Dit is jouw kans om op de hoogte te blijven van de laatste ontwikkelingen op het gebied van gegevensbescherming en om de link te leggen tussen DPO-Solutions en het delen van ervaringen via conferenties en ronde tafels.<\/p>\t\t\t\t\t\t\t\t<\/div>\n\t\t\t\t<\/div>\n\t\t<div data-particle_enable=\"false\" data-particle-mobile-disabled=\"false\" class=\"elementor-element elementor-element-7087234 e-con-full e-flex e-con e-child\" data-id=\"7087234\" data-element_type=\"container\" data-e-type=\"container\">\n\t\t\t\t<div class=\"elementor-element elementor-element-db20c15 elementor-widget elementor-widget-image\" data-id=\"db20c15\" data-element_type=\"widget\" data-e-type=\"widget\" data-widget_type=\"image.default\">\n\t\t\t\t\t\t\t\t\t\t\t\t\t\t\t<img decoding=\"async\" width=\"1280\" height=\"852\" src=\"https:\/\/dpo-forum.eu\/wp-content\/uploads\/22772609-1.jpg\" class=\"attachment-large size-large wp-image-1007\" alt=\",\" srcset=\"https:\/\/dpo-forum.eu\/wp-content\/uploads\/22772609-1.jpg 1280w, https:\/\/dpo-forum.eu\/wp-content\/uploads\/22772609-1-768x511.jpg 768w\" sizes=\"(max-width: 1280px) 100vw, 1280px\" title=\"\">\t\t\t\t\t\t\t\t\t\t\t\t\t\t\t<\/div>\n\t\t\t\t<div class=\"elementor-element elementor-element-660a9a1 elementor-widget elementor-widget-heading\" data-id=\"660a9a1\" data-element_type=\"widget\" data-e-type=\"widget\" data-widget_type=\"heading.default\">\n\t\t\t\t\t<h3 class=\"elementor-heading-title elementor-size-default\">Waar? Waar?<\/h3>\t\t\t\t<\/div>\n\t\t\t\t<div class=\"elementor-element elementor-element-aaf6373 elementor-widget__width-inherit elementor-icon-list--layout-traditional elementor-list-item-link-full_width elementor-widget elementor-widget-icon-list\" data-id=\"aaf6373\" data-element_type=\"widget\" data-e-type=\"widget\" data-widget_type=\"icon-list.default\">\n\t\t\t\t\t\t\t<ul class=\"elementor-icon-list-items\">\n\t\t\t\t\t\t\t<li class=\"elementor-icon-list-item\">\n\t\t\t\t\t\t\t\t\t\t\t<span class=\"elementor-icon-list-icon\">\n\t\t\t\t\t\t\t<i aria-hidden=\"true\" class=\"fas fa-calendar-alt\"><\/i>\t\t\t\t\t\t<\/span>\n\t\t\t\t\t\t\t\t\t\t<span class=\"elementor-icon-list-text\">17 september 2024<\/span>\n\t\t\t\t\t\t\t\t\t<\/li>\n\t\t\t\t\t\t\t\t<li class=\"elementor-icon-list-item\">\n\t\t\t\t\t\t\t\t\t\t\t<span class=\"elementor-icon-list-icon\">\n\t\t\t\t\t\t\t<i aria-hidden=\"true\" class=\"fas fa-clock\"><\/i>\t\t\t\t\t\t<\/span>\n\t\t\t\t\t\t\t\t\t\t<span class=\"elementor-icon-list-text\">8.30 - 16.30<\/span>\n\t\t\t\t\t\t\t\t\t<\/li>\n\t\t\t\t\t\t\t\t<li class=\"elementor-icon-list-item\">\n\t\t\t\t\t\t\t\t\t\t\t<span class=\"elementor-icon-list-icon\">\n\t\t\t\t\t\t\t<i aria-hidden=\"true\" class=\"fas fa-map-pin\"><\/i>\t\t\t\t\t\t<\/span>\n\t\t\t\t\t\t\t\t\t\t<span class=\"elementor-icon-list-text\">Embarcad\u00e8re, Lyon<\/span>\n\t\t\t\t\t\t\t\t\t<\/li>\n\t\t\t\t\t\t<\/ul>\n\t\t\t\t\t\t<\/div>\n\t\t\t\t<div class=\"elementor-element elementor-element-dcb69d3 elementor-widget__width-inherit elementor-widget elementor-widget-text-editor\" data-id=\"dcb69d3\" data-element_type=\"widget\" data-e-type=\"widget\" data-widget_type=\"text-editor.default\">\n\t\t\t\t\t\t\t\t\t<p><strong>De 5e editie van het forum<\/strong>\u00a0van DPO's in Frankrijk zal plaatsvinden in Lyon,\u00a0<strong>bij L'Embarcad\u00e8re, 17 september 2024<\/strong>. Deze historische locatie is erg praktisch, want het is gemakkelijk bereikbaar met de auto en heeft een parkeerplaats, maar het is ook bereikbaar met het openbaar vervoer. Deelnemers kunnen hun kostbare tijd optimaal benutten door conferenties over actuele onderwerpen bij te wonen en technische oplossingen te presenteren met betrekking tot hun bedrijf en gegevensbeveiliging.<\/p><p>We zien je graag in september voor de conferenties over het laatste nieuws over het beroep van DPO en de nieuwe ontwikkelingen in de GDPR.<\/p>\t\t\t\t\t\t\t\t<\/div>\n\t\t\t\t<div class=\"elementor-element elementor-element-4f805d4 elementor-icon-list--layout-traditional elementor-list-item-link-full_width elementor-widget elementor-widget-icon-list\" data-id=\"4f805d4\" data-element_type=\"widget\" data-e-type=\"widget\" data-widget_type=\"icon-list.default\">\n\t\t\t\t\t\t\t<ul class=\"elementor-icon-list-items\">\n\t\t\t\t\t\t\t<li class=\"elementor-icon-list-item\">\n\t\t\t\t\t\t\t\t\t\t\t<a href=\"https:\/\/www.google.com\/maps\/place\/13+Bis+Quai+Rambaud,+69002+Lyon\/@45.7474615,4.8153694,16z\/data=!3m1!4b1!4m6!3m5!1s0x47f4ebb6f7f6aaab:0x13a98840e26f3f09!8m2!3d45.7474578!4d4.8179443!16s%2Fg%2F11rg66y0yr?entry=ttu&#038;g_ep=EgoyMDI2MDIwMS4wIKXMDSoKLDEwMDc5MjA3M0gBUAM%3D\" target=\"_blank\" rel=\"noopener\">\n\n\t\t\t\t\t\t\t\t\t\t\t\t<span class=\"elementor-icon-list-icon\">\n\t\t\t\t\t\t\t<i aria-hidden=\"true\" class=\"fas fa-link\"><\/i>\t\t\t\t\t\t<\/span>\n\t\t\t\t\t\t\t\t\t\t<span class=\"elementor-icon-list-text\">Google-kaarten <\/span>\n\t\t\t\t\t\t\t\t\t\t\t<\/a>\n\t\t\t\t\t\t\t\t\t<\/li>\n\t\t\t\t\t\t<\/ul>\n\t\t\t\t\t\t<\/div>\n\t\t\t\t<\/div>\n\t\t<div data-particle_enable=\"false\" data-particle-mobile-disabled=\"false\" class=\"elementor-element elementor-element-294eb89 e-con-full e-flex e-con e-child\" data-id=\"294eb89\" data-element_type=\"container\" data-e-type=\"container\">\n\t\t\t\t<div class=\"elementor-element elementor-element-cd4039e elementor-widget elementor-widget-image\" data-id=\"cd4039e\" data-element_type=\"widget\" data-e-type=\"widget\" data-widget_type=\"image.default\">\n\t\t\t\t\t\t\t\t\t\t\t\t\t\t\t<img decoding=\"async\" width=\"1000\" height=\"667\" src=\"https:\/\/dpo-forum.eu\/wp-content\/uploads\/Photo-site-3.png\" class=\"attachment-large size-large wp-image-656\" alt=\",\" srcset=\"https:\/\/dpo-forum.eu\/wp-content\/uploads\/Photo-site-3.png 1000w, https:\/\/dpo-forum.eu\/wp-content\/uploads\/Photo-site-3-768x512.png 768w\" sizes=\"(max-width: 1000px) 100vw, 1000px\" title=\"\">\t\t\t\t\t\t\t\t\t\t\t\t\t\t\t<\/div>\n\t\t\t\t<div class=\"elementor-element elementor-element-2bc726e elementor-widget elementor-widget-heading\" data-id=\"2bc726e\" data-element_type=\"widget\" data-e-type=\"widget\" data-widget_type=\"heading.default\">\n\t\t\t\t\t<h3 class=\"elementor-heading-title elementor-size-default\">Wie is het?<\/h3>\t\t\t\t<\/div>\n\t\t\t\t<div class=\"elementor-element elementor-element-1e80d28 elementor-widget elementor-widget-text-editor\" data-id=\"1e80d28\" data-element_type=\"widget\" data-e-type=\"widget\" data-widget_type=\"text-editor.default\">\n\t\t\t\t\t\t\t\t\t<p class=\"\" data-start=\"1686\" data-end=\"1869\">Voor meer dan\u00a0<strong data-start=\"204\" data-end=\"214\">30 jaar oud<\/strong>,\u00a0<strong data-start=\"216\" data-end=\"234\">Mark-Com evenement<\/strong>\u00a0is een belangrijke speler in de organisatie van\u00a0<strong data-start=\"276\" data-end=\"326\">conferenties en zakelijke bijeenkomsten in Europa<\/strong>. We brengen samen\u00a0<strong data-start=\"348\" data-end=\"379\">publieke en private besluitvormers<\/strong>\u00a0in de digitale sector om uitwisseling, samenwerking en innovatie aan te moedigen.<\/p>\t\t\t\t\t\t\t\t<\/div>\n\t\t\t\t<div class=\"elementor-element elementor-element-2d7aff7 elementor-icon-list--layout-traditional elementor-list-item-link-full_width elementor-widget elementor-widget-icon-list\" data-id=\"2d7aff7\" data-element_type=\"widget\" data-e-type=\"widget\" data-widget_type=\"icon-list.default\">\n\t\t\t\t\t\t\t<ul class=\"elementor-icon-list-items\">\n\t\t\t\t\t\t\t<li class=\"elementor-icon-list-item\">\n\t\t\t\t\t\t\t\t\t\t\t<a href=\"https:\/\/mark-com.com\/fr\/\" target=\"_blank\" rel=\"noopener\">\n\n\t\t\t\t\t\t\t\t\t\t\t\t<span class=\"elementor-icon-list-icon\">\n\t\t\t\t\t\t\t<i aria-hidden=\"true\" class=\"fas fa-info-circle\"><\/i>\t\t\t\t\t\t<\/span>\n\t\t\t\t\t\t\t\t\t\t<span class=\"elementor-icon-list-text\">Lees meer<\/span>\n\t\t\t\t\t\t\t\t\t\t\t<\/a>\n\t\t\t\t\t\t\t\t\t<\/li>\n\t\t\t\t\t\t<\/ul>\n\t\t\t\t\t\t<\/div>\n\t\t\t\t<\/div>\n\t\t\t\t<\/div>\n\t\t<div data-particle_enable=\"false\" data-particle-mobile-disabled=\"false\" class=\"elementor-element elementor-element-74cef8c e-con-full e-flex e-con e-child\" data-id=\"74cef8c\" data-element_type=\"container\" data-e-type=\"container\">\n\t\t\t\t<div class=\"elementor-element elementor-element-7004afa animated-slow elementor-invisible elementor-widget elementor-widget-button\" data-id=\"7004afa\" data-element_type=\"widget\" data-e-type=\"widget\" data-settings=\"{&quot;_animation&quot;:&quot;zoomIn&quot;}\" data-widget_type=\"button.default\">\n\t\t\t\t\t\t\t\t\t\t<a class=\"elementor-button elementor-button-link elementor-size-sm\" href=\"https:\/\/mcevent.mark-com.com\/DPOFORUMLYON20241\" target=\"_blank\" rel=\"noopener\">\n\t\t\t\t\t\t<span class=\"elementor-button-content-wrapper\">\n\t\t\t\t\t\t\t\t\t<span class=\"elementor-button-text\">Registreer hier!<\/span>\n\t\t\t\t\t<\/span>\n\t\t\t\t\t<\/a>\n\t\t\t\t\t\t\t\t<\/div>\n\t\t\t\t<div class=\"elementor-element elementor-element-a44ca8a elementor-widget elementor-widget-text-editor\" data-id=\"a44ca8a\" data-element_type=\"widget\" data-e-type=\"widget\" data-widget_type=\"text-editor.default\">\n\t\t\t\t\t\t\t\t\t<p class=\"widget-title\"><strong>Alleen toegang voor professionele gebruikers in bedrijven (DPO, Legal Officer, Advocaat, CISO, etc.)<\/strong><\/p>\t\t\t\t\t\t\t\t<\/div>\n\t\t\t\t<\/div>\n\t\t\t\t<\/div>\n\t\t\t\t<\/div>\n\t\t\t\t<\/div>","protected":false},"excerpt":{"rendered":"<p>DPO Forum Lyon 2024 La premi\u00e8re \u00e9dition du DPO Forum Lyon a \u00e9t\u00e9 un v\u00e9ritable en septembre dernier ! De r\u00e9els succ\u00e8s ! Retrouvons-nous le 17 septembre 2024 pour une nouvelle journ\u00e9e de conf\u00e9rences. Quoi ? Le d\u00e9l\u00e9gu\u00e9 \u00e0 la protection des donn\u00e9es (DPD) est charg\u00e9 de g\u00e9rer la conformit\u00e9 au RGDP, de conseiller et [&hellip;]<\/p>\n","protected":false},"author":1,"featured_media":0,"parent":0,"menu_order":0,"comment_status":"closed","ping_status":"closed","template":"","meta":{"footnotes":""},"class_list":["post-252","page","type-page","status-publish","hentry"],"_links":{"self":[{"href":"https:\/\/dpo-forum.eu\/nl\/wp-json\/wp\/v2\/pages\/252","targetHints":{"allow":["GET"]}}],"collection":[{"href":"https:\/\/dpo-forum.eu\/nl\/wp-json\/wp\/v2\/pages"}],"about":[{"href":"https:\/\/dpo-forum.eu\/nl\/wp-json\/wp\/v2\/types\/page"}],"author":[{"embeddable":true,"href":"https:\/\/dpo-forum.eu\/nl\/wp-json\/wp\/v2\/users\/1"}],"replies":[{"embeddable":true,"href":"https:\/\/dpo-forum.eu\/nl\/wp-json\/wp\/v2\/comments?post=252"}],"version-history":[{"count":4,"href":"https:\/\/dpo-forum.eu\/nl\/wp-json\/wp\/v2\/pages\/252\/revisions"}],"predecessor-version":[{"id":1277,"href":"https:\/\/dpo-forum.eu\/nl\/wp-json\/wp\/v2\/pages\/252\/revisions\/1277"}],"wp:attachment":[{"href":"https:\/\/dpo-forum.eu\/nl\/wp-json\/wp\/v2\/media?parent=252"}],"curies":[{"name":"wp","href":"https:\/\/api.w.org\/{rel}","templated":true}]}}