{"id":246,"date":"2026-01-27T15:30:49","date_gmt":"2026-01-27T14:30:49","guid":{"rendered":"https:\/\/angry-villani.57-128-39-62.plesk.page\/?page_id=246"},"modified":"2026-02-02T17:00:12","modified_gmt":"2026-02-02T16:00:12","slug":"dpo-forum-toulouse-2025","status":"publish","type":"page","link":"https:\/\/dpo-forum.eu\/nl\/dpo-forum-toulouse-2025\/","title":{"rendered":"DPO-forum Toulouse 2025"},"content":{"rendered":"<div data-elementor-type=\"wp-page\" data-elementor-id=\"246\" class=\"elementor elementor-246\" data-elementor-post-type=\"page\">\n\t\t\t\t<div data-particle_enable=\"false\" data-particle-mobile-disabled=\"false\" class=\"elementor-element elementor-element-ee27aed e-flex e-con-boxed e-con e-parent\" data-id=\"ee27aed\" data-element_type=\"container\" data-e-type=\"container\" data-settings=\"{&quot;background_background&quot;:&quot;classic&quot;,&quot;background_motion_fx_motion_fx_mouse&quot;:&quot;yes&quot;,&quot;background_motion_fx_mouseTrack_effect&quot;:&quot;yes&quot;,&quot;background_motion_fx_mouseTrack_speed&quot;:{&quot;unit&quot;:&quot;px&quot;,&quot;size&quot;:1.6,&quot;sizes&quot;:[]}}\">\n\t\t\t\t\t<div class=\"e-con-inner\">\n\t\t\t\t<div class=\"elementor-element elementor-element-5a4a9ae elementor-widget elementor-widget-heading\" data-id=\"5a4a9ae\" data-element_type=\"widget\" data-e-type=\"widget\" data-widget_type=\"heading.default\">\n\t\t\t\t\t<h1 class=\"elementor-heading-title elementor-size-default\"><span class=\"hl-hero\">DPO-forum<\/span><\/h1>\t\t\t\t<\/div>\n\t\t\t\t<div class=\"elementor-element elementor-element-a727987 elementor-widget elementor-widget-heading\" data-id=\"a727987\" data-element_type=\"widget\" data-e-type=\"widget\" data-widget_type=\"heading.default\">\n\t\t\t\t\t<h2 class=\"elementor-heading-title elementor-size-default\"><span class=\"hl-hero\">Toulouse 2025<\/span><\/h2>\t\t\t\t<\/div>\n\t\t\t\t\t<\/div>\n\t\t\t\t<\/div>\n\t\t<div data-particle_enable=\"false\" data-particle-mobile-disabled=\"false\" class=\"elementor-element elementor-element-589bcf7 e-con-full e-flex e-con e-parent\" data-id=\"589bcf7\" data-element_type=\"container\" data-e-type=\"container\" data-settings=\"{&quot;background_background&quot;:&quot;classic&quot;}\">\n\t\t<div data-particle_enable=\"false\" data-particle-mobile-disabled=\"false\" class=\"elementor-element elementor-element-63f37bf e-con-full e-flex e-con e-child\" data-id=\"63f37bf\" data-element_type=\"container\" data-e-type=\"container\" data-settings=\"{&quot;background_background&quot;:&quot;classic&quot;}\">\n\t\t<div data-particle_enable=\"false\" data-particle-mobile-disabled=\"false\" class=\"elementor-element elementor-element-e55347e e-con-full e-flex e-con e-child\" data-id=\"e55347e\" data-element_type=\"container\" data-e-type=\"container\">\n\t\t\t\t<div class=\"elementor-element elementor-element-e523da4 elementor-widget elementor-widget-text-editor\" data-id=\"e523da4\" data-element_type=\"widget\" data-e-type=\"widget\" data-widget_type=\"text-editor.default\">\n\t\t\t\t\t\t\t\t\t<p>Een nieuw podium voor DPO Forum Frankrijk!<\/p>\t\t\t\t\t\t\t\t<\/div>\n\t\t\t\t<div class=\"elementor-element elementor-element-c8313e2 elementor-widget elementor-widget-text-editor\" data-id=\"c8313e2\" data-element_type=\"widget\" data-e-type=\"widget\" data-widget_type=\"text-editor.default\">\n\t\t\t\t\t\t\t\t\tIn 2025 integreren we de <a class=\"big-link\" href=\"https:\/\/cbc-convention.com\/\" target=\"_blank\" rel=\"noopener\">CBC - Conventie over cyberbeveiliging<\/a> voor de eerste keer in Toulouse, op 26 en 27 november.\t\t\t\t\t\t\t\t<\/div>\n\t\t\t\t<div class=\"elementor-element elementor-element-3f3661e elementor-widget elementor-widget-text-editor\" data-id=\"3f3661e\" data-element_type=\"widget\" data-e-type=\"widget\" data-widget_type=\"text-editor.default\">\n\t\t\t\t\t\t\t\t\t<p>Een uniek evenement in het hart van cyberbeveiliging in Occitanie!<\/p>\t\t\t\t\t\t\t\t<\/div>\n\t\t\t\t<\/div>\n\t\t<div data-particle_enable=\"false\" data-particle-mobile-disabled=\"false\" class=\"elementor-element elementor-element-5ae3c95 e-con-full e-flex e-con e-child\" data-id=\"5ae3c95\" data-element_type=\"container\" data-e-type=\"container\">\n\t\t<div data-particle_enable=\"false\" data-particle-mobile-disabled=\"false\" class=\"elementor-element elementor-element-8a1d77f e-con-full e-flex e-con e-child\" data-id=\"8a1d77f\" data-element_type=\"container\" data-e-type=\"container\">\n\t\t\t\t<div class=\"elementor-element elementor-element-30c1d80 elementor-widget elementor-widget-image\" data-id=\"30c1d80\" data-element_type=\"widget\" data-e-type=\"widget\" data-widget_type=\"image.default\">\n\t\t\t\t\t\t\t\t\t\t\t\t\t\t\t<img fetchpriority=\"high\" decoding=\"async\" width=\"1434\" height=\"572\" src=\"https:\/\/dpo-forum.eu\/wp-content\/uploads\/formind-event-CBC-Toulouse-2024.jpg\" class=\"attachment-large size-large wp-image-1052\" alt=\",\" srcset=\"https:\/\/dpo-forum.eu\/wp-content\/uploads\/formind-event-CBC-Toulouse-2024.jpg 1434w, https:\/\/dpo-forum.eu\/wp-content\/uploads\/formind-event-CBC-Toulouse-2024-768x306.jpg 768w\" sizes=\"(max-width: 1434px) 100vw, 1434px\" title=\"\">\t\t\t\t\t\t\t\t\t\t\t\t\t\t\t<\/div>\n\t\t\t\t<div class=\"elementor-element elementor-element-34f034e elementor-widget elementor-widget-heading\" data-id=\"34f034e\" data-element_type=\"widget\" data-e-type=\"widget\" data-widget_type=\"heading.default\">\n\t\t\t\t\t<h3 class=\"elementor-heading-title elementor-size-default\">Wat is het?<\/h3>\t\t\t\t<\/div>\n\t\t\t\t<div class=\"elementor-element elementor-element-4590363 elementor-widget elementor-widget-text-editor\" data-id=\"4590363\" data-element_type=\"widget\" data-e-type=\"widget\" data-widget_type=\"text-editor.default\">\n\t\t\t\t\t\t\t\t\t<p data-start=\"199\" data-end=\"499\">Na zijn waarde bewezen te hebben in Belgi\u00eb in 2018, 2021 en 2022, vervolgens in Frankrijk van 2022 tot 2024, zal de\u00a0<strong data-start=\"297\" data-end=\"310\">DPO-forum<\/strong>\u00a0blijft zijn\u00a0<strong data-start=\"342\" data-end=\"356\">9\u1d49 editie<\/strong>.<br data-start=\"357\" data-end=\"360\" \/>Bezoek\u00a0<strong data-start=\"363\" data-end=\"371\">2025<\/strong>, het\u00a0<strong data-start=\"376\" data-end=\"452\">bevat voor het eerst de\u00a0<a href=\"https:\/\/cbc-convention.com\/\" target=\"_blank\" rel=\"noopener\"><em>CBC - Conventie over cyberbeveiliging<\/em><\/a><\/strong>, de\u00a0<strong><em>26 &amp; 27 november bij MEETT Toulouse.<\/em><\/strong><\/p><p data-start=\"501\" data-end=\"861\">Het evenement van dit jaar markeert een belangrijke mijlpaal: nooit eerder maakte een DPO-paviljoen deel uit van het grootste cyberbeveiligingsbedrijfsevenement in Occitanie.<br data-start=\"651\" data-end=\"654\" \/>Een unieke kans om de balans op te maken van\u00a0<strong data-start=\"703\" data-end=\"732\">nieuwe taken van de functionaris voor gegevensbescherming<\/strong>, de\u00a0<strong data-start=\"738\" data-end=\"766\">bedrijfsverwachtingen<\/strong>, en\u00a0<strong data-start=\"775\" data-end=\"858\">uitdagingen op het gebied van compliance, cyberbeveiliging en kunstmatige intelligentie<\/strong>.<\/p><p data-start=\"863\" data-end=\"1118\">Gedurende twee dagen bieden plenaire sessies, praktische workshops en netwerkevenementen de gelegenheid om van gedachten te wisselen met de belangrijkste spelers in de sector.\u00a0<strong data-start=\"970\" data-end=\"1002\">de beste experts op dit gebied<\/strong>, In een regio die een grote digitale transformatie ondergaat en zich inzet voor de ontwikkeling van de cyberbeveiligingssector.<\/p>\t\t\t\t\t\t\t\t<\/div>\n\t\t\t\t<\/div>\n\t\t<div data-particle_enable=\"false\" data-particle-mobile-disabled=\"false\" class=\"elementor-element elementor-element-fb43ab2 e-con-full e-flex e-con e-child\" data-id=\"fb43ab2\" data-element_type=\"container\" data-e-type=\"container\">\n\t\t\t\t<div class=\"elementor-element elementor-element-91d98ca elementor-widget elementor-widget-image\" data-id=\"91d98ca\" data-element_type=\"widget\" data-e-type=\"widget\" data-widget_type=\"image.default\">\n\t\t\t\t\t\t\t\t\t\t\t\t\t\t\t<img decoding=\"async\" width=\"2560\" height=\"1707\" src=\"https:\/\/dpo-forum.eu\/wp-content\/uploads\/HOME-VISITEUR-scaled-1.jpg\" class=\"attachment-large size-large wp-image-1053\" alt=\",\" srcset=\"https:\/\/dpo-forum.eu\/wp-content\/uploads\/HOME-VISITEUR-scaled-1.jpg 2560w, https:\/\/dpo-forum.eu\/wp-content\/uploads\/HOME-VISITEUR-scaled-1-768x512.jpg 768w, https:\/\/dpo-forum.eu\/wp-content\/uploads\/HOME-VISITEUR-scaled-1-1536x1024.jpg 1536w, https:\/\/dpo-forum.eu\/wp-content\/uploads\/HOME-VISITEUR-scaled-1-2048x1366.jpg 2048w\" sizes=\"(max-width: 2560px) 100vw, 2560px\" title=\"\">\t\t\t\t\t\t\t\t\t\t\t\t\t\t\t<\/div>\n\t\t\t\t<div class=\"elementor-element elementor-element-dd91cbb elementor-widget elementor-widget-heading\" data-id=\"dd91cbb\" data-element_type=\"widget\" data-e-type=\"widget\" data-widget_type=\"heading.default\">\n\t\t\t\t\t<h3 class=\"elementor-heading-title elementor-size-default\">Waar? Waar?<\/h3>\t\t\t\t<\/div>\n\t\t\t\t<div class=\"elementor-element elementor-element-33b7fdd elementor-widget__width-inherit elementor-icon-list--layout-traditional elementor-list-item-link-full_width elementor-widget elementor-widget-icon-list\" data-id=\"33b7fdd\" data-element_type=\"widget\" data-e-type=\"widget\" data-widget_type=\"icon-list.default\">\n\t\t\t\t\t\t\t<ul class=\"elementor-icon-list-items\">\n\t\t\t\t\t\t\t<li class=\"elementor-icon-list-item\">\n\t\t\t\t\t\t\t\t\t\t\t<span class=\"elementor-icon-list-icon\">\n\t\t\t\t\t\t\t<i aria-hidden=\"true\" class=\"fas fa-calendar-alt\"><\/i>\t\t\t\t\t\t<\/span>\n\t\t\t\t\t\t\t\t\t\t<span class=\"elementor-icon-list-text\">Woensdag 26 &amp; donderdag 27 november 2025<\/span>\n\t\t\t\t\t\t\t\t\t<\/li>\n\t\t\t\t\t\t\t\t<li class=\"elementor-icon-list-item\">\n\t\t\t\t\t\t\t\t\t\t\t<span class=\"elementor-icon-list-icon\">\n\t\t\t\t\t\t\t<i aria-hidden=\"true\" class=\"fas fa-clock\"><\/i>\t\t\t\t\t\t<\/span>\n\t\t\t\t\t\t\t\t\t\t<span class=\"elementor-icon-list-text\">Van 9.00 tot 18.00 uur<\/span>\n\t\t\t\t\t\t\t\t\t<\/li>\n\t\t\t\t\t\t\t\t<li class=\"elementor-icon-list-item\">\n\t\t\t\t\t\t\t\t\t\t\t<span class=\"elementor-icon-list-icon\">\n\t\t\t\t\t\t\t<i aria-hidden=\"true\" class=\"fas fa-map-pin\"><\/i>\t\t\t\t\t\t<\/span>\n\t\t\t\t\t\t\t\t\t\t<span class=\"elementor-icon-list-text\">MEETT Toulouse - ZAC de Portes Sud, 31300 Toulouse, Frankrijk<\/span>\n\t\t\t\t\t\t\t\t\t<\/li>\n\t\t\t\t\t\t<\/ul>\n\t\t\t\t\t\t<\/div>\n\t\t\t\t<div class=\"elementor-element elementor-element-a9b1359 elementor-widget__width-inherit elementor-widget elementor-widget-text-editor\" data-id=\"a9b1359\" data-element_type=\"widget\" data-e-type=\"widget\" data-widget_type=\"text-editor.default\">\n\t\t\t\t\t\t\t\t\t<p><strong>Toegang<\/strong><\/p><p data-start=\"278\" data-end=\"353\">Metro \/ Tram: Lijn A - halte Toulouse MEETT, op 5 minuten lopen<\/p><p data-start=\"356\" data-end=\"401\">Bus: Lijn 30 en 50 - halte MEETT<\/p><p>Parkings beschikbaar in de buurt: Parkeergarage MEETT Zuid en Parkeergarage MEETT Noord<\/p>\t\t\t\t\t\t\t\t<\/div>\n\t\t\t\t<div class=\"elementor-element elementor-element-769d6ac elementor-icon-list--layout-traditional elementor-list-item-link-full_width elementor-widget elementor-widget-icon-list\" data-id=\"769d6ac\" data-element_type=\"widget\" data-e-type=\"widget\" data-widget_type=\"icon-list.default\">\n\t\t\t\t\t\t\t<ul class=\"elementor-icon-list-items\">\n\t\t\t\t\t\t\t<li class=\"elementor-icon-list-item\">\n\t\t\t\t\t\t\t\t\t\t\t<a href=\"https:\/\/www.google.com\/maps\/dir\/\/Av.+Concorde,+31840+Aussonne,+Francia\/@43.6653478,1.2710547,12z\/data=!4m8!4m7!1m0!1m5!1m1!1s0x12aeaf78014598f5:0x118ccd44452b917!2m2!1d1.3534554!2d43.6653774?entry=ttu&#038;g_ep=EgoyMDI1MTAwMS4wIKXMDSoASAFQAw%3D%3D\" target=\"_blank\" rel=\"noopener\">\n\n\t\t\t\t\t\t\t\t\t\t\t\t<span class=\"elementor-icon-list-icon\">\n\t\t\t\t\t\t\t<i aria-hidden=\"true\" class=\"fas fa-link\"><\/i>\t\t\t\t\t\t<\/span>\n\t\t\t\t\t\t\t\t\t\t<span class=\"elementor-icon-list-text\">Google-kaarten <\/span>\n\t\t\t\t\t\t\t\t\t\t\t<\/a>\n\t\t\t\t\t\t\t\t\t<\/li>\n\t\t\t\t\t\t<\/ul>\n\t\t\t\t\t\t<\/div>\n\t\t\t\t<\/div>\n\t\t<div data-particle_enable=\"false\" data-particle-mobile-disabled=\"false\" class=\"elementor-element elementor-element-ac8302a e-con-full e-flex e-con e-child\" data-id=\"ac8302a\" data-element_type=\"container\" data-e-type=\"container\">\n\t\t\t\t<div class=\"elementor-element elementor-element-9efdb37 elementor-widget elementor-widget-image\" data-id=\"9efdb37\" data-element_type=\"widget\" data-e-type=\"widget\" data-widget_type=\"image.default\">\n\t\t\t\t\t\t\t\t\t\t\t\t\t\t\t<img decoding=\"async\" width=\"600\" height=\"399\" src=\"https:\/\/dpo-forum.eu\/wp-content\/uploads\/c4f6c70ec474b2545dd5e8217083e65d-1.jpg\" class=\"attachment-large size-large wp-image-1057\" alt=\",\" title=\"\">\t\t\t\t\t\t\t\t\t\t\t\t\t\t\t<\/div>\n\t\t\t\t<div class=\"elementor-element elementor-element-8b46df5 elementor-widget elementor-widget-heading\" data-id=\"8b46df5\" data-element_type=\"widget\" data-e-type=\"widget\" data-widget_type=\"heading.default\">\n\t\t\t\t\t<h3 class=\"elementor-heading-title elementor-size-default\">Wie is het?<\/h3>\t\t\t\t<\/div>\n\t\t\t\t<div class=\"elementor-element elementor-element-f929339 elementor-widget elementor-widget-text-editor\" data-id=\"f929339\" data-element_type=\"widget\" data-e-type=\"widget\" data-widget_type=\"text-editor.default\">\n\t\t\t\t\t\t\t\t\t<p class=\"\" data-start=\"1686\" data-end=\"1869\">Mark-Com Event organiseert al meer dan 30 jaar evenementen. Onze specialiteit is het organiseren van conferenties en zakelijke bijeenkomsten in Europa, waar publieke en private spelers in de digitale sector (ICT, cyberbeveiliging, netwerken, telecom, robotica, innovatie) elkaar kunnen ontmoeten en professionele ervaringen kunnen uitwisselen.<\/p>\t\t\t\t\t\t\t\t<\/div>\n\t\t\t\t<div class=\"elementor-element elementor-element-00db63c elementor-icon-list--layout-traditional elementor-list-item-link-full_width elementor-widget elementor-widget-icon-list\" data-id=\"00db63c\" data-element_type=\"widget\" data-e-type=\"widget\" data-widget_type=\"icon-list.default\">\n\t\t\t\t\t\t\t<ul class=\"elementor-icon-list-items\">\n\t\t\t\t\t\t\t<li class=\"elementor-icon-list-item\">\n\t\t\t\t\t\t\t\t\t\t\t<a href=\"https:\/\/mark-com.com\/fr\/\" target=\"_blank\" rel=\"noopener\">\n\n\t\t\t\t\t\t\t\t\t\t\t\t<span class=\"elementor-icon-list-icon\">\n\t\t\t\t\t\t\t<i aria-hidden=\"true\" class=\"fas fa-info-circle\"><\/i>\t\t\t\t\t\t<\/span>\n\t\t\t\t\t\t\t\t\t\t<span class=\"elementor-icon-list-text\">Lees meer<\/span>\n\t\t\t\t\t\t\t\t\t\t\t<\/a>\n\t\t\t\t\t\t\t\t\t<\/li>\n\t\t\t\t\t\t<\/ul>\n\t\t\t\t\t\t<\/div>\n\t\t\t\t<\/div>\n\t\t\t\t<\/div>\n\t\t<div data-particle_enable=\"false\" data-particle-mobile-disabled=\"false\" class=\"elementor-element elementor-element-b9057c4 e-con-full e-flex e-con e-child\" data-id=\"b9057c4\" data-element_type=\"container\" data-e-type=\"container\">\n\t\t\t\t<div class=\"elementor-element elementor-element-8a50d95 animated-slow elementor-invisible elementor-widget elementor-widget-button\" data-id=\"8a50d95\" data-element_type=\"widget\" data-e-type=\"widget\" data-settings=\"{&quot;_animation&quot;:&quot;zoomIn&quot;}\" data-widget_type=\"button.default\">\n\t\t\t\t\t\t\t\t\t\t<a class=\"elementor-button elementor-button-link elementor-size-sm\" href=\"https:\/\/www.eventbrite.fr\/e\/dpo-forum-toulouse-tickets-1784173443799?aff=oddtdtcreator\" target=\"_blank\" rel=\"noopener\">\n\t\t\t\t\t\t<span class=\"elementor-button-content-wrapper\">\n\t\t\t\t\t\t\t\t\t<span class=\"elementor-button-text\">Registreer hier!<\/span>\n\t\t\t\t\t<\/span>\n\t\t\t\t\t<\/a>\n\t\t\t\t\t\t\t\t<\/div>\n\t\t\t\t<div class=\"elementor-element elementor-element-e3e797b elementor-widget elementor-widget-text-editor\" data-id=\"e3e797b\" data-element_type=\"widget\" data-e-type=\"widget\" data-widget_type=\"text-editor.default\">\n\t\t\t\t\t\t\t\t\t<p class=\"widget-title\"><strong>Alleen toegang voor professionele gebruikers in bedrijven (DPO, Legal Officer, Advocaat, CISO, etc.)<\/strong><\/p>\t\t\t\t\t\t\t\t<\/div>\n\t\t\t\t<\/div>\n\t\t\t\t<\/div>\n\t\t\t\t<\/div>\n\t\t\t\t<\/div>","protected":false},"excerpt":{"rendered":"<p>DPO Forum Toulouse 2025 Nouvelle \u00e9tape pour le DPO Forum France ! En 2025, nous int\u00e9grons le CBC \u2013 Cybersecurity Business Convention pour la premi\u00e8re fois \u00e0 Toulouse, les 26 &#038; 27 novembre. Un rendez-vous in\u00e9dit au coeur de la cybers\u00e9curit\u00e9 en Occitanie ! Quoi ? Apr\u00e8s avoir fait ses preuves en Belgique en 2018, [&hellip;]<\/p>\n","protected":false},"author":1,"featured_media":0,"parent":0,"menu_order":0,"comment_status":"closed","ping_status":"closed","template":"","meta":{"footnotes":""},"class_list":["post-246","page","type-page","status-publish","hentry"],"_links":{"self":[{"href":"https:\/\/dpo-forum.eu\/nl\/wp-json\/wp\/v2\/pages\/246","targetHints":{"allow":["GET"]}}],"collection":[{"href":"https:\/\/dpo-forum.eu\/nl\/wp-json\/wp\/v2\/pages"}],"about":[{"href":"https:\/\/dpo-forum.eu\/nl\/wp-json\/wp\/v2\/types\/page"}],"author":[{"embeddable":true,"href":"https:\/\/dpo-forum.eu\/nl\/wp-json\/wp\/v2\/users\/1"}],"replies":[{"embeddable":true,"href":"https:\/\/dpo-forum.eu\/nl\/wp-json\/wp\/v2\/comments?post=246"}],"version-history":[{"count":13,"href":"https:\/\/dpo-forum.eu\/nl\/wp-json\/wp\/v2\/pages\/246\/revisions"}],"predecessor-version":[{"id":1063,"href":"https:\/\/dpo-forum.eu\/nl\/wp-json\/wp\/v2\/pages\/246\/revisions\/1063"}],"wp:attachment":[{"href":"https:\/\/dpo-forum.eu\/nl\/wp-json\/wp\/v2\/media?parent=246"}],"curies":[{"name":"wp","href":"https:\/\/api.w.org\/{rel}","templated":true}]}}