{"id":242,"date":"2026-01-27T15:29:04","date_gmt":"2026-01-27T14:29:04","guid":{"rendered":"https:\/\/angry-villani.57-128-39-62.plesk.page\/?page_id=242"},"modified":"2026-01-28T16:02:41","modified_gmt":"2026-01-28T15:02:41","slug":"dpo-forum-nivelles-2024","status":"publish","type":"page","link":"https:\/\/dpo-forum.eu\/nl\/dpo-forum-nivelles-2024\/","title":{"rendered":"DPO Forum Nijvel 2024"},"content":{"rendered":"<div data-elementor-type=\"wp-page\" data-elementor-id=\"242\" class=\"elementor elementor-242\" data-elementor-post-type=\"page\">\n\t\t\t\t<div data-particle_enable=\"false\" data-particle-mobile-disabled=\"false\" class=\"elementor-element elementor-element-79a9737 e-flex e-con-boxed e-con e-parent\" data-id=\"79a9737\" data-element_type=\"container\" data-e-type=\"container\" data-settings=\"{&quot;background_background&quot;:&quot;classic&quot;,&quot;background_motion_fx_motion_fx_mouse&quot;:&quot;yes&quot;,&quot;background_motion_fx_mouseTrack_effect&quot;:&quot;yes&quot;,&quot;background_motion_fx_mouseTrack_speed&quot;:{&quot;unit&quot;:&quot;px&quot;,&quot;size&quot;:1.6,&quot;sizes&quot;:[]}}\">\n\t\t\t\t\t<div class=\"e-con-inner\">\n\t\t\t\t<div class=\"elementor-element elementor-element-8bcaade elementor-widget elementor-widget-heading\" data-id=\"8bcaade\" data-element_type=\"widget\" data-e-type=\"widget\" data-widget_type=\"heading.default\">\n\t\t\t\t\t<h1 class=\"elementor-heading-title elementor-size-default\"><span class=\"hl-hero\">DPO-forum<\/span><\/h1>\t\t\t\t<\/div>\n\t\t\t\t<div class=\"elementor-element elementor-element-96afd0c elementor-widget elementor-widget-heading\" data-id=\"96afd0c\" data-element_type=\"widget\" data-e-type=\"widget\" data-widget_type=\"heading.default\">\n\t\t\t\t\t<h2 class=\"elementor-heading-title elementor-size-default\"><span class=\"hl-hero\">Nijvel 2024<\/span><\/h2>\t\t\t\t<\/div>\n\t\t\t\t\t<\/div>\n\t\t\t\t<\/div>\n\t\t<div data-particle_enable=\"false\" data-particle-mobile-disabled=\"false\" class=\"elementor-element elementor-element-8daa329 e-con-full e-flex e-con e-parent\" data-id=\"8daa329\" data-element_type=\"container\" data-e-type=\"container\" data-settings=\"{&quot;background_background&quot;:&quot;classic&quot;}\">\n\t\t<div data-particle_enable=\"false\" data-particle-mobile-disabled=\"false\" class=\"elementor-element elementor-element-250542e e-con-full e-flex e-con e-child\" data-id=\"250542e\" data-element_type=\"container\" data-e-type=\"container\" data-settings=\"{&quot;background_background&quot;:&quot;classic&quot;}\">\n\t\t<div data-particle_enable=\"false\" data-particle-mobile-disabled=\"false\" class=\"elementor-element elementor-element-91c3567 e-con-full e-flex e-con e-child\" data-id=\"91c3567\" data-element_type=\"container\" data-e-type=\"container\">\n\t\t\t\t<div class=\"elementor-element elementor-element-d06fb6c elementor-widget elementor-widget-text-editor\" data-id=\"d06fb6c\" data-element_type=\"widget\" data-e-type=\"widget\" data-widget_type=\"text-editor.default\">\n\t\t\t\t\t\t\t\t\t<p>Editie 2024<\/p>\t\t\t\t\t\t\t\t<\/div>\n\t\t\t\t<div class=\"elementor-element elementor-element-1b0feab elementor-widget elementor-widget-text-editor\" data-id=\"1b0feab\" data-element_type=\"widget\" data-e-type=\"widget\" data-widget_type=\"text-editor.default\">\n\t\t\t\t\t\t\t\t\t3 oktober 2024 tot <a class=\"big-link\" href=\"https:\/\/www.hotelnivellessud.be\/index.cfm?gad_source=1&#038;gclid=CjwKCAiA1-6sBhAoEiwArqlGPoWlnlzHCVnKlciYqYtCEx5eeqVAmKNDWCXKkmXqaGJKmR4PpP3bnBoCgHIQAvD_BwE\" target=\"_blank\" rel=\"noopener\">Van der Valk Hotel Nijvel-Zuid<\/a>\t\t\t\t\t\t\t\t<\/div>\n\t\t\t\t<div class=\"elementor-element elementor-element-6b28c9e animated-slow elementor-invisible elementor-widget elementor-widget-button\" data-id=\"6b28c9e\" data-element_type=\"widget\" data-e-type=\"widget\" data-settings=\"{&quot;_animation&quot;:&quot;zoomIn&quot;}\" data-widget_type=\"button.default\">\n\t\t\t\t\t\t\t\t\t\t<a class=\"elementor-button elementor-button-link elementor-size-sm\" href=\"https:\/\/mcevent.mark-com.com\/DPOForumBelgique2024\" target=\"_blank\" rel=\"noopener\">\n\t\t\t\t\t\t<span class=\"elementor-button-content-wrapper\">\n\t\t\t\t\t\t\t\t\t<span class=\"elementor-button-text\">Meld je nu aan!<\/span>\n\t\t\t\t\t<\/span>\n\t\t\t\t\t<\/a>\n\t\t\t\t\t\t\t\t<\/div>\n\t\t\t\t<\/div>\n\t\t<div data-particle_enable=\"false\" data-particle-mobile-disabled=\"false\" class=\"elementor-element elementor-element-de0ab0c e-con-full e-flex e-con e-child\" data-id=\"de0ab0c\" data-element_type=\"container\" data-e-type=\"container\">\n\t\t<div data-particle_enable=\"false\" data-particle-mobile-disabled=\"false\" class=\"elementor-element elementor-element-ab13eba e-con-full e-flex e-con e-child\" data-id=\"ab13eba\" data-element_type=\"container\" data-e-type=\"container\">\n\t\t\t\t<div class=\"elementor-element elementor-element-232acea elementor-widget elementor-widget-image\" data-id=\"232acea\" data-element_type=\"widget\" data-e-type=\"widget\" data-widget_type=\"image.default\">\n\t\t\t\t\t\t\t\t\t\t\t\t\t\t\t<img fetchpriority=\"high\" decoding=\"async\" width=\"2554\" height=\"1500\" src=\"https:\/\/dpo-forum.eu\/wp-content\/uploads\/9o_SF-DPO_FORUM_EVENT_-scaled-e1635863308606.jpg\" class=\"attachment-large size-large wp-image-677\" alt=\",\" srcset=\"https:\/\/dpo-forum.eu\/wp-content\/uploads\/9o_SF-DPO_FORUM_EVENT_-scaled-e1635863308606.jpg 2554w, https:\/\/dpo-forum.eu\/wp-content\/uploads\/9o_SF-DPO_FORUM_EVENT_-scaled-e1635863308606-768x451.jpg 768w, https:\/\/dpo-forum.eu\/wp-content\/uploads\/9o_SF-DPO_FORUM_EVENT_-scaled-e1635863308606-1536x902.jpg 1536w, https:\/\/dpo-forum.eu\/wp-content\/uploads\/9o_SF-DPO_FORUM_EVENT_-scaled-e1635863308606-2048x1203.jpg 2048w\" sizes=\"(max-width: 2554px) 100vw, 2554px\" title=\"\">\t\t\t\t\t\t\t\t\t\t\t\t\t\t\t<\/div>\n\t\t\t\t<div class=\"elementor-element elementor-element-591693a elementor-widget elementor-widget-heading\" data-id=\"591693a\" data-element_type=\"widget\" data-e-type=\"widget\" data-widget_type=\"heading.default\">\n\t\t\t\t\t<h3 class=\"elementor-heading-title elementor-size-default\">Wat is het?<\/h3>\t\t\t\t<\/div>\n\t\t\t\t<div class=\"elementor-element elementor-element-60a96e3 elementor-widget elementor-widget-text-editor\" data-id=\"60a96e3\" data-element_type=\"widget\" data-e-type=\"widget\" data-widget_type=\"text-editor.default\">\n\t\t\t\t\t\t\t\t\t<p data-start=\"0\" data-end=\"769\">Op 3 oktober 2024 organiseert Mark-Com Event de 4e editie van zijn DPO Forum in het Van der Valk Hotel in Nijvel-Zuid. \u00abHet onderzoek van Deloitte toont duidelijk aan dat de governance van persoonsgegevens en informatiebeveiliging kan worden verbeterd\u00bb, zegt Fran\u00e7ois Vajda, Managing Director van Mark-Com Event. \u00abDe ambitie van dit evenement zal dan ook zijn om vragen te beantwoorden over gegevensbeveiliging in bedrijven, de evolutie van de RGPD en de rol van de DPO.\u00bb Bijvoorbeeld hoe het bewustzijn van de RGPD te vergroten en om te gaan met het gebrek aan steun op senior managementniveau, hoe de verantwoordelijkheden voor privacybescherming of het implementeren van beleid te verduidelijken, of hoe praktisch beleid en procedures in te voeren. Het DPO Forum wil Franstalige bedrijfsmanagers een pragmatisch antwoord geven op hun zorgen door de laatste technologische ontwikkelingen op dit gebied te presenteren en hen in staat te stellen de spelers te ontmoeten die hen waarschijnlijk zullen ondersteunen bij hun projecten.<\/p>\t\t\t\t\t\t\t\t<\/div>\n\t\t\t\t<\/div>\n\t\t<div data-particle_enable=\"false\" data-particle-mobile-disabled=\"false\" class=\"elementor-element elementor-element-21c8243 e-con-full e-flex e-con e-child\" data-id=\"21c8243\" data-element_type=\"container\" data-e-type=\"container\">\n\t\t\t\t<div class=\"elementor-element elementor-element-55250a2 elementor-widget elementor-widget-image\" data-id=\"55250a2\" data-element_type=\"widget\" data-e-type=\"widget\" data-widget_type=\"image.default\">\n\t\t\t\t\t\t\t\t\t\t\t\t\t\t\t<img decoding=\"async\" width=\"1000\" height=\"666\" src=\"https:\/\/dpo-forum.eu\/wp-content\/uploads\/vandervalk-hotel-nivelles-sud.jpg\" class=\"attachment-large size-large wp-image-688\" alt=\",\" srcset=\"https:\/\/dpo-forum.eu\/wp-content\/uploads\/vandervalk-hotel-nivelles-sud.jpg 1000w, https:\/\/dpo-forum.eu\/wp-content\/uploads\/vandervalk-hotel-nivelles-sud-768x511.jpg 768w\" sizes=\"(max-width: 1000px) 100vw, 1000px\" title=\"\">\t\t\t\t\t\t\t\t\t\t\t\t\t\t\t<\/div>\n\t\t\t\t<div class=\"elementor-element elementor-element-65d44e2 elementor-widget elementor-widget-heading\" data-id=\"65d44e2\" data-element_type=\"widget\" data-e-type=\"widget\" data-widget_type=\"heading.default\">\n\t\t\t\t\t<h3 class=\"elementor-heading-title elementor-size-default\">Waar? Waar?<\/h3>\t\t\t\t<\/div>\n\t\t\t\t<div class=\"elementor-element elementor-element-8c60681 elementor-widget__width-inherit elementor-widget elementor-widget-text-editor\" data-id=\"8c60681\" data-element_type=\"widget\" data-e-type=\"widget\" data-widget_type=\"text-editor.default\">\n\t\t\t\t\t\t\t\t\t<div id=\"pgc-3119-2-1\" class=\"panel-grid-cell\"><div id=\"panel-3119-2-1-1\" class=\"so-panel widget widget_sow-editor panel-last-child widgetopts-SO\" data-index=\"6\"><div class=\"so-widget-sow-editor so-widget-sow-editor-base\"><div class=\"siteorigin-widget-tinymce textwidget\"><p>DPO Forum wordt gehouden in het Van der Valk Hotel in Nijvel-Zuid. Dankzij de goede bereikbaarheid en parkeergelegenheid kunnen de deelnemers hun kostbare tijd optimaliseren door technische oplossingen op \u00e9\u00e9n locatie aan te bieden. We zien u graag op 3 oktober 2024 voor conferenties over al het laatste nieuws over de functie van de DPO en de nieuwe ontwikkelingen in de RGPD.<\/p><\/div><\/div><\/div><\/div><div id=\"pgc-3119-2-2\" class=\"panel-grid-cell\"><div id=\"panel-3119-2-2-0\" class=\"so-panel widget widget_sow-image panel-first-child widgetopts-SO\" data-index=\"7\"><div class=\"so-widget-sow-image so-widget-sow-image-default-8b5b6f678277-3119\"><div class=\"sow-image-container\">\u00a0<\/div><\/div><\/div><\/div>\t\t\t\t\t\t\t\t<\/div>\n\t\t\t\t<\/div>\n\t\t<div data-particle_enable=\"false\" data-particle-mobile-disabled=\"false\" class=\"elementor-element elementor-element-8fd6185 e-con-full e-flex e-con e-child\" data-id=\"8fd6185\" data-element_type=\"container\" data-e-type=\"container\">\n\t\t\t\t<div class=\"elementor-element elementor-element-7d4999f elementor-widget elementor-widget-image\" data-id=\"7d4999f\" data-element_type=\"widget\" data-e-type=\"widget\" data-widget_type=\"image.default\">\n\t\t\t\t\t\t\t\t\t\t\t\t\t\t\t<img decoding=\"async\" width=\"2336\" height=\"1366\" src=\"https:\/\/dpo-forum.eu\/wp-content\/uploads\/9ze_SF-DPO_FORUM_EVENT_-scaled-e1635863362727.jpg\" class=\"attachment-large size-large wp-image-680\" alt=\",\" srcset=\"https:\/\/dpo-forum.eu\/wp-content\/uploads\/9ze_SF-DPO_FORUM_EVENT_-scaled-e1635863362727.jpg 2336w, https:\/\/dpo-forum.eu\/wp-content\/uploads\/9ze_SF-DPO_FORUM_EVENT_-scaled-e1635863362727-768x449.jpg 768w, https:\/\/dpo-forum.eu\/wp-content\/uploads\/9ze_SF-DPO_FORUM_EVENT_-scaled-e1635863362727-1536x898.jpg 1536w, https:\/\/dpo-forum.eu\/wp-content\/uploads\/9ze_SF-DPO_FORUM_EVENT_-scaled-e1635863362727-2048x1198.jpg 2048w\" sizes=\"(max-width: 2336px) 100vw, 2336px\" title=\"\">\t\t\t\t\t\t\t\t\t\t\t\t\t\t\t<\/div>\n\t\t\t\t<div class=\"elementor-element elementor-element-0f0559f elementor-widget elementor-widget-heading\" data-id=\"0f0559f\" data-element_type=\"widget\" data-e-type=\"widget\" data-widget_type=\"heading.default\">\n\t\t\t\t\t<h3 class=\"elementor-heading-title elementor-size-default\">Wie<\/h3>\t\t\t\t<\/div>\n\t\t\t\t<div class=\"elementor-element elementor-element-7c87da1 elementor-widget elementor-widget-text-editor\" data-id=\"7c87da1\" data-element_type=\"widget\" data-e-type=\"widget\" data-widget_type=\"text-editor.default\">\n\t\t\t\t\t\t\t\t\t<p class=\"\" data-start=\"1686\" data-end=\"1869\">Mark-Com Event organiseert al bijna 30 jaar evenementen en organiseert conferenties en zakelijke bijeenkomsten om spelers uit de publieke en private sector in de digitale sector (IT, telecom en innovatie) elkaar in heel Europa te laten ontmoeten.<\/p>\t\t\t\t\t\t\t\t<\/div>\n\t\t\t\t<div class=\"elementor-element elementor-element-6ea2d7b elementor-icon-list--layout-traditional elementor-list-item-link-full_width elementor-widget elementor-widget-icon-list\" data-id=\"6ea2d7b\" data-element_type=\"widget\" data-e-type=\"widget\" data-widget_type=\"icon-list.default\">\n\t\t\t\t\t\t\t<ul class=\"elementor-icon-list-items\">\n\t\t\t\t\t\t\t<li class=\"elementor-icon-list-item\">\n\t\t\t\t\t\t\t\t\t\t\t<a href=\"https:\/\/mark-com.com\/fr\/\" target=\"_blank\" rel=\"noopener\">\n\n\t\t\t\t\t\t\t\t\t\t\t\t<span class=\"elementor-icon-list-icon\">\n\t\t\t\t\t\t\t<i aria-hidden=\"true\" class=\"fas fa-info-circle\"><\/i>\t\t\t\t\t\t<\/span>\n\t\t\t\t\t\t\t\t\t\t<span class=\"elementor-icon-list-text\">Voor meer informatie<\/span>\n\t\t\t\t\t\t\t\t\t\t\t<\/a>\n\t\t\t\t\t\t\t\t\t<\/li>\n\t\t\t\t\t\t<\/ul>\n\t\t\t\t\t\t<\/div>\n\t\t\t\t<\/div>\n\t\t\t\t<\/div>\n\t\t<div data-particle_enable=\"false\" data-particle-mobile-disabled=\"false\" class=\"elementor-element elementor-element-3d12d53 e-con-full e-flex e-con e-child\" data-id=\"3d12d53\" data-element_type=\"container\" data-e-type=\"container\">\n\t\t\t\t<div class=\"elementor-element elementor-element-2b39e2f animated-slow elementor-invisible elementor-widget elementor-widget-button\" data-id=\"2b39e2f\" data-element_type=\"widget\" data-e-type=\"widget\" data-settings=\"{&quot;_animation&quot;:&quot;zoomIn&quot;}\" data-widget_type=\"button.default\">\n\t\t\t\t\t\t\t\t\t\t<a class=\"elementor-button elementor-button-link elementor-size-sm\" href=\"https:\/\/mcevent.mark-com.com\/DPOForumBelgique2024\" target=\"_blank\" rel=\"noopener\">\n\t\t\t\t\t\t<span class=\"elementor-button-content-wrapper\">\n\t\t\t\t\t\t\t\t\t<span class=\"elementor-button-text\">Meld je nu aan!<\/span>\n\t\t\t\t\t<\/span>\n\t\t\t\t\t<\/a>\n\t\t\t\t\t\t\t\t<\/div>\n\t\t\t\t<\/div>\n\t\t\t\t<\/div>\n\t\t\t\t<\/div>\n\t\t\t\t<\/div>","protected":false},"excerpt":{"rendered":"<p>DPO Forum Nivelles 2024 \u00c9dition 2024 3 octobre 2024 au Van der Valk Hotel Nivelles-Sud Inscrivez-vous ! Quoi ? Mark-Com Event proposera le 3 octobre 2024 au Van der Valk Hotel de Nivelles Sud la 4e \u00e9dition de son DPO Forum. \u00ab L\u2019enqu\u00eate de Deloitte montre clairement que la gouvernance en mati\u00e8re de s\u00e9curit\u00e9 des [&hellip;]<\/p>\n","protected":false},"author":1,"featured_media":0,"parent":0,"menu_order":0,"comment_status":"closed","ping_status":"closed","template":"","meta":{"footnotes":""},"class_list":["post-242","page","type-page","status-publish","hentry"],"_links":{"self":[{"href":"https:\/\/dpo-forum.eu\/nl\/wp-json\/wp\/v2\/pages\/242","targetHints":{"allow":["GET"]}}],"collection":[{"href":"https:\/\/dpo-forum.eu\/nl\/wp-json\/wp\/v2\/pages"}],"about":[{"href":"https:\/\/dpo-forum.eu\/nl\/wp-json\/wp\/v2\/types\/page"}],"author":[{"embeddable":true,"href":"https:\/\/dpo-forum.eu\/nl\/wp-json\/wp\/v2\/users\/1"}],"replies":[{"embeddable":true,"href":"https:\/\/dpo-forum.eu\/nl\/wp-json\/wp\/v2\/comments?post=242"}],"version-history":[{"count":13,"href":"https:\/\/dpo-forum.eu\/nl\/wp-json\/wp\/v2\/pages\/242\/revisions"}],"predecessor-version":[{"id":697,"href":"https:\/\/dpo-forum.eu\/nl\/wp-json\/wp\/v2\/pages\/242\/revisions\/697"}],"wp:attachment":[{"href":"https:\/\/dpo-forum.eu\/nl\/wp-json\/wp\/v2\/media?parent=242"}],"curies":[{"name":"wp","href":"https:\/\/api.w.org\/{rel}","templated":true}]}}