{"id":240,"date":"2026-01-27T15:28:46","date_gmt":"2026-01-27T14:28:46","guid":{"rendered":"https:\/\/angry-villani.57-128-39-62.plesk.page\/?page_id=240"},"modified":"2026-02-03T09:52:28","modified_gmt":"2026-02-03T08:52:28","slug":"dpo-forum-bruxelles-2025","status":"publish","type":"page","link":"https:\/\/dpo-forum.eu\/nl\/dpo-forum-bruxelles-2025\/","title":{"rendered":"DPO Forum Brussel 2025"},"content":{"rendered":"<div data-elementor-type=\"wp-page\" data-elementor-id=\"240\" class=\"elementor elementor-240\" data-elementor-post-type=\"page\">\n\t\t\t\t<div data-particle_enable=\"false\" data-particle-mobile-disabled=\"false\" class=\"elementor-element elementor-element-ebaaa5f e-flex e-con-boxed e-con e-parent\" data-id=\"ebaaa5f\" data-element_type=\"container\" data-e-type=\"container\" data-settings=\"{&quot;background_background&quot;:&quot;classic&quot;,&quot;background_motion_fx_motion_fx_mouse&quot;:&quot;yes&quot;,&quot;background_motion_fx_mouseTrack_effect&quot;:&quot;yes&quot;,&quot;background_motion_fx_mouseTrack_speed&quot;:{&quot;unit&quot;:&quot;px&quot;,&quot;size&quot;:1.6,&quot;sizes&quot;:[]}}\">\n\t\t\t\t\t<div class=\"e-con-inner\">\n\t\t\t\t<div class=\"elementor-element elementor-element-2fa0344 elementor-widget elementor-widget-heading\" data-id=\"2fa0344\" data-element_type=\"widget\" data-e-type=\"widget\" data-widget_type=\"heading.default\">\n\t\t\t\t\t<h1 class=\"elementor-heading-title elementor-size-default\"><span class=\"hl-hero\">DPO-forum<\/span><\/h1>\t\t\t\t<\/div>\n\t\t\t\t<div class=\"elementor-element elementor-element-35f66fe elementor-widget elementor-widget-heading\" data-id=\"35f66fe\" data-element_type=\"widget\" data-e-type=\"widget\" data-widget_type=\"heading.default\">\n\t\t\t\t\t<h2 class=\"elementor-heading-title elementor-size-default\"><span class=\"hl-hero\">Brussel 2025<\/span><\/h2>\t\t\t\t<\/div>\n\t\t\t\t\t<\/div>\n\t\t\t\t<\/div>\n\t\t<div data-particle_enable=\"false\" data-particle-mobile-disabled=\"false\" class=\"elementor-element elementor-element-00feb29 e-con-full e-flex e-con e-parent\" data-id=\"00feb29\" data-element_type=\"container\" data-e-type=\"container\" data-settings=\"{&quot;background_background&quot;:&quot;classic&quot;}\">\n\t\t<div data-particle_enable=\"false\" data-particle-mobile-disabled=\"false\" class=\"elementor-element elementor-element-a234127 e-con-full e-flex e-con e-child\" data-id=\"a234127\" data-element_type=\"container\" data-e-type=\"container\" data-settings=\"{&quot;background_background&quot;:&quot;classic&quot;}\">\n\t\t<div data-particle_enable=\"false\" data-particle-mobile-disabled=\"false\" class=\"elementor-element elementor-element-f9b516b e-con-full e-flex e-con e-child\" data-id=\"f9b516b\" data-element_type=\"container\" data-e-type=\"container\">\n\t\t\t\t<div class=\"elementor-element elementor-element-aa258a3 elementor-widget elementor-widget-text-editor\" data-id=\"aa258a3\" data-element_type=\"widget\" data-e-type=\"widget\" data-widget_type=\"text-editor.default\">\n\t\t\t\t\t\t\t\t\t<p>Volgende editie: Inschrijving nu open<\/p>\t\t\t\t\t\t\t\t<\/div>\n\t\t\t\t<div class=\"elementor-element elementor-element-7acd268 elementor-widget elementor-widget-text-editor\" data-id=\"7acd268\" data-element_type=\"widget\" data-e-type=\"widget\" data-widget_type=\"text-editor.default\">\n\t\t\t\t\t\t\t\t\t2 oktober 2025 bij de\u2019 <a class=\"big-link\" href=\"https:\/\/www.aumbrussels.be\/\" target=\"_blank\" rel=\"noopener\">Restaurant AUM<\/a> \t\t\t\t\t\t\t\t<\/div>\n\t\t\t\t<div class=\"elementor-element elementor-element-978c32e elementor-widget elementor-widget-text-editor\" data-id=\"978c32e\" data-element_type=\"widget\" data-e-type=\"widget\" data-widget_type=\"text-editor.default\">\n\t\t\t\t\t\t\t\t\t<p>Van 8.30 tot 17.00 uur.<\/p>\t\t\t\t\t\t\t\t<\/div>\n\t\t\t\t<\/div>\n\t\t<div data-particle_enable=\"false\" data-particle-mobile-disabled=\"false\" class=\"elementor-element elementor-element-2b30978 e-con-full e-flex e-con e-child\" data-id=\"2b30978\" data-element_type=\"container\" data-e-type=\"container\">\n\t\t<div data-particle_enable=\"false\" data-particle-mobile-disabled=\"false\" class=\"elementor-element elementor-element-ec97437 e-con-full e-flex e-con e-child\" data-id=\"ec97437\" data-element_type=\"container\" data-e-type=\"container\">\n\t\t\t\t<div class=\"elementor-element elementor-element-4a23f71 elementor-widget elementor-widget-image\" data-id=\"4a23f71\" data-element_type=\"widget\" data-e-type=\"widget\" data-widget_type=\"image.default\">\n\t\t\t\t\t\t\t\t\t\t\t\t\t\t\t<img fetchpriority=\"high\" decoding=\"async\" width=\"2554\" height=\"1500\" src=\"https:\/\/dpo-forum.eu\/wp-content\/uploads\/9o_SF-DPO_FORUM_EVENT_-scaled-e1635863308606.jpg\" class=\"attachment-large size-large wp-image-677\" alt=\",\" srcset=\"https:\/\/dpo-forum.eu\/wp-content\/uploads\/9o_SF-DPO_FORUM_EVENT_-scaled-e1635863308606.jpg 2554w, https:\/\/dpo-forum.eu\/wp-content\/uploads\/9o_SF-DPO_FORUM_EVENT_-scaled-e1635863308606-768x451.jpg 768w, https:\/\/dpo-forum.eu\/wp-content\/uploads\/9o_SF-DPO_FORUM_EVENT_-scaled-e1635863308606-1536x902.jpg 1536w, https:\/\/dpo-forum.eu\/wp-content\/uploads\/9o_SF-DPO_FORUM_EVENT_-scaled-e1635863308606-2048x1203.jpg 2048w\" sizes=\"(max-width: 2554px) 100vw, 2554px\" title=\"\">\t\t\t\t\t\t\t\t\t\t\t\t\t\t\t<\/div>\n\t\t\t\t<div class=\"elementor-element elementor-element-23c3490 elementor-widget elementor-widget-heading\" data-id=\"23c3490\" data-element_type=\"widget\" data-e-type=\"widget\" data-widget_type=\"heading.default\">\n\t\t\t\t\t<h3 class=\"elementor-heading-title elementor-size-default\">Wat is het?<\/h3>\t\t\t\t<\/div>\n\t\t\t\t<div class=\"elementor-element elementor-element-b4acf7b elementor-widget elementor-widget-text-editor\" data-id=\"b4acf7b\" data-element_type=\"widget\" data-e-type=\"widget\" data-widget_type=\"text-editor.default\">\n\t\t\t\t\t\t\t\t\t<p data-start=\"0\" data-end=\"769\">Mark-Com Event houdt zijn 7e DPO Forum in Belgi\u00eb op\u00a0<strong>AUM Brussels Restaurant &amp; Bar.<\/strong><br data-start=\"108\" data-end=\"111\" \/>\u00abHet onderzoek van Deloitte laat duidelijk zien dat er nog ruimte is voor verbetering op het gebied van het beheer van persoonsgegevens en informatiebeveiliging\u00bb, zegt Fran\u00e7ois Vajda, Managing Director van Mark-Com Event.<br data-start=\"344\" data-end=\"347\" \/>\u00abDe ambitie van dit evenement zal dan ook zijn om vragen te beantwoorden die verband houden met gegevensbeveiliging in bedrijven, de evolutie van de RGPD en de rol van de DPO.\u00bb<br data-start=\"507\" data-end=\"510\" \/>Bijvoorbeeld: hoe het bewustzijn van de RGPD te vergroten en om te gaan met het gebrek aan steun van het management, hoe verantwoordelijkheden op het gebied van privacy of beleidsimplementatie te verduidelijken, of hoe concrete beleidsregels en procedures op te stellen.<\/p><p data-start=\"771\" data-end=\"1039\" data-is-last-node=\"\" data-is-only-node=\"\">Het DPO Forum wil besluitvormers een pragmatisch antwoord bieden op hun zorgen door de laatste technologische ontwikkelingen op dit gebied te presenteren en hen in staat te stellen de spelers te ontmoeten die hen waarschijnlijk zullen ondersteunen in hun projecten.<\/p>\t\t\t\t\t\t\t\t<\/div>\n\t\t\t\t<\/div>\n\t\t<div data-particle_enable=\"false\" data-particle-mobile-disabled=\"false\" class=\"elementor-element elementor-element-e398bb6 e-con-full e-flex e-con e-child\" data-id=\"e398bb6\" data-element_type=\"container\" data-e-type=\"container\">\n\t\t\t\t<div class=\"elementor-element elementor-element-6dbc0ca elementor-widget elementor-widget-image\" data-id=\"6dbc0ca\" data-element_type=\"widget\" data-e-type=\"widget\" data-widget_type=\"image.default\">\n\t\t\t\t\t\t\t\t\t\t\t\t\t\t\t<img decoding=\"async\" width=\"1068\" height=\"550\" src=\"https:\/\/dpo-forum.eu\/wp-content\/uploads\/aum-restaurant-e1750415162370.png\" class=\"attachment-large size-large wp-image-678\" alt=\",\" srcset=\"https:\/\/dpo-forum.eu\/wp-content\/uploads\/aum-restaurant-e1750415162370.png 1068w, https:\/\/dpo-forum.eu\/wp-content\/uploads\/aum-restaurant-e1750415162370-768x396.png 768w\" sizes=\"(max-width: 1068px) 100vw, 1068px\" title=\"\">\t\t\t\t\t\t\t\t\t\t\t\t\t\t\t<\/div>\n\t\t\t\t<div class=\"elementor-element elementor-element-74c9cbf elementor-widget elementor-widget-heading\" data-id=\"74c9cbf\" data-element_type=\"widget\" data-e-type=\"widget\" data-widget_type=\"heading.default\">\n\t\t\t\t\t<h3 class=\"elementor-heading-title elementor-size-default\">Waar? Waar?<\/h3>\t\t\t\t<\/div>\n\t\t\t\t<div class=\"elementor-element elementor-element-7100b4d elementor-widget__width-inherit elementor-icon-list--layout-traditional elementor-list-item-link-full_width elementor-widget elementor-widget-icon-list\" data-id=\"7100b4d\" data-element_type=\"widget\" data-e-type=\"widget\" data-widget_type=\"icon-list.default\">\n\t\t\t\t\t\t\t<ul class=\"elementor-icon-list-items\">\n\t\t\t\t\t\t\t<li class=\"elementor-icon-list-item\">\n\t\t\t\t\t\t\t\t\t\t\t<span class=\"elementor-icon-list-icon\">\n\t\t\t\t\t\t\t<i aria-hidden=\"true\" class=\"fas fa-calendar-alt\"><\/i>\t\t\t\t\t\t<\/span>\n\t\t\t\t\t\t\t\t\t\t<span class=\"elementor-icon-list-text\">Donderdag 2 oktober 2025<\/span>\n\t\t\t\t\t\t\t\t\t<\/li>\n\t\t\t\t\t\t\t\t<li class=\"elementor-icon-list-item\">\n\t\t\t\t\t\t\t\t\t\t\t<span class=\"elementor-icon-list-icon\">\n\t\t\t\t\t\t\t<i aria-hidden=\"true\" class=\"fas fa-clock\"><\/i>\t\t\t\t\t\t<\/span>\n\t\t\t\t\t\t\t\t\t\t<span class=\"elementor-icon-list-text\">Van 8.30 tot 17.00 uur.<\/span>\n\t\t\t\t\t\t\t\t\t<\/li>\n\t\t\t\t\t\t\t\t<li class=\"elementor-icon-list-item\">\n\t\t\t\t\t\t\t\t\t\t\t<span class=\"elementor-icon-list-icon\">\n\t\t\t\t\t\t\t<i aria-hidden=\"true\" class=\"fas fa-map-pin\"><\/i>\t\t\t\t\t\t<\/span>\n\t\t\t\t\t\t\t\t\t\t<span class=\"elementor-icon-list-text\">AUM Brussels Restaurant &amp; Bar- Mechelsesteenweg 455 1950 Kraainem - Belgi\u00eb<\/span>\n\t\t\t\t\t\t\t\t\t<\/li>\n\t\t\t\t\t\t<\/ul>\n\t\t\t\t\t\t<\/div>\n\t\t\t\t<div class=\"elementor-element elementor-element-17cd982 elementor-widget__width-inherit elementor-widget elementor-widget-text-editor\" data-id=\"17cd982\" data-element_type=\"widget\" data-e-type=\"widget\" data-widget_type=\"text-editor.default\">\n\t\t\t\t\t\t\t\t\t<p><strong>Toegang<\/strong><\/p><p>Met de trein: 15 min van Brussel Centraal + metrolijn 1<\/p><p>Met de metro: station Kraainem, 8 minuten te voet<\/p><p>Met de auto: Gratis parkeren in de buurt<\/p>\t\t\t\t\t\t\t\t<\/div>\n\t\t\t\t<div class=\"elementor-element elementor-element-b46793a elementor-icon-list--layout-traditional elementor-list-item-link-full_width elementor-widget elementor-widget-icon-list\" data-id=\"b46793a\" data-element_type=\"widget\" data-e-type=\"widget\" data-widget_type=\"icon-list.default\">\n\t\t\t\t\t\t\t<ul class=\"elementor-icon-list-items\">\n\t\t\t\t\t\t\t<li class=\"elementor-icon-list-item\">\n\t\t\t\t\t\t\t\t\t\t\t<span class=\"elementor-icon-list-icon\">\n\t\t\t\t\t\t\t<i aria-hidden=\"true\" class=\"fas fa-exclamation-triangle\"><\/i>\t\t\t\t\t\t<\/span>\n\t\t\t\t\t\t\t\t\t\t<span class=\"elementor-icon-list-text\">Gebeurtenis met beperkte capaciteit - <b>verplichte registratie<\/b><\/span>\n\t\t\t\t\t\t\t\t\t<\/li>\n\t\t\t\t\t\t<\/ul>\n\t\t\t\t\t\t<\/div>\n\t\t\t\t<div class=\"elementor-element elementor-element-dd09016 elementor-icon-list--layout-traditional elementor-list-item-link-full_width elementor-widget elementor-widget-icon-list\" data-id=\"dd09016\" data-element_type=\"widget\" data-e-type=\"widget\" data-widget_type=\"icon-list.default\">\n\t\t\t\t\t\t\t<ul class=\"elementor-icon-list-items\">\n\t\t\t\t\t\t\t<li class=\"elementor-icon-list-item\">\n\t\t\t\t\t\t\t\t\t\t\t<span class=\"elementor-icon-list-icon\">\n\t\t\t\t\t\t\t<i aria-hidden=\"true\" class=\"fas fa-microphone\"><\/i>\t\t\t\t\t\t<\/span>\n\t\t\t\t\t\t\t\t\t\t<span class=\"elementor-icon-list-text\">Een dag vol conferenties om alles te weten te komen over <b>nieuws over het beroep van functionaris voor gegevensbescherming<\/b> en nieuws <b>Ontwikkelingen RGPD<\/b><\/span>\n\t\t\t\t\t\t\t\t\t<\/li>\n\t\t\t\t\t\t<\/ul>\n\t\t\t\t\t\t<\/div>\n\t\t\t\t<div class=\"elementor-element elementor-element-6dccdf9 elementor-icon-list--layout-traditional elementor-list-item-link-full_width elementor-widget elementor-widget-icon-list\" data-id=\"6dccdf9\" data-element_type=\"widget\" data-e-type=\"widget\" data-widget_type=\"icon-list.default\">\n\t\t\t\t\t\t\t<ul class=\"elementor-icon-list-items\">\n\t\t\t\t\t\t\t<li class=\"elementor-icon-list-item\">\n\t\t\t\t\t\t\t\t\t\t\t<a href=\"https:\/\/www.google.com\/maps\/place\/\/data=!4m2!3m1!1s0x47c3dbedb843c0c3:0x6059186d008da5b9?sa=X&#038;ved=1t:8290&#038;ictx=111\" target=\"_blank\" rel=\"noopener\">\n\n\t\t\t\t\t\t\t\t\t\t\t\t<span class=\"elementor-icon-list-icon\">\n\t\t\t\t\t\t\t<i aria-hidden=\"true\" class=\"fas fa-link\"><\/i>\t\t\t\t\t\t<\/span>\n\t\t\t\t\t\t\t\t\t\t<span class=\"elementor-icon-list-text\">Google-kaarten <\/span>\n\t\t\t\t\t\t\t\t\t\t\t<\/a>\n\t\t\t\t\t\t\t\t\t<\/li>\n\t\t\t\t\t\t<\/ul>\n\t\t\t\t\t\t<\/div>\n\t\t\t\t<\/div>\n\t\t<div data-particle_enable=\"false\" data-particle-mobile-disabled=\"false\" class=\"elementor-element elementor-element-5f064f0 e-con-full e-flex e-con e-child\" data-id=\"5f064f0\" data-element_type=\"container\" data-e-type=\"container\">\n\t\t\t\t<div class=\"elementor-element elementor-element-5e02d2d elementor-widget elementor-widget-image\" data-id=\"5e02d2d\" data-element_type=\"widget\" data-e-type=\"widget\" data-widget_type=\"image.default\">\n\t\t\t\t\t\t\t\t\t\t\t\t\t\t\t<img decoding=\"async\" width=\"2336\" height=\"1366\" src=\"https:\/\/dpo-forum.eu\/wp-content\/uploads\/9ze_SF-DPO_FORUM_EVENT_-scaled-e1635863362727.jpg\" class=\"attachment-large size-large wp-image-680\" alt=\",\" srcset=\"https:\/\/dpo-forum.eu\/wp-content\/uploads\/9ze_SF-DPO_FORUM_EVENT_-scaled-e1635863362727.jpg 2336w, https:\/\/dpo-forum.eu\/wp-content\/uploads\/9ze_SF-DPO_FORUM_EVENT_-scaled-e1635863362727-768x449.jpg 768w, https:\/\/dpo-forum.eu\/wp-content\/uploads\/9ze_SF-DPO_FORUM_EVENT_-scaled-e1635863362727-1536x898.jpg 1536w, https:\/\/dpo-forum.eu\/wp-content\/uploads\/9ze_SF-DPO_FORUM_EVENT_-scaled-e1635863362727-2048x1198.jpg 2048w\" sizes=\"(max-width: 2336px) 100vw, 2336px\" title=\"\">\t\t\t\t\t\t\t\t\t\t\t\t\t\t\t<\/div>\n\t\t\t\t<div class=\"elementor-element elementor-element-ccc1e39 elementor-widget elementor-widget-heading\" data-id=\"ccc1e39\" data-element_type=\"widget\" data-e-type=\"widget\" data-widget_type=\"heading.default\">\n\t\t\t\t\t<h3 class=\"elementor-heading-title elementor-size-default\">Voor wie is het?<\/h3>\t\t\t\t<\/div>\n\t\t\t\t<div class=\"elementor-element elementor-element-41f1e5a elementor-widget elementor-widget-text-editor\" data-id=\"41f1e5a\" data-element_type=\"widget\" data-e-type=\"widget\" data-widget_type=\"text-editor.default\">\n\t\t\t\t\t\t\t\t\t<p class=\"\" data-start=\"1686\" data-end=\"1869\">Georganiseerd door\u00a0<strong data-start=\"1699\" data-end=\"1717\">Mark-Com evenement<\/strong>, Het forum is bedoeld voor alle professionals die betrokken zijn bij compliance en beveiliging van gegevens:<\/p>\t\t\t\t\t\t\t\t<\/div>\n\t\t\t\t<div class=\"elementor-element elementor-element-8dcdb20 elementor-widget__width-inherit elementor-icon-list--layout-traditional elementor-list-item-link-full_width elementor-widget elementor-widget-icon-list\" data-id=\"8dcdb20\" data-element_type=\"widget\" data-e-type=\"widget\" data-widget_type=\"icon-list.default\">\n\t\t\t\t\t\t\t<ul class=\"elementor-icon-list-items\">\n\t\t\t\t\t\t\t<li class=\"elementor-icon-list-item\">\n\t\t\t\t\t\t\t\t\t\t\t<span class=\"elementor-icon-list-icon\">\n\t\t\t\t\t\t\t<i aria-hidden=\"true\" class=\"fas fa-arrow-alt-circle-right\"><\/i>\t\t\t\t\t\t<\/span>\n\t\t\t\t\t\t\t\t\t\t<span class=\"elementor-icon-list-text\">Interne en externe functionaris voor gegevensbescherming<\/span>\n\t\t\t\t\t\t\t\t\t<\/li>\n\t\t\t\t\t\t\t\t<li class=\"elementor-icon-list-item\">\n\t\t\t\t\t\t\t\t\t\t\t<span class=\"elementor-icon-list-icon\">\n\t\t\t\t\t\t\t<i aria-hidden=\"true\" class=\"fas fa-arrow-alt-circle-right\"><\/i>\t\t\t\t\t\t<\/span>\n\t\t\t\t\t\t\t\t\t\t<span class=\"elementor-icon-list-text\">CISO &amp; CIO<\/span>\n\t\t\t\t\t\t\t\t\t<\/li>\n\t\t\t\t\t\t\t\t<li class=\"elementor-icon-list-item\">\n\t\t\t\t\t\t\t\t\t\t\t<span class=\"elementor-icon-list-icon\">\n\t\t\t\t\t\t\t<i aria-hidden=\"true\" class=\"fas fa-arrow-alt-circle-right\"><\/i>\t\t\t\t\t\t<\/span>\n\t\t\t\t\t\t\t\t\t\t<span class=\"elementor-icon-list-text\">RGPD advocaten &amp; adviseurs<\/span>\n\t\t\t\t\t\t\t\t\t<\/li>\n\t\t\t\t\t\t\t\t<li class=\"elementor-icon-list-item\">\n\t\t\t\t\t\t\t\t\t\t\t<span class=\"elementor-icon-list-icon\">\n\t\t\t\t\t\t\t<i aria-hidden=\"true\" class=\"fas fa-arrow-alt-circle-right\"><\/i>\t\t\t\t\t\t<\/span>\n\t\t\t\t\t\t\t\t\t\t<span class=\"elementor-icon-list-text\">Compliance en IT-managers<\/span>\n\t\t\t\t\t\t\t\t\t<\/li>\n\t\t\t\t\t\t<\/ul>\n\t\t\t\t\t\t<\/div>\n\t\t\t\t<div class=\"elementor-element elementor-element-feab4e6 elementor-icon-list--layout-traditional elementor-list-item-link-full_width elementor-widget elementor-widget-icon-list\" data-id=\"feab4e6\" data-element_type=\"widget\" data-e-type=\"widget\" data-widget_type=\"icon-list.default\">\n\t\t\t\t\t\t\t<ul class=\"elementor-icon-list-items\">\n\t\t\t\t\t\t\t<li class=\"elementor-icon-list-item\">\n\t\t\t\t\t\t\t\t\t\t\t<a href=\"https:\/\/mark-com.com\/fr\/\" target=\"_blank\" rel=\"noopener\">\n\n\t\t\t\t\t\t\t\t\t\t\t\t<span class=\"elementor-icon-list-icon\">\n\t\t\t\t\t\t\t<i aria-hidden=\"true\" class=\"fas fa-info-circle\"><\/i>\t\t\t\t\t\t<\/span>\n\t\t\t\t\t\t\t\t\t\t<span class=\"elementor-icon-list-text\">Lees meer<\/span>\n\t\t\t\t\t\t\t\t\t\t\t<\/a>\n\t\t\t\t\t\t\t\t\t<\/li>\n\t\t\t\t\t\t<\/ul>\n\t\t\t\t\t\t<\/div>\n\t\t\t\t<\/div>\n\t\t\t\t<\/div>\n\t\t<div data-particle_enable=\"false\" data-particle-mobile-disabled=\"false\" class=\"elementor-element elementor-element-c754db6 e-con-full e-flex e-con e-child\" data-id=\"c754db6\" data-element_type=\"container\" data-e-type=\"container\">\n\t\t\t\t<div class=\"elementor-element elementor-element-ba67830 animated-slow elementor-invisible elementor-widget elementor-widget-button\" data-id=\"ba67830\" data-element_type=\"widget\" data-e-type=\"widget\" data-settings=\"{&quot;_animation&quot;:&quot;zoomIn&quot;}\" data-widget_type=\"button.default\">\n\t\t\t\t\t\t\t\t\t\t<a class=\"elementor-button elementor-button-link elementor-size-sm\" href=\"https:\/\/www.eventbrite.fr\/e\/billets-dpo-forum-brussels-1366017708739?aff=oddtdtcreator\" target=\"_blank\" rel=\"noopener\">\n\t\t\t\t\t\t<span class=\"elementor-button-content-wrapper\">\n\t\t\t\t\t\t\t\t\t<span class=\"elementor-button-text\">Registreer hier!<\/span>\n\t\t\t\t\t<\/span>\n\t\t\t\t\t<\/a>\n\t\t\t\t\t\t\t\t<\/div>\n\t\t\t\t<div class=\"elementor-element elementor-element-0ca2b4e elementor-widget elementor-widget-text-editor\" data-id=\"0ca2b4e\" data-element_type=\"widget\" data-e-type=\"widget\" data-widget_type=\"text-editor.default\">\n\t\t\t\t\t\t\t\t\t<p class=\"widget-title\"><strong>Alleen toegang voor professionele gebruikers in bedrijven (DPO, Legal Officer, Advocaat, CISO, etc.)<\/strong><\/p>\t\t\t\t\t\t\t\t<\/div>\n\t\t\t\t<\/div>\n\t\t\t\t<\/div>\n\t\t\t\t<\/div>\n\t\t\t\t<\/div>","protected":false},"excerpt":{"rendered":"<p>DPO Forum Bruxelles 2025 Prochaine \u00e9dition : Inscriptions ouvertes 2 octobre 2025 \u00e0 l&rsquo; AUM Restaurant De 8h30 \u00e0 17h00 Quoi ? Mark-Com Event organisera la 7e \u00e9dition de son DPO Forum en Belgique au\u00a0AUM Brussels Restaurant &amp; Bar.\u00ab L\u2019enqu\u00eate men\u00e9e par Deloitte montre clairement qu\u2019il reste des marges de progression en mati\u00e8re de gouvernance [&hellip;]<\/p>\n","protected":false},"author":1,"featured_media":0,"parent":0,"menu_order":0,"comment_status":"closed","ping_status":"closed","template":"","meta":{"footnotes":""},"class_list":["post-240","page","type-page","status-publish","hentry"],"_links":{"self":[{"href":"https:\/\/dpo-forum.eu\/nl\/wp-json\/wp\/v2\/pages\/240","targetHints":{"allow":["GET"]}}],"collection":[{"href":"https:\/\/dpo-forum.eu\/nl\/wp-json\/wp\/v2\/pages"}],"about":[{"href":"https:\/\/dpo-forum.eu\/nl\/wp-json\/wp\/v2\/types\/page"}],"author":[{"embeddable":true,"href":"https:\/\/dpo-forum.eu\/nl\/wp-json\/wp\/v2\/users\/1"}],"replies":[{"embeddable":true,"href":"https:\/\/dpo-forum.eu\/nl\/wp-json\/wp\/v2\/comments?post=240"}],"version-history":[{"count":7,"href":"https:\/\/dpo-forum.eu\/nl\/wp-json\/wp\/v2\/pages\/240\/revisions"}],"predecessor-version":[{"id":1087,"href":"https:\/\/dpo-forum.eu\/nl\/wp-json\/wp\/v2\/pages\/240\/revisions\/1087"}],"wp:attachment":[{"href":"https:\/\/dpo-forum.eu\/nl\/wp-json\/wp\/v2\/media?parent=240"}],"curies":[{"name":"wp","href":"https:\/\/api.w.org\/{rel}","templated":true}]}}