{"id":234,"date":"2026-01-27T15:27:16","date_gmt":"2026-01-27T14:27:16","guid":{"rendered":"https:\/\/angry-villani.57-128-39-62.plesk.page\/?page_id=234"},"modified":"2026-02-02T14:15:28","modified_gmt":"2026-02-02T13:15:28","slug":"programme-lille","status":"publish","type":"page","link":"https:\/\/dpo-forum.eu\/nl\/programme-lille\/","title":{"rendered":"Programme Lille"},"content":{"rendered":"\t\t<div data-elementor-type=\"wp-page\" data-elementor-id=\"234\" class=\"elementor elementor-234\" data-elementor-post-type=\"page\">\n\t\t\t\t<div data-particle_enable=\"false\" data-particle-mobile-disabled=\"false\" class=\"elementor-element elementor-element-44ace26 e-flex e-con-boxed e-con e-parent\" data-id=\"44ace26\" data-element_type=\"container\" data-e-type=\"container\" data-settings=\"{&quot;background_background&quot;:&quot;classic&quot;}\">\n\t\t\t\t\t<div class=\"e-con-inner\">\n\t\t\t\t<div class=\"elementor-element elementor-element-591303f elementor-widget elementor-widget-heading\" data-id=\"591303f\" data-element_type=\"widget\" data-e-type=\"widget\" data-widget_type=\"heading.default\">\n\t\t\t\t\t<h2 class=\"elementor-heading-title elementor-size-default\">Programme DPO Forum Lille<\/h2>\t\t\t\t<\/div>\n\t\t\t\t<div class=\"elementor-element elementor-element-5a01645 elementor-widget elementor-widget-heading\" data-id=\"5a01645\" data-element_type=\"widget\" data-e-type=\"widget\" data-widget_type=\"heading.default\">\n\t\t\t\t\t<h3 class=\"elementor-heading-title elementor-size-default\">25 septembre 2025<\/h3>\t\t\t\t<\/div>\n\t\t\t\t<div class=\"elementor-element elementor-element-30e0964 elementor-widget elementor-widget-n-accordion\" data-id=\"30e0964\" data-element_type=\"widget\" data-e-type=\"widget\" data-settings=\"{&quot;default_state&quot;:&quot;all_collapsed&quot;,&quot;max_items_expended&quot;:&quot;multiple&quot;,&quot;n_accordion_animation_duration&quot;:{&quot;unit&quot;:&quot;ms&quot;,&quot;size&quot;:400,&quot;sizes&quot;:[]}}\" data-widget_type=\"nested-accordion.default\">\n\t\t\t\t\t\t\t<div class=\"e-n-accordion\" aria-label=\"Accordion. Open links with Enter or Space, close with Escape, and navigate with Arrow Keys\">\n\t\t\t\t\t\t<details id=\"e-n-accordion-item-5120\" class=\"e-n-accordion-item\" >\n\t\t\t\t<summary class=\"e-n-accordion-item-title\" data-accordion-index=\"1\" tabindex=\"0\" aria-expanded=\"false\" aria-controls=\"e-n-accordion-item-5120\" >\n\t\t\t\t\t<span class='e-n-accordion-item-title-header'><h4 class=\"e-n-accordion-item-title-text\"> 10h00 : Accueil &amp; Caf\u00e9 <\/h4><\/span>\n\t\t\t\t\t\t\t<span class='e-n-accordion-item-title-icon'>\n\t\t\t<span class='e-opened' ><i aria-hidden=\"true\" class=\"fas fa-chevron-up\"><\/i><\/span>\n\t\t\t<span class='e-closed'><i aria-hidden=\"true\" class=\"fas fa-chevron-down\"><\/i><\/span>\n\t\t<\/span>\n\n\t\t\t\t\t\t<\/summary>\n\t\t\t\t<div data-particle_enable=\"false\" data-particle-mobile-disabled=\"false\" role=\"region\" aria-labelledby=\"e-n-accordion-item-5120\" class=\"elementor-element elementor-element-0a2375d e-con-full e-flex e-con e-child\" data-id=\"0a2375d\" data-element_type=\"container\" data-e-type=\"container\" data-settings=\"{&quot;background_background&quot;:&quot;classic&quot;}\">\n\t\t\t\t<div class=\"elementor-element elementor-element-2516d34 elementor-widget elementor-widget-text-editor\" data-id=\"2516d34\" data-element_type=\"widget\" data-e-type=\"widget\" data-widget_type=\"text-editor.default\">\n\t\t\t\t\t\t\t\t\t<p>Accueil et caf\u00e9<\/p>\t\t\t\t\t\t\t\t<\/div>\n\t\t\t\t<\/div>\n\t\t\t\t\t<\/details>\n\t\t\t\t\t\t<details id=\"e-n-accordion-item-5121\" class=\"e-n-accordion-item\" >\n\t\t\t\t<summary class=\"e-n-accordion-item-title\" data-accordion-index=\"2\" tabindex=\"-1\" aria-expanded=\"false\" aria-controls=\"e-n-accordion-item-5121\" >\n\t\t\t\t\t<span class='e-n-accordion-item-title-header'><h4 class=\"e-n-accordion-item-title-text\"> 10h30 - 11h00 : Keynote - Gouverner l'incertitude : DPO et RSSI, une convergence strat\u00e9gique \u00e0 l\u2019\u00e8re de l\u2019IA et des r\u00e9gulations enchev\u00eatr\u00e9es <\/h4><\/span>\n\t\t\t\t\t\t\t<span class='e-n-accordion-item-title-icon'>\n\t\t\t<span class='e-opened' ><i aria-hidden=\"true\" class=\"fas fa-chevron-up\"><\/i><\/span>\n\t\t\t<span class='e-closed'><i aria-hidden=\"true\" class=\"fas fa-chevron-down\"><\/i><\/span>\n\t\t<\/span>\n\n\t\t\t\t\t\t<\/summary>\n\t\t\t\t<div data-particle_enable=\"false\" data-particle-mobile-disabled=\"false\" role=\"region\" aria-labelledby=\"e-n-accordion-item-5121\" class=\"elementor-element elementor-element-afd9e24 e-con-full e-flex e-con e-child\" data-id=\"afd9e24\" data-element_type=\"container\" data-e-type=\"container\" data-settings=\"{&quot;background_background&quot;:&quot;classic&quot;}\">\n\t\t\t\t<div class=\"elementor-element elementor-element-2187171 elementor-widget elementor-widget-text-editor\" data-id=\"2187171\" data-element_type=\"widget\" data-e-type=\"widget\" data-widget_type=\"text-editor.default\">\n\t\t\t\t\t\t\t\t\t<p>La convergence des r\u00e9glementations telles que le GDPR, NIS2, DORA, IA Act, CRA, l\u2019adoption de l\u2019IA vont obliger les DPO Et les RSSI \u00e0 travailler plus ensemble.\u00a0<\/p><p>Joseph Graceffa &#8211; <strong>Expert en Cybers\u00e9curit\u00e9 et RSSI<\/strong><\/p><p>Conf\u00e9rence: <a href=\"https:\/\/dpo-forum.eu\/wp-content\/uploads\/2025\/09\/Copie-de-DPO-Forum-Lille-2025-09-25-Keynote-intro-JGR-diffusable-publiquement-TLP_GREEN-C1-PUBLIC.pptx.pdf\">Keynote intro JGR<\/a><\/p>\t\t\t\t\t\t\t\t<\/div>\n\t\t\t\t<\/div>\n\t\t\t\t\t<\/details>\n\t\t\t\t\t\t<details id=\"e-n-accordion-item-5122\" class=\"e-n-accordion-item\" >\n\t\t\t\t<summary class=\"e-n-accordion-item-title\" data-accordion-index=\"3\" tabindex=\"-1\" aria-expanded=\"false\" aria-controls=\"e-n-accordion-item-5122\" >\n\t\t\t\t\t<span class='e-n-accordion-item-title-header'><h4 class=\"e-n-accordion-item-title-text\"> 11h00 - 11h30 : Ce que la protection des donn\u00e9es nous a appris sur la gouvernance de l'IA\u00a0 <\/h4><\/span>\n\t\t\t\t\t\t\t<span class='e-n-accordion-item-title-icon'>\n\t\t\t<span class='e-opened' ><i aria-hidden=\"true\" class=\"fas fa-chevron-up\"><\/i><\/span>\n\t\t\t<span class='e-closed'><i aria-hidden=\"true\" class=\"fas fa-chevron-down\"><\/i><\/span>\n\t\t<\/span>\n\n\t\t\t\t\t\t<\/summary>\n\t\t\t\t<div data-particle_enable=\"false\" data-particle-mobile-disabled=\"false\" role=\"region\" aria-labelledby=\"e-n-accordion-item-5122\" class=\"elementor-element elementor-element-c77590d e-con-full e-flex e-con e-child\" data-id=\"c77590d\" data-element_type=\"container\" data-e-type=\"container\" data-settings=\"{&quot;background_background&quot;:&quot;classic&quot;}\">\n\t\t\t\t<div class=\"elementor-element elementor-element-2f63acf elementor-widget elementor-widget-text-editor\" data-id=\"2f63acf\" data-element_type=\"widget\" data-e-type=\"widget\" data-widget_type=\"text-editor.default\">\n\t\t\t\t\t\t\t\t\t<div><div>\u00c0 l\u2019heure o\u00f9 l\u2019intelligence artificielle transforme nos usages, quels enseignements tirer du RGPD pour encadrer son d\u00e9veloppement ? Cette conf\u00e9rence explore les ponts entre r\u00e9glementation et innovation, et d\u00e9voile comment les principes du RGPD peuvent inspirer une gouvernance responsable, \u00e9thique et humaine de l\u2019IA. Venez d\u00e9couvrir comment conformit\u00e9 peut rimer avec confiance et performance !<\/div><div>\u00a0<\/div><\/div><div><span data-olk-copy-source=\"MessageBody\">Paul-Emmanuel Bidault<\/span>\u00a0&#8211; <strong>DASTRA<\/strong><\/div><div>Conf\u00e9rence: <a href=\"https:\/\/dpo-forum.eu\/wp-content\/uploads\/2025\/10\/DPO-Forum-Lille-2025-Dastra-Gouvernance-IA-24092025.pdf\">[DPO Forum Lille 2025] Dastra &#8211; Gouvernance IA<\/a><\/div>\t\t\t\t\t\t\t\t<\/div>\n\t\t\t\t<\/div>\n\t\t\t\t\t<\/details>\n\t\t\t\t\t\t<details id=\"e-n-accordion-item-5123\" class=\"e-n-accordion-item\" >\n\t\t\t\t<summary class=\"e-n-accordion-item-title\" data-accordion-index=\"4\" tabindex=\"-1\" aria-expanded=\"false\" aria-controls=\"e-n-accordion-item-5123\" >\n\t\t\t\t\t<span class='e-n-accordion-item-title-header'><h4 class=\"e-n-accordion-item-title-text\"> 11h30 - 12h00 : Conduire la conformit\u00e9 RGPD d\u2019un sous-traitant hors UE : approche m\u00e9thodologique et retour d\u2019exp\u00e9rience <\/h4><\/span>\n\t\t\t\t\t\t\t<span class='e-n-accordion-item-title-icon'>\n\t\t\t<span class='e-opened' ><i aria-hidden=\"true\" class=\"fas fa-chevron-up\"><\/i><\/span>\n\t\t\t<span class='e-closed'><i aria-hidden=\"true\" class=\"fas fa-chevron-down\"><\/i><\/span>\n\t\t<\/span>\n\n\t\t\t\t\t\t<\/summary>\n\t\t\t\t<div data-particle_enable=\"false\" data-particle-mobile-disabled=\"false\" role=\"region\" aria-labelledby=\"e-n-accordion-item-5123\" class=\"elementor-element elementor-element-580d9da e-con-full e-flex e-con e-child\" data-id=\"580d9da\" data-element_type=\"container\" data-e-type=\"container\" data-settings=\"{&quot;background_background&quot;:&quot;classic&quot;}\">\n\t\t\t\t<div class=\"elementor-element elementor-element-854ffe2 elementor-widget elementor-widget-text-editor\" data-id=\"854ffe2\" data-element_type=\"widget\" data-e-type=\"widget\" data-widget_type=\"text-editor.default\">\n\t\t\t\t\t\t\t\t\t<p>Retour d\u2019exp\u00e9rience sur l\u2019accompagnement d\u2019un call center bas\u00e9 hors UE vers sa mise en conformit\u00e9 au RGPD. Une d\u00e9marche progressive et adapt\u00e9e aux enjeux op\u00e9rationnels d\u2019un sous-traitant international manipulant des donn\u00e9es de clients europ\u00e9ens. Focus sur les leviers d\u2019adh\u00e9sion, les freins rencontr\u00e9s et les r\u00e9sultats concrets obtenus.<\/p><p><em>Farouk Jebali<\/em> &#8211; <strong>Hamyna<\/strong><\/p>\t\t\t\t\t\t\t\t<\/div>\n\t\t\t\t<\/div>\n\t\t\t\t\t<\/details>\n\t\t\t\t\t\t<details id=\"e-n-accordion-item-5124\" class=\"e-n-accordion-item\" >\n\t\t\t\t<summary class=\"e-n-accordion-item-title\" data-accordion-index=\"5\" tabindex=\"-1\" aria-expanded=\"false\" aria-controls=\"e-n-accordion-item-5124\" >\n\t\t\t\t\t<span class='e-n-accordion-item-title-header'><h4 class=\"e-n-accordion-item-title-text\"> 12h15 - 13h00 : Exposition des identifiants sur le Dark Web: Un vecteur de compromission majeur pour l'entreprise <\/h4><\/span>\n\t\t\t\t\t\t\t<span class='e-n-accordion-item-title-icon'>\n\t\t\t<span class='e-opened' ><i aria-hidden=\"true\" class=\"fas fa-chevron-up\"><\/i><\/span>\n\t\t\t<span class='e-closed'><i aria-hidden=\"true\" class=\"fas fa-chevron-down\"><\/i><\/span>\n\t\t<\/span>\n\n\t\t\t\t\t\t<\/summary>\n\t\t\t\t<div data-particle_enable=\"false\" data-particle-mobile-disabled=\"false\" role=\"region\" aria-labelledby=\"e-n-accordion-item-5124\" class=\"elementor-element elementor-element-44c157d e-flex e-con-boxed e-con e-child\" data-id=\"44c157d\" data-element_type=\"container\" data-e-type=\"container\" data-settings=\"{&quot;background_background&quot;:&quot;classic&quot;}\">\n\t\t\t\t\t<div class=\"e-con-inner\">\n\t\t\t\t<div class=\"elementor-element elementor-element-0314366 elementor-widget elementor-widget-text-editor\" data-id=\"0314366\" data-element_type=\"widget\" data-e-type=\"widget\" data-widget_type=\"text-editor.default\">\n\t\t\t\t\t\t\t\t\t<p><span data-olk-copy-source=\"MessageBody\">D\u00e9couvrez comment un identifiant vol\u00e9 par infostealer peut mener \u00e0 une violation de donn\u00e9es majeure. Nous d\u00e9taillerons la cha\u00eene d&rsquo;attaque : vol, vente sur le Dark Web, intrusion, puis ransomware en double extorsion. Cette analyse sera appuy\u00e9e par le retour d&rsquo;exp\u00e9rience concret d&rsquo;un consultant en r\u00e9ponse \u00e0 incident de Safercy. Une session essentielle pour permettre aux DPO d&rsquo;\u00e9valuer ce risque critique et de b\u00e2tir une d\u00e9fense efficace.<\/span><\/p><p><em> Lo\u00efc Castel<strong> &#8211; Safercy<\/strong><\/em><\/p>\t\t\t\t\t\t\t\t<\/div>\n\t\t\t\t\t<\/div>\n\t\t\t\t<\/div>\n\t\t\t\t\t<\/details>\n\t\t\t\t\t\t<details id=\"e-n-accordion-item-5125\" class=\"e-n-accordion-item\" >\n\t\t\t\t<summary class=\"e-n-accordion-item-title\" data-accordion-index=\"6\" tabindex=\"-1\" aria-expanded=\"false\" aria-controls=\"e-n-accordion-item-5125\" >\n\t\t\t\t\t<span class='e-n-accordion-item-title-header'><h4 class=\"e-n-accordion-item-title-text\"> 13h00 : Lunch &amp; networking <\/h4><\/span>\n\t\t\t\t\t\t\t<span class='e-n-accordion-item-title-icon'>\n\t\t\t<span class='e-opened' ><i aria-hidden=\"true\" class=\"fas fa-chevron-up\"><\/i><\/span>\n\t\t\t<span class='e-closed'><i aria-hidden=\"true\" class=\"fas fa-chevron-down\"><\/i><\/span>\n\t\t<\/span>\n\n\t\t\t\t\t\t<\/summary>\n\t\t\t\t<div data-particle_enable=\"false\" data-particle-mobile-disabled=\"false\" role=\"region\" aria-labelledby=\"e-n-accordion-item-5125\" class=\"elementor-element elementor-element-c48a8fe e-flex e-con-boxed e-con e-child\" data-id=\"c48a8fe\" data-element_type=\"container\" data-e-type=\"container\" data-settings=\"{&quot;background_background&quot;:&quot;classic&quot;}\">\n\t\t\t\t\t<div class=\"e-con-inner\">\n\t\t\t\t<div class=\"elementor-element elementor-element-0e7e2a5 elementor-widget elementor-widget-text-editor\" data-id=\"0e7e2a5\" data-element_type=\"widget\" data-e-type=\"widget\" data-widget_type=\"text-editor.default\">\n\t\t\t\t\t\t\t\t\t<p>Lunch et networking<\/p>\t\t\t\t\t\t\t\t<\/div>\n\t\t\t\t\t<\/div>\n\t\t\t\t<\/div>\n\t\t\t\t\t<\/details>\n\t\t\t\t\t<\/div>\n\t\t\t\t\t\t<\/div>\n\t\t\t\t\t<\/div>\n\t\t\t\t<\/div>\n\t\t\t\t<\/div>\n\t\t","protected":false},"excerpt":{"rendered":"<p>Programme DPO Forum Lille 25 septembre 2025 10h00 : Accueil &amp; Caf\u00e9 Accueil et caf\u00e9 10h30 &#8211; 11h00 : Keynote &#8211; Gouverner l&rsquo;incertitude : DPO et RSSI, une convergence strat\u00e9gique \u00e0 l\u2019\u00e8re de l\u2019IA et des r\u00e9gulations enchev\u00eatr\u00e9es La convergence des r\u00e9glementations telles que le GDPR, NIS2, DORA, IA Act, CRA, l\u2019adoption de l\u2019IA vont [&hellip;]<\/p>\n","protected":false},"author":1,"featured_media":0,"parent":0,"menu_order":0,"comment_status":"closed","ping_status":"closed","template":"","meta":{"footnotes":""},"class_list":["post-234","page","type-page","status-publish","hentry"],"_links":{"self":[{"href":"https:\/\/dpo-forum.eu\/nl\/wp-json\/wp\/v2\/pages\/234","targetHints":{"allow":["GET"]}}],"collection":[{"href":"https:\/\/dpo-forum.eu\/nl\/wp-json\/wp\/v2\/pages"}],"about":[{"href":"https:\/\/dpo-forum.eu\/nl\/wp-json\/wp\/v2\/types\/page"}],"author":[{"embeddable":true,"href":"https:\/\/dpo-forum.eu\/nl\/wp-json\/wp\/v2\/users\/1"}],"replies":[{"embeddable":true,"href":"https:\/\/dpo-forum.eu\/nl\/wp-json\/wp\/v2\/comments?post=234"}],"version-history":[{"count":28,"href":"https:\/\/dpo-forum.eu\/nl\/wp-json\/wp\/v2\/pages\/234\/revisions"}],"predecessor-version":[{"id":891,"href":"https:\/\/dpo-forum.eu\/nl\/wp-json\/wp\/v2\/pages\/234\/revisions\/891"}],"wp:attachment":[{"href":"https:\/\/dpo-forum.eu\/nl\/wp-json\/wp\/v2\/media?parent=234"}],"curies":[{"name":"wp","href":"https:\/\/api.w.org\/{rel}","templated":true}]}}