{"id":1780,"date":"2026-03-13T15:05:42","date_gmt":"2026-03-13T14:05:42","guid":{"rendered":"https:\/\/dpo-forum.eu\/?page_id=1780"},"modified":"2026-04-17T14:33:14","modified_gmt":"2026-04-17T12:33:14","slug":"infos-pratiques-bruxelles-2026","status":"publish","type":"page","link":"https:\/\/dpo-forum.eu\/nl\/infos-pratiques-bruxelles-2026\/","title":{"rendered":"Praktische informatie Brussel 2026"},"content":{"rendered":"<div data-elementor-type=\"wp-page\" data-elementor-id=\"1780\" class=\"elementor elementor-1780\" data-elementor-post-type=\"page\">\n\t\t\t\t<div data-particle_enable=\"false\" data-particle-mobile-disabled=\"false\" class=\"elementor-element elementor-element-cfec936 e-flex e-con-boxed e-con e-parent\" data-id=\"cfec936\" data-element_type=\"container\" data-e-type=\"container\">\n\t\t\t\t\t<div class=\"e-con-inner\">\n\t\t\t\t<div class=\"elementor-element elementor-element-c87136d elementor-widget elementor-widget-heading\" data-id=\"c87136d\" data-element_type=\"widget\" data-e-type=\"widget\" data-widget_type=\"heading.default\">\n\t\t\t\t\t<h2 class=\"elementor-heading-title elementor-size-default\"><h2 style=\"font-family: Poppins, sans-serif;line-height: 1;font-size: 2rem\">Waar vindt het DPO Forum Brussel plaats?<\/h2><\/h2>\t\t\t\t<\/div>\n\t\t\t\t<div class=\"elementor-element elementor-element-29021b2 elementor-widget elementor-widget-google_maps\" data-id=\"29021b2\" data-element_type=\"widget\" data-e-type=\"widget\" data-widget_type=\"google_maps.default\">\n\t\t\t\t\t\t\t<div class=\"elementor-custom-embed\">\n\t\t\t<iframe loading=\"lazy\"\n\t\t\t\t\tsrc=\"https:\/\/maps.google.com\/maps?q=Sheraton%20Brussels%20Airport%20Hotel&#038;t=m&#038;z=10&#038;output=embed&#038;iwloc=near\"\n\t\t\t\t\ttitle=\"Hotel Brussel Luchthaven\"\n\t\t\t\t\taria-label=\"Hotel Brussel Luchthaven\"\n\t\t\t><\/iframe>\n\t\t<\/div>\n\t\t\t\t\t\t<\/div>\n\t\t\t\t<div class=\"elementor-element elementor-element-1b5ab04 elementor-widget elementor-widget-text-editor\" data-id=\"1b5ab04\" data-element_type=\"widget\" data-e-type=\"widget\" data-widget_type=\"text-editor.default\">\n\t\t\t\t\t\t\t\t\t<div class=\"elementor-element elementor-element-a0b5955 elementor-widget elementor-widget-text-editor\" data-id=\"a0b5955\" data-element_type=\"widget\" data-e-type=\"widget\" data-widget_type=\"text-editor.default\"><div class=\"elementor-widget-container\"><p>Het DPO-forum wordt gehouden op <strong>Hotel Brussel Luchthaven<\/strong>, in het hart van de luchthaven. Een plek die gemakkelijk te bereiken is, direct vanaf de hoofdterminal en met het openbaar vervoer.<\/p><\/div><\/div>\t\t\t\t\t\t\t\t<\/div>\n\t\t\t\t<div class=\"elementor-element elementor-element-d73f89b elementor-widget-divider--view-line elementor-widget elementor-widget-divider\" data-id=\"d73f89b\" data-element_type=\"widget\" data-e-type=\"widget\" data-widget_type=\"divider.default\">\n\t\t\t\t\t\t\t<div class=\"elementor-divider\">\n\t\t\t<span class=\"elementor-divider-separator\">\n\t\t\t\t\t\t<\/span>\n\t\t<\/div>\n\t\t\t\t\t\t<\/div>\n\t\t\t\t\t<\/div>\n\t\t\t\t<\/div>\n\t\t<div data-particle_enable=\"false\" data-particle-mobile-disabled=\"false\" class=\"elementor-element elementor-element-652a202 e-flex e-con-boxed e-con e-parent\" data-id=\"652a202\" data-element_type=\"container\" data-e-type=\"container\">\n\t\t\t\t\t<div class=\"e-con-inner\">\n\t\t\t\t<div class=\"elementor-element elementor-element-d2bf509 elementor-widget elementor-widget-heading\" data-id=\"d2bf509\" data-element_type=\"widget\" data-e-type=\"widget\" data-widget_type=\"heading.default\">\n\t\t\t\t\t<h2 class=\"elementor-heading-title elementor-size-default\">Hotels in de buurt<\/h2>\t\t\t\t<\/div>\n\t\t\t\t<div class=\"elementor-element elementor-element-6c80abc elementor-widget elementor-widget-text-editor\" data-id=\"6c80abc\" data-element_type=\"widget\" data-e-type=\"widget\" data-widget_type=\"text-editor.default\">\n\t\t\t\t\t\t\t\t\t<h4 class=\"p1\"><b>\ud83d\udccd<\/b><b>Holiday Inn :\u00a0<\/b><\/h4><ul class=\"ul1\"><li class=\"li1\">\u00e0\u00a0<a href=\"https:\/\/www.ihg.com\/holidayinn\/hotels\/fr\/fr\/brussels\/bruap\/hoteldetail\" target=\"_blank\" rel=\"noopener\">nabijheid<\/a>\u00a0Hotel Brussel Luchthaven<\/li><li class=\"li1\">Toegankelijk via de\u00a0<b>IC-pendel<\/b>\u00a04 minuten lopen van Holiday Inn (halte\u00a0<b><i>Dieghem<\/i><\/b>), 20 minuten met het openbaar vervoer, daarna 2 minuten te voet<\/li><li class=\"li1\">Neem anders de bus\u00a0<b>nummer 82<\/b>\u00a0aan de halte Diegem Holiday, uitstappen aan de\u00a0<b><i>Zaventem Luchthaven Brussel Perron 2\u00a0<\/i><\/b><b><i><\/i><\/b><\/li><li class=\"li1\">alternatief, neem de\u00a0<b>shuttle R26<\/b><b><\/b><\/li><\/ul><h4>\u00a0<\/h4><h4 class=\"p1\"><b>\ud83d\udccd<\/b><b>Hotel NH Brussel Luchthaven :\u00a0<\/b><\/h4><ul class=\"ul1\"><li class=\"li1\"><a href=\"https:\/\/www.nh-hotels.com\/en\/hotel\/nh-brussels-airport?campid=8435708&amp;utm_campaign=nh_hotel&amp;utm_source=google&amp;utm_medium=cpc&amp;utm_id=22343106421&amp;utm_source_platform=sa360&amp;gclsrc=aw.ds&amp;gad_source=1&amp;gad_campaignid=22343106421&amp;gbraid=0AAAAAD5GqPACj7UEC0ch-MR-f7lWAPwxF&amp;gclid=CjwKCAiAkvDMBhBMEiwAnUA9BQrhAicJkLGrA47_GOHBwazIJmV6i1dcOWz3BTCRlCi-L_1_ON5GJhoCEBwQAvD_BwE\" target=\"_blank\" rel=\"noopener\">15 minuten rijden<\/a>\u00a0Hotel Brussel Luchthaven<\/li><li class=\"li1\">6 min lopen naar de halte\u00a0<b><i>Diegem<\/i><\/b>, neem dan de\u2019<b>IC<\/b>\u00a0tot stilstand\u00a0<b><i>Luchthaven Brussel - Zaventem<\/i><\/b><i>,\u00a0<\/i>en eindig met een minuut wandelen<\/li><li class=\"li1\">Neem anders de bus\u00a0<b>nummer 82<\/b>\u00a0aan het station van Diegem, uitstappen aan de halte\u00a0<b><i>Zaventem Luchthaven Brussel Perron 2\u00a0<\/i><\/b><b><i><\/i><\/b><\/li><li class=\"li1\">de\u00a0<b>shuttle R26<\/b>\u00a0is ook beschikbaar<\/li><\/ul><h4>\u00a0<\/h4><h4 class=\"p1\"><b>\ud83d\udccd<\/b><b>Van der Valk Hotel :<\/b><\/h4><ul class=\"ul1\"><li class=\"li1\"><a href=\"https:\/\/www.hotelbrusselsairport.com\/fr\" target=\"_blank\" rel=\"noopener\">tot 20 min<\/a>\u00a0met het openbaar vervoer vanaf het Sheraton Brussels Airport Hotel<\/li><li class=\"li1\">10 min tot stop\u00a0\u00a0<b><i>Zaventem Maalbeekweg<\/i><\/b><i>,\u00a0<\/i>neem de\u00a0<b>shuttle R59<\/b><i>\u00a0en\u00a0<\/i>tot stilstand komen\u00a0<b><i>Zaventem Brussel Luchthaven perron A<\/i><\/b><b><i><\/i><\/b><\/li><\/ul><h4 class=\"p1\"><b>Novotel Brussel Luchthaven:\u00a0<\/b><\/h4><ul class=\"ul1\"><li class=\"li1\"><p><a href=\"https:\/\/all.accor.com\/hotel\/0467\/index.en.shtml\" target=\"_blank\" rel=\"noopener\">10 minuten<\/a> vervoer vanuit Sheration-hotel Brussel Luchthaven<\/p><\/li><li class=\"li1\"><p><span style=\"font-family: -apple-system, BlinkMacSystemFont, 'Segoe UI', Roboto, 'Helvetica Neue', Arial, 'Noto Sans', sans-serif, 'Apple Color Emoji', 'Segoe UI Emoji', 'Segoe UI Symbol', 'Noto Color Emoji';\">neem de <\/span><b style=\"font-family: -apple-system, BlinkMacSystemFont, 'Segoe UI', Roboto, 'Helvetica Neue', Arial, 'Noto Sans', sans-serif, 'Apple Color Emoji', 'Segoe UI Emoji', 'Segoe UI Symbol', 'Noto Color Emoji';\">shuttle R59\u00a0<\/b><span style=\"font-family: -apple-system, BlinkMacSystemFont, 'Segoe UI', Roboto, 'Helvetica Neue', Arial, 'Noto Sans', sans-serif, 'Apple Color Emoji', 'Segoe UI Emoji', 'Segoe UI Symbol', 'Noto Color Emoji';\">sinds de\u00a0<\/span><b style=\"font-family: -apple-system, BlinkMacSystemFont, 'Segoe UI', Roboto, 'Helvetica Neue', Arial, 'Noto Sans', sans-serif, 'Apple Color Emoji', 'Segoe UI Emoji', 'Segoe UI Symbol', 'Noto Color Emoji';\"><i>Zaventem Olmenstraat<\/i><\/b><i style=\"font-family: -apple-system, BlinkMacSystemFont, 'Segoe UI', Roboto, 'Helvetica Neue', Arial, 'Noto Sans', sans-serif, 'Apple Color Emoji', 'Segoe UI Emoji', 'Segoe UI Symbol', 'Noto Color Emoji';\">,\u00a0\u00a0<\/i><span style=\"font-family: -apple-system, BlinkMacSystemFont, 'Segoe UI', Roboto, 'Helvetica Neue', Arial, 'Noto Sans', sans-serif, 'Apple Color Emoji', 'Segoe UI Emoji', 'Segoe UI Symbol', 'Noto Color Emoji';\">en stap uit bij de halte\u00a0<\/span><b style=\"font-family: -apple-system, BlinkMacSystemFont, 'Segoe UI', Roboto, 'Helvetica Neue', Arial, 'Noto Sans', sans-serif, 'Apple Color Emoji', 'Segoe UI Emoji', 'Segoe UI Symbol', 'Noto Color Emoji';\"><i>Zaventem Brussel Luchthaven perron A<\/i><\/b><\/p><\/li><\/ul>\t\t\t\t\t\t\t\t<\/div>\n\t\t\t\t<div class=\"elementor-element elementor-element-d07042e elementor-widget-divider--view-line elementor-widget elementor-widget-divider\" data-id=\"d07042e\" data-element_type=\"widget\" data-e-type=\"widget\" data-widget_type=\"divider.default\">\n\t\t\t\t\t\t\t<div class=\"elementor-divider\">\n\t\t\t<span class=\"elementor-divider-separator\">\n\t\t\t\t\t\t<\/span>\n\t\t<\/div>\n\t\t\t\t\t\t<\/div>\n\t\t\t\t<div class=\"elementor-element elementor-element-6dbb7c3 elementor-widget elementor-widget-heading\" data-id=\"6dbb7c3\" data-element_type=\"widget\" data-e-type=\"widget\" data-widget_type=\"heading.default\">\n\t\t\t\t\t<h2 class=\"elementor-heading-title elementor-size-default\">Vervoer in Brussel <\/h2>\t\t\t\t<\/div>\n\t\t\t\t<div class=\"elementor-element elementor-element-371e8c7 elementor-widget elementor-widget-text-editor\" data-id=\"371e8c7\" data-element_type=\"widget\" data-e-type=\"widget\" data-widget_type=\"text-editor.default\">\n\t\t\t\t\t\t\t\t\t<h4><strong><img decoding=\"async\" class=\"emoji\" role=\"img\" draggable=\"false\" src=\"https:\/\/s.w.org\/images\/core\/emoji\/17.0.2\/svg\/1f683.svg\" alt=\"\ud83d\ude83\" title=\"\">\u00a0\u00a0Vervoersbewijzen :\u00a0<\/strong><\/h4><ul><li>als je al een kaart hebt\u00a0<strong>MOBIB<\/strong>\u00a0met een abonnement, scan het gewoon tegen de rode terminal om het te valideren<\/li><li>Je kunt ook je bankkaart gebruiken om voor elke dienst te betalen (bus, metro, tram, enz.).<ul><li>scan het gewoon tegen de grijs\/blauwe betaalterminal die een kaart toont.<\/li><\/ul><\/li><li>Je kunt ook dagkaarten kopen bij bepaalde haltes of in winkels in heel Brussel.\u00a0<\/li><li>Ticket geldig tot 1 uur na betaling:\u00a0<strong>2,40\u20ac<\/strong><\/li><\/ul><div><b>\u00a0<\/b><\/div><div><h4><strong><img decoding=\"async\" class=\"emoji\" role=\"img\" draggable=\"false\" src=\"https:\/\/s.w.org\/images\/core\/emoji\/17.0.2\/svg\/1f5fa.svg\" alt=\"\ud83d\uddfa\ufe0f\" title=\"\">\u00a0\u00a0Handige applicaties om te downloaden\u00a0<\/strong><\/h4><\/div><ul><li><strong>Citymapper<\/strong>, om je weg te vinden in de stad en uit te vinden welke vormen van vervoer je kunt gebruiken.\u00a0<strong>Google-kaarten\u00a0<\/strong><\/li><li><strong>MIVB-MVIB<\/strong>, de toepassing voor dienstregelingen van bussen, trams en metro's\u00a0<\/li><li>SNBC: voor treinen indien nodig<\/li><li>CFS Transport, om een pendeldienst naar de luchthaven te boeken<\/li><li><strong>Uber \/ Heetch \/ eCab<\/strong>, indien nodig een taxi bestellen\u00a0<\/li><\/ul><p>\u00a0<\/p><h4><strong><img decoding=\"async\" class=\"emoji\" role=\"img\" draggable=\"false\" src=\"https:\/\/s.w.org\/images\/core\/emoji\/17.0.2\/svg\/1f697.svg\" alt=\"\ud83d\ude97\" title=\"\">\u00a0 Nabijgelegen parkeergarages :\u00a0<\/strong><\/h4><ul><li>De Sheraton-parkeergarage is beschikbaar, maar het aantal beschikbare plaatsen kan niet worden gegarandeerd omdat voorrang wordt gegeven aan hotelgasten.<\/li><li>Voor alle beschikbare parkeergarages op de luchthaven is het online platform\u00a0<a href=\"https:\/\/www.interparking.be\/en\/parkings\/zaventem\/lock-park\/\" target=\"_blank\" rel=\"noopener\">Interparking<\/a>\u00a0verdient de voorkeur<\/li><li>Interparking Brussel Luchthaven -\u00a0<strong>Parkeren Korting 2<\/strong>, 15 minuten met het openbaar vervoer vanaf Sheration Brussels Airport Hotel<\/li><li>Interparking Brussel Luchthaven -\u00a0<strong>Parkeren Korting 1<\/strong>, ook op 15 minuten afstand<\/li><li>BRU - Lock Park, 3 minuten te voet<b><br \/><\/b><\/li><\/ul>\t\t\t\t\t\t\t\t<\/div>\n\t\t\t\t<div class=\"elementor-element elementor-element-dfe4e80 elementor-widget elementor-widget-spacer\" data-id=\"dfe4e80\" data-element_type=\"widget\" data-e-type=\"widget\" data-widget_type=\"spacer.default\">\n\t\t\t\t\t\t\t<div class=\"elementor-spacer\">\n\t\t\t<div class=\"elementor-spacer-inner\"><\/div>\n\t\t<\/div>\n\t\t\t\t\t\t<\/div>\n\t\t\t\t\t<\/div>\n\t\t\t\t<\/div>\n\t\t\t\t<\/div>","protected":false},"excerpt":{"rendered":"<p>O\u00f9 se d\u00e9roule le DPO Forum Bruxelles ? Le DPO Forum se d\u00e9roulera au Sheraton Brussels Airport Hotel, en plein coeur de l\u2019a\u00e9roport. Un lieu facile d\u2019acc\u00e8s donc, accessible directement depuis le terminal principal, ainsi qu\u2019en transport en commun Les h\u00f4tels \u00e0 proximit\u00e9 \ud83d\udccdHoliday Inn :\u00a0 \u00e0\u00a0proximit\u00e9\u00a0du Sheraton Brussels Airport Hotel Accessible via la\u00a0navette IC\u00a0\u00e0 [&hellip;]<\/p>\n","protected":false},"author":2,"featured_media":0,"parent":0,"menu_order":0,"comment_status":"closed","ping_status":"closed","template":"","meta":{"footnotes":""},"class_list":["post-1780","page","type-page","status-publish","hentry"],"_links":{"self":[{"href":"https:\/\/dpo-forum.eu\/nl\/wp-json\/wp\/v2\/pages\/1780","targetHints":{"allow":["GET"]}}],"collection":[{"href":"https:\/\/dpo-forum.eu\/nl\/wp-json\/wp\/v2\/pages"}],"about":[{"href":"https:\/\/dpo-forum.eu\/nl\/wp-json\/wp\/v2\/types\/page"}],"author":[{"embeddable":true,"href":"https:\/\/dpo-forum.eu\/nl\/wp-json\/wp\/v2\/users\/2"}],"replies":[{"embeddable":true,"href":"https:\/\/dpo-forum.eu\/nl\/wp-json\/wp\/v2\/comments?post=1780"}],"version-history":[{"count":29,"href":"https:\/\/dpo-forum.eu\/nl\/wp-json\/wp\/v2\/pages\/1780\/revisions"}],"predecessor-version":[{"id":1813,"href":"https:\/\/dpo-forum.eu\/nl\/wp-json\/wp\/v2\/pages\/1780\/revisions\/1813"}],"wp:attachment":[{"href":"https:\/\/dpo-forum.eu\/nl\/wp-json\/wp\/v2\/media?parent=1780"}],"curies":[{"name":"wp","href":"https:\/\/api.w.org\/{rel}","templated":true}]}}