{"id":1511,"date":"2026-02-09T11:22:58","date_gmt":"2026-02-09T10:22:58","guid":{"rendered":"https:\/\/angry-villani.57-128-39-62.plesk.page\/?page_id=1511"},"modified":"2026-02-09T11:24:52","modified_gmt":"2026-02-09T10:24:52","slug":"informations-pratiques-lux-fev","status":"publish","type":"page","link":"https:\/\/dpo-forum.eu\/nl\/informations-pratiques-lux-fev\/","title":{"rendered":"Informations Pratiques Lux Fev"},"content":{"rendered":"<div data-elementor-type=\"wp-page\" data-elementor-id=\"1511\" class=\"elementor elementor-1511\" data-elementor-post-type=\"page\">\n\t\t\t\t<div data-particle_enable=\"false\" data-particle-mobile-disabled=\"false\" class=\"elementor-element elementor-element-2468c4d e-flex e-con-boxed e-con e-parent\" data-id=\"2468c4d\" data-element_type=\"container\" data-e-type=\"container\" data-settings=\"{&quot;background_background&quot;:&quot;classic&quot;,&quot;background_motion_fx_motion_fx_mouse&quot;:&quot;yes&quot;,&quot;background_motion_fx_mouseTrack_effect&quot;:&quot;yes&quot;,&quot;background_motion_fx_mouseTrack_speed&quot;:{&quot;unit&quot;:&quot;px&quot;,&quot;size&quot;:1.6,&quot;sizes&quot;:[]}}\">\n\t\t\t\t\t<div class=\"e-con-inner\">\n\t\t\t\t<div class=\"elementor-element elementor-element-271a7ef elementor-widget elementor-widget-heading\" data-id=\"271a7ef\" data-element_type=\"widget\" data-e-type=\"widget\" data-widget_type=\"heading.default\">\n\t\t\t\t\t<h1 class=\"elementor-heading-title elementor-size-default\"><span class=\"hl-hero\">DPO-forum<\/span><\/h1>\t\t\t\t<\/div>\n\t\t\t\t<div class=\"elementor-element elementor-element-9e61f12 elementor-widget elementor-widget-heading\" data-id=\"9e61f12\" data-element_type=\"widget\" data-e-type=\"widget\" data-widget_type=\"heading.default\">\n\t\t\t\t\t<h2 class=\"elementor-heading-title elementor-size-default\"><span class=\"hl-hero\">Luxemburg februari 2025<\/span><\/h2>\t\t\t\t<\/div>\n\t\t\t\t\t<\/div>\n\t\t\t\t<\/div>\n\t\t<div data-particle_enable=\"false\" data-particle-mobile-disabled=\"false\" class=\"elementor-element elementor-element-2dc7c54 e-con-full e-flex e-con e-parent\" data-id=\"2dc7c54\" data-element_type=\"container\" data-e-type=\"container\" data-settings=\"{&quot;background_background&quot;:&quot;classic&quot;}\">\n\t\t<div data-particle_enable=\"false\" data-particle-mobile-disabled=\"false\" class=\"elementor-element elementor-element-cffc216 e-con-full e-flex e-con e-child\" data-id=\"cffc216\" data-element_type=\"container\" data-e-type=\"container\" data-settings=\"{&quot;background_background&quot;:&quot;classic&quot;}\">\n\t\t<div data-particle_enable=\"false\" data-particle-mobile-disabled=\"false\" class=\"elementor-element elementor-element-efc410a e-con-full e-flex e-con e-child\" data-id=\"efc410a\" data-element_type=\"container\" data-e-type=\"container\">\n\t\t<div data-particle_enable=\"false\" data-particle-mobile-disabled=\"false\" class=\"elementor-element elementor-element-850ed6b e-con-full e-flex e-con e-child\" data-id=\"850ed6b\" data-element_type=\"container\" data-e-type=\"container\">\n\t\t\t\t<div class=\"elementor-element elementor-element-9b954fc elementor-widget elementor-widget-image\" data-id=\"9b954fc\" data-element_type=\"widget\" data-e-type=\"widget\" data-widget_type=\"image.default\">\n\t\t\t\t\t\t\t\t\t\t\t\t\t\t\t<img fetchpriority=\"high\" decoding=\"async\" width=\"1000\" height=\"667\" src=\"https:\/\/dpo-forum.eu\/wp-content\/uploads\/3s8a9146_1625747621.jpg\" class=\"attachment-large size-large wp-image-1406\" alt=\",\" srcset=\"https:\/\/dpo-forum.eu\/wp-content\/uploads\/3s8a9146_1625747621.jpg 1000w, https:\/\/dpo-forum.eu\/wp-content\/uploads\/3s8a9146_1625747621-768x512.jpg 768w\" sizes=\"(max-width: 1000px) 100vw, 1000px\" title=\"\">\t\t\t\t\t\t\t\t\t\t\t\t\t\t\t<\/div>\n\t\t\t\t<div class=\"elementor-element elementor-element-b8a41b3 elementor-widget elementor-widget-text-editor\" data-id=\"b8a41b3\" data-element_type=\"widget\" data-e-type=\"widget\" data-widget_type=\"text-editor.default\">\n\t\t\t\t\t\t\t\t\t<p>13 februari 2025: 8.30 - 17.00 uur<\/p>\t\t\t\t\t\t\t\t<\/div>\n\t\t\t\t<div class=\"elementor-element elementor-element-cf205b9 elementor-widget elementor-widget-text-editor\" data-id=\"cf205b9\" data-element_type=\"widget\" data-e-type=\"widget\" data-widget_type=\"text-editor.default\">\n\t\t\t\t\t\t\t\t\t<p>Hotel Portinari<\/p>\t\t\t\t\t\t\t\t<\/div>\n\t\t\t\t<div class=\"elementor-element elementor-element-1e1db21 elementor-widget elementor-widget-text-editor\" data-id=\"1e1db21\" data-element_type=\"widget\" data-e-type=\"widget\" data-widget_type=\"text-editor.default\">\n\t\t\t\t\t\t\t\t\t<a href=\"https:\/\/www.google.com\/maps?um=1&#038;ie=UTF-8&#038;fb=1&#038;gl=fr&#038;sa=X&#038;geocode=KfmUvfkqT5VHMStvk_4cG78d&#038;daddr=12+Bd+Royal,+2449+Ville-Haute+Luxembourg\" target=\"_blank\" class=\"big-link\" rel=\"noopener\">12 Bd Royal, 2449 Ville-Haute Luxemburg<\/a>\t\t\t\t\t\t\t\t<\/div>\n\t\t<div data-particle_enable=\"false\" data-particle-mobile-disabled=\"false\" class=\"elementor-element elementor-element-04cd0aa e-con-full e-flex e-con e-child\" data-id=\"04cd0aa\" data-element_type=\"container\" data-e-type=\"container\">\n\t\t\t\t<div class=\"elementor-element elementor-element-de744a2 elementor-widget elementor-widget-heading\" data-id=\"de744a2\" data-element_type=\"widget\" data-e-type=\"widget\" data-widget_type=\"heading.default\">\n\t\t\t\t\t<h3 class=\"elementor-heading-title elementor-size-default\">Een evenement in samenwerking met :<\/h3>\t\t\t\t<\/div>\n\t\t\t\t<div class=\"elementor-element elementor-element-9be7428 elementor-widget elementor-widget-eael-logo-carousel\" data-id=\"9be7428\" data-element_type=\"widget\" data-e-type=\"widget\" data-settings=\"{&quot;items&quot;:{&quot;unit&quot;:&quot;px&quot;,&quot;size&quot;:5,&quot;sizes&quot;:[]},&quot;items_tablet&quot;:{&quot;unit&quot;:&quot;px&quot;,&quot;size&quot;:4,&quot;sizes&quot;:[]},&quot;items_mobile&quot;:{&quot;unit&quot;:&quot;px&quot;,&quot;size&quot;:3,&quot;sizes&quot;:[]}}\" data-widget_type=\"eael-logo-carousel.default\">\n\t\t\t\t\t        <div class=\"swiper-container-wrap eael-logo-carousel-wrap\">\n            <div class=\"swiper swiper-8 eael-logo-carousel swiper-container-9be7428\" data-pagination=\".swiper-pagination-9be7428\" data-arrow-next=\".swiper-button-next-9be7428\" data-arrow-prev=\".swiper-button-prev-9be7428\" data-items-mobile=\"3\" data-items-tablet=\"4\" data-items=\"5\" data-margin=\"50\" data-effect=\"slide\" data-speed=\"3000\" data-autoplay=\"2500\" data-loop=\"1\" data-grab-cursor=\"1\">\n                <div class=\"swiper-wrapper\">\n\t\t\t\t\t                            <div class=\"swiper-slide\">\n                                <div class=\"eael-lc-logo-wrap\">\n\t\t\t\t\t\t\t\t\t                                    <div id=\"eael-lc-logo-922bbad\" class=\"eael-lc-logo\">\n\t\t\t\t\t\t\t\t\t\t<a href=\"https:\/\/afcdp.net\/\" target=\"_blank\" rel=\"noopener\"><img decoding=\"async\" class=\"eael-lc-img-src\" src=\"https:\/\/dpo-forum.eu\/wp-content\/uploads\/AFCDP.png\" alt=\",\" title=\"\"><\/a>                                    <\/div>\n\t\t\t\t\t\t\t\t\t                                <\/div>\n                            <\/div>\n\t\t\t\t\t\t                            <div class=\"swiper-slide\">\n                                <div class=\"eael-lc-logo-wrap\">\n\t\t\t\t\t\t\t\t\t                                    <div id=\"eael-lc-logo-6a6d46a\" class=\"eael-lc-logo\">\n\t\t\t\t\t\t\t\t\t\t<a href=\"https:\/\/cnpd.public.lu\/fr.html\" target=\"_blank\" rel=\"noopener\"><img decoding=\"async\" class=\"eael-lc-img-src\" src=\"https:\/\/dpo-forum.eu\/wp-content\/uploads\/CNPD.png\" alt=\",\" title=\"\"><\/a>                                    <\/div>\n\t\t\t\t\t\t\t\t\t                                <\/div>\n                            <\/div>\n\t\t\t\t\t\t                            <div class=\"swiper-slide\">\n                                <div class=\"eael-lc-logo-wrap\">\n\t\t\t\t\t\t\t\t\t                                    <div id=\"eael-lc-logo-5d7b887\" class=\"eael-lc-logo\">\n\t\t\t\t\t\t\t\t\t\t<a href=\"https:\/\/cyberxpert.be\/\" target=\"_blank\" rel=\"noopener\"><img decoding=\"async\" class=\"eael-lc-img-src\" src=\"https:\/\/dpo-forum.eu\/wp-content\/uploads\/CYBERXPERT.png\" alt=\",\" title=\"\"><\/a>                                    <\/div>\n\t\t\t\t\t\t\t\t\t                                <\/div>\n                            <\/div>\n\t\t\t\t\t\t                            <div class=\"swiper-slide\">\n                                <div class=\"eael-lc-logo-wrap\">\n\t\t\t\t\t\t\t\t\t                                    <div id=\"eael-lc-logo-e14d2bd\" class=\"eael-lc-logo\">\n\t\t\t\t\t\t\t\t\t\t<a href=\"https:\/\/brand.isaca.org\/\" target=\"_blank\" rel=\"noopener\"><img decoding=\"async\" class=\"eael-lc-img-src\" src=\"https:\/\/dpo-forum.eu\/wp-content\/uploads\/ISACA.png\" alt=\",\" title=\"\"><\/a>                                    <\/div>\n\t\t\t\t\t\t\t\t\t                                <\/div>\n                            <\/div>\n\t\t\t\t\t\t                            <div class=\"swiper-slide\">\n                                <div class=\"eael-lc-logo-wrap\">\n\t\t\t\t\t\t\t\t\t                                    <div id=\"eael-lc-logo-a1b0098\" class=\"eael-lc-logo\">\n\t\t\t\t\t\t\t\t\t\t<a href=\"https:\/\/shield.ai\/\" target=\"_blank\" rel=\"noopener\"><img decoding=\"async\" class=\"eael-lc-img-src\" src=\"https:\/\/dpo-forum.eu\/wp-content\/uploads\/SHIELD-AI.png\" alt=\",\" title=\"\"><\/a>                                    <\/div>\n\t\t\t\t\t\t\t\t\t                                <\/div>\n                            <\/div>\n\t\t\t\t\t\t                            <div class=\"swiper-slide\">\n                                <div class=\"eael-lc-logo-wrap\">\n\t\t\t\t\t\t\t\t\t                                    <div id=\"eael-lc-logo-ebf7930\" class=\"eael-lc-logo\">\n\t\t\t\t\t\t\t\t\t\t<a href=\"https:\/\/apdl.lu\/\" target=\"_blank\" rel=\"noopener\"><img decoding=\"async\" class=\"eael-lc-img-src\" src=\"https:\/\/dpo-forum.eu\/wp-content\/uploads\/APDL.png\" alt=\",\" title=\"\"><\/a>                                    <\/div>\n\t\t\t\t\t\t\t\t\t                                <\/div>\n                            <\/div>\n\t\t\t\t\t\t                            <div class=\"swiper-slide\">\n                                <div class=\"eael-lc-logo-wrap\">\n\t\t\t\t\t\t\t\t\t                                    <div id=\"eael-lc-logo-e6a42e9\" class=\"eael-lc-logo\">\n\t\t\t\t\t\t\t\t\t\t<a href=\"https:\/\/www.pei-france.com\/\" target=\"_blank\" rel=\"noopener\"><img decoding=\"async\" class=\"eael-lc-img-src\" src=\"https:\/\/dpo-forum.eu\/wp-content\/uploads\/PEI.png\" alt=\",\" title=\"\"><\/a>                                    <\/div>\n\t\t\t\t\t\t\t\t\t                                <\/div>\n                            <\/div>\n\t\t\t\t\t\t                            <div class=\"swiper-slide\">\n                                <div class=\"eael-lc-logo-wrap\">\n\t\t\t\t\t\t\t\t\t                                    <div id=\"eael-lc-logo-7cd9a59\" class=\"eael-lc-logo\">\n\t\t\t\t\t\t\t\t\t\t<a href=\"https:\/\/www.mgsi.lu\/\" target=\"_blank\" rel=\"noopener\"><img decoding=\"async\" class=\"eael-lc-img-src\" src=\"https:\/\/dpo-forum.eu\/wp-content\/uploads\/MGSI.png\" alt=\",\" title=\"\"><\/a>                                    <\/div>\n\t\t\t\t\t\t\t\t\t                                <\/div>\n                            <\/div>\n\t\t\t\t\t\t                            <div class=\"swiper-slide\">\n                                <div class=\"eael-lc-logo-wrap\">\n\t\t\t\t\t\t\t\t\t                                    <div id=\"eael-lc-logo-9927649\" class=\"eael-lc-logo\">\n\t\t\t\t\t\t\t\t\t\t<a href=\"https:\/\/galeax.com\/\" target=\"_blank\" rel=\"noopener\"><img decoding=\"async\" class=\"eael-lc-img-src\" src=\"https:\/\/dpo-forum.eu\/wp-content\/uploads\/GALEAX.png\" alt=\",\" title=\"\"><\/a>                                    <\/div>\n\t\t\t\t\t\t\t\t\t                                <\/div>\n                            <\/div>\n\t\t\t\t\t\t                            <div class=\"swiper-slide\">\n                                <div class=\"eael-lc-logo-wrap\">\n\t\t\t\t\t\t\t\t\t                                    <div id=\"eael-lc-logo-568cab2\" class=\"eael-lc-logo\">\n\t\t\t\t\t\t\t\t\t\t<a href=\"https:\/\/cyberwatch.fr\/\" target=\"_blank\" rel=\"noopener\"><img decoding=\"async\" class=\"eael-lc-img-src\" src=\"https:\/\/dpo-forum.eu\/wp-content\/uploads\/CYBERWATCH.png\" alt=\",\" title=\"\"><\/a>                                    <\/div>\n\t\t\t\t\t\t\t\t\t                                <\/div>\n                            <\/div>\n\t\t\t\t\t\t                            <div class=\"swiper-slide\">\n                                <div class=\"eael-lc-logo-wrap\">\n\t\t\t\t\t\t\t\t\t                                    <div id=\"eael-lc-logo-5a6c48c\" class=\"eael-lc-logo\">\n\t\t\t\t\t\t\t\t\t\t<a href=\"https:\/\/www.synergit.be\/\" target=\"_blank\" rel=\"noopener\"><img decoding=\"async\" class=\"eael-lc-img-src\" src=\"https:\/\/dpo-forum.eu\/wp-content\/uploads\/SYNERGIT.png\" alt=\",\" title=\"\"><\/a>                                    <\/div>\n\t\t\t\t\t\t\t\t\t                                <\/div>\n                            <\/div>\n\t\t\t\t\t\t                            <div class=\"swiper-slide\">\n                                <div class=\"eael-lc-logo-wrap\">\n\t\t\t\t\t\t\t\t\t                                    <div id=\"eael-lc-logo-71a7618\" class=\"eael-lc-logo\">\n\t\t\t\t\t\t\t\t\t\t<a href=\"https:\/\/www.hs2.fr\/\" target=\"_blank\" rel=\"noopener\"><img decoding=\"async\" class=\"eael-lc-img-src\" src=\"https:\/\/dpo-forum.eu\/wp-content\/uploads\/HS2.png\" alt=\",\" title=\"\"><\/a>                                    <\/div>\n\t\t\t\t\t\t\t\t\t                                <\/div>\n                            <\/div>\n\t\t\t\t\t\t                            <div class=\"swiper-slide\">\n                                <div class=\"eael-lc-logo-wrap\">\n\t\t\t\t\t\t\t\t\t                                    <div id=\"eael-lc-logo-2ec0cc7\" class=\"eael-lc-logo\">\n\t\t\t\t\t\t\t\t\t\t<a href=\"https:\/\/www.rcarre.com\/\" target=\"_blank\" rel=\"noopener\"><img decoding=\"async\" class=\"eael-lc-img-src\" src=\"https:\/\/dpo-forum.eu\/wp-content\/uploads\/RCARREPINK.png\" alt=\",\" title=\"\"><\/a>                                    <\/div>\n\t\t\t\t\t\t\t\t\t                                <\/div>\n                            <\/div>\n\t\t\t\t\t\t                            <div class=\"swiper-slide\">\n                                <div class=\"eael-lc-logo-wrap\">\n\t\t\t\t\t\t\t\t\t                                    <div id=\"eael-lc-logo-3dc2679\" class=\"eael-lc-logo\">\n\t\t\t\t\t\t\t\t\t\t<a href=\"https:\/\/www.lusis.fr\/\" target=\"_blank\" rel=\"noopener\"><img decoding=\"async\" class=\"eael-lc-img-src\" src=\"https:\/\/dpo-forum.eu\/wp-content\/uploads\/LUSIS.png\" alt=\",\" title=\"\"><\/a>                                    <\/div>\n\t\t\t\t\t\t\t\t\t                                <\/div>\n                            <\/div>\n\t\t\t\t\t\t                            <div class=\"swiper-slide\">\n                                <div class=\"eael-lc-logo-wrap\">\n\t\t\t\t\t\t\t\t\t                                    <div id=\"eael-lc-logo-8f294f6\" class=\"eael-lc-logo\">\n\t\t\t\t\t\t\t\t\t\t<a href=\"https:\/\/luxgap.com\/en\/home-external-dpo\/\" target=\"_blank\" rel=\"noopener\"><img decoding=\"async\" class=\"eael-lc-img-src\" src=\"https:\/\/dpo-forum.eu\/wp-content\/uploads\/LUXGAP.png\" alt=\",\" title=\"\"><\/a>                                    <\/div>\n\t\t\t\t\t\t\t\t\t                                <\/div>\n                            <\/div>\n\t\t\t\t\t\t                            <div class=\"swiper-slide\">\n                                <div class=\"eael-lc-logo-wrap\">\n\t\t\t\t\t\t\t\t\t                                    <div id=\"eael-lc-logo-6c2d935\" class=\"eael-lc-logo\">\n\t\t\t\t\t\t\t\t\t\t<a href=\"https:\/\/www.dastra.eu\/fr\" target=\"_blank\" rel=\"noopener\"><img decoding=\"async\" class=\"eael-lc-img-src\" src=\"https:\/\/dpo-forum.eu\/wp-content\/uploads\/DASTRA.png\" alt=\",\" title=\"\"><\/a>                                    <\/div>\n\t\t\t\t\t\t\t\t\t                                <\/div>\n                            <\/div>\n\t\t\t\t\t\t                            <div class=\"swiper-slide\">\n                                <div class=\"eael-lc-logo-wrap\">\n\t\t\t\t\t\t\t\t\t                                    <div id=\"eael-lc-logo-0e8faa7\" class=\"eael-lc-logo\">\n\t\t\t\t\t\t\t\t\t\t<a href=\"https:\/\/www.gracegrc.com\/\" target=\"_blank\" rel=\"noopener\"><img decoding=\"async\" class=\"eael-lc-img-src\" src=\"https:\/\/dpo-forum.eu\/wp-content\/uploads\/GRACECONNECT.png\" alt=\",\" title=\"\"><\/a>                                    <\/div>\n\t\t\t\t\t\t\t\t\t                                <\/div>\n                            <\/div>\n\t\t\t\t\t\t                <\/div>\n            <\/div>\n\t\t\t        <\/div>\n\t\t\t\t\t\t<\/div>\n\t\t\t\t<\/div>\n\t\t\t\t<\/div>\n\t\t<div data-particle_enable=\"false\" data-particle-mobile-disabled=\"false\" class=\"elementor-element elementor-element-3583eef e-con-full e-flex e-con e-child\" data-id=\"3583eef\" data-element_type=\"container\" data-e-type=\"container\">\n\t\t\t\t<div class=\"elementor-element elementor-element-0abeb99 elementor-widget elementor-widget-heading\" data-id=\"0abeb99\" data-element_type=\"widget\" data-e-type=\"widget\" data-widget_type=\"heading.default\">\n\t\t\t\t\t<h2 class=\"elementor-heading-title elementor-size-default\">Hoe kom ik bij het Royal Hotel?<\/h2>\t\t\t\t<\/div>\n\t\t\t\t<div class=\"elementor-element elementor-element-e27c531 elementor-widget elementor-widget-heading\" data-id=\"e27c531\" data-element_type=\"widget\" data-e-type=\"widget\" data-widget_type=\"heading.default\">\n\t\t\t\t\t<h3 class=\"elementor-heading-title elementor-size-default\">Met het openbaar vervoer :\n\n<\/h3>\t\t\t\t<\/div>\n\t\t\t\t<div class=\"elementor-element elementor-element-df549b6 elementor-widget elementor-widget-text-editor\" data-id=\"df549b6\" data-element_type=\"widget\" data-e-type=\"widget\" data-widget_type=\"text-editor.default\">\n\t\t\t\t\t\t\t\t\t<p><strong>Tram<\/strong> : T1<\/p><p><strong>Bus<\/strong> : <span class=\"line-link\">110<\/span>,\u00a0<span class=\"line-link\">111<\/span>,\u00a0<span class=\"line-link\">14<\/span>,\u00a0<span class=\"line-link\">2<\/span>,\u00a0<span class=\"line-link\">6<\/span><\/p><p><b>Trein <\/b>: <span class=\"line-link\">RB<\/span>,\u00a0<span class=\"line-link\">RE<\/span>,\u00a0<span class=\"line-link\">IC<\/span><\/p>\t\t\t\t\t\t\t\t<\/div>\n\t\t\t\t<div class=\"elementor-element elementor-element-a3d156b elementor-widget elementor-widget-heading\" data-id=\"a3d156b\" data-element_type=\"widget\" data-e-type=\"widget\" data-widget_type=\"heading.default\">\n\t\t\t\t\t<h3 class=\"elementor-heading-title elementor-size-default\">Vanaf het Centraal Station :\n\n<\/h3>\t\t\t\t<\/div>\n\t\t\t\t<div class=\"elementor-element elementor-element-7f6ba1e elementor-widget elementor-widget-text-editor\" data-id=\"7f6ba1e\" data-element_type=\"widget\" data-e-type=\"widget\" data-widget_type=\"text-editor.default\">\n\t\t\t\t\t\t\t\t\t<p><b>Tram 1 richting Kirchberg, Luxexpo <\/b>Halte Hamilius, daarna 5 minuten lopen naar het hotel<\/p><p><strong>Bus<\/strong> : 14,22,18,4,10\u00a0<\/p>\t\t\t\t\t\t\t\t<\/div>\n\t\t\t\t<div class=\"elementor-element elementor-element-1676d57 elementor-widget elementor-widget-heading\" data-id=\"1676d57\" data-element_type=\"widget\" data-e-type=\"widget\" data-widget_type=\"heading.default\">\n\t\t\t\t\t<h3 class=\"elementor-heading-title elementor-size-default\">Parkeren :\n<\/h3>\t\t\t\t<\/div>\n\t\t\t\t<div class=\"elementor-element elementor-element-f5dcf73 elementor-widget elementor-widget-text-editor\" data-id=\"f5dcf73\" data-element_type=\"widget\" data-e-type=\"widget\" data-widget_type=\"text-editor.default\">\n\t\t\t\t\t\t\t\t\t<p><b>Parkeerplaats hotel <\/b>gratis, afhankelijk van beschikbaarheid<\/p><p><b>Openbare parkeerplaats <\/b>Parkeergarage Glacis: \u20ac1\/uur, 8 minuten lopen.<\/p>\t\t\t\t\t\t\t\t<\/div>\n\t\t\t\t<\/div>\n\t\t\t\t<\/div>\n\t\t\t\t<\/div>\n\t\t\t\t<\/div>\n\t\t\t\t<\/div>","protected":false},"excerpt":{"rendered":"<p>DPO Forum Luxembourg F\u00e9vrier 2025 13 f\u00e9vrier 2025 : 8h30 &#8211; 17h00 Le Royal Hotel 12 Bd Royal, 2449 Ville-Haute Luxembourg Un \u00e9v\u00e9nement en partenariat avec : Comment se rendre au Royal Hotel ? En transport en commun : Tram : T1 Bus : 110,\u00a0111,\u00a014,\u00a02,\u00a06 Train : RB,\u00a0RE,\u00a0IC Depuis la gare centrale : Tram 1 [&hellip;]<\/p>\n","protected":false},"author":1,"featured_media":0,"parent":0,"menu_order":0,"comment_status":"closed","ping_status":"closed","template":"","meta":{"footnotes":""},"class_list":["post-1511","page","type-page","status-publish","hentry"],"_links":{"self":[{"href":"https:\/\/dpo-forum.eu\/nl\/wp-json\/wp\/v2\/pages\/1511","targetHints":{"allow":["GET"]}}],"collection":[{"href":"https:\/\/dpo-forum.eu\/nl\/wp-json\/wp\/v2\/pages"}],"about":[{"href":"https:\/\/dpo-forum.eu\/nl\/wp-json\/wp\/v2\/types\/page"}],"author":[{"embeddable":true,"href":"https:\/\/dpo-forum.eu\/nl\/wp-json\/wp\/v2\/users\/1"}],"replies":[{"embeddable":true,"href":"https:\/\/dpo-forum.eu\/nl\/wp-json\/wp\/v2\/comments?post=1511"}],"version-history":[{"count":7,"href":"https:\/\/dpo-forum.eu\/nl\/wp-json\/wp\/v2\/pages\/1511\/revisions"}],"predecessor-version":[{"id":1518,"href":"https:\/\/dpo-forum.eu\/nl\/wp-json\/wp\/v2\/pages\/1511\/revisions\/1518"}],"wp:attachment":[{"href":"https:\/\/dpo-forum.eu\/nl\/wp-json\/wp\/v2\/media?parent=1511"}],"curies":[{"name":"wp","href":"https:\/\/api.w.org\/{rel}","templated":true}]}}