{"id":1296,"date":"2026-02-03T15:36:08","date_gmt":"2026-02-03T14:36:08","guid":{"rendered":"https:\/\/angry-villani.57-128-39-62.plesk.page\/?page_id=1296"},"modified":"2026-02-03T15:48:57","modified_gmt":"2026-02-03T14:48:57","slug":"orateurs-lyon-2024","status":"publish","type":"page","link":"https:\/\/dpo-forum.eu\/nl\/orateurs-lyon-2024\/","title":{"rendered":"Orateurs Lyon 2024"},"content":{"rendered":"<div data-elementor-type=\"wp-page\" data-elementor-id=\"1296\" class=\"elementor elementor-1296\" data-elementor-post-type=\"page\">\n\t\t\t\t<div data-particle_enable=\"false\" data-particle-mobile-disabled=\"false\" class=\"elementor-element elementor-element-697b8d4 e-flex e-con-boxed e-con e-parent\" data-id=\"697b8d4\" data-element_type=\"container\" data-e-type=\"container\" data-settings=\"{&quot;background_background&quot;:&quot;classic&quot;}\">\n\t\t\t\t\t<div class=\"e-con-inner\">\n\t\t\t\t<div class=\"elementor-element elementor-element-0a75c77 elementor-widget elementor-widget-heading\" data-id=\"0a75c77\" data-element_type=\"widget\" data-e-type=\"widget\" data-widget_type=\"heading.default\">\n\t\t\t\t\t<h1 class=\"elementor-heading-title elementor-size-default\">DPO-forum Lyon 2024<\/h1>\t\t\t\t<\/div>\n\t\t\t\t<div class=\"elementor-element elementor-element-d73bb7a elementor-widget elementor-widget-heading\" data-id=\"d73bb7a\" data-element_type=\"widget\" data-e-type=\"widget\" data-widget_type=\"heading.default\">\n\t\t\t\t\t<h2 class=\"elementor-heading-title elementor-size-default\">Onze sprekers<\/h2>\t\t\t\t<\/div>\n\t\t\t\t<div class=\"elementor-element elementor-element-4209dfd elementor-widget elementor-widget-text-editor\" data-id=\"4209dfd\" data-element_type=\"widget\" data-e-type=\"widget\" data-widget_type=\"text-editor.default\">\n\t\t\t\t\t\t\t\t\t<p>Een panel van experts om de uitdagingen van de RGPD, de IA Act, cyberbeveiliging en digitale soevereiniteit te ontcijferen.<\/p>\t\t\t\t\t\t\t\t<\/div>\n\t\t\t\t\t<\/div>\n\t\t\t\t<\/div>\n\t\t<div data-particle_enable=\"false\" data-particle-mobile-disabled=\"false\" class=\"elementor-element elementor-element-4d45efe e-con-full animated-slow e-flex elementor-invisible e-con e-parent\" data-id=\"4d45efe\" data-element_type=\"container\" data-e-type=\"container\" data-settings=\"{&quot;animation&quot;:&quot;slideInLeft&quot;}\">\n\t\t<div data-particle_enable=\"false\" data-particle-mobile-disabled=\"false\" class=\"elementor-element elementor-element-a60435b e-con-full e-flex e-con e-child\" data-id=\"a60435b\" data-element_type=\"container\" data-e-type=\"container\">\n\t\t\t\t<div class=\"elementor-element elementor-element-445657e eael-team-align-centered elementor-widget elementor-widget-eael-team-member\" data-id=\"445657e\" data-element_type=\"widget\" data-e-type=\"widget\" data-widget_type=\"eael-team-member.default\">\n\t\t\t\t\t\n\n\t<div id=\"eael-team-member-445657e\" class=\"eael-team-item eael-team-members-social-bottom\">\n\t\t<div class=\"eael-team-item-inner\">\n\t\t\t<div class=\"eael-team-image\">\n\t\t\t\t<figure>\n\t\t\t\t\t\t\t\t\t\t<img decoding=\"async\" src=\"https:\/\/dpo-forum.eu\/wp-content\/uploads\/benjamin-768x768.png\" alt=\",\" title=\"\">\n\t\t\t\t\t\t\t\t\t<\/figure>\n\t\t\t\t\n\t\t\t\t\n\t\t\t<\/div>\n\n\t\t\t<div class=\"eael-team-content\">\n\t\t\t\t<h2 class=\"eael-team-member-name\">Benjamin Lan Sun Luk<\/h2><h3 class=\"eael-team-member-position\">Medeoprichter<\/h3>\n\t\t\t\t\t\t\t\t\t        <p class=\"eael-team-text\">LETO.LEGAL<\/p>\n\t\t\t\t\t\t\t\t\t<\/div>\n\t\t<\/div>\n\t<\/div>\n\t\t\t\t\t<\/div>\n\t\t\t\t<\/div>\n\t\t<div data-particle_enable=\"false\" data-particle-mobile-disabled=\"false\" class=\"elementor-element elementor-element-3ee2054 e-con-full e-flex e-con e-child\" data-id=\"3ee2054\" data-element_type=\"container\" data-e-type=\"container\">\n\t\t\t\t<div class=\"elementor-element elementor-element-ed424e1 eael-team-align-centered elementor-widget elementor-widget-eael-team-member\" data-id=\"ed424e1\" data-element_type=\"widget\" data-e-type=\"widget\" data-widget_type=\"eael-team-member.default\">\n\t\t\t\t\t\n\n\t<div id=\"eael-team-member-ed424e1\" class=\"eael-team-item eael-team-members-social-bottom\">\n\t\t<div class=\"eael-team-item-inner\">\n\t\t\t<div class=\"eael-team-image\">\n\t\t\t\t<figure>\n\t\t\t\t\t\t\t\t\t\t<img decoding=\"async\" src=\"https:\/\/dpo-forum.eu\/wp-content\/uploads\/celine-768x768.png\" alt=\",\" title=\"\">\n\t\t\t\t\t\t\t\t\t<\/figure>\n\t\t\t\t\n\t\t\t\t\n\t\t\t<\/div>\n\n\t\t\t<div class=\"eael-team-content\">\n\t\t\t\t<h2 class=\"eael-team-member-name\">C\u00e9line Gallay <\/h2><h3 class=\"eael-team-member-position\">Directeur Operations<\/h3>\n\t\t\t\t\t\t\t\t\t        <p class=\"eael-team-text\">FENIX PRIVACY<\/p>\n\t\t\t\t\t\t\t\t\t<\/div>\n\t\t<\/div>\n\t<\/div>\n\t\t\t\t\t<\/div>\n\t\t\t\t<\/div>\n\t\t<div data-particle_enable=\"false\" data-particle-mobile-disabled=\"false\" class=\"elementor-element elementor-element-5c5b0f6 e-con-full e-flex e-con e-child\" data-id=\"5c5b0f6\" data-element_type=\"container\" data-e-type=\"container\">\n\t\t\t\t<div class=\"elementor-element elementor-element-0fd5ab4 eael-team-align-centered elementor-widget elementor-widget-eael-team-member\" data-id=\"0fd5ab4\" data-element_type=\"widget\" data-e-type=\"widget\" data-widget_type=\"eael-team-member.default\">\n\t\t\t\t\t\n\n\t<div id=\"eael-team-member-0fd5ab4\" class=\"eael-team-item eael-team-members-social-bottom\">\n\t\t<div class=\"eael-team-item-inner\">\n\t\t\t<div class=\"eael-team-image\">\n\t\t\t\t<figure>\n\t\t\t\t\t\t\t\t\t\t<img decoding=\"async\" src=\"https:\/\/dpo-forum.eu\/wp-content\/uploads\/claire-768x768.png\" alt=\",\" title=\"\">\n\t\t\t\t\t\t\t\t\t<\/figure>\n\t\t\t\t\n\t\t\t\t\n\t\t\t<\/div>\n\n\t\t\t<div class=\"eael-team-content\">\n\t\t\t\t<h2 class=\"eael-team-member-name\">Claire de la Fouchardi\u00e8re<\/h2><h3 class=\"eael-team-member-position\">Productmanager<\/h3>\n\t\t\t\t\t\t\t\t\t        <p class=\"eael-team-text\">ADEQUACY<\/p>\n\t\t\t\t\t\t\t\t\t<\/div>\n\t\t<\/div>\n\t<\/div>\n\t\t\t\t\t<\/div>\n\t\t\t\t<\/div>\n\t\t<div data-particle_enable=\"false\" data-particle-mobile-disabled=\"false\" class=\"elementor-element elementor-element-cb7b8c5 e-con-full e-flex e-con e-child\" data-id=\"cb7b8c5\" data-element_type=\"container\" data-e-type=\"container\">\n\t\t\t\t<div class=\"elementor-element elementor-element-c126600 eael-team-align-centered elementor-widget elementor-widget-eael-team-member\" data-id=\"c126600\" data-element_type=\"widget\" data-e-type=\"widget\" data-widget_type=\"eael-team-member.default\">\n\t\t\t\t\t\n\n\t<div id=\"eael-team-member-c126600\" class=\"eael-team-item eael-team-members-social-bottom\">\n\t\t<div class=\"eael-team-item-inner\">\n\t\t\t<div class=\"eael-team-image\">\n\t\t\t\t<figure>\n\t\t\t\t\t\t\t\t\t\t<img decoding=\"async\" src=\"https:\/\/dpo-forum.eu\/wp-content\/uploads\/julien-768x768.png\" alt=\",\" title=\"\">\n\t\t\t\t\t\t\t\t\t<\/figure>\n\t\t\t\t\n\t\t\t\t\n\t\t\t<\/div>\n\n\t\t\t<div class=\"eael-team-content\">\n\t\t\t\t<h2 class=\"eael-team-member-name\">Julien Perdu<\/h2><h3 class=\"eael-team-member-position\">Manager bedrijfsontwikkeling <\/h3>\n\t\t\t\t\t\t\t\t\t        <p class=\"eael-team-text\">ARCAD SOFTWARE<\/p>\n\t\t\t\t\t\t\t\t\t<\/div>\n\t\t<\/div>\n\t<\/div>\n\t\t\t\t\t<\/div>\n\t\t\t\t<\/div>\n\t\t\t\t<\/div>\n\t\t<div data-particle_enable=\"false\" data-particle-mobile-disabled=\"false\" class=\"elementor-element elementor-element-c26c318 e-con-full animated-slow e-flex elementor-invisible e-con e-parent\" data-id=\"c26c318\" data-element_type=\"container\" data-e-type=\"container\" data-settings=\"{&quot;animation&quot;:&quot;slideInRight&quot;}\">\n\t\t<div data-particle_enable=\"false\" data-particle-mobile-disabled=\"false\" class=\"elementor-element elementor-element-d3ca976 e-con-full e-flex e-con e-child\" data-id=\"d3ca976\" data-element_type=\"container\" data-e-type=\"container\">\n\t\t\t\t<div class=\"elementor-element elementor-element-2f178bf eael-team-align-centered elementor-widget elementor-widget-eael-team-member\" data-id=\"2f178bf\" data-element_type=\"widget\" data-e-type=\"widget\" data-widget_type=\"eael-team-member.default\">\n\t\t\t\t\t\n\n\t<div id=\"eael-team-member-2f178bf\" class=\"eael-team-item eael-team-members-social-bottom\">\n\t\t<div class=\"eael-team-item-inner\">\n\t\t\t<div class=\"eael-team-image\">\n\t\t\t\t<figure>\n\t\t\t\t\t\t\t\t\t\t<img decoding=\"async\" src=\"https:\/\/dpo-forum.eu\/wp-content\/uploads\/garance-768x768.png\" alt=\",\" title=\"\">\n\t\t\t\t\t\t\t\t\t<\/figure>\n\t\t\t\t\n\t\t\t\t\n\t\t\t<\/div>\n\n\t\t\t<div class=\"eael-team-content\">\n\t\t\t\t<h2 class=\"eael-team-member-name\">Garance Mathias<\/h2><h3 class=\"eael-team-member-position\">Managing Director - Oprichter advocaat<\/h3>\n\t\t\t\t\t\t\t\t\t        <p class=\"eael-team-text\">MATHIAS ADVOCATEN<\/p>\n\t\t\t\t\t\t\t\t\t<\/div>\n\t\t<\/div>\n\t<\/div>\n\t\t\t\t\t<\/div>\n\t\t\t\t<\/div>\n\t\t<div data-particle_enable=\"false\" data-particle-mobile-disabled=\"false\" class=\"elementor-element elementor-element-a4c2d45 e-con-full e-flex e-con e-child\" data-id=\"a4c2d45\" data-element_type=\"container\" data-e-type=\"container\">\n\t\t\t\t<div class=\"elementor-element elementor-element-105c2f4 eael-team-align-centered elementor-widget elementor-widget-eael-team-member\" data-id=\"105c2f4\" data-element_type=\"widget\" data-e-type=\"widget\" data-widget_type=\"eael-team-member.default\">\n\t\t\t\t\t\n\n\t<div id=\"eael-team-member-105c2f4\" class=\"eael-team-item eael-team-members-social-bottom\">\n\t\t<div class=\"eael-team-item-inner\">\n\t\t\t<div class=\"eael-team-image\">\n\t\t\t\t<figure>\n\t\t\t\t\t\t\t\t\t\t<img decoding=\"async\" src=\"https:\/\/dpo-forum.eu\/wp-content\/uploads\/paul-emmanuel-bidault-768x768.png\" alt=\",\" title=\"\">\n\t\t\t\t\t\t\t\t\t<\/figure>\n\t\t\t\t\n\t\t\t\t\n\t\t\t<\/div>\n\n\t\t\t<div class=\"eael-team-content\">\n\t\t\t\t<h2 class=\"eael-team-member-name\">Paul-Emmanuel Bidault<\/h2><h3 class=\"eael-team-member-position\">CEO &amp; medeoprichter <\/h3>\n\t\t\t\t\t\t\t\t\t        <p class=\"eael-team-text\">DASTRA<\/p>\n\t\t\t\t\t\t\t\t\t<\/div>\n\t\t<\/div>\n\t<\/div>\n\t\t\t\t\t<\/div>\n\t\t\t\t<\/div>\n\t\t<div data-particle_enable=\"false\" data-particle-mobile-disabled=\"false\" class=\"elementor-element elementor-element-334ff4d e-con-full e-flex e-con e-child\" data-id=\"334ff4d\" data-element_type=\"container\" data-e-type=\"container\">\n\t\t\t\t<div class=\"elementor-element elementor-element-0dd9e01 eael-team-align-centered elementor-widget elementor-widget-eael-team-member\" data-id=\"0dd9e01\" data-element_type=\"widget\" data-e-type=\"widget\" data-widget_type=\"eael-team-member.default\">\n\t\t\t\t\t\n\n\t<div id=\"eael-team-member-0dd9e01\" class=\"eael-team-item eael-team-members-social-bottom\">\n\t\t<div class=\"eael-team-item-inner\">\n\t\t\t<div class=\"eael-team-image\">\n\t\t\t\t<figure>\n\t\t\t\t\t\t\t\t\t\t<img decoding=\"async\" src=\"https:\/\/dpo-forum.eu\/wp-content\/uploads\/alexia-768x768.png\" alt=\",\" title=\"\">\n\t\t\t\t\t\t\t\t\t<\/figure>\n\t\t\t\t\n\t\t\t\t\n\t\t\t<\/div>\n\n\t\t\t<div class=\"eael-team-content\">\n\t\t\t\t<h2 class=\"eael-team-member-name\">Alexia Desbordes<\/h2><h3 class=\"eael-team-member-position\">Projectmanager bij Data Legal Drive<\/h3>\n\t\t\t\t\t\t\t\t\t        <p class=\"eael-team-text\">EQS GROEP<\/p>\n\t\t\t\t\t\t\t\t\t<\/div>\n\t\t<\/div>\n\t<\/div>\n\t\t\t\t\t<\/div>\n\t\t\t\t<\/div>\n\t\t<div data-particle_enable=\"false\" data-particle-mobile-disabled=\"false\" class=\"elementor-element elementor-element-84966cb e-con-full e-flex e-con e-child\" data-id=\"84966cb\" data-element_type=\"container\" data-e-type=\"container\">\n\t\t\t\t<div class=\"elementor-element elementor-element-8e5a8da eael-team-align-centered elementor-widget elementor-widget-eael-team-member\" data-id=\"8e5a8da\" data-element_type=\"widget\" data-e-type=\"widget\" data-widget_type=\"eael-team-member.default\">\n\t\t\t\t\t\n\n\t<div id=\"eael-team-member-8e5a8da\" class=\"eael-team-item eael-team-members-social-bottom\">\n\t\t<div class=\"eael-team-item-inner\">\n\t\t\t<div class=\"eael-team-image\">\n\t\t\t\t<figure>\n\t\t\t\t\t\t\t\t\t\t<img decoding=\"async\" src=\"https:\/\/dpo-forum.eu\/wp-content\/uploads\/philippe-768x768.png\" alt=\",\" title=\"\">\n\t\t\t\t\t\t\t\t\t<\/figure>\n\t\t\t\t\n\t\t\t\t\n\t\t\t<\/div>\n\n\t\t\t<div class=\"eael-team-content\">\n\t\t\t\t<h2 class=\"eael-team-member-name\">Philippe Sala\u00fcn<\/h2><h3 class=\"eael-team-member-position\">Algemeen secretaris<\/h3>\n\t\t\t\t\t\t\t\t\t        <p class=\"eael-team-text\">AFCDP<\/p>\n\t\t\t\t\t\t\t\t\t<\/div>\n\t\t<\/div>\n\t<\/div>\n\t\t\t\t\t<\/div>\n\t\t\t\t<\/div>\n\t\t\t\t<\/div>\n\t\t\t\t<\/div>","protected":false},"excerpt":{"rendered":"<p>DPO Forum Lyon 2024 Nos orateurs Un panel d\u2019experts pour d\u00e9crypter les enjeux du RGPD, de l\u2019IA Act, de la cybers\u00e9curit\u00e9 et de la souverainet\u00e9 num\u00e9rique. Benjamin Lan Sun Luk Co-Fondateur LETO.LEGAL C\u00e9line Gallay Directrice des op\u00e9rations PHENIX PRIVACY Claire de la Fouchardi\u00e8re Product manager ADEQUACY Julien Perdu Business Development Manager ARCAD SOFTWARE Garance Mathias [&hellip;]<\/p>\n","protected":false},"author":1,"featured_media":0,"parent":0,"menu_order":0,"comment_status":"closed","ping_status":"closed","template":"","meta":{"footnotes":""},"class_list":["post-1296","page","type-page","status-publish","hentry"],"_links":{"self":[{"href":"https:\/\/dpo-forum.eu\/nl\/wp-json\/wp\/v2\/pages\/1296","targetHints":{"allow":["GET"]}}],"collection":[{"href":"https:\/\/dpo-forum.eu\/nl\/wp-json\/wp\/v2\/pages"}],"about":[{"href":"https:\/\/dpo-forum.eu\/nl\/wp-json\/wp\/v2\/types\/page"}],"author":[{"embeddable":true,"href":"https:\/\/dpo-forum.eu\/nl\/wp-json\/wp\/v2\/users\/1"}],"replies":[{"embeddable":true,"href":"https:\/\/dpo-forum.eu\/nl\/wp-json\/wp\/v2\/comments?post=1296"}],"version-history":[{"count":7,"href":"https:\/\/dpo-forum.eu\/nl\/wp-json\/wp\/v2\/pages\/1296\/revisions"}],"predecessor-version":[{"id":1310,"href":"https:\/\/dpo-forum.eu\/nl\/wp-json\/wp\/v2\/pages\/1296\/revisions\/1310"}],"wp:attachment":[{"href":"https:\/\/dpo-forum.eu\/nl\/wp-json\/wp\/v2\/media?parent=1296"}],"curies":[{"name":"wp","href":"https:\/\/api.w.org\/{rel}","templated":true}]}}