{"id":1278,"date":"2026-02-03T15:11:25","date_gmt":"2026-02-03T14:11:25","guid":{"rendered":"https:\/\/angry-villani.57-128-39-62.plesk.page\/?page_id=1278"},"modified":"2026-02-03T15:23:04","modified_gmt":"2026-02-03T14:23:04","slug":"informations-pratiques-lyon-2024","status":"publish","type":"page","link":"https:\/\/dpo-forum.eu\/nl\/informations-pratiques-lyon-2024\/","title":{"rendered":"Informations Pratiques Lyon 2024"},"content":{"rendered":"<div data-elementor-type=\"wp-page\" data-elementor-id=\"1278\" class=\"elementor elementor-1278\" data-elementor-post-type=\"page\">\n\t\t\t\t<div data-particle_enable=\"false\" data-particle-mobile-disabled=\"false\" class=\"elementor-element elementor-element-25bb021 e-flex e-con-boxed e-con e-parent\" data-id=\"25bb021\" data-element_type=\"container\" data-e-type=\"container\" data-settings=\"{&quot;background_background&quot;:&quot;classic&quot;,&quot;background_motion_fx_motion_fx_mouse&quot;:&quot;yes&quot;,&quot;background_motion_fx_mouseTrack_effect&quot;:&quot;yes&quot;,&quot;background_motion_fx_mouseTrack_speed&quot;:{&quot;unit&quot;:&quot;px&quot;,&quot;size&quot;:1.6,&quot;sizes&quot;:[]}}\">\n\t\t\t\t\t<div class=\"e-con-inner\">\n\t\t\t\t<div class=\"elementor-element elementor-element-632b6e0 elementor-widget elementor-widget-heading\" data-id=\"632b6e0\" data-element_type=\"widget\" data-e-type=\"widget\" data-widget_type=\"heading.default\">\n\t\t\t\t\t<h1 class=\"elementor-heading-title elementor-size-default\"><span class=\"hl-hero\">DPO-forum<\/span><\/h1>\t\t\t\t<\/div>\n\t\t\t\t<div class=\"elementor-element elementor-element-10a067d elementor-widget elementor-widget-heading\" data-id=\"10a067d\" data-element_type=\"widget\" data-e-type=\"widget\" data-widget_type=\"heading.default\">\n\t\t\t\t\t<h2 class=\"elementor-heading-title elementor-size-default\"><span class=\"hl-hero\">Lyon 2024<\/span><\/h2>\t\t\t\t<\/div>\n\t\t\t\t\t<\/div>\n\t\t\t\t<\/div>\n\t\t<div data-particle_enable=\"false\" data-particle-mobile-disabled=\"false\" class=\"elementor-element elementor-element-a78ae12 e-con-full e-flex e-con e-parent\" data-id=\"a78ae12\" data-element_type=\"container\" data-e-type=\"container\" data-settings=\"{&quot;background_background&quot;:&quot;classic&quot;}\">\n\t\t<div data-particle_enable=\"false\" data-particle-mobile-disabled=\"false\" class=\"elementor-element elementor-element-27b4d7d e-con-full e-flex e-con e-child\" data-id=\"27b4d7d\" data-element_type=\"container\" data-e-type=\"container\" data-settings=\"{&quot;background_background&quot;:&quot;classic&quot;}\">\n\t\t<div data-particle_enable=\"false\" data-particle-mobile-disabled=\"false\" class=\"elementor-element elementor-element-a6dac85 e-con-full e-flex e-con e-child\" data-id=\"a6dac85\" data-element_type=\"container\" data-e-type=\"container\">\n\t\t<div data-particle_enable=\"false\" data-particle-mobile-disabled=\"false\" class=\"elementor-element elementor-element-07427e9 e-con-full e-flex e-con e-child\" data-id=\"07427e9\" data-element_type=\"container\" data-e-type=\"container\">\n\t\t\t\t<div class=\"elementor-element elementor-element-c802dcd elementor-widget elementor-widget-image\" data-id=\"c802dcd\" data-element_type=\"widget\" data-e-type=\"widget\" data-widget_type=\"image.default\">\n\t\t\t\t\t\t\t\t\t\t\t\t\t\t\t<img fetchpriority=\"high\" decoding=\"async\" width=\"1280\" height=\"852\" src=\"https:\/\/dpo-forum.eu\/wp-content\/uploads\/22772609-1.jpg\" class=\"attachment-large size-large wp-image-1007\" alt=\",\" srcset=\"https:\/\/dpo-forum.eu\/wp-content\/uploads\/22772609-1.jpg 1280w, https:\/\/dpo-forum.eu\/wp-content\/uploads\/22772609-1-768x511.jpg 768w\" sizes=\"(max-width: 1280px) 100vw, 1280px\" title=\"\">\t\t\t\t\t\t\t\t\t\t\t\t\t\t\t<\/div>\n\t\t\t\t<div class=\"elementor-element elementor-element-6851755 elementor-widget elementor-widget-text-editor\" data-id=\"6851755\" data-element_type=\"widget\" data-e-type=\"widget\" data-widget_type=\"text-editor.default\">\n\t\t\t\t\t\t\t\t\t<a href=\"https:\/\/www.google.com\/maps\/place\/13+Bis+Quai+Rambaud,+69002+Lyon\/@45.7483971,4.8147854,16.5z\/data=!4m6!3m5!1s0x47f4ebb6f7f6aaab:0x13a98840e26f3f09!8m2!3d45.7474578!4d4.8179443!16s%2Fg%2F11rg66y0yr?entry=ttu&#038;g_ep=EgoyMDI2MDIwMS4wIKXMDSoKLDEwMDc5MjA3M0gBUAM%3D\" target=\"_blank\" class=\"big-link\" rel=\"noopener\">13 Bis Quai Rambaud, 69002 Lyon, Frankrijk<\/a>\t\t\t\t\t\t\t\t<\/div>\n\t\t\t\t<div class=\"elementor-element elementor-element-6d83822 elementor-widget elementor-widget-text-editor\" data-id=\"6d83822\" data-element_type=\"widget\" data-e-type=\"widget\" data-widget_type=\"text-editor.default\">\n\t\t\t\t\t\t\t\t\t<p>17 september 2024: 8.30 - 16.30 uur<\/p>\t\t\t\t\t\t\t\t<\/div>\n\t\t\t\t<div class=\"elementor-element elementor-element-d966662 animated-slow elementor-invisible elementor-widget elementor-widget-button\" data-id=\"d966662\" data-element_type=\"widget\" data-e-type=\"widget\" data-settings=\"{&quot;_animation&quot;:&quot;zoomIn&quot;}\" data-widget_type=\"button.default\">\n\t\t\t\t\t\t\t\t\t\t<a class=\"elementor-button elementor-button-link elementor-size-sm\" href=\"https:\/\/dpo-forum.eu\/wp-content\/uploads\/2024\/05\/Listing-Hotels-x-LEmbarcadere-2024.pdf\" target=\"_blank\">\n\t\t\t\t\t\t<span class=\"elementor-button-content-wrapper\">\n\t\t\t\t\t\t\t\t\t<span class=\"elementor-button-text\">Hotels<\/span>\n\t\t\t\t\t<\/span>\n\t\t\t\t\t<\/a>\n\t\t\t\t\t\t\t\t<\/div>\n\t\t\t\t<div class=\"elementor-element elementor-element-91b2142 animated-slow elementor-invisible elementor-widget elementor-widget-button\" data-id=\"91b2142\" data-element_type=\"widget\" data-e-type=\"widget\" data-settings=\"{&quot;_animation&quot;:&quot;zoomIn&quot;}\" data-widget_type=\"button.default\">\n\t\t\t\t\t\t\t\t\t\t<a class=\"elementor-button elementor-button-link elementor-size-sm\" href=\"https:\/\/mcevent.mark-com.com\/DPOFORUMLYON20241\" target=\"_blank\" rel=\"noopener\">\n\t\t\t\t\t\t<span class=\"elementor-button-content-wrapper\">\n\t\t\t\t\t\t\t\t\t<span class=\"elementor-button-text\">Registreer hier!<\/span>\n\t\t\t\t\t<\/span>\n\t\t\t\t\t<\/a>\n\t\t\t\t\t\t\t\t<\/div>\n\t\t<div data-particle_enable=\"false\" data-particle-mobile-disabled=\"false\" class=\"elementor-element elementor-element-2feaf7e e-con-full e-flex e-con e-child\" data-id=\"2feaf7e\" data-element_type=\"container\" data-e-type=\"container\">\n\t\t\t\t<div class=\"elementor-element elementor-element-5fc0065 elementor-widget elementor-widget-heading\" data-id=\"5fc0065\" data-element_type=\"widget\" data-e-type=\"widget\" data-widget_type=\"heading.default\">\n\t\t\t\t\t<h3 class=\"elementor-heading-title elementor-size-default\">Een evenement in samenwerking met :<\/h3>\t\t\t\t<\/div>\n\t\t<div data-particle_enable=\"false\" data-particle-mobile-disabled=\"false\" class=\"elementor-element elementor-element-7da995e e-con-full e-flex e-con e-child\" data-id=\"7da995e\" data-element_type=\"container\" data-e-type=\"container\">\n\t\t<a data-particle_enable=\"false\" data-particle-mobile-disabled=\"false\" class=\"elementor-element elementor-element-d68a628 e-con-full e-flex e-con e-child\" data-id=\"d68a628\" data-element_type=\"container\" data-e-type=\"container\" href=\"https:\/\/afcdp.net\/\" target=\"_blank\" rel=\"noopener\">\n\t\t\t\t<div class=\"elementor-element elementor-element-1611197 elementor-widget__width-initial elementor-widget elementor-widget-image\" data-id=\"1611197\" data-element_type=\"widget\" data-e-type=\"widget\" data-widget_type=\"image.default\">\n\t\t\t\t\t\t\t\t\t\t\t\t\t\t\t<img decoding=\"async\" width=\"1080\" height=\"1080\" src=\"https:\/\/dpo-forum.eu\/wp-content\/uploads\/AFCDP.png\" class=\"attachment-large size-large wp-image-425\" alt=\",\" srcset=\"https:\/\/dpo-forum.eu\/wp-content\/uploads\/AFCDP.png 1080w, https:\/\/dpo-forum.eu\/wp-content\/uploads\/AFCDP-600x600.png 600w, https:\/\/dpo-forum.eu\/wp-content\/uploads\/AFCDP-768x768.png 768w\" sizes=\"(max-width: 1080px) 100vw, 1080px\" title=\"\">\t\t\t\t\t\t\t\t\t\t\t\t\t\t\t<\/div>\n\t\t\t\t<\/a>\n\t\t<a data-particle_enable=\"false\" data-particle-mobile-disabled=\"false\" class=\"elementor-element elementor-element-5220462 e-con-full e-flex e-con e-child\" data-id=\"5220462\" data-element_type=\"container\" data-e-type=\"container\" href=\"https:\/\/www.hexatrust.com\/\" target=\"_blank\" rel=\"noopener\">\n\t\t\t\t<div class=\"elementor-element elementor-element-76ebbc6 elementor-widget__width-initial elementor-widget elementor-widget-image\" data-id=\"76ebbc6\" data-element_type=\"widget\" data-e-type=\"widget\" data-widget_type=\"image.default\">\n\t\t\t\t\t\t\t\t\t\t\t\t\t\t\t<img decoding=\"async\" width=\"1080\" height=\"1080\" src=\"https:\/\/dpo-forum.eu\/wp-content\/uploads\/HEXATRUST.png\" class=\"attachment-large size-large wp-image-809\" alt=\",\" srcset=\"https:\/\/dpo-forum.eu\/wp-content\/uploads\/HEXATRUST.png 1080w, https:\/\/dpo-forum.eu\/wp-content\/uploads\/HEXATRUST-600x600.png 600w, https:\/\/dpo-forum.eu\/wp-content\/uploads\/HEXATRUST-768x768.png 768w\" sizes=\"(max-width: 1080px) 100vw, 1080px\" title=\"\">\t\t\t\t\t\t\t\t\t\t\t\t\t\t\t<\/div>\n\t\t\t\t<\/a>\n\t\t\t\t<\/div>\n\t\t\t\t<\/div>\n\t\t\t\t<\/div>\n\t\t<div data-particle_enable=\"false\" data-particle-mobile-disabled=\"false\" class=\"elementor-element elementor-element-06f1033 e-con-full e-flex e-con e-child\" data-id=\"06f1033\" data-element_type=\"container\" data-e-type=\"container\">\n\t\t\t\t<div class=\"elementor-element elementor-element-257e201 elementor-widget__width-initial elementor-widget elementor-widget-image\" data-id=\"257e201\" data-element_type=\"widget\" data-e-type=\"widget\" data-widget_type=\"image.default\">\n\t\t\t\t\t\t\t\t\t\t\t\t\t\t\t<img loading=\"lazy\" decoding=\"async\" width=\"1200\" height=\"836\" src=\"https:\/\/dpo-forum.eu\/wp-content\/uploads\/Identite-Graphique-ReStart-Embarcadere-Lyon.png\" class=\"attachment-large size-large wp-image-1283\" alt=\",\" srcset=\"https:\/\/dpo-forum.eu\/wp-content\/uploads\/Identite-Graphique-ReStart-Embarcadere-Lyon.png 1200w, https:\/\/dpo-forum.eu\/wp-content\/uploads\/Identite-Graphique-ReStart-Embarcadere-Lyon-768x535.png 768w\" sizes=\"(max-width: 1200px) 100vw, 1200px\" title=\"\">\t\t\t\t\t\t\t\t\t\t\t\t\t\t\t<\/div>\n\t\t\t\t<div class=\"elementor-element elementor-element-a29ea90 elementor-widget elementor-widget-heading\" data-id=\"a29ea90\" data-element_type=\"widget\" data-e-type=\"widget\" data-widget_type=\"heading.default\">\n\t\t\t\t\t<h2 class=\"elementor-heading-title elementor-size-default\">Hoe kom ik bij de Embarcad\u00e8re?<\/h2>\t\t\t\t<\/div>\n\t\t\t\t<div class=\"elementor-element elementor-element-da2160d elementor-widget elementor-widget-heading\" data-id=\"da2160d\" data-element_type=\"widget\" data-e-type=\"widget\" data-widget_type=\"heading.default\">\n\t\t\t\t\t<h3 class=\"elementor-heading-title elementor-size-default\">Ondergronds :\n\n<\/h3>\t\t\t\t<\/div>\n\t\t\t\t<div class=\"elementor-element elementor-element-9b945cc elementor-widget elementor-widget-text-editor\" data-id=\"9b945cc\" data-element_type=\"widget\" data-e-type=\"widget\" data-widget_type=\"text-editor.default\">\n\t\t\t\t\t\t\t\t\t<p><strong>Metro A<\/strong>, Stop Perrache<br \/>8 minuten te voet<\/p><p><strong>Tram T1,<\/strong>\u00a0Halte Sainte-Blandine<br \/>5min lopen<\/p>\t\t\t\t\t\t\t\t<\/div>\n\t\t\t\t<div class=\"elementor-element elementor-element-a16d53b elementor-widget elementor-widget-heading\" data-id=\"a16d53b\" data-element_type=\"widget\" data-e-type=\"widget\" data-widget_type=\"heading.default\">\n\t\t\t\t\t<h3 class=\"elementor-heading-title elementor-size-default\">Bus :\n\n<\/h3>\t\t\t\t<\/div>\n\t\t\t\t<div class=\"elementor-element elementor-element-f935549 elementor-widget elementor-widget-text-editor\" data-id=\"f935549\" data-element_type=\"widget\" data-e-type=\"widget\" data-widget_type=\"text-editor.default\">\n\t\t\t\t\t\t\t\t\t<p><strong>Bus 63 <\/strong>Claudius Collonge stop<\/p><p><strong>S1 bus\u00a0<\/strong>Halte Montrochet<\/p>\t\t\t\t\t\t\t\t<\/div>\n\t\t\t\t<div class=\"elementor-element elementor-element-92f2d7b elementor-widget elementor-widget-heading\" data-id=\"92f2d7b\" data-element_type=\"widget\" data-e-type=\"widget\" data-widget_type=\"heading.default\">\n\t\t\t\t\t<h3 class=\"elementor-heading-title elementor-size-default\">Trein :\n\n\n<\/h3>\t\t\t\t<\/div>\n\t\t\t\t<div class=\"elementor-element elementor-element-a3bee6c elementor-widget elementor-widget-text-editor\" data-id=\"a3bee6c\" data-element_type=\"widget\" data-e-type=\"widget\" data-widget_type=\"text-editor.default\">\n\t\t\t\t\t\t\t\t\t<p><strong>Lyon Perrache TGV-station<\/strong><br \/>8 minuten te voet<\/p>\t\t\t\t\t\t\t\t<\/div>\n\t\t\t\t<div class=\"elementor-element elementor-element-327b5a1 elementor-widget elementor-widget-heading\" data-id=\"327b5a1\" data-element_type=\"widget\" data-e-type=\"widget\" data-widget_type=\"heading.default\">\n\t\t\t\t\t<h3 class=\"elementor-heading-title elementor-size-default\">Auto : \n\n\n<\/h3>\t\t\t\t<\/div>\n\t\t\t\t<div class=\"elementor-element elementor-element-e4be485 elementor-widget elementor-widget-text-editor\" data-id=\"e4be485\" data-element_type=\"widget\" data-e-type=\"widget\" data-widget_type=\"text-editor.default\">\n\t\t\t\t\t\t\t\t\t<p><strong>Metro A<\/strong>, Stop Perrache<br \/>8 minuten te voet<\/p>\t\t\t\t\t\t\t\t<\/div>\n\t\t\t\t<div class=\"elementor-element elementor-element-150a9f5 elementor-widget elementor-widget-heading\" data-id=\"150a9f5\" data-element_type=\"widget\" data-e-type=\"widget\" data-widget_type=\"heading.default\">\n\t\t\t\t\t<h3 class=\"elementor-heading-title elementor-size-default\">Vanaf luchthaven Saint-Exup\u00e9ry :\n\n\n<\/h3>\t\t\t\t<\/div>\n\t\t\t\t<div class=\"elementor-element elementor-element-fb50220 elementor-widget elementor-widget-text-editor\" data-id=\"fb50220\" data-element_type=\"widget\" data-e-type=\"widget\" data-widget_type=\"text-editor.default\">\n\t\t\t\t\t\t\t\t\t<div id=\"panel-3814-0-1-1\" class=\"so-panel widget widget_sow-editor widgetopts-SO\" data-index=\"5\"><div class=\"panel-widget-style panel-widget-style-for-3814-0-1-1\"><div class=\"so-widget-sow-editor so-widget-sow-editor-base\"><div class=\"siteorigin-widget-tinymce textwidget\"><div class=\"wpb_text_column has-custom-color wpex-child-inherit-color wpb_content_element\"><div class=\"wpb_wrapper\"><div><div class=\"wpb_column vc_column_container vc_col-sm-5\"><div class=\"vc_column-inner\"><div class=\"wpb_wrapper\"><div class=\"wpb_text_column has-custom-color wpex-child-inherit-color wpb_content_element\"><div class=\"wpb_wrapper\"><div class=\"info-contact\">Rh\u00f4n'Express, halte Part-Dieu<\/div><div class=\"info-contact\">+ Tram T1-T2, halte Sainte-Blandine<\/div><\/div><\/div><\/div><\/div><\/div><\/div><\/div><\/div><\/div><\/div><\/div><\/div><div id=\"panel-3814-0-1-2\" class=\"so-panel widget widget_sow-editor panel-last-child widgetopts-SO\" data-index=\"6\"><div class=\"panel-widget-style panel-widget-style-for-3814-0-1-2\"><div class=\"so-widget-sow-editor so-widget-sow-editor-base\"><div class=\"siteorigin-widget-tinymce textwidget\">\u00a0<\/div><\/div><\/div><\/div>\t\t\t\t\t\t\t\t<\/div>\n\t\t\t\t<\/div>\n\t\t\t\t<\/div>\n\t\t\t\t<\/div>\n\t\t\t\t<\/div>\n\t\t\t\t<\/div>","protected":false},"excerpt":{"rendered":"<p>DPO Forum Lyon 2024 13 Bis Quai Rambaud, 69002 Lyon, France 17 septembre 2024 : 8h30 &#8211; 16h30 H\u00f4tels Inscrivez-vous ici ! Un \u00e9v\u00e9nement en partenariat avec : Comment se rendre \u00e0 l&rsquo;Embarcad\u00e8re ? M\u00e9tro : Metro A, arr\u00eat Perrache\u00c0 8min \u00e0 pied Tram T1,\u00a0arr\u00eat Sainte-Blandine\u00c0 5min \u00e0 pied Bus : Bus 63 arr\u00eat Claudius [&hellip;]<\/p>\n","protected":false},"author":1,"featured_media":0,"parent":0,"menu_order":0,"comment_status":"closed","ping_status":"closed","template":"","meta":{"footnotes":""},"class_list":["post-1278","page","type-page","status-publish","hentry"],"_links":{"self":[{"href":"https:\/\/dpo-forum.eu\/nl\/wp-json\/wp\/v2\/pages\/1278","targetHints":{"allow":["GET"]}}],"collection":[{"href":"https:\/\/dpo-forum.eu\/nl\/wp-json\/wp\/v2\/pages"}],"about":[{"href":"https:\/\/dpo-forum.eu\/nl\/wp-json\/wp\/v2\/types\/page"}],"author":[{"embeddable":true,"href":"https:\/\/dpo-forum.eu\/nl\/wp-json\/wp\/v2\/users\/1"}],"replies":[{"embeddable":true,"href":"https:\/\/dpo-forum.eu\/nl\/wp-json\/wp\/v2\/comments?post=1278"}],"version-history":[{"count":7,"href":"https:\/\/dpo-forum.eu\/nl\/wp-json\/wp\/v2\/pages\/1278\/revisions"}],"predecessor-version":[{"id":1289,"href":"https:\/\/dpo-forum.eu\/nl\/wp-json\/wp\/v2\/pages\/1278\/revisions\/1289"}],"wp:attachment":[{"href":"https:\/\/dpo-forum.eu\/nl\/wp-json\/wp\/v2\/media?parent=1278"}],"curies":[{"name":"wp","href":"https:\/\/api.w.org\/{rel}","templated":true}]}}