{"id":1151,"date":"2026-02-03T11:32:04","date_gmt":"2026-02-03T10:32:04","guid":{"rendered":"https:\/\/angry-villani.57-128-39-62.plesk.page\/?page_id=1151"},"modified":"2026-02-03T11:44:14","modified_gmt":"2026-02-03T10:44:14","slug":"informations-pratiques-paris-2024","status":"publish","type":"page","link":"https:\/\/dpo-forum.eu\/nl\/informations-pratiques-paris-2024\/","title":{"rendered":"Informations Pratiques Paris 2024"},"content":{"rendered":"<div data-elementor-type=\"wp-page\" data-elementor-id=\"1151\" class=\"elementor elementor-1151\" data-elementor-post-type=\"page\">\n\t\t\t\t<div data-particle_enable=\"false\" data-particle-mobile-disabled=\"false\" class=\"elementor-element elementor-element-81bc08d e-flex e-con-boxed e-con e-parent\" data-id=\"81bc08d\" data-element_type=\"container\" data-e-type=\"container\" data-settings=\"{&quot;background_background&quot;:&quot;classic&quot;,&quot;background_motion_fx_motion_fx_mouse&quot;:&quot;yes&quot;,&quot;background_motion_fx_mouseTrack_effect&quot;:&quot;yes&quot;,&quot;background_motion_fx_mouseTrack_speed&quot;:{&quot;unit&quot;:&quot;px&quot;,&quot;size&quot;:1.6,&quot;sizes&quot;:[]}}\">\n\t\t\t\t\t<div class=\"e-con-inner\">\n\t\t\t\t<div class=\"elementor-element elementor-element-ae963ca elementor-widget elementor-widget-heading\" data-id=\"ae963ca\" data-element_type=\"widget\" data-e-type=\"widget\" data-widget_type=\"heading.default\">\n\t\t\t\t\t<h1 class=\"elementor-heading-title elementor-size-default\"><span class=\"hl-hero\">DPO-forum<\/span><\/h1>\t\t\t\t<\/div>\n\t\t\t\t<div class=\"elementor-element elementor-element-b2d106f elementor-widget elementor-widget-heading\" data-id=\"b2d106f\" data-element_type=\"widget\" data-e-type=\"widget\" data-widget_type=\"heading.default\">\n\t\t\t\t\t<h2 class=\"elementor-heading-title elementor-size-default\"><span class=\"hl-hero\">Parijs 2024<\/span><\/h2>\t\t\t\t<\/div>\n\t\t\t\t\t<\/div>\n\t\t\t\t<\/div>\n\t\t<div data-particle_enable=\"false\" data-particle-mobile-disabled=\"false\" class=\"elementor-element elementor-element-d392057 e-con-full e-flex e-con e-parent\" data-id=\"d392057\" data-element_type=\"container\" data-e-type=\"container\" data-settings=\"{&quot;background_background&quot;:&quot;classic&quot;}\">\n\t\t<div data-particle_enable=\"false\" data-particle-mobile-disabled=\"false\" class=\"elementor-element elementor-element-6d64234 e-con-full e-flex e-con e-child\" data-id=\"6d64234\" data-element_type=\"container\" data-e-type=\"container\" data-settings=\"{&quot;background_background&quot;:&quot;classic&quot;}\">\n\t\t<div data-particle_enable=\"false\" data-particle-mobile-disabled=\"false\" class=\"elementor-element elementor-element-8b1408d e-con-full e-flex e-con e-child\" data-id=\"8b1408d\" data-element_type=\"container\" data-e-type=\"container\">\n\t\t<div data-particle_enable=\"false\" data-particle-mobile-disabled=\"false\" class=\"elementor-element elementor-element-cd818ce e-con-full e-flex e-con e-child\" data-id=\"cd818ce\" data-element_type=\"container\" data-e-type=\"container\">\n\t\t\t\t<div class=\"elementor-element elementor-element-5659ce2 elementor-widget elementor-widget-image\" data-id=\"5659ce2\" data-element_type=\"widget\" data-e-type=\"widget\" data-widget_type=\"image.default\">\n\t\t\t\t\t\t\t\t\t\t\t\t\t\t\t<img fetchpriority=\"high\" decoding=\"async\" width=\"1000\" height=\"666\" src=\"https:\/\/dpo-forum.eu\/wp-content\/uploads\/salonsHoche.jpg\" class=\"attachment-large size-large wp-image-1147\" alt=\",\" srcset=\"https:\/\/dpo-forum.eu\/wp-content\/uploads\/salonsHoche.jpg 1000w, https:\/\/dpo-forum.eu\/wp-content\/uploads\/salonsHoche-768x511.jpg 768w\" sizes=\"(max-width: 1000px) 100vw, 1000px\" title=\"\">\t\t\t\t\t\t\t\t\t\t\t\t\t\t\t<\/div>\n\t\t\t\t<div class=\"elementor-element elementor-element-ea06ba3 elementor-widget elementor-widget-text-editor\" data-id=\"ea06ba3\" data-element_type=\"widget\" data-e-type=\"widget\" data-widget_type=\"text-editor.default\">\n\t\t\t\t\t\t\t\t\t<p>2 april 2024: 8.30 - 17.00 uur<\/p><p>Salons Hoches<\/p><p><a class=\"big-link\" href=\"https:\/\/www.google.com\/maps\/place\/Les+Salons+Hoche\/@48.8771364,2.3012832,16z\/data=!3m2!4b1!5s0x47e66fc08044ec5d:0x1362ac22ffaea763!4m6!3m5!1s0x47e66fbf80b950bb:0x7b4dfbfb9a86b6d0!8m2!3d48.8771329!4d2.3038581!16s%2Fg%2F1tdbdr62?entry=ttu&amp;g_ep=EgoyMDI2MDIwMS4wIKXMDSoKLDEwMDc5MjA3M0gBUAM%3D\" target=\"_blank\" rel=\"noopener\">\u00a09 Av. Hoche, 75008 Parijs<\/a><\/p>\t\t\t\t\t\t\t\t<\/div>\n\t\t\t\t<div class=\"elementor-element elementor-element-5530997 animated-slow elementor-invisible elementor-widget elementor-widget-button\" data-id=\"5530997\" data-element_type=\"widget\" data-e-type=\"widget\" data-settings=\"{&quot;_animation&quot;:&quot;zoomIn&quot;}\" data-widget_type=\"button.default\">\n\t\t\t\t\t\t\t\t\t\t<a class=\"elementor-button elementor-button-link elementor-size-sm\" href=\"https:\/\/dpoforum.zohobackstage.eu\/DPOForumFrance2024\" target=\"_blank\" rel=\"noopener\">\n\t\t\t\t\t\t<span class=\"elementor-button-content-wrapper\">\n\t\t\t\t\t\t\t\t\t<span class=\"elementor-button-text\">Meld je nu aan!<\/span>\n\t\t\t\t\t<\/span>\n\t\t\t\t\t<\/a>\n\t\t\t\t\t\t\t\t<\/div>\n\t\t<div data-particle_enable=\"false\" data-particle-mobile-disabled=\"false\" class=\"elementor-element elementor-element-98c338c e-con-full e-flex e-con e-child\" data-id=\"98c338c\" data-element_type=\"container\" data-e-type=\"container\">\n\t\t\t\t<div class=\"elementor-element elementor-element-cd22bcd elementor-widget elementor-widget-heading\" data-id=\"cd22bcd\" data-element_type=\"widget\" data-e-type=\"widget\" data-widget_type=\"heading.default\">\n\t\t\t\t\t<h3 class=\"elementor-heading-title elementor-size-default\">Perspartnerschap: <\/h3>\t\t\t\t<\/div>\n\t\t<div data-particle_enable=\"false\" data-particle-mobile-disabled=\"false\" class=\"elementor-element elementor-element-830e06a e-con-full e-flex e-con e-child\" data-id=\"830e06a\" data-element_type=\"container\" data-e-type=\"container\">\n\t\t<a data-particle_enable=\"false\" data-particle-mobile-disabled=\"false\" class=\"elementor-element elementor-element-a2e3b9d e-con-full e-flex e-con e-child\" data-id=\"a2e3b9d\" data-element_type=\"container\" data-e-type=\"container\" href=\"https:\/\/dcmag.fr\/\" target=\"_blank\" rel=\"noopener\">\n\t\t\t\t<div class=\"elementor-element elementor-element-6f7d88e elementor-widget__width-initial elementor-widget elementor-widget-image\" data-id=\"6f7d88e\" data-element_type=\"widget\" data-e-type=\"widget\" data-widget_type=\"image.default\">\n\t\t\t\t\t\t\t\t\t\t\t\t\t\t\t<img decoding=\"async\" width=\"1080\" height=\"1080\" src=\"https:\/\/dpo-forum.eu\/wp-content\/uploads\/DCMAG.png\" class=\"attachment-large size-large wp-image-805\" alt=\",\" srcset=\"https:\/\/dpo-forum.eu\/wp-content\/uploads\/DCMAG.png 1080w, https:\/\/dpo-forum.eu\/wp-content\/uploads\/DCMAG-600x600.png 600w, https:\/\/dpo-forum.eu\/wp-content\/uploads\/DCMAG-768x768.png 768w\" sizes=\"(max-width: 1080px) 100vw, 1080px\" title=\"\">\t\t\t\t\t\t\t\t\t\t\t\t\t\t\t<\/div>\n\t\t\t\t<\/a>\n\t\t<a data-particle_enable=\"false\" data-particle-mobile-disabled=\"false\" class=\"elementor-element elementor-element-e29b352 e-con-full e-flex e-con e-child\" data-id=\"e29b352\" data-element_type=\"container\" data-e-type=\"container\" href=\"https:\/\/www.solutions-magazine.com\/\" target=\"_blank\" rel=\"noopener\">\n\t\t\t\t<div class=\"elementor-element elementor-element-265dee2 elementor-widget__width-initial elementor-widget elementor-widget-image\" data-id=\"265dee2\" data-element_type=\"widget\" data-e-type=\"widget\" data-widget_type=\"image.default\">\n\t\t\t\t\t\t\t\t\t\t\t\t\t\t\t<img decoding=\"async\" width=\"1080\" height=\"1080\" src=\"https:\/\/dpo-forum.eu\/wp-content\/uploads\/SULTIONSMAG.png\" class=\"attachment-large size-large wp-image-936\" alt=\",\" srcset=\"https:\/\/dpo-forum.eu\/wp-content\/uploads\/SULTIONSMAG.png 1080w, https:\/\/dpo-forum.eu\/wp-content\/uploads\/SULTIONSMAG-600x600.png 600w, https:\/\/dpo-forum.eu\/wp-content\/uploads\/SULTIONSMAG-768x768.png 768w\" sizes=\"(max-width: 1080px) 100vw, 1080px\" title=\"\">\t\t\t\t\t\t\t\t\t\t\t\t\t\t\t<\/div>\n\t\t\t\t<\/a>\n\t\t<a data-particle_enable=\"false\" data-particle-mobile-disabled=\"false\" class=\"elementor-element elementor-element-3efdd38 e-con-full e-flex e-con e-child\" data-id=\"3efdd38\" data-element_type=\"container\" data-e-type=\"container\" href=\"https:\/\/www.globalsecuritymag.fr\/\" target=\"_blank\" rel=\"noopener\">\n\t\t\t\t<div class=\"elementor-element elementor-element-a019859 elementor-widget__width-initial elementor-widget elementor-widget-image\" data-id=\"a019859\" data-element_type=\"widget\" data-e-type=\"widget\" data-widget_type=\"image.default\">\n\t\t\t\t\t\t\t\t\t\t\t\t\t\t\t<img loading=\"lazy\" decoding=\"async\" width=\"1080\" height=\"1080\" src=\"https:\/\/dpo-forum.eu\/wp-content\/uploads\/Globalsecumag.png\" class=\"attachment-large size-large wp-image-938\" alt=\",\" srcset=\"https:\/\/dpo-forum.eu\/wp-content\/uploads\/Globalsecumag.png 1080w, https:\/\/dpo-forum.eu\/wp-content\/uploads\/Globalsecumag-600x600.png 600w, https:\/\/dpo-forum.eu\/wp-content\/uploads\/Globalsecumag-768x768.png 768w\" sizes=\"(max-width: 1080px) 100vw, 1080px\" title=\"\">\t\t\t\t\t\t\t\t\t\t\t\t\t\t\t<\/div>\n\t\t\t\t<\/a>\n\t\t\t\t<\/div>\n\t\t\t\t<\/div>\n\t\t\t\t<\/div>\n\t\t<div data-particle_enable=\"false\" data-particle-mobile-disabled=\"false\" class=\"elementor-element elementor-element-06fff82 e-con-full e-flex e-con e-child\" data-id=\"06fff82\" data-element_type=\"container\" data-e-type=\"container\">\n\t\t\t\t<div class=\"elementor-element elementor-element-d9e439b elementor-widget__width-initial elementor-widget elementor-widget-image\" data-id=\"d9e439b\" data-element_type=\"widget\" data-e-type=\"widget\" data-widget_type=\"image.default\">\n\t\t\t\t\t\t\t\t\t\t\t\t\t\t\t\t<a href=\"https:\/\/www.hotelnivellessud.be\/\" target=\"_blank\" rel=\"noopener\">\n\t\t\t\t\t\t\t<img loading=\"lazy\" decoding=\"async\" width=\"497\" height=\"495\" src=\"https:\/\/dpo-forum.eu\/wp-content\/uploads\/logo-salonshoche.png\" class=\"attachment-large size-large wp-image-1153\" alt=\",\" title=\"\">\t\t\t\t\t\t\t\t<\/a>\n\t\t\t\t\t\t\t\t\t\t\t\t\t\t\t<\/div>\n\t\t\t\t<div class=\"elementor-element elementor-element-52a22b0 elementor-widget elementor-widget-heading\" data-id=\"52a22b0\" data-element_type=\"widget\" data-e-type=\"widget\" data-widget_type=\"heading.default\">\n\t\t\t\t\t<h2 class=\"elementor-heading-title elementor-size-default\">Hoe kom ik bij de Salons Hoche?<\/h2>\t\t\t\t<\/div>\n\t\t\t\t<div class=\"elementor-element elementor-element-e2eee0a elementor-widget elementor-widget-heading\" data-id=\"e2eee0a\" data-element_type=\"widget\" data-e-type=\"widget\" data-widget_type=\"heading.default\">\n\t\t\t\t\t<h3 class=\"elementor-heading-title elementor-size-default\">Vanaf de luchthaven :\n\n<\/h3>\t\t\t\t<\/div>\n\t\t\t\t<div class=\"elementor-element elementor-element-1ce3b6f elementor-widget elementor-widget-text-editor\" data-id=\"1ce3b6f\" data-element_type=\"widget\" data-e-type=\"widget\" data-widget_type=\"text-editor.default\">\n\t\t\t\t\t\t\t\t\t<p><strong data-start=\"158\" data-end=\"192\">Roissy Charles de Gaulle (CDG)<\/strong><br data-start=\"363\" data-end=\"366\" \/><strong data-start=\"198\" data-end=\"212\">Orly (ORY)<\/strong><\/p>\t\t\t\t\t\t\t\t<\/div>\n\t\t\t\t<div class=\"elementor-element elementor-element-48ea6f9 elementor-widget elementor-widget-heading\" data-id=\"48ea6f9\" data-element_type=\"widget\" data-e-type=\"widget\" data-widget_type=\"heading.default\">\n\t\t\t\t\t<h3 class=\"elementor-heading-title elementor-size-default\">Met de metro:\n\n\n<\/h3>\t\t\t\t<\/div>\n\t\t\t\t<div class=\"elementor-element elementor-element-26bc2e2 elementor-widget elementor-widget-text-editor\" data-id=\"26bc2e2\" data-element_type=\"widget\" data-e-type=\"widget\" data-widget_type=\"text-editor.default\">\n\t\t\t\t\t\t\t\t\t<p>Charles de Gaulle \u00c9toile (Lijnen 1\/2\/6)<\/p><p>Courcelles (Lijn 12)<\/p><p>Ternes (Lijn 2)<\/p>\t\t\t\t\t\t\t\t<\/div>\n\t\t\t\t<div class=\"elementor-element elementor-element-5207d09 elementor-widget elementor-widget-heading\" data-id=\"5207d09\" data-element_type=\"widget\" data-e-type=\"widget\" data-widget_type=\"heading.default\">\n\t\t\t\t\t<h3 class=\"elementor-heading-title elementor-size-default\">Met RER:\n\n\n<\/h3>\t\t\t\t<\/div>\n\t\t\t\t<div class=\"elementor-element elementor-element-e655657 elementor-widget elementor-widget-text-editor\" data-id=\"e655657\" data-element_type=\"widget\" data-e-type=\"widget\" data-widget_type=\"text-editor.default\">\n\t\t\t\t\t\t\t\t\t<p>Charles de Gaulle \u00c9toile (RER A)<\/p>\t\t\t\t\t\t\t\t<\/div>\n\t\t\t\t<div class=\"elementor-element elementor-element-da63428 elementor-widget elementor-widget-heading\" data-id=\"da63428\" data-element_type=\"widget\" data-e-type=\"widget\" data-widget_type=\"heading.default\">\n\t\t\t\t\t<h3 class=\"elementor-heading-title elementor-size-default\">Met de bus :\n\n\n<\/h3>\t\t\t\t<\/div>\n\t\t\t\t<div class=\"elementor-element elementor-element-132ae83 elementor-widget elementor-widget-text-editor\" data-id=\"132ae83\" data-element_type=\"widget\" data-e-type=\"widget\" data-widget_type=\"text-editor.default\">\n\t\t\t\t\t\t\t\t\t<p>Halte Hoche (Bus 31)<\/p><p>Halte Hoche-Saint-Honor\u00e9 (Bus 43\/93)<\/p>\t\t\t\t\t\t\t\t<\/div>\n\t\t\t\t<div class=\"elementor-element elementor-element-4c8fd22 elementor-widget elementor-widget-heading\" data-id=\"4c8fd22\" data-element_type=\"widget\" data-e-type=\"widget\" data-widget_type=\"heading.default\">\n\t\t\t\t\t<h3 class=\"elementor-heading-title elementor-size-default\">Openbare parkeerplaatsen in de buurt :\n\n\n<\/h3>\t\t\t\t<\/div>\n\t\t\t\t<div class=\"elementor-element elementor-element-d309131 elementor-widget elementor-widget-text-editor\" data-id=\"d309131\" data-element_type=\"widget\" data-e-type=\"widget\" data-widget_type=\"text-editor.default\">\n\t\t\t\t\t\t\t\t\t<p data-start=\"414\" data-end=\"519\"><strong>Hoche &amp; Saint-Honor\u00e9<\/strong><\/p>\t\t\t\t\t\t\t\t<\/div>\n\t\t\t\t<\/div>\n\t\t\t\t<\/div>\n\t\t\t\t<\/div>\n\t\t\t\t<\/div>\n\t\t\t\t<\/div>","protected":false},"excerpt":{"rendered":"<p>DPO Forum Paris 2024 2 avril 2024 : 8h30 &#8211; 17h00 Salons Hoches \u00a09 Av. Hoche, 75008 Paris Inscrivez-vous ! Partenariat presse : Comment se rendre au Salons Hoche ? Depuis l&rsquo;a\u00e9roport : Roissy Charles de Gaulle (CDG)Orly (ORY) En m\u00e9tro : Charles de Gaulle \u00c9toile (Lignes 1\/2\/6) Courcelles (Lignes 12) Ternes (Ligne2) En RER: [&hellip;]<\/p>\n","protected":false},"author":1,"featured_media":0,"parent":0,"menu_order":0,"comment_status":"closed","ping_status":"closed","template":"","meta":{"footnotes":""},"class_list":["post-1151","page","type-page","status-publish","hentry"],"_links":{"self":[{"href":"https:\/\/dpo-forum.eu\/nl\/wp-json\/wp\/v2\/pages\/1151","targetHints":{"allow":["GET"]}}],"collection":[{"href":"https:\/\/dpo-forum.eu\/nl\/wp-json\/wp\/v2\/pages"}],"about":[{"href":"https:\/\/dpo-forum.eu\/nl\/wp-json\/wp\/v2\/types\/page"}],"author":[{"embeddable":true,"href":"https:\/\/dpo-forum.eu\/nl\/wp-json\/wp\/v2\/users\/1"}],"replies":[{"embeddable":true,"href":"https:\/\/dpo-forum.eu\/nl\/wp-json\/wp\/v2\/comments?post=1151"}],"version-history":[{"count":4,"href":"https:\/\/dpo-forum.eu\/nl\/wp-json\/wp\/v2\/pages\/1151\/revisions"}],"predecessor-version":[{"id":1157,"href":"https:\/\/dpo-forum.eu\/nl\/wp-json\/wp\/v2\/pages\/1151\/revisions\/1157"}],"wp:attachment":[{"href":"https:\/\/dpo-forum.eu\/nl\/wp-json\/wp\/v2\/media?parent=1151"}],"curies":[{"name":"wp","href":"https:\/\/api.w.org\/{rel}","templated":true}]}}