{"id":1091,"date":"2026-02-03T09:54:02","date_gmt":"2026-02-03T08:54:02","guid":{"rendered":"https:\/\/angry-villani.57-128-39-62.plesk.page\/?page_id=1091"},"modified":"2026-02-03T10:02:32","modified_gmt":"2026-02-03T09:02:32","slug":"informations-pratiques-paris-2025","status":"publish","type":"page","link":"https:\/\/dpo-forum.eu\/nl\/informations-pratiques-paris-2025\/","title":{"rendered":"Informations Pratiques Paris 2025"},"content":{"rendered":"<div data-elementor-type=\"wp-page\" data-elementor-id=\"1091\" class=\"elementor elementor-1091\" data-elementor-post-type=\"page\">\n\t\t\t\t<div data-particle_enable=\"false\" data-particle-mobile-disabled=\"false\" class=\"elementor-element elementor-element-11bc12e e-flex e-con-boxed e-con e-parent\" data-id=\"11bc12e\" data-element_type=\"container\" data-e-type=\"container\" data-settings=\"{&quot;background_background&quot;:&quot;classic&quot;,&quot;background_motion_fx_motion_fx_mouse&quot;:&quot;yes&quot;,&quot;background_motion_fx_mouseTrack_effect&quot;:&quot;yes&quot;,&quot;background_motion_fx_mouseTrack_speed&quot;:{&quot;unit&quot;:&quot;px&quot;,&quot;size&quot;:1.6,&quot;sizes&quot;:[]}}\">\n\t\t\t\t\t<div class=\"e-con-inner\">\n\t\t\t\t<div class=\"elementor-element elementor-element-07480aa elementor-widget elementor-widget-heading\" data-id=\"07480aa\" data-element_type=\"widget\" data-e-type=\"widget\" data-widget_type=\"heading.default\">\n\t\t\t\t\t<h1 class=\"elementor-heading-title elementor-size-default\"><span class=\"hl-hero\">DPO-forum<\/span><\/h1>\t\t\t\t<\/div>\n\t\t\t\t<div class=\"elementor-element elementor-element-0786d1e elementor-widget elementor-widget-heading\" data-id=\"0786d1e\" data-element_type=\"widget\" data-e-type=\"widget\" data-widget_type=\"heading.default\">\n\t\t\t\t\t<h2 class=\"elementor-heading-title elementor-size-default\"><span class=\"hl-hero\">Parijs 2025<\/span><\/h2>\t\t\t\t<\/div>\n\t\t\t\t\t<\/div>\n\t\t\t\t<\/div>\n\t\t<div data-particle_enable=\"false\" data-particle-mobile-disabled=\"false\" class=\"elementor-element elementor-element-0e644ba e-con-full e-flex e-con e-parent\" data-id=\"0e644ba\" data-element_type=\"container\" data-e-type=\"container\" data-settings=\"{&quot;background_background&quot;:&quot;classic&quot;}\">\n\t\t<div data-particle_enable=\"false\" data-particle-mobile-disabled=\"false\" class=\"elementor-element elementor-element-e94ec1f e-con-full e-flex e-con e-child\" data-id=\"e94ec1f\" data-element_type=\"container\" data-e-type=\"container\" data-settings=\"{&quot;background_background&quot;:&quot;classic&quot;}\">\n\t\t<div data-particle_enable=\"false\" data-particle-mobile-disabled=\"false\" class=\"elementor-element elementor-element-94a9ba7 e-con-full e-flex e-con e-child\" data-id=\"94a9ba7\" data-element_type=\"container\" data-e-type=\"container\">\n\t\t<div data-particle_enable=\"false\" data-particle-mobile-disabled=\"false\" class=\"elementor-element elementor-element-2801aef e-con-full e-flex e-con e-child\" data-id=\"2801aef\" data-element_type=\"container\" data-e-type=\"container\">\n\t\t\t\t<div class=\"elementor-element elementor-element-d9bf029 elementor-widget elementor-widget-image\" data-id=\"d9bf029\" data-element_type=\"widget\" data-e-type=\"widget\" data-widget_type=\"image.default\">\n\t\t\t\t\t\t\t\t\t\t\t\t\t\t\t<img fetchpriority=\"high\" decoding=\"async\" width=\"800\" height=\"600\" src=\"https:\/\/dpo-forum.eu\/wp-content\/uploads\/maison-chimie-olevene-organisation-822975916.jpg\" class=\"attachment-large size-large wp-image-1083\" alt=\",\" srcset=\"https:\/\/dpo-forum.eu\/wp-content\/uploads\/maison-chimie-olevene-organisation-822975916.jpg 800w, https:\/\/dpo-forum.eu\/wp-content\/uploads\/maison-chimie-olevene-organisation-822975916-768x576.jpg 768w\" sizes=\"(max-width: 800px) 100vw, 800px\" title=\"\">\t\t\t\t\t\t\t\t\t\t\t\t\t\t\t<\/div>\n\t\t\t\t<div class=\"elementor-element elementor-element-face27e elementor-widget elementor-widget-text-editor\" data-id=\"face27e\" data-element_type=\"widget\" data-e-type=\"widget\" data-widget_type=\"text-editor.default\">\n\t\t\t\t\t\t\t\t\t<p>6 mei 2025: 8.30 - 16.00 uur<\/p><p><a tabindex=\"0\" href=\"https:\/\/www.google.com\/maps\/place\/\/data=!4m2!3m1!1s0x47e66fd4261c67fb:0xe73bf77cd1fda826?sa=X&amp;ved=1t:8290&amp;ictx=111\" target=\"_blank\" rel=\"noopener\" data-url=\"\/maps\/place\/\/data=!4m2!3m1!1s0x47e66fd4261c67fb:0xe73bf77cd1fda826?sa=X&amp;ved=2ahUKEwiJt67j68yLAxX3RKQEHepiFxIQ4kB6BAgEEAA\">28 Rue Saint-Dominique, 75007 Parijs, Frankrijk<\/a><\/p>\t\t\t\t\t\t\t\t<\/div>\n\t\t\t\t<div class=\"elementor-element elementor-element-f0d7984 animated-slow elementor-invisible elementor-widget elementor-widget-button\" data-id=\"f0d7984\" data-element_type=\"widget\" data-e-type=\"widget\" data-settings=\"{&quot;_animation&quot;:&quot;zoomIn&quot;}\" data-widget_type=\"button.default\">\n\t\t\t\t\t\t\t\t\t\t<a class=\"elementor-button elementor-button-link elementor-size-sm\" href=\"https:\/\/www.eventbrite.fr\/e\/billets-dpo-forum-paris-1253059718349?aff=oddtdtcreator\" target=\"_blank\" rel=\"noopener\">\n\t\t\t\t\t\t<span class=\"elementor-button-content-wrapper\">\n\t\t\t\t\t\t\t\t\t<span class=\"elementor-button-text\">Meld je nu aan!<\/span>\n\t\t\t\t\t<\/span>\n\t\t\t\t\t<\/a>\n\t\t\t\t\t\t\t\t<\/div>\n\t\t\t\t<div class=\"elementor-element elementor-element-ae7d38e elementor-widget elementor-widget-image\" data-id=\"ae7d38e\" data-element_type=\"widget\" data-e-type=\"widget\" data-widget_type=\"image.default\">\n\t\t\t\t\t\t\t\t\t\t\t\t\t\t\t<img decoding=\"async\" width=\"800\" height=\"274\" src=\"https:\/\/dpo-forum.eu\/wp-content\/uploads\/logo_fondation_MdC_500.png\" class=\"attachment-large size-large wp-image-1100\" alt=\",\" srcset=\"https:\/\/dpo-forum.eu\/wp-content\/uploads\/logo_fondation_MdC_500.png 800w, https:\/\/dpo-forum.eu\/wp-content\/uploads\/logo_fondation_MdC_500-768x263.png 768w\" sizes=\"(max-width: 800px) 100vw, 800px\" title=\"\">\t\t\t\t\t\t\t\t\t\t\t\t\t\t\t<\/div>\n\t\t\t\t<\/div>\n\t\t<div data-particle_enable=\"false\" data-particle-mobile-disabled=\"false\" class=\"elementor-element elementor-element-ef2dbe0 e-con-full e-flex e-con e-child\" data-id=\"ef2dbe0\" data-element_type=\"container\" data-e-type=\"container\">\n\t\t\t\t<div class=\"elementor-element elementor-element-b26eb29 elementor-widget elementor-widget-image\" data-id=\"b26eb29\" data-element_type=\"widget\" data-e-type=\"widget\" data-widget_type=\"image.default\">\n\t\t\t\t\t\t\t\t\t\t\t\t\t\t\t\t<a href=\"https:\/\/www.hotelnivellessud.be\/\" target=\"_blank\" rel=\"noopener\">\n\t\t\t\t\t\t\t<img decoding=\"async\" width=\"900\" height=\"600\" src=\"https:\/\/dpo-forum.eu\/wp-content\/uploads\/maison-chimie-olevene-event.jpg\" class=\"attachment-large size-large wp-image-1093\" alt=\",\" srcset=\"https:\/\/dpo-forum.eu\/wp-content\/uploads\/maison-chimie-olevene-event.jpg 900w, https:\/\/dpo-forum.eu\/wp-content\/uploads\/maison-chimie-olevene-event-768x512.jpg 768w\" sizes=\"(max-width: 900px) 100vw, 900px\" title=\"\">\t\t\t\t\t\t\t\t<\/a>\n\t\t\t\t\t\t\t\t\t\t\t\t\t\t\t<\/div>\n\t\t\t\t<div class=\"elementor-element elementor-element-5d93d2f elementor-widget elementor-widget-heading\" data-id=\"5d93d2f\" data-element_type=\"widget\" data-e-type=\"widget\" data-widget_type=\"heading.default\">\n\t\t\t\t\t<h2 class=\"elementor-heading-title elementor-size-default\">Hoe kom ik bij het Maison de la Chimie?<\/h2>\t\t\t\t<\/div>\n\t\t\t\t<div class=\"elementor-element elementor-element-985dfc2 elementor-widget elementor-widget-heading\" data-id=\"985dfc2\" data-element_type=\"widget\" data-e-type=\"widget\" data-widget_type=\"heading.default\">\n\t\t\t\t\t<h3 class=\"elementor-heading-title elementor-size-default\">Vanaf de luchthaven :\n\n<\/h3>\t\t\t\t<\/div>\n\t\t\t\t<div class=\"elementor-element elementor-element-3b9157f elementor-widget elementor-widget-text-editor\" data-id=\"3b9157f\" data-element_type=\"widget\" data-e-type=\"widget\" data-widget_type=\"text-editor.default\">\n\t\t\t\t\t\t\t\t\t<p><strong data-start=\"158\" data-end=\"192\">Roissy Charles de Gaulle (CDG)<\/strong><br data-start=\"363\" data-end=\"366\" \/><strong data-start=\"198\" data-end=\"212\">Orly (ORY)<\/strong><\/p>\t\t\t\t\t\t\t\t<\/div>\n\t\t\t\t<div class=\"elementor-element elementor-element-92302fd elementor-widget elementor-widget-heading\" data-id=\"92302fd\" data-element_type=\"widget\" data-e-type=\"widget\" data-widget_type=\"heading.default\">\n\t\t\t\t\t<h3 class=\"elementor-heading-title elementor-size-default\">Met de metro:\n\n\n<\/h3>\t\t\t\t<\/div>\n\t\t\t\t<div class=\"elementor-element elementor-element-420097a elementor-widget elementor-widget-text-editor\" data-id=\"420097a\" data-element_type=\"widget\" data-e-type=\"widget\" data-widget_type=\"text-editor.default\">\n\t\t\t\t\t\t\t\t\t<p data-start=\"414\" data-end=\"519\"><strong data-start=\"465\" data-end=\"494\">Invalides (Lijnen 8 &amp; 13)<\/strong>\u00a0- 5 minuten te voet<\/p><p data-start=\"462\" data-end=\"574\"><strong data-start=\"519\" data-end=\"553\">Assembl\u00e9e Nationale (Lijn 12)<\/strong>\u00a0- 7 minuten te voet<\/p>\t\t\t\t\t\t\t\t<\/div>\n\t\t\t\t<div class=\"elementor-element elementor-element-bdaefcf elementor-widget elementor-widget-heading\" data-id=\"bdaefcf\" data-element_type=\"widget\" data-e-type=\"widget\" data-widget_type=\"heading.default\">\n\t\t\t\t\t<h3 class=\"elementor-heading-title elementor-size-default\">Met RER:\n\n\n<\/h3>\t\t\t\t<\/div>\n\t\t\t\t<div class=\"elementor-element elementor-element-0227362 elementor-widget elementor-widget-text-editor\" data-id=\"0227362\" data-element_type=\"widget\" data-e-type=\"widget\" data-widget_type=\"text-editor.default\">\n\t\t\t\t\t\t\t\t\t<p data-start=\"414\" data-end=\"519\"><strong data-start=\"603\" data-end=\"624\">Invalides (RER C)<\/strong>\u00a0- 5 minuten te voet<\/p>\t\t\t\t\t\t\t\t<\/div>\n\t\t\t\t<div class=\"elementor-element elementor-element-61e4f04 elementor-widget elementor-widget-heading\" data-id=\"61e4f04\" data-element_type=\"widget\" data-e-type=\"widget\" data-widget_type=\"heading.default\">\n\t\t\t\t\t<h3 class=\"elementor-heading-title elementor-size-default\">Met de bus :\n\n\n<\/h3>\t\t\t\t<\/div>\n\t\t\t\t<div class=\"elementor-element elementor-element-c4d390a elementor-widget elementor-widget-text-editor\" data-id=\"c4d390a\" data-element_type=\"widget\" data-e-type=\"widget\" data-widget_type=\"text-editor.default\">\n\t\t\t\t\t\t\t\t\t<p data-start=\"414\" data-end=\"519\"><strong data-start=\"674\" data-end=\"712\">Halte \u00abInvalides\u00bb (Bus 63, 83, 93)<\/strong><\/p><p data-start=\"462\" data-end=\"574\"><strong data-start=\"718\" data-end=\"770\">Halte \u00abAssembl\u00e9e Nationale\u00bb (Bus 24, 73, 84, 94)<\/strong><\/p>\t\t\t\t\t\t\t\t<\/div>\n\t\t\t\t<div class=\"elementor-element elementor-element-976b827 elementor-widget elementor-widget-heading\" data-id=\"976b827\" data-element_type=\"widget\" data-e-type=\"widget\" data-widget_type=\"heading.default\">\n\t\t\t\t\t<h3 class=\"elementor-heading-title elementor-size-default\">Openbare parkeerplaatsen in de buurt :\n\n\n<\/h3>\t\t\t\t<\/div>\n\t\t\t\t<div class=\"elementor-element elementor-element-164d0e0 elementor-widget elementor-widget-text-editor\" data-id=\"164d0e0\" data-element_type=\"widget\" data-e-type=\"widget\" data-widget_type=\"text-editor.default\">\n\t\t\t\t\t\t\t\t\t<p data-start=\"414\" data-end=\"519\"><strong data-start=\"824\" data-end=\"845\">Parkeren Invalides<\/strong>\u00a0(23 Rue de Constantine, 75007 Parijs)<\/p><p data-start=\"414\" data-end=\"519\"><strong data-start=\"889\" data-end=\"917\">Parkeergarage Bac Montalembert<\/strong>\u00a0(9 Rue Montalembert, 75007 Parijs)<\/p>\t\t\t\t\t\t\t\t<\/div>\n\t\t\t\t<\/div>\n\t\t\t\t<\/div>\n\t\t\t\t<\/div>\n\t\t\t\t<\/div>\n\t\t\t\t<\/div>","protected":false},"excerpt":{"rendered":"<p>DPO Forum Paris 2025 6 mai 2025 : 8h30 &#8211; 16h00 28 Rue Saint-Dominique, 75007 Paris, France Inscrivez-vous ! Comment se rendre \u00e0 la Maison de la Chimie ? Depuis l&rsquo;a\u00e9roport : Roissy Charles de Gaulle (CDG)Orly (ORY) En m\u00e9tro : Invalides (Lignes 8 &amp; 13)\u00a0\u2013 5 minutes \u00e0 pied Assembl\u00e9e Nationale (Ligne 12)\u00a0\u2013 7 [&hellip;]<\/p>\n","protected":false},"author":1,"featured_media":0,"parent":0,"menu_order":0,"comment_status":"closed","ping_status":"closed","template":"","meta":{"footnotes":""},"class_list":["post-1091","page","type-page","status-publish","hentry"],"_links":{"self":[{"href":"https:\/\/dpo-forum.eu\/nl\/wp-json\/wp\/v2\/pages\/1091","targetHints":{"allow":["GET"]}}],"collection":[{"href":"https:\/\/dpo-forum.eu\/nl\/wp-json\/wp\/v2\/pages"}],"about":[{"href":"https:\/\/dpo-forum.eu\/nl\/wp-json\/wp\/v2\/types\/page"}],"author":[{"embeddable":true,"href":"https:\/\/dpo-forum.eu\/nl\/wp-json\/wp\/v2\/users\/1"}],"replies":[{"embeddable":true,"href":"https:\/\/dpo-forum.eu\/nl\/wp-json\/wp\/v2\/comments?post=1091"}],"version-history":[{"count":4,"href":"https:\/\/dpo-forum.eu\/nl\/wp-json\/wp\/v2\/pages\/1091\/revisions"}],"predecessor-version":[{"id":1103,"href":"https:\/\/dpo-forum.eu\/nl\/wp-json\/wp\/v2\/pages\/1091\/revisions\/1103"}],"wp:attachment":[{"href":"https:\/\/dpo-forum.eu\/nl\/wp-json\/wp\/v2\/media?parent=1091"}],"curies":[{"name":"wp","href":"https:\/\/api.w.org\/{rel}","templated":true}]}}