{"id":896,"date":"2026-02-02T14:19:06","date_gmt":"2026-02-02T13:19:06","guid":{"rendered":"https:\/\/angry-villani.57-128-39-62.plesk.page\/?page_id=896"},"modified":"2026-02-02T14:34:09","modified_gmt":"2026-02-02T13:34:09","slug":"informations-pratiques-nivelles","status":"publish","type":"page","link":"https:\/\/dpo-forum.eu\/en\/informations-pratiques-nivelles\/","title":{"rendered":"Informations Pratiques Nivelles"},"content":{"rendered":"<div data-elementor-type=\"wp-page\" data-elementor-id=\"896\" class=\"elementor elementor-896\" data-elementor-post-type=\"page\">\n\t\t\t\t<div data-particle_enable=\"false\" data-particle-mobile-disabled=\"false\" class=\"elementor-element elementor-element-6291aac e-flex e-con-boxed e-con e-parent\" data-id=\"6291aac\" data-element_type=\"container\" data-e-type=\"container\" data-settings=\"{&quot;background_background&quot;:&quot;classic&quot;,&quot;background_motion_fx_motion_fx_mouse&quot;:&quot;yes&quot;,&quot;background_motion_fx_mouseTrack_effect&quot;:&quot;yes&quot;,&quot;background_motion_fx_mouseTrack_speed&quot;:{&quot;unit&quot;:&quot;px&quot;,&quot;size&quot;:1.6,&quot;sizes&quot;:[]}}\">\n\t\t\t\t\t<div class=\"e-con-inner\">\n\t\t\t\t<div class=\"elementor-element elementor-element-9b7f8fc elementor-widget elementor-widget-heading\" data-id=\"9b7f8fc\" data-element_type=\"widget\" data-e-type=\"widget\" data-widget_type=\"heading.default\">\n\t\t\t\t\t<h1 class=\"elementor-heading-title elementor-size-default\"><span class=\"hl-hero\">DPO Forum<\/span><\/h1>\t\t\t\t<\/div>\n\t\t\t\t<div class=\"elementor-element elementor-element-0fde657 elementor-widget elementor-widget-heading\" data-id=\"0fde657\" data-element_type=\"widget\" data-e-type=\"widget\" data-widget_type=\"heading.default\">\n\t\t\t\t\t<h2 class=\"elementor-heading-title elementor-size-default\"><span class=\"hl-hero\">Nivelles 2024<\/span><\/h2>\t\t\t\t<\/div>\n\t\t\t\t\t<\/div>\n\t\t\t\t<\/div>\n\t\t<div data-particle_enable=\"false\" data-particle-mobile-disabled=\"false\" class=\"elementor-element elementor-element-f48b40b e-con-full e-flex e-con e-parent\" data-id=\"f48b40b\" data-element_type=\"container\" data-e-type=\"container\" data-settings=\"{&quot;background_background&quot;:&quot;classic&quot;}\">\n\t\t<div data-particle_enable=\"false\" data-particle-mobile-disabled=\"false\" class=\"elementor-element elementor-element-f299e0b e-con-full e-flex e-con e-child\" data-id=\"f299e0b\" data-element_type=\"container\" data-e-type=\"container\" data-settings=\"{&quot;background_background&quot;:&quot;classic&quot;}\">\n\t\t<div data-particle_enable=\"false\" data-particle-mobile-disabled=\"false\" class=\"elementor-element elementor-element-5d39ec5 e-con-full e-flex e-con e-child\" data-id=\"5d39ec5\" data-element_type=\"container\" data-e-type=\"container\">\n\t\t<div data-particle_enable=\"false\" data-particle-mobile-disabled=\"false\" class=\"elementor-element elementor-element-9229d31 e-con-full e-flex e-con e-child\" data-id=\"9229d31\" data-element_type=\"container\" data-e-type=\"container\">\n\t\t\t\t<div class=\"elementor-element elementor-element-5a9a246 elementor-widget elementor-widget-image\" data-id=\"5a9a246\" data-element_type=\"widget\" data-e-type=\"widget\" data-widget_type=\"image.default\">\n\t\t\t\t\t\t\t\t\t\t\t\t\t\t\t<img fetchpriority=\"high\" decoding=\"async\" width=\"1000\" height=\"666\" src=\"https:\/\/dpo-forum.eu\/wp-content\/uploads\/vandervalk-hotel-nivelles-sud.jpg\" class=\"attachment-large size-large wp-image-688\" alt=\",\" srcset=\"https:\/\/dpo-forum.eu\/wp-content\/uploads\/vandervalk-hotel-nivelles-sud.jpg 1000w, https:\/\/dpo-forum.eu\/wp-content\/uploads\/vandervalk-hotel-nivelles-sud-768x511.jpg 768w\" sizes=\"(max-width: 1000px) 100vw, 1000px\" title=\"\">\t\t\t\t\t\t\t\t\t\t\t\t\t\t\t<\/div>\n\t\t\t\t<div class=\"elementor-element elementor-element-2b5c337 elementor-widget elementor-widget-text-editor\" data-id=\"2b5c337\" data-element_type=\"widget\" data-e-type=\"widget\" data-widget_type=\"text-editor.default\">\n\t\t\t\t\t\t\t\t\t<p>October 3, 2024 to <a class=\"big-link\" href=\"https:\/\/www.hotelnivellessud.be\/index.cfm?gad_source=1&amp;gclid=CjwKCAiA1-6sBhAoEiwArqlGPoWlnlzHCVnKlciYqYtCEx5eeqVAmKNDWCXKkmXqaGJKmR4PpP3bnBoCgHIQAvD_BwE\" target=\"_blank\" rel=\"noopener\">Van der Valk Hotel Nivelles-Sud<\/a><\/p>\t\t\t\t\t\t\t\t<\/div>\n\t\t\t\t<div class=\"elementor-element elementor-element-4f0ab7c animated-slow elementor-invisible elementor-widget elementor-widget-button\" data-id=\"4f0ab7c\" data-element_type=\"widget\" data-e-type=\"widget\" data-settings=\"{&quot;_animation&quot;:&quot;zoomIn&quot;}\" data-widget_type=\"button.default\">\n\t\t\t\t\t\t\t\t\t\t<a class=\"elementor-button elementor-button-link elementor-size-sm\" href=\"https:\/\/mcevent.mark-com.com\/DPOForumBelgique2024\" target=\"_blank\" rel=\"noopener\">\n\t\t\t\t\t\t<span class=\"elementor-button-content-wrapper\">\n\t\t\t\t\t\t\t\t\t<span class=\"elementor-button-text\">Sign up now!<\/span>\n\t\t\t\t\t<\/span>\n\t\t\t\t\t<\/a>\n\t\t\t\t\t\t\t\t<\/div>\n\t\t<div data-particle_enable=\"false\" data-particle-mobile-disabled=\"false\" class=\"elementor-element elementor-element-c35d826 e-con-full e-flex e-con e-child\" data-id=\"c35d826\" data-element_type=\"container\" data-e-type=\"container\">\n\t\t\t\t<div class=\"elementor-element elementor-element-2a21795 elementor-widget elementor-widget-heading\" data-id=\"2a21795\" data-element_type=\"widget\" data-e-type=\"widget\" data-widget_type=\"heading.default\">\n\t\t\t\t\t<h3 class=\"elementor-heading-title elementor-size-default\">An event in partnership with :<\/h3>\t\t\t\t<\/div>\n\t\t<div data-particle_enable=\"false\" data-particle-mobile-disabled=\"false\" class=\"elementor-element elementor-element-66eafec e-con-full e-flex e-con e-child\" data-id=\"66eafec\" data-element_type=\"container\" data-e-type=\"container\">\n\t\t<a data-particle_enable=\"false\" data-particle-mobile-disabled=\"false\" class=\"elementor-element elementor-element-97ad68d e-con-full e-flex e-con e-child\" data-id=\"97ad68d\" data-element_type=\"container\" data-e-type=\"container\" href=\"https:\/\/afcdp.net\/\" target=\"_blank\" rel=\"noopener\">\n\t\t\t\t<div class=\"elementor-element elementor-element-ca0c305 elementor-widget__width-initial elementor-widget elementor-widget-image\" data-id=\"ca0c305\" data-element_type=\"widget\" data-e-type=\"widget\" data-widget_type=\"image.default\">\n\t\t\t\t\t\t\t\t\t\t\t\t\t\t\t<img decoding=\"async\" width=\"1080\" height=\"1080\" src=\"https:\/\/dpo-forum.eu\/wp-content\/uploads\/AFCDP.png\" class=\"attachment-large size-large wp-image-425\" alt=\",\" srcset=\"https:\/\/dpo-forum.eu\/wp-content\/uploads\/AFCDP.png 1080w, https:\/\/dpo-forum.eu\/wp-content\/uploads\/AFCDP-600x600.png 600w, https:\/\/dpo-forum.eu\/wp-content\/uploads\/AFCDP-768x768.png 768w\" sizes=\"(max-width: 1080px) 100vw, 1080px\" title=\"\">\t\t\t\t\t\t\t\t\t\t\t\t\t\t\t<\/div>\n\t\t\t\t<\/a>\n\t\t<a data-particle_enable=\"false\" data-particle-mobile-disabled=\"false\" class=\"elementor-element elementor-element-d0a9029 e-con-full e-flex e-con e-child\" data-id=\"d0a9029\" data-element_type=\"container\" data-e-type=\"container\" href=\"https:\/\/www.hexatrust.com\/\" target=\"_blank\" rel=\"noopener\">\n\t\t\t\t<div class=\"elementor-element elementor-element-111a9f2 elementor-widget__width-initial elementor-widget elementor-widget-image\" data-id=\"111a9f2\" data-element_type=\"widget\" data-e-type=\"widget\" data-widget_type=\"image.default\">\n\t\t\t\t\t\t\t\t\t\t\t\t\t\t\t<img decoding=\"async\" width=\"1080\" height=\"1080\" src=\"https:\/\/dpo-forum.eu\/wp-content\/uploads\/HEXATRUST.png\" class=\"attachment-large size-large wp-image-809\" alt=\",\" srcset=\"https:\/\/dpo-forum.eu\/wp-content\/uploads\/HEXATRUST.png 1080w, https:\/\/dpo-forum.eu\/wp-content\/uploads\/HEXATRUST-600x600.png 600w, https:\/\/dpo-forum.eu\/wp-content\/uploads\/HEXATRUST-768x768.png 768w\" sizes=\"(max-width: 1080px) 100vw, 1080px\" title=\"\">\t\t\t\t\t\t\t\t\t\t\t\t\t\t\t<\/div>\n\t\t\t\t<\/a>\n\t\t\t\t<\/div>\n\t\t\t\t<\/div>\n\t\t\t\t<\/div>\n\t\t<div data-particle_enable=\"false\" data-particle-mobile-disabled=\"false\" class=\"elementor-element elementor-element-50392cf e-con-full e-flex e-con e-child\" data-id=\"50392cf\" data-element_type=\"container\" data-e-type=\"container\">\n\t\t\t\t<div class=\"elementor-element elementor-element-18348bd elementor-widget elementor-widget-image\" data-id=\"18348bd\" data-element_type=\"widget\" data-e-type=\"widget\" data-widget_type=\"image.default\">\n\t\t\t\t\t\t\t\t\t\t\t\t\t\t\t\t<a href=\"https:\/\/www.hotelnivellessud.be\/\" target=\"_blank\" rel=\"noopener\">\n\t\t\t\t\t\t\t<img loading=\"lazy\" decoding=\"async\" width=\"300\" height=\"76\" src=\"https:\/\/dpo-forum.eu\/wp-content\/uploads\/Logo-Noir-VDV-Nivelles-Sud-300x76-1.png\" class=\"attachment-large size-large wp-image-899\" alt=\",\" title=\"\">\t\t\t\t\t\t\t\t<\/a>\n\t\t\t\t\t\t\t\t\t\t\t\t\t\t\t<\/div>\n\t\t\t\t<div class=\"elementor-element elementor-element-c2d245d elementor-widget elementor-widget-heading\" data-id=\"c2d245d\" data-element_type=\"widget\" data-e-type=\"widget\" data-widget_type=\"heading.default\">\n\t\t\t\t\t<h2 class=\"elementor-heading-title elementor-size-default\">How to get to the Van der Valk Hotel?<\/h2>\t\t\t\t<\/div>\n\t\t\t\t<div class=\"elementor-element elementor-element-efa01d8 elementor-widget elementor-widget-heading\" data-id=\"efa01d8\" data-element_type=\"widget\" data-e-type=\"widget\" data-widget_type=\"heading.default\">\n\t\t\t\t\t<h3 class=\"elementor-heading-title elementor-size-default\">By car :\n\n<\/h3>\t\t\t\t<\/div>\n\t\t\t\t<div class=\"elementor-element elementor-element-de31269 elementor-widget elementor-widget-text-editor\" data-id=\"de31269\" data-element_type=\"widget\" data-e-type=\"widget\" data-widget_type=\"text-editor.default\">\n\t\t\t\t\t\t\t\t\t<p>There is free parking in front of the hotel, with perfect accessibility. If you need to take a parking ticket, have it validated at reception when you check out. Mention DPI training.<\/p>\t\t\t\t\t\t\t\t<\/div>\n\t\t\t\t<div class=\"elementor-element elementor-element-a6756db elementor-widget elementor-widget-heading\" data-id=\"a6756db\" data-element_type=\"widget\" data-e-type=\"widget\" data-widget_type=\"heading.default\">\n\t\t\t\t\t<h3 class=\"elementor-heading-title elementor-size-default\">By train :\n\n\n\n<\/h3>\t\t\t\t<\/div>\n\t\t\t\t<div class=\"elementor-element elementor-element-e20204e elementor-widget elementor-widget-text-editor\" data-id=\"e20204e\" data-element_type=\"widget\" data-e-type=\"widget\" data-widget_type=\"text-editor.default\">\n\t\t\t\t\t\t\t\t\t<p>Nivelles train station is 16 minutes from the hotel.<\/p><ul><li>Walk north to Nivelles station<\/li><li>Take streetcar 72 (MANAGE Gare) to Nivelles Route de Petit-Roeulx (8 stops)<\/li><li>Continue on foot to the hotel (5min)<ul><li>Walk west<\/li><li>Turn left towards Chauss\u00e9e de Mons \/ N27<\/li><li>Turn left towards Chauss\u00e9e de Mons \/ N27<\/li><li>At the traffic circle, take the 1st exit onto Contournement S \/ de R24<\/li><li>Turn left<\/li><li>Turn left<\/li><li>Turn right<\/li><\/ul><\/li><li>You will find your destination on the right<\/li><\/ul><p class=\"routes-subtitle\"><strong>The following transport routes pass near Hotel Nivelles-Sud (Van der Valk)<\/strong><\/p><p>Bus: 568 66 72 74 77<\/p><p>Train: IC S1<\/p>\t\t\t\t\t\t\t\t<\/div>\n\t\t\t\t<\/div>\n\t\t\t\t<\/div>\n\t\t\t\t<\/div>\n\t\t\t\t<\/div>\n\t\t\t\t<\/div>","protected":false},"excerpt":{"rendered":"<p>DPO Forum Nivelles 2024 3 octobre 2024 au Van der Valk Hotel Nivelles-Sud Inscrivez-vous ! Un \u00e9v\u00e9nement en partenariat avec : Comment se rendre au Van der Valk H\u00f4tel ? En voiture : Il y a un parking gratuit devant l\u2019h\u00f4tel, avec une accessibilit\u00e9 parfaite. Si vous devez prendre un ticket de parking, faites valider [&hellip;]<\/p>\n","protected":false},"author":1,"featured_media":0,"parent":0,"menu_order":0,"comment_status":"closed","ping_status":"closed","template":"","meta":{"footnotes":""},"class_list":["post-896","page","type-page","status-publish","hentry"],"_links":{"self":[{"href":"https:\/\/dpo-forum.eu\/en\/wp-json\/wp\/v2\/pages\/896","targetHints":{"allow":["GET"]}}],"collection":[{"href":"https:\/\/dpo-forum.eu\/en\/wp-json\/wp\/v2\/pages"}],"about":[{"href":"https:\/\/dpo-forum.eu\/en\/wp-json\/wp\/v2\/types\/page"}],"author":[{"embeddable":true,"href":"https:\/\/dpo-forum.eu\/en\/wp-json\/wp\/v2\/users\/1"}],"replies":[{"embeddable":true,"href":"https:\/\/dpo-forum.eu\/en\/wp-json\/wp\/v2\/comments?post=896"}],"version-history":[{"count":7,"href":"https:\/\/dpo-forum.eu\/en\/wp-json\/wp\/v2\/pages\/896\/revisions"}],"predecessor-version":[{"id":905,"href":"https:\/\/dpo-forum.eu\/en\/wp-json\/wp\/v2\/pages\/896\/revisions\/905"}],"wp:attachment":[{"href":"https:\/\/dpo-forum.eu\/en\/wp-json\/wp\/v2\/media?parent=896"}],"curies":[{"name":"wp","href":"https:\/\/api.w.org\/{rel}","templated":true}]}}