{"id":258,"date":"2026-01-27T15:33:24","date_gmt":"2026-01-27T14:33:24","guid":{"rendered":"https:\/\/angry-villani.57-128-39-62.plesk.page\/?page_id=258"},"modified":"2026-02-09T11:21:40","modified_gmt":"2026-02-09T10:21:40","slug":"dpo-forum-fevrier-2025","status":"publish","type":"page","link":"https:\/\/dpo-forum.eu\/en\/dpo-forum-fevrier-2025\/","title":{"rendered":"DPO Forum February 2025"},"content":{"rendered":"<div data-elementor-type=\"wp-page\" data-elementor-id=\"258\" class=\"elementor elementor-258\" data-elementor-post-type=\"page\">\n\t\t\t\t<div data-particle_enable=\"false\" data-particle-mobile-disabled=\"false\" class=\"elementor-element elementor-element-b442ef2 e-flex e-con-boxed e-con e-parent\" data-id=\"b442ef2\" data-element_type=\"container\" data-e-type=\"container\" data-settings=\"{&quot;background_background&quot;:&quot;classic&quot;,&quot;background_motion_fx_motion_fx_mouse&quot;:&quot;yes&quot;,&quot;background_motion_fx_mouseTrack_effect&quot;:&quot;yes&quot;,&quot;background_motion_fx_mouseTrack_speed&quot;:{&quot;unit&quot;:&quot;px&quot;,&quot;size&quot;:1.6,&quot;sizes&quot;:[]}}\">\n\t\t\t\t\t<div class=\"e-con-inner\">\n\t\t\t\t<div class=\"elementor-element elementor-element-2af7c79 elementor-widget elementor-widget-heading\" data-id=\"2af7c79\" data-element_type=\"widget\" data-e-type=\"widget\" data-widget_type=\"heading.default\">\n\t\t\t\t\t<h1 class=\"elementor-heading-title elementor-size-default\"><span class=\"hl-hero\">DPO Forum<\/span><\/h1>\t\t\t\t<\/div>\n\t\t\t\t<div class=\"elementor-element elementor-element-eb4824d elementor-widget elementor-widget-heading\" data-id=\"eb4824d\" data-element_type=\"widget\" data-e-type=\"widget\" data-widget_type=\"heading.default\">\n\t\t\t\t\t<h2 class=\"elementor-heading-title elementor-size-default\"><span class=\"hl-hero\">Luxembourg February 2025<\/span><\/h2>\t\t\t\t<\/div>\n\t\t\t\t\t<\/div>\n\t\t\t\t<\/div>\n\t\t<div data-particle_enable=\"false\" data-particle-mobile-disabled=\"false\" class=\"elementor-element elementor-element-44be259 e-con-full e-flex e-con e-parent\" data-id=\"44be259\" data-element_type=\"container\" data-e-type=\"container\" data-settings=\"{&quot;background_background&quot;:&quot;classic&quot;}\">\n\t\t<div data-particle_enable=\"false\" data-particle-mobile-disabled=\"false\" class=\"elementor-element elementor-element-2a77e78 e-con-full e-flex e-con e-child\" data-id=\"2a77e78\" data-element_type=\"container\" data-e-type=\"container\" data-settings=\"{&quot;background_background&quot;:&quot;classic&quot;}\">\n\t\t<div data-particle_enable=\"false\" data-particle-mobile-disabled=\"false\" class=\"elementor-element elementor-element-52f7b2d e-con-full e-flex e-con e-child\" data-id=\"52f7b2d\" data-element_type=\"container\" data-e-type=\"container\">\n\t\t\t\t<div class=\"elementor-element elementor-element-85b4a73 elementor-widget elementor-widget-text-editor\" data-id=\"85b4a73\" data-element_type=\"widget\" data-e-type=\"widget\" data-widget_type=\"text-editor.default\">\n\t\t\t\t\t\t\t\t\t<p>Let's meet on February 13, 2025 at the <a class=\"big-link\" href=\"https:\/\/luxembourg.leroyal.com\/\" target=\"_blank\" rel=\"noopener\">Royal Hotel<\/a>, Luxembourg (Ville-Haute) for another day of conferences.<\/p>\t\t\t\t\t\t\t\t<\/div>\n\t\t\t\t<\/div>\n\t\t<div data-particle_enable=\"false\" data-particle-mobile-disabled=\"false\" class=\"elementor-element elementor-element-5bbecb9 e-con-full e-flex e-con e-child\" data-id=\"5bbecb9\" data-element_type=\"container\" data-e-type=\"container\">\n\t\t<div data-particle_enable=\"false\" data-particle-mobile-disabled=\"false\" class=\"elementor-element elementor-element-5ec7f0e e-con-full e-flex e-con e-child\" data-id=\"5ec7f0e\" data-element_type=\"container\" data-e-type=\"container\">\n\t\t\t\t<div class=\"elementor-element elementor-element-52039ae elementor-widget elementor-widget-image\" data-id=\"52039ae\" data-element_type=\"widget\" data-e-type=\"widget\" data-widget_type=\"image.default\">\n\t\t\t\t\t\t\t\t\t\t\t\t\t\t\t<img fetchpriority=\"high\" decoding=\"async\" width=\"1000\" height=\"667\" src=\"https:\/\/dpo-forum.eu\/wp-content\/uploads\/Photo-site-4.png\" class=\"attachment-large size-large wp-image-655\" alt=\",\" srcset=\"https:\/\/dpo-forum.eu\/wp-content\/uploads\/Photo-site-4.png 1000w, https:\/\/dpo-forum.eu\/wp-content\/uploads\/Photo-site-4-768x512.png 768w\" sizes=\"(max-width: 1000px) 100vw, 1000px\" title=\"\">\t\t\t\t\t\t\t\t\t\t\t\t\t\t\t<\/div>\n\t\t\t\t<div class=\"elementor-element elementor-element-ac93f68 elementor-widget elementor-widget-heading\" data-id=\"ac93f68\" data-element_type=\"widget\" data-e-type=\"widget\" data-widget_type=\"heading.default\">\n\t\t\t\t\t<h3 class=\"elementor-heading-title elementor-size-default\">What?<\/h3>\t\t\t\t<\/div>\n\t\t\t\t<div class=\"elementor-element elementor-element-00694fc elementor-widget elementor-widget-heading\" data-id=\"00694fc\" data-element_type=\"widget\" data-e-type=\"widget\" data-widget_type=\"heading.default\">\n\t\t\t\t\t<h4 class=\"elementor-heading-title elementor-size-default\">Optimizing RGPD Compliance<\/h4>\t\t\t\t<\/div>\n\t\t\t\t<div class=\"elementor-element elementor-element-378bca3 elementor-widget elementor-widget-text-editor\" data-id=\"378bca3\" data-element_type=\"widget\" data-e-type=\"widget\" data-widget_type=\"text-editor.default\">\n\t\t\t\t\t\t\t\t\t<p>Visit\u00a0<strong>DPO Forum<\/strong>, organized by Mark-Com Event, will be held on February 13, 2025 in Luxembourg, after a\u00a0<strong>successful 2024 edition\u00a0<\/strong>in Belgium and France. The event aims to provide companies with practical solutions for strengthening personal data protection under the RGPD. The forum will bring together experts to discuss the challenges facing DPOs (data protection officers), such as the lack of support from management, implementing compliance policies, or adapting to new technologies. This is a unique opportunity for companies to discover the latest innovations and meet partners specialized in this field.<\/p>\t\t\t\t\t\t\t\t<\/div>\n\t\t\t\t<\/div>\n\t\t<div data-particle_enable=\"false\" data-particle-mobile-disabled=\"false\" class=\"elementor-element elementor-element-610efa5 e-con-full e-flex e-con e-child\" data-id=\"610efa5\" data-element_type=\"container\" data-e-type=\"container\">\n\t\t\t\t<div class=\"elementor-element elementor-element-8ff0cfe elementor-widget elementor-widget-image\" data-id=\"8ff0cfe\" data-element_type=\"widget\" data-e-type=\"widget\" data-widget_type=\"image.default\">\n\t\t\t\t\t\t\t\t\t\t\t\t\t\t\t<img decoding=\"async\" width=\"1000\" height=\"667\" src=\"https:\/\/dpo-forum.eu\/wp-content\/uploads\/3s8a9146_1625747621.jpg\" class=\"attachment-large size-large wp-image-1406\" alt=\",\" srcset=\"https:\/\/dpo-forum.eu\/wp-content\/uploads\/3s8a9146_1625747621.jpg 1000w, https:\/\/dpo-forum.eu\/wp-content\/uploads\/3s8a9146_1625747621-768x512.jpg 768w\" sizes=\"(max-width: 1000px) 100vw, 1000px\" title=\"\">\t\t\t\t\t\t\t\t\t\t\t\t\t\t\t<\/div>\n\t\t\t\t<div class=\"elementor-element elementor-element-98d7f7e elementor-widget elementor-widget-heading\" data-id=\"98d7f7e\" data-element_type=\"widget\" data-e-type=\"widget\" data-widget_type=\"heading.default\">\n\t\t\t\t\t<h3 class=\"elementor-heading-title elementor-size-default\">When? Where?<\/h3>\t\t\t\t<\/div>\n\t\t\t\t<div class=\"elementor-element elementor-element-98eabad elementor-widget__width-inherit elementor-icon-list--layout-traditional elementor-list-item-link-full_width elementor-widget elementor-widget-icon-list\" data-id=\"98eabad\" data-element_type=\"widget\" data-e-type=\"widget\" data-widget_type=\"icon-list.default\">\n\t\t\t\t\t\t\t<ul class=\"elementor-icon-list-items\">\n\t\t\t\t\t\t\t<li class=\"elementor-icon-list-item\">\n\t\t\t\t\t\t\t\t\t\t\t<span class=\"elementor-icon-list-icon\">\n\t\t\t\t\t\t\t<i aria-hidden=\"true\" class=\"fas fa-calendar-alt\"><\/i>\t\t\t\t\t\t<\/span>\n\t\t\t\t\t\t\t\t\t\t<span class=\"elementor-icon-list-text\">February 13, 2025<\/span>\n\t\t\t\t\t\t\t\t\t<\/li>\n\t\t\t\t\t\t\t\t<li class=\"elementor-icon-list-item\">\n\t\t\t\t\t\t\t\t\t\t\t<span class=\"elementor-icon-list-icon\">\n\t\t\t\t\t\t\t<i aria-hidden=\"true\" class=\"fas fa-clock\"><\/i>\t\t\t\t\t\t<\/span>\n\t\t\t\t\t\t\t\t\t\t<span class=\"elementor-icon-list-text\">8:30 a.m. - 6:00 p.m.<\/span>\n\t\t\t\t\t\t\t\t\t<\/li>\n\t\t\t\t\t\t\t\t<li class=\"elementor-icon-list-item\">\n\t\t\t\t\t\t\t\t\t\t\t<span class=\"elementor-icon-list-icon\">\n\t\t\t\t\t\t\t<i aria-hidden=\"true\" class=\"fas fa-map-pin\"><\/i>\t\t\t\t\t\t<\/span>\n\t\t\t\t\t\t\t\t\t\t<span class=\"elementor-icon-list-text\">Le Royal Hotel, Luxembourg (Ville-Haute)<\/span>\n\t\t\t\t\t\t\t\t\t<\/li>\n\t\t\t\t\t\t<\/ul>\n\t\t\t\t\t\t<\/div>\n\t\t\t\t<div class=\"elementor-element elementor-element-c2554b5 elementor-widget__width-inherit elementor-widget elementor-widget-text-editor\" data-id=\"c2554b5\" data-element_type=\"widget\" data-e-type=\"widget\" data-widget_type=\"text-editor.default\">\n\t\t\t\t\t\t\t\t\t<p>This not-to-be-missed event will bring together the Data Protection Officer (DPO) community to discuss major developments in the sector.<\/p>\t\t\t\t\t\t\t\t<\/div>\n\t\t\t\t<div class=\"elementor-element elementor-element-dacdeb6 elementor-icon-list--layout-traditional elementor-list-item-link-full_width elementor-widget elementor-widget-icon-list\" data-id=\"dacdeb6\" data-element_type=\"widget\" data-e-type=\"widget\" data-widget_type=\"icon-list.default\">\n\t\t\t\t\t\t\t<ul class=\"elementor-icon-list-items\">\n\t\t\t\t\t\t\t<li class=\"elementor-icon-list-item\">\n\t\t\t\t\t\t\t\t\t\t\t<a href=\"https:\/\/www.google.com\/maps?um=1&#038;ie=UTF-8&#038;fb=1&#038;gl=fr&#038;sa=X&#038;geocode=KfmUvfkqT5VHMStvk_4cG78d&#038;daddr=12+Bd+Royal,+2449+Ville-Haute+Luxembourg\" target=\"_blank\" rel=\"noopener\">\n\n\t\t\t\t\t\t\t\t\t\t\t\t<span class=\"elementor-icon-list-icon\">\n\t\t\t\t\t\t\t<i aria-hidden=\"true\" class=\"fas fa-link\"><\/i>\t\t\t\t\t\t<\/span>\n\t\t\t\t\t\t\t\t\t\t<span class=\"elementor-icon-list-text\">Google Maps <\/span>\n\t\t\t\t\t\t\t\t\t\t\t<\/a>\n\t\t\t\t\t\t\t\t\t<\/li>\n\t\t\t\t\t\t<\/ul>\n\t\t\t\t\t\t<\/div>\n\t\t\t\t<\/div>\n\t\t<div data-particle_enable=\"false\" data-particle-mobile-disabled=\"false\" class=\"elementor-element elementor-element-4449c21 e-con-full e-flex e-con e-child\" data-id=\"4449c21\" data-element_type=\"container\" data-e-type=\"container\">\n\t\t\t\t<div class=\"elementor-element elementor-element-48371d4 elementor-widget elementor-widget-image\" data-id=\"48371d4\" data-element_type=\"widget\" data-e-type=\"widget\" data-widget_type=\"image.default\">\n\t\t\t\t\t\t\t\t\t\t\t\t\t\t\t<img decoding=\"async\" width=\"612\" height=\"408\" src=\"https:\/\/dpo-forum.eu\/wp-content\/uploads\/istockphoto-1857502667-612x612-1.jpg\" class=\"attachment-large size-large wp-image-381\" alt=\",\" title=\"\">\t\t\t\t\t\t\t\t\t\t\t\t\t\t\t<\/div>\n\t\t\t\t<div class=\"elementor-element elementor-element-f41c782 elementor-widget elementor-widget-heading\" data-id=\"f41c782\" data-element_type=\"widget\" data-e-type=\"widget\" data-widget_type=\"heading.default\">\n\t\t\t\t\t<h3 class=\"elementor-heading-title elementor-size-default\">Who?<\/h3>\t\t\t\t<\/div>\n\t\t\t\t<div class=\"elementor-element elementor-element-05cd1f3 elementor-widget elementor-widget-text-editor\" data-id=\"05cd1f3\" data-element_type=\"widget\" data-e-type=\"widget\" data-widget_type=\"text-editor.default\">\n\t\t\t\t\t\t\t\t\t<p class=\"\" data-start=\"1686\" data-end=\"1869\">For over\u00a0<strong data-start=\"204\" data-end=\"214\">30 years old<\/strong>,\u00a0<strong data-start=\"216\" data-end=\"234\">Mark-Com Event<\/strong>\u00a0is a key player in the organization of\u00a0<strong data-start=\"276\" data-end=\"326\">conferences and business meetings in Europe<\/strong>. We bring together\u00a0<strong data-start=\"348\" data-end=\"379\">public and private decision-makers<\/strong>\u00a0in the digital sector to foster exchange, collaboration and innovation.<\/p>\t\t\t\t\t\t\t\t<\/div>\n\t\t\t\t<div class=\"elementor-element elementor-element-b93c615 elementor-icon-list--layout-traditional elementor-list-item-link-full_width elementor-widget elementor-widget-icon-list\" data-id=\"b93c615\" data-element_type=\"widget\" data-e-type=\"widget\" data-widget_type=\"icon-list.default\">\n\t\t\t\t\t\t\t<ul class=\"elementor-icon-list-items\">\n\t\t\t\t\t\t\t<li class=\"elementor-icon-list-item\">\n\t\t\t\t\t\t\t\t\t\t\t<a href=\"https:\/\/mark-com.com\/fr\/\" target=\"_blank\" rel=\"noopener\">\n\n\t\t\t\t\t\t\t\t\t\t\t\t<span class=\"elementor-icon-list-icon\">\n\t\t\t\t\t\t\t<i aria-hidden=\"true\" class=\"fas fa-info-circle\"><\/i>\t\t\t\t\t\t<\/span>\n\t\t\t\t\t\t\t\t\t\t<span class=\"elementor-icon-list-text\">Read more<\/span>\n\t\t\t\t\t\t\t\t\t\t\t<\/a>\n\t\t\t\t\t\t\t\t\t<\/li>\n\t\t\t\t\t\t<\/ul>\n\t\t\t\t\t\t<\/div>\n\t\t\t\t<\/div>\n\t\t\t\t<\/div>\n\t\t<div data-particle_enable=\"false\" data-particle-mobile-disabled=\"false\" class=\"elementor-element elementor-element-1b9a292 e-con-full e-flex e-con e-child\" data-id=\"1b9a292\" data-element_type=\"container\" data-e-type=\"container\">\n\t\t\t\t<div class=\"elementor-element elementor-element-df85ad0 animated-slow elementor-invisible elementor-widget elementor-widget-button\" data-id=\"df85ad0\" data-element_type=\"widget\" data-e-type=\"widget\" data-settings=\"{&quot;_animation&quot;:&quot;zoomIn&quot;}\" data-widget_type=\"button.default\">\n\t\t\t\t\t\t\t\t\t\t<a class=\"elementor-button elementor-button-link elementor-size-sm\" href=\"http:\/\/eventbrite.co.uk\/e\/dpo-forum-luxembourg-tickets-1380268272559?aff=oddtdtcreator\" target=\"_blank\" rel=\"noopener\">\n\t\t\t\t\t\t<span class=\"elementor-button-content-wrapper\">\n\t\t\t\t\t\t\t\t\t<span class=\"elementor-button-text\">Register here!<\/span>\n\t\t\t\t\t<\/span>\n\t\t\t\t\t<\/a>\n\t\t\t\t\t\t\t\t<\/div>\n\t\t\t\t<div class=\"elementor-element elementor-element-7feff38 elementor-widget elementor-widget-text-editor\" data-id=\"7feff38\" data-element_type=\"widget\" data-e-type=\"widget\" data-widget_type=\"text-editor.default\">\n\t\t\t\t\t\t\t\t\t<p class=\"widget-title\"><strong>Access reserved exclusively for professional users in companies (DPO, lawyer, CISO, etc.).<\/strong><\/p>\t\t\t\t\t\t\t\t<\/div>\n\t\t\t\t<div class=\"elementor-element elementor-element-cea3d9e elementor-widget elementor-widget-heading\" data-id=\"cea3d9e\" data-element_type=\"widget\" data-e-type=\"widget\" data-widget_type=\"heading.default\">\n\t\t\t\t\t<h3 class=\"elementor-heading-title elementor-size-default\">Price conditions :<\/h3>\t\t\t\t<\/div>\n\t\t\t\t<div class=\"elementor-element elementor-element-7654fab elementor-widget elementor-widget-text-editor\" data-id=\"7654fab\" data-element_type=\"widget\" data-e-type=\"widget\" data-widget_type=\"text-editor.default\">\n\t\t\t\t\t\t\t\t\t<ul><li><strong>Free of charge:<\/strong>\u00a0for\u00a0<b>professional users, on invitation from Sponsors &amp; Partners.<\/b><\/li><li><strong>Charge :<\/strong>\u00a0for industry professionals, including\u00a0<b>Publishers, Distributors, Consultants and Integrators.<\/b><br \/>Price: \u20ac580\/person: Includes access to conferences, round tables, catering.<\/li><\/ul>\t\t\t\t\t\t\t\t<\/div>\n\t\t\t\t<\/div>\n\t\t<div data-particle_enable=\"false\" data-particle-mobile-disabled=\"false\" class=\"elementor-element elementor-element-ebb7516 e-con-full e-flex e-con e-child\" data-id=\"ebb7516\" data-element_type=\"container\" data-e-type=\"container\">\n\t\t\t\t<div class=\"elementor-element elementor-element-a7366dd elementor-widget elementor-widget-text-editor\" data-id=\"a7366dd\" data-element_type=\"widget\" data-e-type=\"widget\" data-widget_type=\"text-editor.default\">\n\t\t\t\t\t\t\t\t\t<p>Many thanks for attending this 2\u1d49 2025 edition in Luxembourg!<\/p>\t\t\t\t\t\t\t\t<\/div>\n\t\t\t\t<div class=\"elementor-element elementor-element-919803b gallery-spacing-custom elementor-widget elementor-widget-image-gallery\" data-id=\"919803b\" data-element_type=\"widget\" data-e-type=\"widget\" data-widget_type=\"image-gallery.default\">\n\t\t\t\t\t\t\t<div class=\"elementor-image-gallery\">\n\t\t\t<div id='gallery-1' class='gallery galleryid-258 gallery-columns-5 gallery-size-thumbnail'><figure class='gallery-item'>\n\t\t\t<div class='gallery-icon landscape'>\n\t\t\t\t<a data-elementor-open-lightbox=\"yes\" data-elementor-lightbox-slideshow=\"919803b\" data-e-action-hash=\"#elementor-action%3Aaction%3Dlightbox%26settings%3DeyJpZCI6MTQ2OSwidXJsIjoiaHR0cHM6XC9cL2Rwby1mb3J1bS5ldVwvd3AtY29udGVudFwvdXBsb2Fkc1wvUEhPVE8tMjAyNS0xMi0xNi0xMi01Mi01OS04LmpwZyIsInNsaWRlc2hvdyI6IjkxOTgwM2IifQ%3D%3D\" href=\"https:\/\/dpo-forum.eu\/wp-content\/uploads\/PHOTO-2025-12-16-12-52-59-8.jpg\"><img loading=\"lazy\" decoding=\"async\" width=\"600\" height=\"600\" src=\"https:\/\/dpo-forum.eu\/wp-content\/uploads\/PHOTO-2025-12-16-12-52-59-8-600x600.jpg\" class=\"attachment-thumbnail size-thumbnail\" alt=\",\" title=\"\"><\/a>\n\t\t\t<\/div><\/figure><figure class='gallery-item'>\n\t\t\t<div class='gallery-icon landscape'>\n\t\t\t\t<a data-elementor-open-lightbox=\"yes\" data-elementor-lightbox-slideshow=\"919803b\" data-e-action-hash=\"#elementor-action%3Aaction%3Dlightbox%26settings%3DeyJpZCI6MTQ2OCwidXJsIjoiaHR0cHM6XC9cL2Rwby1mb3J1bS5ldVwvd3AtY29udGVudFwvdXBsb2Fkc1wvUEhPVE8tMjAyNS0xMi0xNi0xMi01Mi01OS01LWUxNzcwNjMwNjU4ODgzLmpwZyIsInNsaWRlc2hvdyI6IjkxOTgwM2IifQ%3D%3D\" href=\"https:\/\/dpo-forum.eu\/wp-content\/uploads\/PHOTO-2025-12-16-12-52-59-5-e1770630658883.jpg\"><img loading=\"lazy\" decoding=\"async\" width=\"600\" height=\"600\" src=\"https:\/\/dpo-forum.eu\/wp-content\/uploads\/PHOTO-2025-12-16-12-52-59-5-e1770630658883-600x600.jpg\" class=\"attachment-thumbnail size-thumbnail\" alt=\",\" title=\"\"><\/a>\n\t\t\t<\/div><\/figure><figure class='gallery-item'>\n\t\t\t<div class='gallery-icon landscape'>\n\t\t\t\t<a data-elementor-open-lightbox=\"yes\" data-elementor-lightbox-slideshow=\"919803b\" data-e-action-hash=\"#elementor-action%3Aaction%3Dlightbox%26settings%3DeyJpZCI6MTQ3MCwidXJsIjoiaHR0cHM6XC9cL2Rwby1mb3J1bS5ldVwvd3AtY29udGVudFwvdXBsb2Fkc1wvUEhPVE8tMjAyNS0xMi0xNi0xMi01Mi01OS0xMi5qcGciLCJzbGlkZXNob3ciOiI5MTk4MDNiIn0%3D\" href=\"https:\/\/dpo-forum.eu\/wp-content\/uploads\/PHOTO-2025-12-16-12-52-59-12.jpg\"><img loading=\"lazy\" decoding=\"async\" width=\"600\" height=\"600\" src=\"https:\/\/dpo-forum.eu\/wp-content\/uploads\/PHOTO-2025-12-16-12-52-59-12-600x600.jpg\" class=\"attachment-thumbnail size-thumbnail\" alt=\",\" title=\"\"><\/a>\n\t\t\t<\/div><\/figure><figure class='gallery-item'>\n\t\t\t<div class='gallery-icon portrait'>\n\t\t\t\t<a data-elementor-open-lightbox=\"yes\" data-elementor-lightbox-slideshow=\"919803b\" data-e-action-hash=\"#elementor-action%3Aaction%3Dlightbox%26settings%3DeyJpZCI6MTQ3MSwidXJsIjoiaHR0cHM6XC9cL2Rwby1mb3J1bS5ldVwvd3AtY29udGVudFwvdXBsb2Fkc1wvUEhPVE8tMjAyNS0xMi0xNi0xMi01Mi01OS0xMy5qcGciLCJzbGlkZXNob3ciOiI5MTk4MDNiIn0%3D\" href=\"https:\/\/dpo-forum.eu\/wp-content\/uploads\/PHOTO-2025-12-16-12-52-59-13.jpg\"><img loading=\"lazy\" decoding=\"async\" width=\"600\" height=\"600\" src=\"https:\/\/dpo-forum.eu\/wp-content\/uploads\/PHOTO-2025-12-16-12-52-59-13-600x600.jpg\" class=\"attachment-thumbnail size-thumbnail\" alt=\",\" title=\"\"><\/a>\n\t\t\t<\/div><\/figure><figure class='gallery-item'>\n\t\t\t<div class='gallery-icon landscape'>\n\t\t\t\t<a data-elementor-open-lightbox=\"yes\" data-elementor-lightbox-slideshow=\"919803b\" data-e-action-hash=\"#elementor-action%3Aaction%3Dlightbox%26settings%3DeyJpZCI6MTQ3MiwidXJsIjoiaHR0cHM6XC9cL2Rwby1mb3J1bS5ldVwvd3AtY29udGVudFwvdXBsb2Fkc1wvUEhPVE8tMjAyNS0xMi0xNi0xMi01Mi01OS0yMC5qcGciLCJzbGlkZXNob3ciOiI5MTk4MDNiIn0%3D\" href=\"https:\/\/dpo-forum.eu\/wp-content\/uploads\/PHOTO-2025-12-16-12-52-59-20.jpg\"><img loading=\"lazy\" decoding=\"async\" width=\"600\" height=\"600\" src=\"https:\/\/dpo-forum.eu\/wp-content\/uploads\/PHOTO-2025-12-16-12-52-59-20-600x600.jpg\" class=\"attachment-thumbnail size-thumbnail\" alt=\",\" title=\"\"><\/a>\n\t\t\t<\/div><\/figure><figure class='gallery-item'>\n\t\t\t<div class='gallery-icon landscape'>\n\t\t\t\t<a data-elementor-open-lightbox=\"yes\" data-elementor-lightbox-slideshow=\"919803b\" data-e-action-hash=\"#elementor-action%3Aaction%3Dlightbox%26settings%3DeyJpZCI6MTQ3MywidXJsIjoiaHR0cHM6XC9cL2Rwby1mb3J1bS5ldVwvd3AtY29udGVudFwvdXBsb2Fkc1wvUEhPVE8tMjAyNS0xMi0xNi0xMi01Mi01OS0yMS1lMTc3MDYzMDY4NDc4Mi5qcGciLCJzbGlkZXNob3ciOiI5MTk4MDNiIn0%3D\" href=\"https:\/\/dpo-forum.eu\/wp-content\/uploads\/PHOTO-2025-12-16-12-52-59-21-e1770630684782.jpg\"><img loading=\"lazy\" decoding=\"async\" width=\"600\" height=\"600\" src=\"https:\/\/dpo-forum.eu\/wp-content\/uploads\/PHOTO-2025-12-16-12-52-59-21-e1770630684782-600x600.jpg\" class=\"attachment-thumbnail size-thumbnail\" alt=\",\" title=\"\"><\/a>\n\t\t\t<\/div><\/figure><figure class='gallery-item'>\n\t\t\t<div class='gallery-icon portrait'>\n\t\t\t\t<a data-elementor-open-lightbox=\"yes\" data-elementor-lightbox-slideshow=\"919803b\" data-e-action-hash=\"#elementor-action%3Aaction%3Dlightbox%26settings%3DeyJpZCI6MTQ3NCwidXJsIjoiaHR0cHM6XC9cL2Rwby1mb3J1bS5ldVwvd3AtY29udGVudFwvdXBsb2Fkc1wvUEhPVE8tMjAyNS0xMi0xNi0xMi01Mi01OS0yNC5qcGciLCJzbGlkZXNob3ciOiI5MTk4MDNiIn0%3D\" href=\"https:\/\/dpo-forum.eu\/wp-content\/uploads\/PHOTO-2025-12-16-12-52-59-24.jpg\"><img loading=\"lazy\" decoding=\"async\" width=\"600\" height=\"600\" src=\"https:\/\/dpo-forum.eu\/wp-content\/uploads\/PHOTO-2025-12-16-12-52-59-24-600x600.jpg\" class=\"attachment-thumbnail size-thumbnail\" alt=\",\" title=\"\"><\/a>\n\t\t\t<\/div><\/figure><figure class='gallery-item'>\n\t\t\t<div class='gallery-icon landscape'>\n\t\t\t\t<a data-elementor-open-lightbox=\"yes\" data-elementor-lightbox-slideshow=\"919803b\" data-e-action-hash=\"#elementor-action%3Aaction%3Dlightbox%26settings%3DeyJpZCI6MTQ3NSwidXJsIjoiaHR0cHM6XC9cL2Rwby1mb3J1bS5ldVwvd3AtY29udGVudFwvdXBsb2Fkc1wvUEhPVE8tMjAyNS0xMi0xNi0xMi01Mi01OS0zMC5qcGciLCJzbGlkZXNob3ciOiI5MTk4MDNiIn0%3D\" href=\"https:\/\/dpo-forum.eu\/wp-content\/uploads\/PHOTO-2025-12-16-12-52-59-30.jpg\"><img loading=\"lazy\" decoding=\"async\" width=\"600\" height=\"600\" src=\"https:\/\/dpo-forum.eu\/wp-content\/uploads\/PHOTO-2025-12-16-12-52-59-30-600x600.jpg\" class=\"attachment-thumbnail size-thumbnail\" alt=\",\" title=\"\"><\/a>\n\t\t\t<\/div><\/figure><figure class='gallery-item'>\n\t\t\t<div class='gallery-icon portrait'>\n\t\t\t\t<a data-elementor-open-lightbox=\"yes\" data-elementor-lightbox-slideshow=\"919803b\" data-e-action-hash=\"#elementor-action%3Aaction%3Dlightbox%26settings%3DeyJpZCI6MTQ3NiwidXJsIjoiaHR0cHM6XC9cL2Rwby1mb3J1bS5ldVwvd3AtY29udGVudFwvdXBsb2Fkc1wvUEhPVE8tMjAyNS0xMi0xNi0xMi01Mi01OS0zNC5qcGciLCJzbGlkZXNob3ciOiI5MTk4MDNiIn0%3D\" href=\"https:\/\/dpo-forum.eu\/wp-content\/uploads\/PHOTO-2025-12-16-12-52-59-34.jpg\"><img loading=\"lazy\" decoding=\"async\" width=\"600\" height=\"600\" src=\"https:\/\/dpo-forum.eu\/wp-content\/uploads\/PHOTO-2025-12-16-12-52-59-34-600x600.jpg\" class=\"attachment-thumbnail size-thumbnail\" alt=\",\" title=\"\"><\/a>\n\t\t\t<\/div><\/figure>\n\t\t<\/div>\n\t\t<\/div>\n\t\t\t\t\t\t<\/div>\n\t\t\t\t<\/div>\n\t\t\t\t<\/div>\n\t\t\t\t<\/div>\n\t\t\t\t<\/div>","protected":false},"excerpt":{"rendered":"<p>DPO Forum Luxembourg F\u00e9vrier 2025 Retrouvons-nous le 13 f\u00e9vrier 2025 au Royal Hotel, \u00e0 Luxembourg (Ville-Haute) pour une nouvelle journ\u00e9e de conf\u00e9rences. Quoi ? Optimiser la Conformit\u00e9 RGPD Le\u00a0DPO Forum, organis\u00e9 par Mark-Com Event, se tiendra le 13 f\u00e9vrier 2025 au Luxembourg, apr\u00e8s une\u00a0\u00e9dition 2024 couronn\u00e9e de succ\u00e8s\u00a0en Belgique et en France. Cet \u00e9v\u00e9nement vise [&hellip;]<\/p>\n","protected":false},"author":1,"featured_media":0,"parent":0,"menu_order":0,"comment_status":"closed","ping_status":"closed","template":"","meta":{"footnotes":""},"class_list":["post-258","page","type-page","status-publish","hentry"],"_links":{"self":[{"href":"https:\/\/dpo-forum.eu\/en\/wp-json\/wp\/v2\/pages\/258","targetHints":{"allow":["GET"]}}],"collection":[{"href":"https:\/\/dpo-forum.eu\/en\/wp-json\/wp\/v2\/pages"}],"about":[{"href":"https:\/\/dpo-forum.eu\/en\/wp-json\/wp\/v2\/types\/page"}],"author":[{"embeddable":true,"href":"https:\/\/dpo-forum.eu\/en\/wp-json\/wp\/v2\/users\/1"}],"replies":[{"embeddable":true,"href":"https:\/\/dpo-forum.eu\/en\/wp-json\/wp\/v2\/comments?post=258"}],"version-history":[{"count":13,"href":"https:\/\/dpo-forum.eu\/en\/wp-json\/wp\/v2\/pages\/258\/revisions"}],"predecessor-version":[{"id":1507,"href":"https:\/\/dpo-forum.eu\/en\/wp-json\/wp\/v2\/pages\/258\/revisions\/1507"}],"wp:attachment":[{"href":"https:\/\/dpo-forum.eu\/en\/wp-json\/wp\/v2\/media?parent=258"}],"curies":[{"name":"wp","href":"https:\/\/api.w.org\/{rel}","templated":true}]}}