{"id":246,"date":"2026-01-27T15:30:49","date_gmt":"2026-01-27T14:30:49","guid":{"rendered":"https:\/\/angry-villani.57-128-39-62.plesk.page\/?page_id=246"},"modified":"2026-02-02T17:00:12","modified_gmt":"2026-02-02T16:00:12","slug":"dpo-forum-toulouse-2025","status":"publish","type":"page","link":"https:\/\/dpo-forum.eu\/en\/dpo-forum-toulouse-2025\/","title":{"rendered":"DPO Forum Toulouse 2025"},"content":{"rendered":"<div data-elementor-type=\"wp-page\" data-elementor-id=\"246\" class=\"elementor elementor-246\" data-elementor-post-type=\"page\">\n\t\t\t\t<div data-particle_enable=\"false\" data-particle-mobile-disabled=\"false\" class=\"elementor-element elementor-element-ee27aed e-flex e-con-boxed e-con e-parent\" data-id=\"ee27aed\" data-element_type=\"container\" data-e-type=\"container\" data-settings=\"{&quot;background_background&quot;:&quot;classic&quot;,&quot;background_motion_fx_motion_fx_mouse&quot;:&quot;yes&quot;,&quot;background_motion_fx_mouseTrack_effect&quot;:&quot;yes&quot;,&quot;background_motion_fx_mouseTrack_speed&quot;:{&quot;unit&quot;:&quot;px&quot;,&quot;size&quot;:1.6,&quot;sizes&quot;:[]}}\">\n\t\t\t\t\t<div class=\"e-con-inner\">\n\t\t\t\t<div class=\"elementor-element elementor-element-5a4a9ae elementor-widget elementor-widget-heading\" data-id=\"5a4a9ae\" data-element_type=\"widget\" data-e-type=\"widget\" data-widget_type=\"heading.default\">\n\t\t\t\t\t<h1 class=\"elementor-heading-title elementor-size-default\"><span class=\"hl-hero\">DPO Forum<\/span><\/h1>\t\t\t\t<\/div>\n\t\t\t\t<div class=\"elementor-element elementor-element-a727987 elementor-widget elementor-widget-heading\" data-id=\"a727987\" data-element_type=\"widget\" data-e-type=\"widget\" data-widget_type=\"heading.default\">\n\t\t\t\t\t<h2 class=\"elementor-heading-title elementor-size-default\"><span class=\"hl-hero\">Toulouse 2025<\/span><\/h2>\t\t\t\t<\/div>\n\t\t\t\t\t<\/div>\n\t\t\t\t<\/div>\n\t\t<div data-particle_enable=\"false\" data-particle-mobile-disabled=\"false\" class=\"elementor-element elementor-element-589bcf7 e-con-full e-flex e-con e-parent\" data-id=\"589bcf7\" data-element_type=\"container\" data-e-type=\"container\" data-settings=\"{&quot;background_background&quot;:&quot;classic&quot;}\">\n\t\t<div data-particle_enable=\"false\" data-particle-mobile-disabled=\"false\" class=\"elementor-element elementor-element-63f37bf e-con-full e-flex e-con e-child\" data-id=\"63f37bf\" data-element_type=\"container\" data-e-type=\"container\" data-settings=\"{&quot;background_background&quot;:&quot;classic&quot;}\">\n\t\t<div data-particle_enable=\"false\" data-particle-mobile-disabled=\"false\" class=\"elementor-element elementor-element-e55347e e-con-full e-flex e-con e-child\" data-id=\"e55347e\" data-element_type=\"container\" data-e-type=\"container\">\n\t\t\t\t<div class=\"elementor-element elementor-element-e523da4 elementor-widget elementor-widget-text-editor\" data-id=\"e523da4\" data-element_type=\"widget\" data-e-type=\"widget\" data-widget_type=\"text-editor.default\">\n\t\t\t\t\t\t\t\t\t<p>A new stage for DPO Forum France!<\/p>\t\t\t\t\t\t\t\t<\/div>\n\t\t\t\t<div class=\"elementor-element elementor-element-c8313e2 elementor-widget elementor-widget-text-editor\" data-id=\"c8313e2\" data-element_type=\"widget\" data-e-type=\"widget\" data-widget_type=\"text-editor.default\">\n\t\t\t\t\t\t\t\t\tIn 2025, we will be integrating the <a class=\"big-link\" href=\"https:\/\/cbc-convention.com\/\" target=\"_blank\" rel=\"noopener\">CBC - Cybersecurity Business Convention<\/a> for the first time in Toulouse, on November 26 &amp; 27.\t\t\t\t\t\t\t\t<\/div>\n\t\t\t\t<div class=\"elementor-element elementor-element-3f3661e elementor-widget elementor-widget-text-editor\" data-id=\"3f3661e\" data-element_type=\"widget\" data-e-type=\"widget\" data-widget_type=\"text-editor.default\">\n\t\t\t\t\t\t\t\t\t<p>A unique event at the heart of cybersecurity in Occitania!<\/p>\t\t\t\t\t\t\t\t<\/div>\n\t\t\t\t<\/div>\n\t\t<div data-particle_enable=\"false\" data-particle-mobile-disabled=\"false\" class=\"elementor-element elementor-element-5ae3c95 e-con-full e-flex e-con e-child\" data-id=\"5ae3c95\" data-element_type=\"container\" data-e-type=\"container\">\n\t\t<div data-particle_enable=\"false\" data-particle-mobile-disabled=\"false\" class=\"elementor-element elementor-element-8a1d77f e-con-full e-flex e-con e-child\" data-id=\"8a1d77f\" data-element_type=\"container\" data-e-type=\"container\">\n\t\t\t\t<div class=\"elementor-element elementor-element-30c1d80 elementor-widget elementor-widget-image\" data-id=\"30c1d80\" data-element_type=\"widget\" data-e-type=\"widget\" data-widget_type=\"image.default\">\n\t\t\t\t\t\t\t\t\t\t\t\t\t\t\t<img fetchpriority=\"high\" decoding=\"async\" width=\"1434\" height=\"572\" src=\"https:\/\/dpo-forum.eu\/wp-content\/uploads\/formind-event-CBC-Toulouse-2024.jpg\" class=\"attachment-large size-large wp-image-1052\" alt=\",\" srcset=\"https:\/\/dpo-forum.eu\/wp-content\/uploads\/formind-event-CBC-Toulouse-2024.jpg 1434w, https:\/\/dpo-forum.eu\/wp-content\/uploads\/formind-event-CBC-Toulouse-2024-768x306.jpg 768w\" sizes=\"(max-width: 1434px) 100vw, 1434px\" title=\"\">\t\t\t\t\t\t\t\t\t\t\t\t\t\t\t<\/div>\n\t\t\t\t<div class=\"elementor-element elementor-element-34f034e elementor-widget elementor-widget-heading\" data-id=\"34f034e\" data-element_type=\"widget\" data-e-type=\"widget\" data-widget_type=\"heading.default\">\n\t\t\t\t\t<h3 class=\"elementor-heading-title elementor-size-default\">What?<\/h3>\t\t\t\t<\/div>\n\t\t\t\t<div class=\"elementor-element elementor-element-4590363 elementor-widget elementor-widget-text-editor\" data-id=\"4590363\" data-element_type=\"widget\" data-e-type=\"widget\" data-widget_type=\"text-editor.default\">\n\t\t\t\t\t\t\t\t\t<p data-start=\"199\" data-end=\"499\">After proving its worth in Belgium in 2018, 2021 and 2022, and in France from 2022 to 2024, the\u00a0<strong data-start=\"297\" data-end=\"310\">DPO Forum<\/strong>\u00a0continues to expand for its\u00a0<strong data-start=\"342\" data-end=\"356\">9\u1d49 edition<\/strong>.<br data-start=\"357\" data-end=\"360\" \/>Visit\u00a0<strong data-start=\"363\" data-end=\"371\">2025<\/strong>, it\u00a0<strong data-start=\"376\" data-end=\"452\">integrates for the first time the\u00a0<a href=\"https:\/\/cbc-convention.com\/\" target=\"_blank\" rel=\"noopener\"><em>CBC - Cybersecurity Business Convention<\/em><\/a><\/strong>, the\u00a0<strong><em>November 26 &amp; 27 at MEETT Toulouse.<\/em><\/strong><\/p><p data-start=\"501\" data-end=\"861\">This year's event marks a milestone: never before has a DPO pavilion been part of the largest cybersecurity business event in Occitanie.<br data-start=\"651\" data-end=\"654\" \/>A unique opportunity to take stock of\u00a0<strong data-start=\"703\" data-end=\"732\">new missions of the DPO<\/strong>, the\u00a0<strong data-start=\"738\" data-end=\"766\">company expectations<\/strong>, and\u00a0<strong data-start=\"775\" data-end=\"858\">compliance, cybersecurity and artificial intelligence challenges<\/strong>.<\/p><p data-start=\"863\" data-end=\"1118\">Over two days, plenary sessions, practical workshops and networking events will provide an opportunity to exchange views with\u00a0<strong data-start=\"970\" data-end=\"1002\">top experts in the field<\/strong>, in a region undergoing rapid digital transformation and committed to developing the cybersecurity sector.<\/p>\t\t\t\t\t\t\t\t<\/div>\n\t\t\t\t<\/div>\n\t\t<div data-particle_enable=\"false\" data-particle-mobile-disabled=\"false\" class=\"elementor-element elementor-element-fb43ab2 e-con-full e-flex e-con e-child\" data-id=\"fb43ab2\" data-element_type=\"container\" data-e-type=\"container\">\n\t\t\t\t<div class=\"elementor-element elementor-element-91d98ca elementor-widget elementor-widget-image\" data-id=\"91d98ca\" data-element_type=\"widget\" data-e-type=\"widget\" data-widget_type=\"image.default\">\n\t\t\t\t\t\t\t\t\t\t\t\t\t\t\t<img decoding=\"async\" width=\"2560\" height=\"1707\" src=\"https:\/\/dpo-forum.eu\/wp-content\/uploads\/HOME-VISITEUR-scaled-1.jpg\" class=\"attachment-large size-large wp-image-1053\" alt=\",\" srcset=\"https:\/\/dpo-forum.eu\/wp-content\/uploads\/HOME-VISITEUR-scaled-1.jpg 2560w, https:\/\/dpo-forum.eu\/wp-content\/uploads\/HOME-VISITEUR-scaled-1-768x512.jpg 768w, https:\/\/dpo-forum.eu\/wp-content\/uploads\/HOME-VISITEUR-scaled-1-1536x1024.jpg 1536w, https:\/\/dpo-forum.eu\/wp-content\/uploads\/HOME-VISITEUR-scaled-1-2048x1366.jpg 2048w\" sizes=\"(max-width: 2560px) 100vw, 2560px\" title=\"\">\t\t\t\t\t\t\t\t\t\t\t\t\t\t\t<\/div>\n\t\t\t\t<div class=\"elementor-element elementor-element-dd91cbb elementor-widget elementor-widget-heading\" data-id=\"dd91cbb\" data-element_type=\"widget\" data-e-type=\"widget\" data-widget_type=\"heading.default\">\n\t\t\t\t\t<h3 class=\"elementor-heading-title elementor-size-default\">When? Where?<\/h3>\t\t\t\t<\/div>\n\t\t\t\t<div class=\"elementor-element elementor-element-33b7fdd elementor-widget__width-inherit elementor-icon-list--layout-traditional elementor-list-item-link-full_width elementor-widget elementor-widget-icon-list\" data-id=\"33b7fdd\" data-element_type=\"widget\" data-e-type=\"widget\" data-widget_type=\"icon-list.default\">\n\t\t\t\t\t\t\t<ul class=\"elementor-icon-list-items\">\n\t\t\t\t\t\t\t<li class=\"elementor-icon-list-item\">\n\t\t\t\t\t\t\t\t\t\t\t<span class=\"elementor-icon-list-icon\">\n\t\t\t\t\t\t\t<i aria-hidden=\"true\" class=\"fas fa-calendar-alt\"><\/i>\t\t\t\t\t\t<\/span>\n\t\t\t\t\t\t\t\t\t\t<span class=\"elementor-icon-list-text\">Wednesday, November 26 &amp; Thursday, November 27, 2025<\/span>\n\t\t\t\t\t\t\t\t\t<\/li>\n\t\t\t\t\t\t\t\t<li class=\"elementor-icon-list-item\">\n\t\t\t\t\t\t\t\t\t\t\t<span class=\"elementor-icon-list-icon\">\n\t\t\t\t\t\t\t<i aria-hidden=\"true\" class=\"fas fa-clock\"><\/i>\t\t\t\t\t\t<\/span>\n\t\t\t\t\t\t\t\t\t\t<span class=\"elementor-icon-list-text\">9 a.m. to 6 p.m.<\/span>\n\t\t\t\t\t\t\t\t\t<\/li>\n\t\t\t\t\t\t\t\t<li class=\"elementor-icon-list-item\">\n\t\t\t\t\t\t\t\t\t\t\t<span class=\"elementor-icon-list-icon\">\n\t\t\t\t\t\t\t<i aria-hidden=\"true\" class=\"fas fa-map-pin\"><\/i>\t\t\t\t\t\t<\/span>\n\t\t\t\t\t\t\t\t\t\t<span class=\"elementor-icon-list-text\">MEETT Toulouse - ZAC de Portes Sud, 31300 Toulouse, France<\/span>\n\t\t\t\t\t\t\t\t\t<\/li>\n\t\t\t\t\t\t<\/ul>\n\t\t\t\t\t\t<\/div>\n\t\t\t\t<div class=\"elementor-element elementor-element-a9b1359 elementor-widget__width-inherit elementor-widget elementor-widget-text-editor\" data-id=\"a9b1359\" data-element_type=\"widget\" data-e-type=\"widget\" data-widget_type=\"text-editor.default\">\n\t\t\t\t\t\t\t\t\t<p><strong>Access<\/strong><\/p><p data-start=\"278\" data-end=\"353\">Metro \/ Tram: Line A - Toulouse MEETT stop, 5-minute walk<\/p><p data-start=\"356\" data-end=\"401\">Bus: Lines 30 and 50 - MEETT stop<\/p><p>Nearby parking lots: Parking MEETT Sud and Parking MEETT Nord<\/p>\t\t\t\t\t\t\t\t<\/div>\n\t\t\t\t<div class=\"elementor-element elementor-element-769d6ac elementor-icon-list--layout-traditional elementor-list-item-link-full_width elementor-widget elementor-widget-icon-list\" data-id=\"769d6ac\" data-element_type=\"widget\" data-e-type=\"widget\" data-widget_type=\"icon-list.default\">\n\t\t\t\t\t\t\t<ul class=\"elementor-icon-list-items\">\n\t\t\t\t\t\t\t<li class=\"elementor-icon-list-item\">\n\t\t\t\t\t\t\t\t\t\t\t<a href=\"https:\/\/www.google.com\/maps\/dir\/\/Av.+Concorde,+31840+Aussonne,+Francia\/@43.6653478,1.2710547,12z\/data=!4m8!4m7!1m0!1m5!1m1!1s0x12aeaf78014598f5:0x118ccd44452b917!2m2!1d1.3534554!2d43.6653774?entry=ttu&#038;g_ep=EgoyMDI1MTAwMS4wIKXMDSoASAFQAw%3D%3D\" target=\"_blank\" rel=\"noopener\">\n\n\t\t\t\t\t\t\t\t\t\t\t\t<span class=\"elementor-icon-list-icon\">\n\t\t\t\t\t\t\t<i aria-hidden=\"true\" class=\"fas fa-link\"><\/i>\t\t\t\t\t\t<\/span>\n\t\t\t\t\t\t\t\t\t\t<span class=\"elementor-icon-list-text\">Google Maps <\/span>\n\t\t\t\t\t\t\t\t\t\t\t<\/a>\n\t\t\t\t\t\t\t\t\t<\/li>\n\t\t\t\t\t\t<\/ul>\n\t\t\t\t\t\t<\/div>\n\t\t\t\t<\/div>\n\t\t<div data-particle_enable=\"false\" data-particle-mobile-disabled=\"false\" class=\"elementor-element elementor-element-ac8302a e-con-full e-flex e-con e-child\" data-id=\"ac8302a\" data-element_type=\"container\" data-e-type=\"container\">\n\t\t\t\t<div class=\"elementor-element elementor-element-9efdb37 elementor-widget elementor-widget-image\" data-id=\"9efdb37\" data-element_type=\"widget\" data-e-type=\"widget\" data-widget_type=\"image.default\">\n\t\t\t\t\t\t\t\t\t\t\t\t\t\t\t<img decoding=\"async\" width=\"600\" height=\"399\" src=\"https:\/\/dpo-forum.eu\/wp-content\/uploads\/c4f6c70ec474b2545dd5e8217083e65d-1.jpg\" class=\"attachment-large size-large wp-image-1057\" alt=\",\" title=\"\">\t\t\t\t\t\t\t\t\t\t\t\t\t\t\t<\/div>\n\t\t\t\t<div class=\"elementor-element elementor-element-8b46df5 elementor-widget elementor-widget-heading\" data-id=\"8b46df5\" data-element_type=\"widget\" data-e-type=\"widget\" data-widget_type=\"heading.default\">\n\t\t\t\t\t<h3 class=\"elementor-heading-title elementor-size-default\">Who?<\/h3>\t\t\t\t<\/div>\n\t\t\t\t<div class=\"elementor-element elementor-element-f929339 elementor-widget elementor-widget-text-editor\" data-id=\"f929339\" data-element_type=\"widget\" data-e-type=\"widget\" data-widget_type=\"text-editor.default\">\n\t\t\t\t\t\t\t\t\t<p class=\"\" data-start=\"1686\" data-end=\"1869\">Mark-Com Event has been organizing events for over 30 years. We specialize in organizing conferences and business meetings in Europe, enabling public and private players in the digital sector (ICT, cybersecurity, networks, telecoms, robotics, innovation) to meet and exchange professional experience.<\/p>\t\t\t\t\t\t\t\t<\/div>\n\t\t\t\t<div class=\"elementor-element elementor-element-00db63c elementor-icon-list--layout-traditional elementor-list-item-link-full_width elementor-widget elementor-widget-icon-list\" data-id=\"00db63c\" data-element_type=\"widget\" data-e-type=\"widget\" data-widget_type=\"icon-list.default\">\n\t\t\t\t\t\t\t<ul class=\"elementor-icon-list-items\">\n\t\t\t\t\t\t\t<li class=\"elementor-icon-list-item\">\n\t\t\t\t\t\t\t\t\t\t\t<a href=\"https:\/\/mark-com.com\/fr\/\" target=\"_blank\" rel=\"noopener\">\n\n\t\t\t\t\t\t\t\t\t\t\t\t<span class=\"elementor-icon-list-icon\">\n\t\t\t\t\t\t\t<i aria-hidden=\"true\" class=\"fas fa-info-circle\"><\/i>\t\t\t\t\t\t<\/span>\n\t\t\t\t\t\t\t\t\t\t<span class=\"elementor-icon-list-text\">Read more<\/span>\n\t\t\t\t\t\t\t\t\t\t\t<\/a>\n\t\t\t\t\t\t\t\t\t<\/li>\n\t\t\t\t\t\t<\/ul>\n\t\t\t\t\t\t<\/div>\n\t\t\t\t<\/div>\n\t\t\t\t<\/div>\n\t\t<div data-particle_enable=\"false\" data-particle-mobile-disabled=\"false\" class=\"elementor-element elementor-element-b9057c4 e-con-full e-flex e-con e-child\" data-id=\"b9057c4\" data-element_type=\"container\" data-e-type=\"container\">\n\t\t\t\t<div class=\"elementor-element elementor-element-8a50d95 animated-slow elementor-invisible elementor-widget elementor-widget-button\" data-id=\"8a50d95\" data-element_type=\"widget\" data-e-type=\"widget\" data-settings=\"{&quot;_animation&quot;:&quot;zoomIn&quot;}\" data-widget_type=\"button.default\">\n\t\t\t\t\t\t\t\t\t\t<a class=\"elementor-button elementor-button-link elementor-size-sm\" href=\"https:\/\/www.eventbrite.fr\/e\/dpo-forum-toulouse-tickets-1784173443799?aff=oddtdtcreator\" target=\"_blank\" rel=\"noopener\">\n\t\t\t\t\t\t<span class=\"elementor-button-content-wrapper\">\n\t\t\t\t\t\t\t\t\t<span class=\"elementor-button-text\">Register here!<\/span>\n\t\t\t\t\t<\/span>\n\t\t\t\t\t<\/a>\n\t\t\t\t\t\t\t\t<\/div>\n\t\t\t\t<div class=\"elementor-element elementor-element-e3e797b elementor-widget elementor-widget-text-editor\" data-id=\"e3e797b\" data-element_type=\"widget\" data-e-type=\"widget\" data-widget_type=\"text-editor.default\">\n\t\t\t\t\t\t\t\t\t<p class=\"widget-title\"><strong>Access reserved exclusively for professional users in companies (DPO, lawyer, CISO, etc.).<\/strong><\/p>\t\t\t\t\t\t\t\t<\/div>\n\t\t\t\t<\/div>\n\t\t\t\t<\/div>\n\t\t\t\t<\/div>\n\t\t\t\t<\/div>","protected":false},"excerpt":{"rendered":"<p>DPO Forum Toulouse 2025 Nouvelle \u00e9tape pour le DPO Forum France ! En 2025, nous int\u00e9grons le CBC \u2013 Cybersecurity Business Convention pour la premi\u00e8re fois \u00e0 Toulouse, les 26 &#038; 27 novembre. Un rendez-vous in\u00e9dit au coeur de la cybers\u00e9curit\u00e9 en Occitanie ! Quoi ? Apr\u00e8s avoir fait ses preuves en Belgique en 2018, [&hellip;]<\/p>\n","protected":false},"author":1,"featured_media":0,"parent":0,"menu_order":0,"comment_status":"closed","ping_status":"closed","template":"","meta":{"footnotes":""},"class_list":["post-246","page","type-page","status-publish","hentry"],"_links":{"self":[{"href":"https:\/\/dpo-forum.eu\/en\/wp-json\/wp\/v2\/pages\/246","targetHints":{"allow":["GET"]}}],"collection":[{"href":"https:\/\/dpo-forum.eu\/en\/wp-json\/wp\/v2\/pages"}],"about":[{"href":"https:\/\/dpo-forum.eu\/en\/wp-json\/wp\/v2\/types\/page"}],"author":[{"embeddable":true,"href":"https:\/\/dpo-forum.eu\/en\/wp-json\/wp\/v2\/users\/1"}],"replies":[{"embeddable":true,"href":"https:\/\/dpo-forum.eu\/en\/wp-json\/wp\/v2\/comments?post=246"}],"version-history":[{"count":13,"href":"https:\/\/dpo-forum.eu\/en\/wp-json\/wp\/v2\/pages\/246\/revisions"}],"predecessor-version":[{"id":1063,"href":"https:\/\/dpo-forum.eu\/en\/wp-json\/wp\/v2\/pages\/246\/revisions\/1063"}],"wp:attachment":[{"href":"https:\/\/dpo-forum.eu\/en\/wp-json\/wp\/v2\/media?parent=246"}],"curies":[{"name":"wp","href":"https:\/\/api.w.org\/{rel}","templated":true}]}}