{"id":242,"date":"2026-01-27T15:29:04","date_gmt":"2026-01-27T14:29:04","guid":{"rendered":"https:\/\/angry-villani.57-128-39-62.plesk.page\/?page_id=242"},"modified":"2026-01-28T16:02:41","modified_gmt":"2026-01-28T15:02:41","slug":"dpo-forum-nivelles-2024","status":"publish","type":"page","link":"https:\/\/dpo-forum.eu\/en\/dpo-forum-nivelles-2024\/","title":{"rendered":"DPO Forum Nivelles 2024"},"content":{"rendered":"<div data-elementor-type=\"wp-page\" data-elementor-id=\"242\" class=\"elementor elementor-242\" data-elementor-post-type=\"page\">\n\t\t\t\t<div data-particle_enable=\"false\" data-particle-mobile-disabled=\"false\" class=\"elementor-element elementor-element-79a9737 e-flex e-con-boxed e-con e-parent\" data-id=\"79a9737\" data-element_type=\"container\" data-e-type=\"container\" data-settings=\"{&quot;background_background&quot;:&quot;classic&quot;,&quot;background_motion_fx_motion_fx_mouse&quot;:&quot;yes&quot;,&quot;background_motion_fx_mouseTrack_effect&quot;:&quot;yes&quot;,&quot;background_motion_fx_mouseTrack_speed&quot;:{&quot;unit&quot;:&quot;px&quot;,&quot;size&quot;:1.6,&quot;sizes&quot;:[]}}\">\n\t\t\t\t\t<div class=\"e-con-inner\">\n\t\t\t\t<div class=\"elementor-element elementor-element-8bcaade elementor-widget elementor-widget-heading\" data-id=\"8bcaade\" data-element_type=\"widget\" data-e-type=\"widget\" data-widget_type=\"heading.default\">\n\t\t\t\t\t<h1 class=\"elementor-heading-title elementor-size-default\"><span class=\"hl-hero\">DPO Forum<\/span><\/h1>\t\t\t\t<\/div>\n\t\t\t\t<div class=\"elementor-element elementor-element-96afd0c elementor-widget elementor-widget-heading\" data-id=\"96afd0c\" data-element_type=\"widget\" data-e-type=\"widget\" data-widget_type=\"heading.default\">\n\t\t\t\t\t<h2 class=\"elementor-heading-title elementor-size-default\"><span class=\"hl-hero\">Nivelles 2024<\/span><\/h2>\t\t\t\t<\/div>\n\t\t\t\t\t<\/div>\n\t\t\t\t<\/div>\n\t\t<div data-particle_enable=\"false\" data-particle-mobile-disabled=\"false\" class=\"elementor-element elementor-element-8daa329 e-con-full e-flex e-con e-parent\" data-id=\"8daa329\" data-element_type=\"container\" data-e-type=\"container\" data-settings=\"{&quot;background_background&quot;:&quot;classic&quot;}\">\n\t\t<div data-particle_enable=\"false\" data-particle-mobile-disabled=\"false\" class=\"elementor-element elementor-element-250542e e-con-full e-flex e-con e-child\" data-id=\"250542e\" data-element_type=\"container\" data-e-type=\"container\" data-settings=\"{&quot;background_background&quot;:&quot;classic&quot;}\">\n\t\t<div data-particle_enable=\"false\" data-particle-mobile-disabled=\"false\" class=\"elementor-element elementor-element-91c3567 e-con-full e-flex e-con e-child\" data-id=\"91c3567\" data-element_type=\"container\" data-e-type=\"container\">\n\t\t\t\t<div class=\"elementor-element elementor-element-d06fb6c elementor-widget elementor-widget-text-editor\" data-id=\"d06fb6c\" data-element_type=\"widget\" data-e-type=\"widget\" data-widget_type=\"text-editor.default\">\n\t\t\t\t\t\t\t\t\t<p>Edition 2024<\/p>\t\t\t\t\t\t\t\t<\/div>\n\t\t\t\t<div class=\"elementor-element elementor-element-1b0feab elementor-widget elementor-widget-text-editor\" data-id=\"1b0feab\" data-element_type=\"widget\" data-e-type=\"widget\" data-widget_type=\"text-editor.default\">\n\t\t\t\t\t\t\t\t\tOctober 3, 2024 to <a class=\"big-link\" href=\"https:\/\/www.hotelnivellessud.be\/index.cfm?gad_source=1&#038;gclid=CjwKCAiA1-6sBhAoEiwArqlGPoWlnlzHCVnKlciYqYtCEx5eeqVAmKNDWCXKkmXqaGJKmR4PpP3bnBoCgHIQAvD_BwE\" target=\"_blank\" rel=\"noopener\">Van der Valk Hotel Nivelles-Sud<\/a>\t\t\t\t\t\t\t\t<\/div>\n\t\t\t\t<div class=\"elementor-element elementor-element-6b28c9e animated-slow elementor-invisible elementor-widget elementor-widget-button\" data-id=\"6b28c9e\" data-element_type=\"widget\" data-e-type=\"widget\" data-settings=\"{&quot;_animation&quot;:&quot;zoomIn&quot;}\" data-widget_type=\"button.default\">\n\t\t\t\t\t\t\t\t\t\t<a class=\"elementor-button elementor-button-link elementor-size-sm\" href=\"https:\/\/mcevent.mark-com.com\/DPOForumBelgique2024\" target=\"_blank\" rel=\"noopener\">\n\t\t\t\t\t\t<span class=\"elementor-button-content-wrapper\">\n\t\t\t\t\t\t\t\t\t<span class=\"elementor-button-text\">Sign up now!<\/span>\n\t\t\t\t\t<\/span>\n\t\t\t\t\t<\/a>\n\t\t\t\t\t\t\t\t<\/div>\n\t\t\t\t<\/div>\n\t\t<div data-particle_enable=\"false\" data-particle-mobile-disabled=\"false\" class=\"elementor-element elementor-element-de0ab0c e-con-full e-flex e-con e-child\" data-id=\"de0ab0c\" data-element_type=\"container\" data-e-type=\"container\">\n\t\t<div data-particle_enable=\"false\" data-particle-mobile-disabled=\"false\" class=\"elementor-element elementor-element-ab13eba e-con-full e-flex e-con e-child\" data-id=\"ab13eba\" data-element_type=\"container\" data-e-type=\"container\">\n\t\t\t\t<div class=\"elementor-element elementor-element-232acea elementor-widget elementor-widget-image\" data-id=\"232acea\" data-element_type=\"widget\" data-e-type=\"widget\" data-widget_type=\"image.default\">\n\t\t\t\t\t\t\t\t\t\t\t\t\t\t\t<img fetchpriority=\"high\" decoding=\"async\" width=\"2554\" height=\"1500\" src=\"https:\/\/dpo-forum.eu\/wp-content\/uploads\/9o_SF-DPO_FORUM_EVENT_-scaled-e1635863308606.jpg\" class=\"attachment-large size-large wp-image-677\" alt=\",\" srcset=\"https:\/\/dpo-forum.eu\/wp-content\/uploads\/9o_SF-DPO_FORUM_EVENT_-scaled-e1635863308606.jpg 2554w, https:\/\/dpo-forum.eu\/wp-content\/uploads\/9o_SF-DPO_FORUM_EVENT_-scaled-e1635863308606-768x451.jpg 768w, https:\/\/dpo-forum.eu\/wp-content\/uploads\/9o_SF-DPO_FORUM_EVENT_-scaled-e1635863308606-1536x902.jpg 1536w, https:\/\/dpo-forum.eu\/wp-content\/uploads\/9o_SF-DPO_FORUM_EVENT_-scaled-e1635863308606-2048x1203.jpg 2048w\" sizes=\"(max-width: 2554px) 100vw, 2554px\" title=\"\">\t\t\t\t\t\t\t\t\t\t\t\t\t\t\t<\/div>\n\t\t\t\t<div class=\"elementor-element elementor-element-591693a elementor-widget elementor-widget-heading\" data-id=\"591693a\" data-element_type=\"widget\" data-e-type=\"widget\" data-widget_type=\"heading.default\">\n\t\t\t\t\t<h3 class=\"elementor-heading-title elementor-size-default\">What?<\/h3>\t\t\t\t<\/div>\n\t\t\t\t<div class=\"elementor-element elementor-element-60a96e3 elementor-widget elementor-widget-text-editor\" data-id=\"60a96e3\" data-element_type=\"widget\" data-e-type=\"widget\" data-widget_type=\"text-editor.default\">\n\t\t\t\t\t\t\t\t\t<p data-start=\"0\" data-end=\"769\">On October 3, 2024, Mark-Com Event will be holding the 4th edition of its DPO Forum at the Van der Valk Hotel in Nivelles Sud. \u00abThe Deloitte survey clearly shows that governance in terms of personal data and information security can be improved,\u00bb analyzes Fran\u00e7ois Vajda, Managing Director of Mark-Com Event. \u00abFrom then on, the ambition of this event will be to answer questions about data security in companies, the evolution of the RGPD and the role of the DPO.\u00bb For example, how to raise RGPD awareness and deal with the lack of support at senior management level, how to clarify responsibilities regarding privacy or policy implementation, or how to put in place practical policies and procedures. The DPO Forum aims to provide French-speaking company managers with a pragmatic response to their concerns by presenting the latest technological developments in this field, as well as enabling them to meet the players likely to support them in their projects.<\/p>\t\t\t\t\t\t\t\t<\/div>\n\t\t\t\t<\/div>\n\t\t<div data-particle_enable=\"false\" data-particle-mobile-disabled=\"false\" class=\"elementor-element elementor-element-21c8243 e-con-full e-flex e-con e-child\" data-id=\"21c8243\" data-element_type=\"container\" data-e-type=\"container\">\n\t\t\t\t<div class=\"elementor-element elementor-element-55250a2 elementor-widget elementor-widget-image\" data-id=\"55250a2\" data-element_type=\"widget\" data-e-type=\"widget\" data-widget_type=\"image.default\">\n\t\t\t\t\t\t\t\t\t\t\t\t\t\t\t<img decoding=\"async\" width=\"1000\" height=\"666\" src=\"https:\/\/dpo-forum.eu\/wp-content\/uploads\/vandervalk-hotel-nivelles-sud.jpg\" class=\"attachment-large size-large wp-image-688\" alt=\",\" srcset=\"https:\/\/dpo-forum.eu\/wp-content\/uploads\/vandervalk-hotel-nivelles-sud.jpg 1000w, https:\/\/dpo-forum.eu\/wp-content\/uploads\/vandervalk-hotel-nivelles-sud-768x511.jpg 768w\" sizes=\"(max-width: 1000px) 100vw, 1000px\" title=\"\">\t\t\t\t\t\t\t\t\t\t\t\t\t\t\t<\/div>\n\t\t\t\t<div class=\"elementor-element elementor-element-65d44e2 elementor-widget elementor-widget-heading\" data-id=\"65d44e2\" data-element_type=\"widget\" data-e-type=\"widget\" data-widget_type=\"heading.default\">\n\t\t\t\t\t<h3 class=\"elementor-heading-title elementor-size-default\">When? Where?<\/h3>\t\t\t\t<\/div>\n\t\t\t\t<div class=\"elementor-element elementor-element-8c60681 elementor-widget__width-inherit elementor-widget elementor-widget-text-editor\" data-id=\"8c60681\" data-element_type=\"widget\" data-e-type=\"widget\" data-widget_type=\"text-editor.default\">\n\t\t\t\t\t\t\t\t\t<div id=\"pgc-3119-2-1\" class=\"panel-grid-cell\"><div id=\"panel-3119-2-1-1\" class=\"so-panel widget widget_sow-editor panel-last-child widgetopts-SO\" data-index=\"6\"><div class=\"so-widget-sow-editor so-widget-sow-editor-base\"><div class=\"siteorigin-widget-tinymce textwidget\"><p>DPO Forum will take place at the Van der Valk Hotel in Nivelles-Sud. With all its access and parking facilities, this will enable participants to optimize their precious time by offering technical solutions in a single location. We look forward to seeing you on October 3, 2024 for conferences that will talk about all the latest news concerning the DPO profession and the new developments of the RGPD.<\/p><\/div><\/div><\/div><\/div><div id=\"pgc-3119-2-2\" class=\"panel-grid-cell\"><div id=\"panel-3119-2-2-0\" class=\"so-panel widget widget_sow-image panel-first-child widgetopts-SO\" data-index=\"7\"><div class=\"so-widget-sow-image so-widget-sow-image-default-8b5b6f678277-3119\"><div class=\"sow-image-container\">\u00a0<\/div><\/div><\/div><\/div>\t\t\t\t\t\t\t\t<\/div>\n\t\t\t\t<\/div>\n\t\t<div data-particle_enable=\"false\" data-particle-mobile-disabled=\"false\" class=\"elementor-element elementor-element-8fd6185 e-con-full e-flex e-con e-child\" data-id=\"8fd6185\" data-element_type=\"container\" data-e-type=\"container\">\n\t\t\t\t<div class=\"elementor-element elementor-element-7d4999f elementor-widget elementor-widget-image\" data-id=\"7d4999f\" data-element_type=\"widget\" data-e-type=\"widget\" data-widget_type=\"image.default\">\n\t\t\t\t\t\t\t\t\t\t\t\t\t\t\t<img decoding=\"async\" width=\"2336\" height=\"1366\" src=\"https:\/\/dpo-forum.eu\/wp-content\/uploads\/9ze_SF-DPO_FORUM_EVENT_-scaled-e1635863362727.jpg\" class=\"attachment-large size-large wp-image-680\" alt=\",\" srcset=\"https:\/\/dpo-forum.eu\/wp-content\/uploads\/9ze_SF-DPO_FORUM_EVENT_-scaled-e1635863362727.jpg 2336w, https:\/\/dpo-forum.eu\/wp-content\/uploads\/9ze_SF-DPO_FORUM_EVENT_-scaled-e1635863362727-768x449.jpg 768w, https:\/\/dpo-forum.eu\/wp-content\/uploads\/9ze_SF-DPO_FORUM_EVENT_-scaled-e1635863362727-1536x898.jpg 1536w, https:\/\/dpo-forum.eu\/wp-content\/uploads\/9ze_SF-DPO_FORUM_EVENT_-scaled-e1635863362727-2048x1198.jpg 2048w\" sizes=\"(max-width: 2336px) 100vw, 2336px\" title=\"\">\t\t\t\t\t\t\t\t\t\t\t\t\t\t\t<\/div>\n\t\t\t\t<div class=\"elementor-element elementor-element-0f0559f elementor-widget elementor-widget-heading\" data-id=\"0f0559f\" data-element_type=\"widget\" data-e-type=\"widget\" data-widget_type=\"heading.default\">\n\t\t\t\t\t<h3 class=\"elementor-heading-title elementor-size-default\">Who<\/h3>\t\t\t\t<\/div>\n\t\t\t\t<div class=\"elementor-element elementor-element-7c87da1 elementor-widget elementor-widget-text-editor\" data-id=\"7c87da1\" data-element_type=\"widget\" data-e-type=\"widget\" data-widget_type=\"text-editor.default\">\n\t\t\t\t\t\t\t\t\t<p class=\"\" data-start=\"1686\" data-end=\"1869\">An event organizer for nearly 30 years, Mark-Com Event sets up conferences and business meetings to bring together public and private players in the digital sector (IT, telecoms, innovation) in Europe.<\/p>\t\t\t\t\t\t\t\t<\/div>\n\t\t\t\t<div class=\"elementor-element elementor-element-6ea2d7b elementor-icon-list--layout-traditional elementor-list-item-link-full_width elementor-widget elementor-widget-icon-list\" data-id=\"6ea2d7b\" data-element_type=\"widget\" data-e-type=\"widget\" data-widget_type=\"icon-list.default\">\n\t\t\t\t\t\t\t<ul class=\"elementor-icon-list-items\">\n\t\t\t\t\t\t\t<li class=\"elementor-icon-list-item\">\n\t\t\t\t\t\t\t\t\t\t\t<a href=\"https:\/\/mark-com.com\/fr\/\" target=\"_blank\" rel=\"noopener\">\n\n\t\t\t\t\t\t\t\t\t\t\t\t<span class=\"elementor-icon-list-icon\">\n\t\t\t\t\t\t\t<i aria-hidden=\"true\" class=\"fas fa-info-circle\"><\/i>\t\t\t\t\t\t<\/span>\n\t\t\t\t\t\t\t\t\t\t<span class=\"elementor-icon-list-text\">Find out more<\/span>\n\t\t\t\t\t\t\t\t\t\t\t<\/a>\n\t\t\t\t\t\t\t\t\t<\/li>\n\t\t\t\t\t\t<\/ul>\n\t\t\t\t\t\t<\/div>\n\t\t\t\t<\/div>\n\t\t\t\t<\/div>\n\t\t<div data-particle_enable=\"false\" data-particle-mobile-disabled=\"false\" class=\"elementor-element elementor-element-3d12d53 e-con-full e-flex e-con e-child\" data-id=\"3d12d53\" data-element_type=\"container\" data-e-type=\"container\">\n\t\t\t\t<div class=\"elementor-element elementor-element-2b39e2f animated-slow elementor-invisible elementor-widget elementor-widget-button\" data-id=\"2b39e2f\" data-element_type=\"widget\" data-e-type=\"widget\" data-settings=\"{&quot;_animation&quot;:&quot;zoomIn&quot;}\" data-widget_type=\"button.default\">\n\t\t\t\t\t\t\t\t\t\t<a class=\"elementor-button elementor-button-link elementor-size-sm\" href=\"https:\/\/mcevent.mark-com.com\/DPOForumBelgique2024\" target=\"_blank\" rel=\"noopener\">\n\t\t\t\t\t\t<span class=\"elementor-button-content-wrapper\">\n\t\t\t\t\t\t\t\t\t<span class=\"elementor-button-text\">Sign up now!<\/span>\n\t\t\t\t\t<\/span>\n\t\t\t\t\t<\/a>\n\t\t\t\t\t\t\t\t<\/div>\n\t\t\t\t<\/div>\n\t\t\t\t<\/div>\n\t\t\t\t<\/div>\n\t\t\t\t<\/div>","protected":false},"excerpt":{"rendered":"<p>DPO Forum Nivelles 2024 \u00c9dition 2024 3 octobre 2024 au Van der Valk Hotel Nivelles-Sud Inscrivez-vous ! Quoi ? Mark-Com Event proposera le 3 octobre 2024 au Van der Valk Hotel de Nivelles Sud la 4e \u00e9dition de son DPO Forum. \u00ab L\u2019enqu\u00eate de Deloitte montre clairement que la gouvernance en mati\u00e8re de s\u00e9curit\u00e9 des [&hellip;]<\/p>\n","protected":false},"author":1,"featured_media":0,"parent":0,"menu_order":0,"comment_status":"closed","ping_status":"closed","template":"","meta":{"footnotes":""},"class_list":["post-242","page","type-page","status-publish","hentry"],"_links":{"self":[{"href":"https:\/\/dpo-forum.eu\/en\/wp-json\/wp\/v2\/pages\/242","targetHints":{"allow":["GET"]}}],"collection":[{"href":"https:\/\/dpo-forum.eu\/en\/wp-json\/wp\/v2\/pages"}],"about":[{"href":"https:\/\/dpo-forum.eu\/en\/wp-json\/wp\/v2\/types\/page"}],"author":[{"embeddable":true,"href":"https:\/\/dpo-forum.eu\/en\/wp-json\/wp\/v2\/users\/1"}],"replies":[{"embeddable":true,"href":"https:\/\/dpo-forum.eu\/en\/wp-json\/wp\/v2\/comments?post=242"}],"version-history":[{"count":13,"href":"https:\/\/dpo-forum.eu\/en\/wp-json\/wp\/v2\/pages\/242\/revisions"}],"predecessor-version":[{"id":697,"href":"https:\/\/dpo-forum.eu\/en\/wp-json\/wp\/v2\/pages\/242\/revisions\/697"}],"wp:attachment":[{"href":"https:\/\/dpo-forum.eu\/en\/wp-json\/wp\/v2\/media?parent=242"}],"curies":[{"name":"wp","href":"https:\/\/api.w.org\/{rel}","templated":true}]}}