{"id":1653,"date":"2026-02-16T10:39:18","date_gmt":"2026-02-16T09:39:18","guid":{"rendered":"https:\/\/dpo-forum.eu\/?page_id=1653"},"modified":"2026-02-17T10:23:01","modified_gmt":"2026-02-17T09:23:01","slug":"news","status":"publish","type":"page","link":"https:\/\/dpo-forum.eu\/en\/news\/","title":{"rendered":"News"},"content":{"rendered":"<div data-elementor-type=\"wp-page\" data-elementor-id=\"1653\" class=\"elementor elementor-1653\" data-elementor-post-type=\"page\">\n\t\t\t\t<div data-particle_enable=\"false\" data-particle-mobile-disabled=\"false\" class=\"elementor-element elementor-element-927c13d e-flex e-con-boxed e-con e-parent\" data-id=\"927c13d\" data-element_type=\"container\" data-e-type=\"container\" data-settings=\"{&quot;background_background&quot;:&quot;gradient&quot;}\">\n\t\t\t\t\t<div class=\"e-con-inner\">\n\t\t\t\t<div class=\"elementor-element elementor-element-df71317 elementor-widget elementor-widget-spacer\" data-id=\"df71317\" data-element_type=\"widget\" data-e-type=\"widget\" data-widget_type=\"spacer.default\">\n\t\t\t\t\t\t\t<div class=\"elementor-spacer\">\n\t\t\t<div class=\"elementor-spacer-inner\"><\/div>\n\t\t<\/div>\n\t\t\t\t\t\t<\/div>\n\t\t\t\t<div class=\"elementor-element elementor-element-0bf0abf elementor-widget elementor-widget-text-editor\" data-id=\"0bf0abf\" data-element_type=\"widget\" data-e-type=\"widget\" data-widget_type=\"text-editor.default\">\n\t\t\t\t\t\t\t\t\t<p>News at a glance!<\/p>\t\t\t\t\t\t\t\t<\/div>\n\t\t\t\t<div class=\"elementor-element elementor-element-6f74995 elementor-widget elementor-widget-spacer\" data-id=\"6f74995\" data-element_type=\"widget\" data-e-type=\"widget\" data-widget_type=\"spacer.default\">\n\t\t\t\t\t\t\t<div class=\"elementor-spacer\">\n\t\t\t<div class=\"elementor-spacer-inner\"><\/div>\n\t\t<\/div>\n\t\t\t\t\t\t<\/div>\n\t\t\t\t\t<\/div>\n\t\t\t\t<\/div>\n\t\t<div data-particle_enable=\"false\" data-particle-mobile-disabled=\"false\" class=\"elementor-element elementor-element-cc0089d e-flex e-con-boxed e-con e-parent\" data-id=\"cc0089d\" data-element_type=\"container\" data-e-type=\"container\">\n\t\t\t\t\t<div class=\"e-con-inner\">\n\t\t\t\t<div class=\"elementor-element elementor-element-daa57a0 elementor-cta--layout-image-left elementor-cta--skin-classic elementor-animated-content elementor-bg-transform elementor-bg-transform-zoom-in elementor-widget elementor-widget-call-to-action\" data-id=\"daa57a0\" data-element_type=\"widget\" data-e-type=\"widget\" data-widget_type=\"call-to-action.default\">\n\t\t\t\t\t\t\t<div class=\"elementor-cta\">\n\t\t\t\t\t<div class=\"elementor-cta__bg-wrapper\">\n\t\t\t\t<div class=\"elementor-cta__bg elementor-bg\" style=\"background-image: url(https:\/\/dpo-forum.eu\/wp-content\/uploads\/CNIL-2-BF2.jpg);\" role=\"img\" aria-label=\"CNIL-2-BF2\"><\/div>\n\t\t\t\t<div class=\"elementor-cta__bg-overlay\"><\/div>\n\t\t\t<\/div>\n\t\t\t\t\t\t\t<div class=\"elementor-cta__content\">\n\t\t\t\t\n\t\t\t\t\t\t\t\t\t<h2 class=\"elementor-cta__title elementor-cta__content-item elementor-content-item\">\n\t\t\t\t\t\tNearly half a billion euros in fines imposed by Cnil in 2025 (source: La Revue du Digital)\t\t\t\t\t<\/h2>\n\t\t\t\t\n\t\t\t\t\t\t\t\t\t<div class=\"elementor-cta__description elementor-cta__content-item elementor-content-item\">\n\t\t\t\t\t\tCnil publishes its 2025 balance sheet, and it's clear that the repressive aspect of this authority comes to the fore. Cnil has announced total fines of 486 million euros.\t\t\t\t\t<\/div>\n\t\t\t\t\n\t\t\t\t\t\t\t\t\t<div class=\"elementor-cta__button-wrapper elementor-cta__content-item elementor-content-item\">\n\t\t\t\t\t<a class=\"elementor-cta__button elementor-button elementor-size-\" href=\"https:\/\/www.larevuedudigital.com\/la-cnil-organisme-de-sanction-486-millions-deuros-damendes-infligees-en-2025\/\" target=\"_blank\" rel=\"noopener\">\n\t\t\t\t\t\t<b>See more<\/b>\t\t\t\t\t<\/a>\n\t\t\t\t\t<\/div>\n\t\t\t\t\t\t\t<\/div>\n\t\t\t\t\t\t<\/div>\n\t\t\t\t\t\t<\/div>\n\t\t\t\t<div class=\"elementor-element elementor-element-8b32530 elementor-cta--layout-image-right elementor-cta--skin-classic elementor-animated-content elementor-bg-transform elementor-bg-transform-zoom-in elementor-widget elementor-widget-call-to-action\" data-id=\"8b32530\" data-element_type=\"widget\" data-e-type=\"widget\" data-widget_type=\"call-to-action.default\">\n\t\t\t\t\t\t\t<div class=\"elementor-cta\">\n\t\t\t\t\t<div class=\"elementor-cta__bg-wrapper\">\n\t\t\t\t<div class=\"elementor-cta__bg elementor-bg\" style=\"background-image: url(https:\/\/dpo-forum.eu\/wp-content\/uploads\/CEPA-personal-data-protection-and-privacy-web-final-scaled-1.webp);\" role=\"img\" aria-label=\"CEPA-personal-data-protection-and-privacy-web-final-scaled\"><\/div>\n\t\t\t\t<div class=\"elementor-cta__bg-overlay\"><\/div>\n\t\t\t<\/div>\n\t\t\t\t\t\t\t<div class=\"elementor-cta__content\">\n\t\t\t\t\n\t\t\t\t\t\t\t\t\t<h2 class=\"elementor-cta__title elementor-cta__content-item elementor-content-item\">\n\t\t\t\t\t\tThe Brussels effect under the microscope: the RGPD imposes itself on a global scale (source: CEPA)\t\t\t\t\t<\/h2>\n\t\t\t\t\n\t\t\t\t\t\t\t\t\t<div class=\"elementor-cta__description elementor-cta__content-item elementor-content-item\">\n\t\t\t\t\t\tEurope's data protection rules set the global standard, sparking transatlantic tensions\t\t\t\t\t<\/div>\n\t\t\t\t\n\t\t\t\t\t\t\t\t\t<div class=\"elementor-cta__button-wrapper elementor-cta__content-item elementor-content-item\">\n\t\t\t\t\t<a class=\"elementor-cta__button elementor-button elementor-size-\" href=\"https:\/\/cepa.org\/comprehensive-reports\/mapping-the-brussels-effect-the-gdpr-goes-global\/\" target=\"_blank\" rel=\"noopener\">\n\t\t\t\t\t\t<b>See more<\/b>\t\t\t\t\t<\/a>\n\t\t\t\t\t<\/div>\n\t\t\t\t\t\t\t<\/div>\n\t\t\t\t\t\t<\/div>\n\t\t\t\t\t\t<\/div>\n\t\t\t\t<div class=\"elementor-element elementor-element-33641b6 elementor-cta--layout-image-left elementor-cta--skin-classic elementor-animated-content elementor-bg-transform elementor-bg-transform-zoom-in elementor-widget elementor-widget-call-to-action\" data-id=\"33641b6\" data-element_type=\"widget\" data-e-type=\"widget\" data-widget_type=\"call-to-action.default\">\n\t\t\t\t\t\t\t<div class=\"elementor-cta\">\n\t\t\t\t\t<div class=\"elementor-cta__bg-wrapper\">\n\t\t\t\t<div class=\"elementor-cta__bg elementor-bg\" style=\"background-image: url(https:\/\/dpo-forum.eu\/wp-content\/uploads\/95267d9_upload-1-vuvcswjnkzt6-lemonde-ia-010825.avif);\" role=\"img\" aria-label=\"95267d9_upload-1-vuvcswjnkzt6-lemonde-ia-010825\"><\/div>\n\t\t\t\t<div class=\"elementor-cta__bg-overlay\"><\/div>\n\t\t\t<\/div>\n\t\t\t\t\t\t\t<div class=\"elementor-cta__content\">\n\t\t\t\t\n\t\t\t\t\t\t\t\t\t<h2 class=\"elementor-cta__title elementor-cta__content-item elementor-content-item\">\n\t\t\t\t\t\tThe entry into force of the IA Act, a new battleground between Europe and the United States (source: Le Monde)\t\t\t\t\t<\/h2>\n\t\t\t\t\n\t\t\t\t\t\t\t\t\t<div class=\"elementor-cta__description elementor-cta__content-item elementor-content-item\">\n\t\t\t\t\t\tKey parts of the European legislation governing artificial intelligence take effect on Saturday August 2. Washington and the American tech giants have not given up their coordinated offensive against this text in particular and European digital regulation in general.\t\t\t\t\t<\/div>\n\t\t\t\t\n\t\t\t\t\t\t\t\t\t<div class=\"elementor-cta__button-wrapper elementor-cta__content-item elementor-content-item\">\n\t\t\t\t\t<a class=\"elementor-cta__button elementor-button elementor-size-\" href=\"https:\/\/www.lemonde.fr\/economie\/article\/2025\/08\/02\/l-entree-en-vigueur-du-reglement-europeen-sur-l-ia-nouveau-terrain-d-affrontement-europe-etats-unis_6626215_3234.html\" target=\"_blank\" rel=\"noopener\">\n\t\t\t\t\t\t<b>See more<\/b>\t\t\t\t\t<\/a>\n\t\t\t\t\t<\/div>\n\t\t\t\t\t\t\t<\/div>\n\t\t\t\t\t\t<\/div>\n\t\t\t\t\t\t<\/div>\n\t\t\t\t\t<\/div>\n\t\t\t\t<\/div>\n\t\t\t\t<\/div>","protected":false},"excerpt":{"rendered":"<p>L\u2019actualit\u00e9 en un coup d\u2019\u0153il ! Pr\u00e8s d\u2019un demi milliard d\u2019euros d\u2019amendes inflig\u00e9 par la Cnil en 2025 (source : La Revue du Digital) La Cnil publie son bilan 2025 et force est de constater que l\u2019aspect r\u00e9pressif de cette autorit\u00e9 appara\u00eet au premier plan. La Cnil annonce un montant total des amendes de 486 [&hellip;]<\/p>\n","protected":false},"author":2,"featured_media":0,"parent":0,"menu_order":0,"comment_status":"closed","ping_status":"closed","template":"","meta":{"footnotes":""},"class_list":["post-1653","page","type-page","status-publish","hentry"],"_links":{"self":[{"href":"https:\/\/dpo-forum.eu\/en\/wp-json\/wp\/v2\/pages\/1653","targetHints":{"allow":["GET"]}}],"collection":[{"href":"https:\/\/dpo-forum.eu\/en\/wp-json\/wp\/v2\/pages"}],"about":[{"href":"https:\/\/dpo-forum.eu\/en\/wp-json\/wp\/v2\/types\/page"}],"author":[{"embeddable":true,"href":"https:\/\/dpo-forum.eu\/en\/wp-json\/wp\/v2\/users\/2"}],"replies":[{"embeddable":true,"href":"https:\/\/dpo-forum.eu\/en\/wp-json\/wp\/v2\/comments?post=1653"}],"version-history":[{"count":25,"href":"https:\/\/dpo-forum.eu\/en\/wp-json\/wp\/v2\/pages\/1653\/revisions"}],"predecessor-version":[{"id":1686,"href":"https:\/\/dpo-forum.eu\/en\/wp-json\/wp\/v2\/pages\/1653\/revisions\/1686"}],"wp:attachment":[{"href":"https:\/\/dpo-forum.eu\/en\/wp-json\/wp\/v2\/media?parent=1653"}],"curies":[{"name":"wp","href":"https:\/\/api.w.org\/{rel}","templated":true}]}}