{"id":1437,"date":"2026-02-09T10:06:59","date_gmt":"2026-02-09T09:06:59","guid":{"rendered":"https:\/\/angry-villani.57-128-39-62.plesk.page\/?page_id=1437"},"modified":"2026-02-09T11:22:07","modified_gmt":"2026-02-09T10:22:07","slug":"informations-pratiques-lux-dec","status":"publish","type":"page","link":"https:\/\/dpo-forum.eu\/en\/informations-pratiques-lux-dec\/","title":{"rendered":"Informations Pratiques Lux D\u00e9c"},"content":{"rendered":"<div data-elementor-type=\"wp-page\" data-elementor-id=\"1437\" class=\"elementor elementor-1437\" data-elementor-post-type=\"page\">\n\t\t\t\t<div data-particle_enable=\"false\" data-particle-mobile-disabled=\"false\" class=\"elementor-element elementor-element-3737e6a e-flex e-con-boxed e-con e-parent\" data-id=\"3737e6a\" data-element_type=\"container\" data-e-type=\"container\" data-settings=\"{&quot;background_background&quot;:&quot;classic&quot;,&quot;background_motion_fx_motion_fx_mouse&quot;:&quot;yes&quot;,&quot;background_motion_fx_mouseTrack_effect&quot;:&quot;yes&quot;,&quot;background_motion_fx_mouseTrack_speed&quot;:{&quot;unit&quot;:&quot;px&quot;,&quot;size&quot;:1.6,&quot;sizes&quot;:[]}}\">\n\t\t\t\t\t<div class=\"e-con-inner\">\n\t\t\t\t<div class=\"elementor-element elementor-element-0ceadb2 elementor-widget elementor-widget-heading\" data-id=\"0ceadb2\" data-element_type=\"widget\" data-e-type=\"widget\" data-widget_type=\"heading.default\">\n\t\t\t\t\t<h1 class=\"elementor-heading-title elementor-size-default\"><span class=\"hl-hero\">DPO Forum<\/span><\/h1>\t\t\t\t<\/div>\n\t\t\t\t<div class=\"elementor-element elementor-element-754daab elementor-widget elementor-widget-heading\" data-id=\"754daab\" data-element_type=\"widget\" data-e-type=\"widget\" data-widget_type=\"heading.default\">\n\t\t\t\t\t<h2 class=\"elementor-heading-title elementor-size-default\"><span class=\"hl-hero\">Luxembourg December 2025<\/span><\/h2>\t\t\t\t<\/div>\n\t\t\t\t\t<\/div>\n\t\t\t\t<\/div>\n\t\t<div data-particle_enable=\"false\" data-particle-mobile-disabled=\"false\" class=\"elementor-element elementor-element-b517dec e-con-full e-flex e-con e-parent\" data-id=\"b517dec\" data-element_type=\"container\" data-e-type=\"container\" data-settings=\"{&quot;background_background&quot;:&quot;classic&quot;}\">\n\t\t<div data-particle_enable=\"false\" data-particle-mobile-disabled=\"false\" class=\"elementor-element elementor-element-46b2255 e-con-full e-flex e-con e-child\" data-id=\"46b2255\" data-element_type=\"container\" data-e-type=\"container\" data-settings=\"{&quot;background_background&quot;:&quot;classic&quot;}\">\n\t\t<div data-particle_enable=\"false\" data-particle-mobile-disabled=\"false\" class=\"elementor-element elementor-element-32aa2fd e-con-full e-flex e-con e-child\" data-id=\"32aa2fd\" data-element_type=\"container\" data-e-type=\"container\">\n\t\t<div data-particle_enable=\"false\" data-particle-mobile-disabled=\"false\" class=\"elementor-element elementor-element-0f9ba8c e-con-full e-flex e-con e-child\" data-id=\"0f9ba8c\" data-element_type=\"container\" data-e-type=\"container\">\n\t\t\t\t<div class=\"elementor-element elementor-element-ca3af1e elementor-widget elementor-widget-image\" data-id=\"ca3af1e\" data-element_type=\"widget\" data-e-type=\"widget\" data-widget_type=\"image.default\">\n\t\t\t\t\t\t\t\t\t\t\t\t\t\t\t<img fetchpriority=\"high\" decoding=\"async\" width=\"2560\" height=\"1707\" src=\"https:\/\/dpo-forum.eu\/wp-content\/uploads\/hx6t4ouyvsmisuehmd2f-scaled-1.webp\" class=\"attachment-large size-large wp-image-1399\" alt=\",\" srcset=\"https:\/\/dpo-forum.eu\/wp-content\/uploads\/hx6t4ouyvsmisuehmd2f-scaled-1.webp 2560w, https:\/\/dpo-forum.eu\/wp-content\/uploads\/hx6t4ouyvsmisuehmd2f-scaled-1-768x512.webp 768w, https:\/\/dpo-forum.eu\/wp-content\/uploads\/hx6t4ouyvsmisuehmd2f-scaled-1-1536x1024.webp 1536w, https:\/\/dpo-forum.eu\/wp-content\/uploads\/hx6t4ouyvsmisuehmd2f-scaled-1-2048x1366.webp 2048w\" sizes=\"(max-width: 2560px) 100vw, 2560px\" title=\"\">\t\t\t\t\t\t\t\t\t\t\t\t\t\t\t<\/div>\n\t\t\t\t<div class=\"elementor-element elementor-element-26ffcfa elementor-widget elementor-widget-text-editor\" data-id=\"26ffcfa\" data-element_type=\"widget\" data-e-type=\"widget\" data-widget_type=\"text-editor.default\">\n\t\t\t\t\t\t\t\t\t<p>December 11, 2025: 8:30 a.m. - 5:00 p.m.<\/p>\t\t\t\t\t\t\t\t<\/div>\n\t\t\t\t<div class=\"elementor-element elementor-element-0110d29 elementor-widget elementor-widget-text-editor\" data-id=\"0110d29\" data-element_type=\"widget\" data-e-type=\"widget\" data-widget_type=\"text-editor.default\">\n\t\t\t\t\t\t\t\t\t<p>Le Royal Hotel<\/p>\t\t\t\t\t\t\t\t<\/div>\n\t\t\t\t<div class=\"elementor-element elementor-element-3ed4531 elementor-widget elementor-widget-text-editor\" data-id=\"3ed4531\" data-element_type=\"widget\" data-e-type=\"widget\" data-widget_type=\"text-editor.default\">\n\t\t\t\t\t\t\t\t\t<a href=\"https:\/\/www.google.com\/maps?um=1&#038;ie=UTF-8&#038;fb=1&#038;gl=fr&#038;sa=X&#038;geocode=KfmUvfkqT5VHMStvk_4cG78d&#038;daddr=12+Bd+Royal,+2449+Ville-Haute+Luxembourg\" target=\"_blank\" class=\"big-link\" rel=\"noopener\">12 Bd Royal, 2449 Ville-Haute Luxembourg<\/a>\t\t\t\t\t\t\t\t<\/div>\n\t\t<div data-particle_enable=\"false\" data-particle-mobile-disabled=\"false\" class=\"elementor-element elementor-element-1c21538 e-con-full e-flex e-con e-child\" data-id=\"1c21538\" data-element_type=\"container\" data-e-type=\"container\">\n\t\t\t\t<div class=\"elementor-element elementor-element-fd2a965 elementor-widget elementor-widget-heading\" data-id=\"fd2a965\" data-element_type=\"widget\" data-e-type=\"widget\" data-widget_type=\"heading.default\">\n\t\t\t\t\t<h3 class=\"elementor-heading-title elementor-size-default\">An event in partnership with :<\/h3>\t\t\t\t<\/div>\n\t\t\t\t<div class=\"elementor-element elementor-element-10c846c elementor-widget elementor-widget-eael-logo-carousel\" data-id=\"10c846c\" data-element_type=\"widget\" data-e-type=\"widget\" data-settings=\"{&quot;items&quot;:{&quot;unit&quot;:&quot;px&quot;,&quot;size&quot;:5,&quot;sizes&quot;:[]},&quot;items_tablet&quot;:{&quot;unit&quot;:&quot;px&quot;,&quot;size&quot;:4,&quot;sizes&quot;:[]},&quot;items_mobile&quot;:{&quot;unit&quot;:&quot;px&quot;,&quot;size&quot;:3,&quot;sizes&quot;:[]}}\" data-widget_type=\"eael-logo-carousel.default\">\n\t\t\t\t\t        <div class=\"swiper-container-wrap eael-logo-carousel-wrap\">\n            <div class=\"swiper swiper-8 eael-logo-carousel swiper-container-10c846c\" data-pagination=\".swiper-pagination-10c846c\" data-arrow-next=\".swiper-button-next-10c846c\" data-arrow-prev=\".swiper-button-prev-10c846c\" data-items-mobile=\"3\" data-items-tablet=\"4\" data-items=\"5\" data-margin=\"50\" data-effect=\"slide\" data-speed=\"3000\" data-autoplay=\"2500\" data-loop=\"1\" data-grab-cursor=\"1\">\n                <div class=\"swiper-wrapper\">\n\t\t\t\t\t                            <div class=\"swiper-slide\">\n                                <div class=\"eael-lc-logo-wrap\">\n\t\t\t\t\t\t\t\t\t                                    <div id=\"eael-lc-logo-922bbad\" class=\"eael-lc-logo\">\n\t\t\t\t\t\t\t\t\t\t<a href=\"https:\/\/afcdp.net\/\" target=\"_blank\" rel=\"noopener\"><img decoding=\"async\" class=\"eael-lc-img-src\" src=\"https:\/\/dpo-forum.eu\/wp-content\/uploads\/AFCDP.png\" alt=\",\" title=\"\"><\/a>                                    <\/div>\n\t\t\t\t\t\t\t\t\t                                <\/div>\n                            <\/div>\n\t\t\t\t\t\t                            <div class=\"swiper-slide\">\n                                <div class=\"eael-lc-logo-wrap\">\n\t\t\t\t\t\t\t\t\t                                    <div id=\"eael-lc-logo-6a6d46a\" class=\"eael-lc-logo\">\n\t\t\t\t\t\t\t\t\t\t<a href=\"https:\/\/cnpd.public.lu\/fr.html\" target=\"_blank\" rel=\"noopener\"><img decoding=\"async\" class=\"eael-lc-img-src\" src=\"https:\/\/dpo-forum.eu\/wp-content\/uploads\/CNPD.png\" alt=\",\" title=\"\"><\/a>                                    <\/div>\n\t\t\t\t\t\t\t\t\t                                <\/div>\n                            <\/div>\n\t\t\t\t\t\t                            <div class=\"swiper-slide\">\n                                <div class=\"eael-lc-logo-wrap\">\n\t\t\t\t\t\t\t\t\t                                    <div id=\"eael-lc-logo-5d7b887\" class=\"eael-lc-logo\">\n\t\t\t\t\t\t\t\t\t\t<a href=\"https:\/\/cyberxpert.be\/\" target=\"_blank\" rel=\"noopener\"><img decoding=\"async\" class=\"eael-lc-img-src\" src=\"https:\/\/dpo-forum.eu\/wp-content\/uploads\/CYBERXPERT.png\" alt=\",\" title=\"\"><\/a>                                    <\/div>\n\t\t\t\t\t\t\t\t\t                                <\/div>\n                            <\/div>\n\t\t\t\t\t\t                            <div class=\"swiper-slide\">\n                                <div class=\"eael-lc-logo-wrap\">\n\t\t\t\t\t\t\t\t\t                                    <div id=\"eael-lc-logo-e14d2bd\" class=\"eael-lc-logo\">\n\t\t\t\t\t\t\t\t\t\t<a href=\"https:\/\/brand.isaca.org\/\" target=\"_blank\" rel=\"noopener\"><img decoding=\"async\" class=\"eael-lc-img-src\" src=\"https:\/\/dpo-forum.eu\/wp-content\/uploads\/ISACA.png\" alt=\",\" title=\"\"><\/a>                                    <\/div>\n\t\t\t\t\t\t\t\t\t                                <\/div>\n                            <\/div>\n\t\t\t\t\t\t                            <div class=\"swiper-slide\">\n                                <div class=\"eael-lc-logo-wrap\">\n\t\t\t\t\t\t\t\t\t                                    <div id=\"eael-lc-logo-a1b0098\" class=\"eael-lc-logo\">\n\t\t\t\t\t\t\t\t\t\t<a href=\"https:\/\/shield.ai\/\" target=\"_blank\" rel=\"noopener\"><img decoding=\"async\" class=\"eael-lc-img-src\" src=\"https:\/\/dpo-forum.eu\/wp-content\/uploads\/SHIELD-AI.png\" alt=\",\" title=\"\"><\/a>                                    <\/div>\n\t\t\t\t\t\t\t\t\t                                <\/div>\n                            <\/div>\n\t\t\t\t\t\t                            <div class=\"swiper-slide\">\n                                <div class=\"eael-lc-logo-wrap\">\n\t\t\t\t\t\t\t\t\t                                    <div id=\"eael-lc-logo-ebf7930\" class=\"eael-lc-logo\">\n\t\t\t\t\t\t\t\t\t\t<a href=\"https:\/\/apdl.lu\/\" target=\"_blank\" rel=\"noopener\"><img decoding=\"async\" class=\"eael-lc-img-src\" src=\"https:\/\/dpo-forum.eu\/wp-content\/uploads\/APDL.png\" alt=\",\" title=\"\"><\/a>                                    <\/div>\n\t\t\t\t\t\t\t\t\t                                <\/div>\n                            <\/div>\n\t\t\t\t\t\t                            <div class=\"swiper-slide\">\n                                <div class=\"eael-lc-logo-wrap\">\n\t\t\t\t\t\t\t\t\t                                    <div id=\"eael-lc-logo-e6a42e9\" class=\"eael-lc-logo\">\n\t\t\t\t\t\t\t\t\t\t<a href=\"https:\/\/www.pei-france.com\/\" target=\"_blank\" rel=\"noopener\"><img decoding=\"async\" class=\"eael-lc-img-src\" src=\"https:\/\/dpo-forum.eu\/wp-content\/uploads\/PEI.png\" alt=\",\" title=\"\"><\/a>                                    <\/div>\n\t\t\t\t\t\t\t\t\t                                <\/div>\n                            <\/div>\n\t\t\t\t\t\t                            <div class=\"swiper-slide\">\n                                <div class=\"eael-lc-logo-wrap\">\n\t\t\t\t\t\t\t\t\t                                    <div id=\"eael-lc-logo-7cd9a59\" class=\"eael-lc-logo\">\n\t\t\t\t\t\t\t\t\t\t<a href=\"https:\/\/www.mgsi.lu\/\" target=\"_blank\" rel=\"noopener\"><img decoding=\"async\" class=\"eael-lc-img-src\" src=\"https:\/\/dpo-forum.eu\/wp-content\/uploads\/MGSI.png\" alt=\",\" title=\"\"><\/a>                                    <\/div>\n\t\t\t\t\t\t\t\t\t                                <\/div>\n                            <\/div>\n\t\t\t\t\t\t                            <div class=\"swiper-slide\">\n                                <div class=\"eael-lc-logo-wrap\">\n\t\t\t\t\t\t\t\t\t                                    <div id=\"eael-lc-logo-9927649\" class=\"eael-lc-logo\">\n\t\t\t\t\t\t\t\t\t\t<a href=\"https:\/\/galeax.com\/\" target=\"_blank\" rel=\"noopener\"><img decoding=\"async\" class=\"eael-lc-img-src\" src=\"https:\/\/dpo-forum.eu\/wp-content\/uploads\/GALEAX.png\" alt=\",\" title=\"\"><\/a>                                    <\/div>\n\t\t\t\t\t\t\t\t\t                                <\/div>\n                            <\/div>\n\t\t\t\t\t\t                            <div class=\"swiper-slide\">\n                                <div class=\"eael-lc-logo-wrap\">\n\t\t\t\t\t\t\t\t\t                                    <div id=\"eael-lc-logo-568cab2\" class=\"eael-lc-logo\">\n\t\t\t\t\t\t\t\t\t\t<a href=\"https:\/\/cyberwatch.fr\/\" target=\"_blank\" rel=\"noopener\"><img decoding=\"async\" class=\"eael-lc-img-src\" src=\"https:\/\/dpo-forum.eu\/wp-content\/uploads\/CYBERWATCH.png\" alt=\",\" title=\"\"><\/a>                                    <\/div>\n\t\t\t\t\t\t\t\t\t                                <\/div>\n                            <\/div>\n\t\t\t\t\t\t                            <div class=\"swiper-slide\">\n                                <div class=\"eael-lc-logo-wrap\">\n\t\t\t\t\t\t\t\t\t                                    <div id=\"eael-lc-logo-5a6c48c\" class=\"eael-lc-logo\">\n\t\t\t\t\t\t\t\t\t\t<a href=\"https:\/\/www.synergit.be\/\" target=\"_blank\" rel=\"noopener\"><img decoding=\"async\" class=\"eael-lc-img-src\" src=\"https:\/\/dpo-forum.eu\/wp-content\/uploads\/SYNERGIT.png\" alt=\",\" title=\"\"><\/a>                                    <\/div>\n\t\t\t\t\t\t\t\t\t                                <\/div>\n                            <\/div>\n\t\t\t\t\t\t                            <div class=\"swiper-slide\">\n                                <div class=\"eael-lc-logo-wrap\">\n\t\t\t\t\t\t\t\t\t                                    <div id=\"eael-lc-logo-71a7618\" class=\"eael-lc-logo\">\n\t\t\t\t\t\t\t\t\t\t<a href=\"https:\/\/www.hs2.fr\/\" target=\"_blank\" rel=\"noopener\"><img decoding=\"async\" class=\"eael-lc-img-src\" src=\"https:\/\/dpo-forum.eu\/wp-content\/uploads\/HS2.png\" alt=\",\" title=\"\"><\/a>                                    <\/div>\n\t\t\t\t\t\t\t\t\t                                <\/div>\n                            <\/div>\n\t\t\t\t\t\t                            <div class=\"swiper-slide\">\n                                <div class=\"eael-lc-logo-wrap\">\n\t\t\t\t\t\t\t\t\t                                    <div id=\"eael-lc-logo-2ec0cc7\" class=\"eael-lc-logo\">\n\t\t\t\t\t\t\t\t\t\t<a href=\"https:\/\/www.rcarre.com\/\" target=\"_blank\" rel=\"noopener\"><img decoding=\"async\" class=\"eael-lc-img-src\" src=\"https:\/\/dpo-forum.eu\/wp-content\/uploads\/RCARREPINK.png\" alt=\",\" title=\"\"><\/a>                                    <\/div>\n\t\t\t\t\t\t\t\t\t                                <\/div>\n                            <\/div>\n\t\t\t\t\t\t                            <div class=\"swiper-slide\">\n                                <div class=\"eael-lc-logo-wrap\">\n\t\t\t\t\t\t\t\t\t                                    <div id=\"eael-lc-logo-3dc2679\" class=\"eael-lc-logo\">\n\t\t\t\t\t\t\t\t\t\t<a href=\"https:\/\/www.lusis.fr\/\" target=\"_blank\" rel=\"noopener\"><img decoding=\"async\" class=\"eael-lc-img-src\" src=\"https:\/\/dpo-forum.eu\/wp-content\/uploads\/LUSIS.png\" alt=\",\" title=\"\"><\/a>                                    <\/div>\n\t\t\t\t\t\t\t\t\t                                <\/div>\n                            <\/div>\n\t\t\t\t\t\t                            <div class=\"swiper-slide\">\n                                <div class=\"eael-lc-logo-wrap\">\n\t\t\t\t\t\t\t\t\t                                    <div id=\"eael-lc-logo-8f294f6\" class=\"eael-lc-logo\">\n\t\t\t\t\t\t\t\t\t\t<a href=\"https:\/\/luxgap.com\/en\/home-external-dpo\/\" target=\"_blank\" rel=\"noopener\"><img decoding=\"async\" class=\"eael-lc-img-src\" src=\"https:\/\/dpo-forum.eu\/wp-content\/uploads\/LUXGAP.png\" alt=\",\" title=\"\"><\/a>                                    <\/div>\n\t\t\t\t\t\t\t\t\t                                <\/div>\n                            <\/div>\n\t\t\t\t\t\t                            <div class=\"swiper-slide\">\n                                <div class=\"eael-lc-logo-wrap\">\n\t\t\t\t\t\t\t\t\t                                    <div id=\"eael-lc-logo-6c2d935\" class=\"eael-lc-logo\">\n\t\t\t\t\t\t\t\t\t\t<a href=\"https:\/\/www.dastra.eu\/fr\" target=\"_blank\" rel=\"noopener\"><img decoding=\"async\" class=\"eael-lc-img-src\" src=\"https:\/\/dpo-forum.eu\/wp-content\/uploads\/DASTRA.png\" alt=\",\" title=\"\"><\/a>                                    <\/div>\n\t\t\t\t\t\t\t\t\t                                <\/div>\n                            <\/div>\n\t\t\t\t\t\t                            <div class=\"swiper-slide\">\n                                <div class=\"eael-lc-logo-wrap\">\n\t\t\t\t\t\t\t\t\t                                    <div id=\"eael-lc-logo-0e8faa7\" class=\"eael-lc-logo\">\n\t\t\t\t\t\t\t\t\t\t<a href=\"https:\/\/www.gracegrc.com\/\" target=\"_blank\" rel=\"noopener\"><img decoding=\"async\" class=\"eael-lc-img-src\" src=\"https:\/\/dpo-forum.eu\/wp-content\/uploads\/GRACECONNECT.png\" alt=\",\" title=\"\"><\/a>                                    <\/div>\n\t\t\t\t\t\t\t\t\t                                <\/div>\n                            <\/div>\n\t\t\t\t\t\t                <\/div>\n            <\/div>\n\t\t\t        <\/div>\n\t\t\t\t\t\t<\/div>\n\t\t\t\t<\/div>\n\t\t\t\t<\/div>\n\t\t<div data-particle_enable=\"false\" data-particle-mobile-disabled=\"false\" class=\"elementor-element elementor-element-6f819a5 e-con-full e-flex e-con e-child\" data-id=\"6f819a5\" data-element_type=\"container\" data-e-type=\"container\">\n\t\t\t\t<div class=\"elementor-element elementor-element-e3e3fc5 elementor-widget__width-initial elementor-widget elementor-widget-image\" data-id=\"e3e3fc5\" data-element_type=\"widget\" data-e-type=\"widget\" data-widget_type=\"image.default\">\n\t\t\t\t\t\t\t\t\t\t\t\t\t\t\t\t<a href=\"https:\/\/www.hotelnivellessud.be\/\" target=\"_blank\" rel=\"noopener\">\n\t\t\t\t\t\t\t<img decoding=\"async\" width=\"1000\" height=\"667\" src=\"https:\/\/dpo-forum.eu\/wp-content\/uploads\/3s8a9146_1625747621.jpg\" class=\"attachment-large size-large wp-image-1406\" alt=\",\" srcset=\"https:\/\/dpo-forum.eu\/wp-content\/uploads\/3s8a9146_1625747621.jpg 1000w, https:\/\/dpo-forum.eu\/wp-content\/uploads\/3s8a9146_1625747621-768x512.jpg 768w\" sizes=\"(max-width: 1000px) 100vw, 1000px\" title=\"\">\t\t\t\t\t\t\t\t<\/a>\n\t\t\t\t\t\t\t\t\t\t\t\t\t\t\t<\/div>\n\t\t\t\t<div class=\"elementor-element elementor-element-bf6e073 elementor-widget elementor-widget-heading\" data-id=\"bf6e073\" data-element_type=\"widget\" data-e-type=\"widget\" data-widget_type=\"heading.default\">\n\t\t\t\t\t<h2 class=\"elementor-heading-title elementor-size-default\">How to get to the Royal Hotel<\/h2>\t\t\t\t<\/div>\n\t\t\t\t<div class=\"elementor-element elementor-element-fdba3c4 elementor-widget elementor-widget-heading\" data-id=\"fdba3c4\" data-element_type=\"widget\" data-e-type=\"widget\" data-widget_type=\"heading.default\">\n\t\t\t\t\t<h3 class=\"elementor-heading-title elementor-size-default\">By public transport :\n\n<\/h3>\t\t\t\t<\/div>\n\t\t\t\t<div class=\"elementor-element elementor-element-9c14bff elementor-widget elementor-widget-text-editor\" data-id=\"9c14bff\" data-element_type=\"widget\" data-e-type=\"widget\" data-widget_type=\"text-editor.default\">\n\t\t\t\t\t\t\t\t\t<p><strong>Streetcar<\/strong> : T1<\/p><p><strong>Bus<\/strong> : <span class=\"line-link\">110<\/span>,\u00a0<span class=\"line-link\">111<\/span>,\u00a0<span class=\"line-link\">14<\/span>,\u00a0<span class=\"line-link\">2<\/span>,\u00a0<span class=\"line-link\">6<\/span><\/p><p><b>Train <\/b>: <span class=\"line-link\">RB<\/span>,\u00a0<span class=\"line-link\">RE<\/span>,\u00a0<span class=\"line-link\">IC<\/span><\/p>\t\t\t\t\t\t\t\t<\/div>\n\t\t\t\t<div class=\"elementor-element elementor-element-e036138 elementor-widget elementor-widget-heading\" data-id=\"e036138\" data-element_type=\"widget\" data-e-type=\"widget\" data-widget_type=\"heading.default\">\n\t\t\t\t\t<h3 class=\"elementor-heading-title elementor-size-default\">From the main station :\n\n<\/h3>\t\t\t\t<\/div>\n\t\t\t\t<div class=\"elementor-element elementor-element-83661bf elementor-widget elementor-widget-text-editor\" data-id=\"83661bf\" data-element_type=\"widget\" data-e-type=\"widget\" data-widget_type=\"text-editor.default\">\n\t\t\t\t\t\t\t\t\t<p><b>Streetcar 1 direction Kirchberg, Luxexpo <\/b>Hamilius stop, then 5-minute walk to the hotel<\/p><p><strong>Bus<\/strong> : 14,22,18,4,10\u00a0<\/p>\t\t\t\t\t\t\t\t<\/div>\n\t\t\t\t<div class=\"elementor-element elementor-element-76da6ac elementor-widget elementor-widget-heading\" data-id=\"76da6ac\" data-element_type=\"widget\" data-e-type=\"widget\" data-widget_type=\"heading.default\">\n\t\t\t\t\t<h3 class=\"elementor-heading-title elementor-size-default\">Parking :\n<\/h3>\t\t\t\t<\/div>\n\t\t\t\t<div class=\"elementor-element elementor-element-0d567bc elementor-widget elementor-widget-text-editor\" data-id=\"0d567bc\" data-element_type=\"widget\" data-e-type=\"widget\" data-widget_type=\"text-editor.default\">\n\t\t\t\t\t\t\t\t\t<p><b>Hotel parking lot <\/b>free of charge, subject to availability<\/p><p><b>Public parking lot <\/b>Glacis parking lot: \u20ac1\/hour, 8-minute walk.<\/p>\t\t\t\t\t\t\t\t<\/div>\n\t\t\t\t<\/div>\n\t\t\t\t<\/div>\n\t\t\t\t<\/div>\n\t\t\t\t<\/div>\n\t\t\t\t<\/div>","protected":false},"excerpt":{"rendered":"<p>DPO Forum Luxembourg D\u00e9cembre 2025 11 d\u00e9cembre 2025 : 8h30 &#8211; 17h00 Le Royal Hotel 12 Bd Royal, 2449 Ville-Haute Luxembourg Un \u00e9v\u00e9nement en partenariat avec : Comment se rendre au Royal Hotel ? En transport en commun : Tram : T1 Bus : 110,\u00a0111,\u00a014,\u00a02,\u00a06 Train : RB,\u00a0RE,\u00a0IC Depuis la gare centrale : Tram 1 [&hellip;]<\/p>\n","protected":false},"author":1,"featured_media":0,"parent":0,"menu_order":0,"comment_status":"closed","ping_status":"closed","template":"","meta":{"footnotes":""},"class_list":["post-1437","page","type-page","status-publish","hentry"],"_links":{"self":[{"href":"https:\/\/dpo-forum.eu\/en\/wp-json\/wp\/v2\/pages\/1437","targetHints":{"allow":["GET"]}}],"collection":[{"href":"https:\/\/dpo-forum.eu\/en\/wp-json\/wp\/v2\/pages"}],"about":[{"href":"https:\/\/dpo-forum.eu\/en\/wp-json\/wp\/v2\/types\/page"}],"author":[{"embeddable":true,"href":"https:\/\/dpo-forum.eu\/en\/wp-json\/wp\/v2\/users\/1"}],"replies":[{"embeddable":true,"href":"https:\/\/dpo-forum.eu\/en\/wp-json\/wp\/v2\/comments?post=1437"}],"version-history":[{"count":13,"href":"https:\/\/dpo-forum.eu\/en\/wp-json\/wp\/v2\/pages\/1437\/revisions"}],"predecessor-version":[{"id":1510,"href":"https:\/\/dpo-forum.eu\/en\/wp-json\/wp\/v2\/pages\/1437\/revisions\/1510"}],"wp:attachment":[{"href":"https:\/\/dpo-forum.eu\/en\/wp-json\/wp\/v2\/media?parent=1437"}],"curies":[{"name":"wp","href":"https:\/\/api.w.org\/{rel}","templated":true}]}}