{"id":1290,"date":"2026-02-03T15:23:59","date_gmt":"2026-02-03T14:23:59","guid":{"rendered":"https:\/\/angry-villani.57-128-39-62.plesk.page\/?page_id=1290"},"modified":"2026-02-03T15:35:10","modified_gmt":"2026-02-03T14:35:10","slug":"programme-lyon-2024","status":"publish","type":"page","link":"https:\/\/dpo-forum.eu\/en\/programme-lyon-2024\/","title":{"rendered":"Lyon 2024 Program"},"content":{"rendered":"<div data-elementor-type=\"wp-page\" data-elementor-id=\"1290\" class=\"elementor elementor-1290\" data-elementor-post-type=\"page\">\n\t\t\t\t<div data-particle_enable=\"false\" data-particle-mobile-disabled=\"false\" class=\"elementor-element elementor-element-5571218 e-flex e-con-boxed e-con e-parent\" data-id=\"5571218\" data-element_type=\"container\" data-e-type=\"container\" data-settings=\"{&quot;background_background&quot;:&quot;classic&quot;}\">\n\t\t\t\t\t<div class=\"e-con-inner\">\n\t\t\t\t<div class=\"elementor-element elementor-element-b266356 elementor-widget elementor-widget-heading\" data-id=\"b266356\" data-element_type=\"widget\" data-e-type=\"widget\" data-widget_type=\"heading.default\">\n\t\t\t\t\t<h2 class=\"elementor-heading-title elementor-size-default\">Program DPO Forum Lyon 2024<\/h2>\t\t\t\t<\/div>\n\t\t\t\t<div class=\"elementor-element elementor-element-502e7fd elementor-widget elementor-widget-n-accordion\" data-id=\"502e7fd\" data-element_type=\"widget\" data-e-type=\"widget\" data-settings=\"{&quot;default_state&quot;:&quot;all_collapsed&quot;,&quot;max_items_expended&quot;:&quot;multiple&quot;,&quot;n_accordion_animation_duration&quot;:{&quot;unit&quot;:&quot;ms&quot;,&quot;size&quot;:400,&quot;sizes&quot;:[]}}\" data-widget_type=\"nested-accordion.default\">\n\t\t\t\t\t\t\t<div class=\"e-n-accordion\" aria-label=\"Accordion. Open links with Enter or Space, close with Escape, and navigate with Arrow Keys\">\n\t\t\t\t\t\t<details id=\"e-n-accordion-item-8400\" class=\"e-n-accordion-item\" >\n\t\t\t\t<summary class=\"e-n-accordion-item-title\" data-accordion-index=\"1\" tabindex=\"0\" aria-expanded=\"false\" aria-controls=\"e-n-accordion-item-8400\" >\n\t\t\t\t\t<span class='e-n-accordion-item-title-header'><h4 class=\"e-n-accordion-item-title-text\"> 8:30 - 9:00: Welcome coffee <\/h4><\/span>\n\t\t\t\t\t\t\t<span class='e-n-accordion-item-title-icon'>\n\t\t\t<span class='e-opened' ><i aria-hidden=\"true\" class=\"fas fa-chevron-up\"><\/i><\/span>\n\t\t\t<span class='e-closed'><i aria-hidden=\"true\" class=\"fas fa-chevron-down\"><\/i><\/span>\n\t\t<\/span>\n\n\t\t\t\t\t\t<\/summary>\n\t\t\t\t<div data-particle_enable=\"false\" data-particle-mobile-disabled=\"false\" role=\"region\" aria-labelledby=\"e-n-accordion-item-8400\" class=\"elementor-element elementor-element-8e0f57d e-con-full e-flex e-con e-child\" data-id=\"8e0f57d\" data-element_type=\"container\" data-e-type=\"container\" data-settings=\"{&quot;background_background&quot;:&quot;classic&quot;}\">\n\t\t\t\t<div class=\"elementor-element elementor-element-6f9e106 elementor-widget elementor-widget-text-editor\" data-id=\"6f9e106\" data-element_type=\"widget\" data-e-type=\"widget\" data-widget_type=\"text-editor.default\">\n\t\t\t\t\t\t\t\t\t<p>Welcome coffee<\/p>\t\t\t\t\t\t\t\t<\/div>\n\t\t\t\t<\/div>\n\t\t\t\t\t<\/details>\n\t\t\t\t\t\t<details id=\"e-n-accordion-item-8401\" class=\"e-n-accordion-item\" >\n\t\t\t\t<summary class=\"e-n-accordion-item-title\" data-accordion-index=\"2\" tabindex=\"-1\" aria-expanded=\"false\" aria-controls=\"e-n-accordion-item-8401\" >\n\t\t\t\t\t<span class='e-n-accordion-item-title-header'><h4 class=\"e-n-accordion-item-title-text\"> 9:00am - 9:45am: Keynote: What impact do new regulations have on DPO practices? (RIA, DGA, SREN, etc.) - MATHIAS AVOCATS <\/h4><\/span>\n\t\t\t\t\t\t\t<span class='e-n-accordion-item-title-icon'>\n\t\t\t<span class='e-opened' ><i aria-hidden=\"true\" class=\"fas fa-chevron-up\"><\/i><\/span>\n\t\t\t<span class='e-closed'><i aria-hidden=\"true\" class=\"fas fa-chevron-down\"><\/i><\/span>\n\t\t<\/span>\n\n\t\t\t\t\t\t<\/summary>\n\t\t\t\t<div data-particle_enable=\"false\" data-particle-mobile-disabled=\"false\" role=\"region\" aria-labelledby=\"e-n-accordion-item-8401\" class=\"elementor-element elementor-element-4b584ce e-con-full e-flex e-con e-child\" data-id=\"4b584ce\" data-element_type=\"container\" data-e-type=\"container\" data-settings=\"{&quot;background_background&quot;:&quot;classic&quot;}\">\n\t\t\t\t<div class=\"elementor-element elementor-element-db82b7f elementor-widget elementor-widget-text-editor\" data-id=\"db82b7f\" data-element_type=\"widget\" data-e-type=\"widget\" data-widget_type=\"text-editor.default\">\n\t\t\t\t\t\t\t\t\t<p><b>Garance Mathias,\u00a0<\/b>Lawyer, Founder &amp; CEO -\u00a0<em>Mathias Avocats<\/em><\/p><p>How can the DPO help implement these new obligations? What are the best practices to adopt? What is the link with CSR (in particular with the European CSRD Directive)? What is the role of each regulator (Arcep, CNIL, etc.)?<\/p><p><a href=\"https:\/\/dpo-forum.eu\/wp-content\/uploads\/2024\/09\/Mathias-Avocats_DPO-Forum_2024-09-17.pdf\">See the conference<\/a><\/p>\t\t\t\t\t\t\t\t<\/div>\n\t\t\t\t<\/div>\n\t\t\t\t\t<\/details>\n\t\t\t\t\t\t<details id=\"e-n-accordion-item-8402\" class=\"e-n-accordion-item\" >\n\t\t\t\t<summary class=\"e-n-accordion-item-title\" data-accordion-index=\"3\" tabindex=\"-1\" aria-expanded=\"false\" aria-controls=\"e-n-accordion-item-8402\" >\n\t\t\t\t\t<span class='e-n-accordion-item-title-header'><h4 class=\"e-n-accordion-item-title-text\"> 9h45 - 10h30: Demystifying impact assessments: best practices for ongoing compliance - ADEQUACY &amp; PHENIX PRIVACY <\/h4><\/span>\n\t\t\t\t\t\t\t<span class='e-n-accordion-item-title-icon'>\n\t\t\t<span class='e-opened' ><i aria-hidden=\"true\" class=\"fas fa-chevron-up\"><\/i><\/span>\n\t\t\t<span class='e-closed'><i aria-hidden=\"true\" class=\"fas fa-chevron-down\"><\/i><\/span>\n\t\t<\/span>\n\n\t\t\t\t\t\t<\/summary>\n\t\t\t\t<div data-particle_enable=\"false\" data-particle-mobile-disabled=\"false\" role=\"region\" aria-labelledby=\"e-n-accordion-item-8402\" class=\"elementor-element elementor-element-b4c5d84 e-con-full e-flex e-con e-child\" data-id=\"b4c5d84\" data-element_type=\"container\" data-e-type=\"container\" data-settings=\"{&quot;background_background&quot;:&quot;classic&quot;}\">\n\t\t\t\t<div class=\"elementor-element elementor-element-189be17 elementor-widget elementor-widget-text-editor\" data-id=\"189be17\" data-element_type=\"widget\" data-e-type=\"widget\" data-widget_type=\"text-editor.default\">\n\t\t\t\t\t\t\t\t\t<p><strong>Claire de la Fouchardi\u00e8re<\/strong>, Product Manager -\u00a0<em>ADEQUACY<\/em>\u00a0&amp;<strong>\u00a0C\u00e9line Gallay<\/strong>, Operations Manager -\u00a0<em>PHENIX PRIVACY\u00a0<\/em><\/p><p>PIA is (always) now! Don't let PIAs become an obstacle to your compliance. Much more than an obligation, they're the foundations of effective, ongoing management of your risks and therefore of your compliance with the RGPD. Come and (re)discover the best practices for continuous improvement to establish a robust and long-lasting framework, to ensure your organization's compliance over time, and to anticipate and control future regulatory burdens (IA ACt...), without weighing down your organization.<\/p><p><a href=\"https:\/\/dpo-forum.eu\/wp-content\/uploads\/2024\/09\/Adequacy-x-Phenix-Privacy-DPO-Forum-Lyon-2024.pptx\">See the conference<\/a><\/p>\t\t\t\t\t\t\t\t<\/div>\n\t\t\t\t<\/div>\n\t\t\t\t\t<\/details>\n\t\t\t\t\t\t<details id=\"e-n-accordion-item-8403\" class=\"e-n-accordion-item\" >\n\t\t\t\t<summary class=\"e-n-accordion-item-title\" data-accordion-index=\"4\" tabindex=\"-1\" aria-expanded=\"false\" aria-controls=\"e-n-accordion-item-8403\" >\n\t\t\t\t\t<span class='e-n-accordion-item-title-header'><h4 class=\"e-n-accordion-item-title-text\"> 10:30 am - 11:00 am: Optimize your control of data processing risks - DATA LEGAL DRIVE <\/h4><\/span>\n\t\t\t\t\t\t\t<span class='e-n-accordion-item-title-icon'>\n\t\t\t<span class='e-opened' ><i aria-hidden=\"true\" class=\"fas fa-chevron-up\"><\/i><\/span>\n\t\t\t<span class='e-closed'><i aria-hidden=\"true\" class=\"fas fa-chevron-down\"><\/i><\/span>\n\t\t<\/span>\n\n\t\t\t\t\t\t<\/summary>\n\t\t\t\t<div data-particle_enable=\"false\" data-particle-mobile-disabled=\"false\" role=\"region\" aria-labelledby=\"e-n-accordion-item-8403\" class=\"elementor-element elementor-element-6613a80 e-con-full e-flex e-con e-child\" data-id=\"6613a80\" data-element_type=\"container\" data-e-type=\"container\" data-settings=\"{&quot;background_background&quot;:&quot;classic&quot;}\">\n\t\t\t\t<div class=\"elementor-element elementor-element-b67b6fd elementor-widget elementor-widget-text-editor\" data-id=\"b67b6fd\" data-element_type=\"widget\" data-e-type=\"widget\" data-widget_type=\"text-editor.default\">\n\t\t\t\t\t\t\t\t\t<p><strong>Alexia Desbordes<\/strong>, Project Manager at Data Legal Drive -\u00a0<em>EQS GROUP<\/em><\/p><p>How can you identify and assess risks in your data processing? What tools and strategies can you use to optimize controls and save time? How to apply these methods to specific AI-related processing?<br \/>Come and explore practical solutions for controlling the risks associated with your data processing and optimizing your internal controls.<\/p><p><a href=\"https:\/\/dpo-forum.eu\/wp-content\/uploads\/2024\/09\/DataLegalDrive_DPOForumLyon_Sept.2024.pdf\">See the conference\u00a0<\/a><\/p>\t\t\t\t\t\t\t\t<\/div>\n\t\t\t\t<\/div>\n\t\t\t\t\t<\/details>\n\t\t\t\t\t\t<details id=\"e-n-accordion-item-8404\" class=\"e-n-accordion-item\" >\n\t\t\t\t<summary class=\"e-n-accordion-item-title\" data-accordion-index=\"5\" tabindex=\"-1\" aria-expanded=\"false\" aria-controls=\"e-n-accordion-item-8404\" >\n\t\t\t\t\t<span class='e-n-accordion-item-title-header'><h4 class=\"e-n-accordion-item-title-text\"> 11h00 - 11h30: Coffee break &amp; Networking <\/h4><\/span>\n\t\t\t\t\t\t\t<span class='e-n-accordion-item-title-icon'>\n\t\t\t<span class='e-opened' ><i aria-hidden=\"true\" class=\"fas fa-chevron-up\"><\/i><\/span>\n\t\t\t<span class='e-closed'><i aria-hidden=\"true\" class=\"fas fa-chevron-down\"><\/i><\/span>\n\t\t<\/span>\n\n\t\t\t\t\t\t<\/summary>\n\t\t\t\t<div data-particle_enable=\"false\" data-particle-mobile-disabled=\"false\" role=\"region\" aria-labelledby=\"e-n-accordion-item-8404\" class=\"elementor-element elementor-element-c1cddf6 e-con-full e-flex e-con e-child\" data-id=\"c1cddf6\" data-element_type=\"container\" data-e-type=\"container\" data-settings=\"{&quot;background_background&quot;:&quot;classic&quot;}\">\n\t\t\t\t<\/div>\n\t\t\t\t\t<\/details>\n\t\t\t\t\t\t<details id=\"e-n-accordion-item-8405\" class=\"e-n-accordion-item\" >\n\t\t\t\t<summary class=\"e-n-accordion-item-title\" data-accordion-index=\"6\" tabindex=\"-1\" aria-expanded=\"false\" aria-controls=\"e-n-accordion-item-8405\" >\n\t\t\t\t\t<span class='e-n-accordion-item-title-header'><h4 class=\"e-n-accordion-item-title-text\"> 11:30- 12:00: How to approach the IA Act as a DPO? - DASTRA <\/h4><\/span>\n\t\t\t\t\t\t\t<span class='e-n-accordion-item-title-icon'>\n\t\t\t<span class='e-opened' ><i aria-hidden=\"true\" class=\"fas fa-chevron-up\"><\/i><\/span>\n\t\t\t<span class='e-closed'><i aria-hidden=\"true\" class=\"fas fa-chevron-down\"><\/i><\/span>\n\t\t<\/span>\n\n\t\t\t\t\t\t<\/summary>\n\t\t\t\t<div data-particle_enable=\"false\" data-particle-mobile-disabled=\"false\" role=\"region\" aria-labelledby=\"e-n-accordion-item-8405\" class=\"elementor-element elementor-element-2a17443 e-con-full e-flex e-con e-child\" data-id=\"2a17443\" data-element_type=\"container\" data-e-type=\"container\" data-settings=\"{&quot;background_background&quot;:&quot;classic&quot;}\">\n\t\t\t\t<div class=\"elementor-element elementor-element-badbbe3 elementor-widget elementor-widget-text-editor\" data-id=\"badbbe3\" data-element_type=\"widget\" data-e-type=\"widget\" data-widget_type=\"text-editor.default\">\n\t\t\t\t\t\t\t\t\t<p><b>Paul-Emmanuel BIDAULT<\/b>, CEO &amp; Co-founder -\u00a0<em>DASTRA\u00a0<\/em><\/p><p>The forthcoming implementation of the European Artificial Intelligence Act (AI Act) is likely to revolutionize the role of Data Protection Officers. Traditionally confronted with the governance of personal data, they will now have to find their place within the governance of artificial intelligence. This session will provide an overview of what the AI Act implies for a DPO, and how it is concretely possible to reconcile the management of the RGPD and the AI Act.\u00a0<\/p><p><a href=\"https:\/\/www.dastra.eu\/fr\/article\/comment-aborder-lai-act-en-tant-que-dpo\/58115\" target=\"_blank\" rel=\"noopener\">See the conference<\/a><\/p>\t\t\t\t\t\t\t\t<\/div>\n\t\t\t\t<\/div>\n\t\t\t\t\t<\/details>\n\t\t\t\t\t\t<details id=\"e-n-accordion-item-8406\" class=\"e-n-accordion-item\" >\n\t\t\t\t<summary class=\"e-n-accordion-item-title\" data-accordion-index=\"7\" tabindex=\"-1\" aria-expanded=\"false\" aria-controls=\"e-n-accordion-item-8406\" >\n\t\t\t\t\t<span class='e-n-accordion-item-title-header'><h4 class=\"e-n-accordion-item-title-text\"> 12:00 - 12:30: IA Act: How to raise awareness of AI? - LETO <\/h4><\/span>\n\t\t\t\t\t\t\t<span class='e-n-accordion-item-title-icon'>\n\t\t\t<span class='e-opened' ><i aria-hidden=\"true\" class=\"fas fa-chevron-up\"><\/i><\/span>\n\t\t\t<span class='e-closed'><i aria-hidden=\"true\" class=\"fas fa-chevron-down\"><\/i><\/span>\n\t\t<\/span>\n\n\t\t\t\t\t\t<\/summary>\n\t\t\t\t<div data-particle_enable=\"false\" data-particle-mobile-disabled=\"false\" role=\"region\" aria-labelledby=\"e-n-accordion-item-8406\" class=\"elementor-element elementor-element-80ac3f2 e-con-full e-flex e-con e-child\" data-id=\"80ac3f2\" data-element_type=\"container\" data-e-type=\"container\" data-settings=\"{&quot;background_background&quot;:&quot;classic&quot;}\">\n\t\t\t\t<div class=\"elementor-element elementor-element-2996613 elementor-widget elementor-widget-text-editor\" data-id=\"2996613\" data-element_type=\"widget\" data-e-type=\"widget\" data-widget_type=\"text-editor.default\">\n\t\t\t\t\t\t\t\t\t<p><strong>Benjamin Lan Sun Luk<\/strong>, Co-Founder -\u00a0<em>Leto<\/em><\/p><p>The IA Act imposes in Article IV training requirements to ensure that employees understand the use and implications of artificial intelligence systems. AI awareness is not only mandatory, it's necessary! Leto offers more than 200 questions on the different types of AI, their biases, challenges and advantages, all customized by profession and by sector, to be as close as possible to the interests of your employees and your company!\u00a0<\/p><p><a href=\"https:\/\/dpo-forum.eu\/wp-content\/uploads\/2024\/09\/Sensibilisation-AI-Act-DPO-Forum-Lyon-2024.pdf\">See the conference<\/a><\/p>\t\t\t\t\t\t\t\t<\/div>\n\t\t\t\t<\/div>\n\t\t\t\t\t<\/details>\n\t\t\t\t\t\t<details id=\"e-n-accordion-item-8407\" class=\"e-n-accordion-item\" >\n\t\t\t\t<summary class=\"e-n-accordion-item-title\" data-accordion-index=\"8\" tabindex=\"-1\" aria-expanded=\"false\" aria-controls=\"e-n-accordion-item-8407\" >\n\t\t\t\t\t<span class='e-n-accordion-item-title-header'><h4 class=\"e-n-accordion-item-title-text\"> 1:00 pm - 2:00 pm: Lunch &amp; Networking <\/h4><\/span>\n\t\t\t\t\t\t\t<span class='e-n-accordion-item-title-icon'>\n\t\t\t<span class='e-opened' ><i aria-hidden=\"true\" class=\"fas fa-chevron-up\"><\/i><\/span>\n\t\t\t<span class='e-closed'><i aria-hidden=\"true\" class=\"fas fa-chevron-down\"><\/i><\/span>\n\t\t<\/span>\n\n\t\t\t\t\t\t<\/summary>\n\t\t\t\t<div data-particle_enable=\"false\" data-particle-mobile-disabled=\"false\" role=\"region\" aria-labelledby=\"e-n-accordion-item-8407\" class=\"elementor-element elementor-element-dc12041 e-flex e-con-boxed e-con e-child\" data-id=\"dc12041\" data-element_type=\"container\" data-e-type=\"container\" data-settings=\"{&quot;background_background&quot;:&quot;classic&quot;}\">\n\t\t\t\t\t<div class=\"e-con-inner\">\n\t\t\t\t\t<\/div>\n\t\t\t\t<\/div>\n\t\t\t\t\t<\/details>\n\t\t\t\t\t\t<details id=\"e-n-accordion-item-8408\" class=\"e-n-accordion-item\" >\n\t\t\t\t<summary class=\"e-n-accordion-item-title\" data-accordion-index=\"9\" tabindex=\"-1\" aria-expanded=\"false\" aria-controls=\"e-n-accordion-item-8408\" >\n\t\t\t\t\t<span class='e-n-accordion-item-title-header'><h4 class=\"e-n-accordion-item-title-text\"> 2:00 pm - 2:30 pm: Security and compliance: How to navigate the ecosystem of sensitive data? - ARCAD SOFTWARE <\/h4><\/span>\n\t\t\t\t\t\t\t<span class='e-n-accordion-item-title-icon'>\n\t\t\t<span class='e-opened' ><i aria-hidden=\"true\" class=\"fas fa-chevron-up\"><\/i><\/span>\n\t\t\t<span class='e-closed'><i aria-hidden=\"true\" class=\"fas fa-chevron-down\"><\/i><\/span>\n\t\t<\/span>\n\n\t\t\t\t\t\t<\/summary>\n\t\t\t\t<div data-particle_enable=\"false\" data-particle-mobile-disabled=\"false\" role=\"region\" aria-labelledby=\"e-n-accordion-item-8408\" class=\"elementor-element elementor-element-4d4ca53 e-flex e-con-boxed e-con e-child\" data-id=\"4d4ca53\" data-element_type=\"container\" data-e-type=\"container\" data-settings=\"{&quot;background_background&quot;:&quot;classic&quot;}\">\n\t\t\t\t\t<div class=\"e-con-inner\">\n\t\t\t\t<div class=\"elementor-element elementor-element-0aa101f elementor-widget elementor-widget-text-editor\" data-id=\"0aa101f\" data-element_type=\"widget\" data-e-type=\"widget\" data-widget_type=\"text-editor.default\">\n\t\t\t\t\t\t\t\t\t<p><strong>Julien Perdu<\/strong>, Business development manager -<em>\u00a0ARCAD SOFTWARE<\/em><\/p><p>At a time when data protection is more crucial than ever, DPOs need to master advanced strategies to ensure security and compliance. This session will provide you with practical tools and up-to-date knowledge to identify critical data, follow regulations, and desensitize sensitive information in your organization. Don't miss this opportunity to strengthen your key role in data protection.<\/p><p><a href=\"https:\/\/dpo-forum.eu\/wp-content\/uploads\/2024\/09\/DPO-Forum-Lyon-2024-Securite-et-conformite-comment-naviguer-dans-lecosysteme-des-donnees-sensibles.pptx\">See the conference<\/a><\/p>\t\t\t\t\t\t\t\t<\/div>\n\t\t\t\t\t<\/div>\n\t\t\t\t<\/div>\n\t\t\t\t\t<\/details>\n\t\t\t\t\t\t<details id=\"e-n-accordion-item-8409\" class=\"e-n-accordion-item\" >\n\t\t\t\t<summary class=\"e-n-accordion-item-title\" data-accordion-index=\"10\" tabindex=\"-1\" aria-expanded=\"false\" aria-controls=\"e-n-accordion-item-8409\" >\n\t\t\t\t\t<span class='e-n-accordion-item-title-header'><h4 class=\"e-n-accordion-item-title-text\"> 2:30 pm - 3:00 pm: Feedback on change management associated with RGPD compliance in a large international company - AFCDP <\/h4><\/span>\n\t\t\t\t\t\t\t<span class='e-n-accordion-item-title-icon'>\n\t\t\t<span class='e-opened' ><i aria-hidden=\"true\" class=\"fas fa-chevron-up\"><\/i><\/span>\n\t\t\t<span class='e-closed'><i aria-hidden=\"true\" class=\"fas fa-chevron-down\"><\/i><\/span>\n\t\t<\/span>\n\n\t\t\t\t\t\t<\/summary>\n\t\t\t\t<div data-particle_enable=\"false\" data-particle-mobile-disabled=\"false\" role=\"region\" aria-labelledby=\"e-n-accordion-item-8409\" class=\"elementor-element elementor-element-2130e34 e-flex e-con-boxed e-con e-child\" data-id=\"2130e34\" data-element_type=\"container\" data-e-type=\"container\" data-settings=\"{&quot;background_background&quot;:&quot;classic&quot;}\">\n\t\t\t\t\t<div class=\"e-con-inner\">\n\t\t\t\t<div class=\"elementor-element elementor-element-b1aaeb4 elementor-widget elementor-widget-text-editor\" data-id=\"b1aaeb4\" data-element_type=\"widget\" data-e-type=\"widget\" data-widget_type=\"text-editor.default\">\n\t\t\t\t\t\t\t\t\t<p><strong>Philipe Sal\u00fcn<\/strong>\u00a0General Secretary -\u00a0<strong>AFCDP<\/strong><\/p><p>How to manage the change of RGPD compliance within an international company with 35 million active customers: illustration of concrete cases, communication tools, organization. How to ensure compliance of HRD processes concerning employees? What is the right approach to prospects, customers, employees, suppliers and distribution partners? How to deal internally with reluctant managers?<\/p><p><a href=\"https:\/\/dpo-forum.eu\/wp-content\/uploads\/2024\/09\/Dpo-Forum-Lyon-2024.pptx\">See the conference<\/a><\/p>\t\t\t\t\t\t\t\t<\/div>\n\t\t\t\t\t<\/div>\n\t\t\t\t<\/div>\n\t\t\t\t\t<\/details>\n\t\t\t\t\t\t<details id=\"e-n-accordion-item-84010\" class=\"e-n-accordion-item\" >\n\t\t\t\t<summary class=\"e-n-accordion-item-title\" data-accordion-index=\"11\" tabindex=\"-1\" aria-expanded=\"false\" aria-controls=\"e-n-accordion-item-84010\" >\n\t\t\t\t\t<span class='e-n-accordion-item-title-header'><h4 class=\"e-n-accordion-item-title-text\"> 3:00 pm: Closing &amp; Networking <\/h4><\/span>\n\t\t\t\t\t\t\t<span class='e-n-accordion-item-title-icon'>\n\t\t\t<span class='e-opened' ><i aria-hidden=\"true\" class=\"fas fa-chevron-up\"><\/i><\/span>\n\t\t\t<span class='e-closed'><i aria-hidden=\"true\" class=\"fas fa-chevron-down\"><\/i><\/span>\n\t\t<\/span>\n\n\t\t\t\t\t\t<\/summary>\n\t\t\t\t<div data-particle_enable=\"false\" data-particle-mobile-disabled=\"false\" role=\"region\" aria-labelledby=\"e-n-accordion-item-84010\" class=\"elementor-element elementor-element-d26aae6 e-flex e-con-boxed e-con e-child\" data-id=\"d26aae6\" data-element_type=\"container\" data-e-type=\"container\" data-settings=\"{&quot;background_background&quot;:&quot;classic&quot;}\">\n\t\t\t\t\t<div class=\"e-con-inner\">\n\t\t\t\t\t<\/div>\n\t\t\t\t<\/div>\n\t\t\t\t\t<\/details>\n\t\t\t\t\t<\/div>\n\t\t\t\t\t\t<\/div>\n\t\t\t\t\t<\/div>\n\t\t\t\t<\/div>\n\t\t\t\t<\/div>","protected":false},"excerpt":{"rendered":"<p>Programme DPO Forum Lyon 2024 8h30 &#8211; 9h00 : Caf\u00e9 de bienvenue Caf\u00e9 d&rsquo;accueil 9h00 &#8211; 9h45 : Keynote : Quels sont les impacts des nouvelles r\u00e9gulations sur la pratique du DPO ? (RIA, DGA, SREN, etc.) &#8211; MATHIAS AVOCATS Garance Mathias,\u00a0Avocate \u00e0 la cour, fondatrice &amp; dirigeante &#8211;\u00a0Mathias Avocats Comment le DPO peut-il participer [&hellip;]<\/p>\n","protected":false},"author":1,"featured_media":0,"parent":0,"menu_order":0,"comment_status":"closed","ping_status":"closed","template":"","meta":{"footnotes":""},"class_list":["post-1290","page","type-page","status-publish","hentry"],"_links":{"self":[{"href":"https:\/\/dpo-forum.eu\/en\/wp-json\/wp\/v2\/pages\/1290","targetHints":{"allow":["GET"]}}],"collection":[{"href":"https:\/\/dpo-forum.eu\/en\/wp-json\/wp\/v2\/pages"}],"about":[{"href":"https:\/\/dpo-forum.eu\/en\/wp-json\/wp\/v2\/types\/page"}],"author":[{"embeddable":true,"href":"https:\/\/dpo-forum.eu\/en\/wp-json\/wp\/v2\/users\/1"}],"replies":[{"embeddable":true,"href":"https:\/\/dpo-forum.eu\/en\/wp-json\/wp\/v2\/comments?post=1290"}],"version-history":[{"count":4,"href":"https:\/\/dpo-forum.eu\/en\/wp-json\/wp\/v2\/pages\/1290\/revisions"}],"predecessor-version":[{"id":1295,"href":"https:\/\/dpo-forum.eu\/en\/wp-json\/wp\/v2\/pages\/1290\/revisions\/1295"}],"wp:attachment":[{"href":"https:\/\/dpo-forum.eu\/en\/wp-json\/wp\/v2\/media?parent=1290"}],"curies":[{"name":"wp","href":"https:\/\/api.w.org\/{rel}","templated":true}]}}