{"id":1166,"date":"2026-02-03T12:00:19","date_gmt":"2026-02-03T11:00:19","guid":{"rendered":"https:\/\/angry-villani.57-128-39-62.plesk.page\/?page_id=1166"},"modified":"2026-02-03T12:22:09","modified_gmt":"2026-02-03T11:22:09","slug":"orateurs-paris-2024","status":"publish","type":"page","link":"https:\/\/dpo-forum.eu\/en\/orateurs-paris-2024\/","title":{"rendered":"Orateurs Paris 2024"},"content":{"rendered":"<div data-elementor-type=\"wp-page\" data-elementor-id=\"1166\" class=\"elementor elementor-1166\" data-elementor-post-type=\"page\">\n\t\t\t\t<div data-particle_enable=\"false\" data-particle-mobile-disabled=\"false\" class=\"elementor-element elementor-element-8ed071c e-flex e-con-boxed e-con e-parent\" data-id=\"8ed071c\" data-element_type=\"container\" data-e-type=\"container\" data-settings=\"{&quot;background_background&quot;:&quot;classic&quot;}\">\n\t\t\t\t\t<div class=\"e-con-inner\">\n\t\t\t\t<div class=\"elementor-element elementor-element-346ad79 elementor-widget elementor-widget-heading\" data-id=\"346ad79\" data-element_type=\"widget\" data-e-type=\"widget\" data-widget_type=\"heading.default\">\n\t\t\t\t\t<h1 class=\"elementor-heading-title elementor-size-default\">DPO Forum Paris 2024<\/h1>\t\t\t\t<\/div>\n\t\t\t\t<div class=\"elementor-element elementor-element-eb5a201 elementor-widget elementor-widget-heading\" data-id=\"eb5a201\" data-element_type=\"widget\" data-e-type=\"widget\" data-widget_type=\"heading.default\">\n\t\t\t\t\t<h2 class=\"elementor-heading-title elementor-size-default\">Our speakers<\/h2>\t\t\t\t<\/div>\n\t\t\t\t<div class=\"elementor-element elementor-element-6f2d165 elementor-widget elementor-widget-text-editor\" data-id=\"6f2d165\" data-element_type=\"widget\" data-e-type=\"widget\" data-widget_type=\"text-editor.default\">\n\t\t\t\t\t\t\t\t\t<p>A panel of experts to decipher the challenges of the RGPD, the IA Act, cybersecurity and digital sovereignty.<\/p>\t\t\t\t\t\t\t\t<\/div>\n\t\t\t\t\t<\/div>\n\t\t\t\t<\/div>\n\t\t<div data-particle_enable=\"false\" data-particle-mobile-disabled=\"false\" class=\"elementor-element elementor-element-998e55e e-con-full animated-slow e-flex elementor-invisible e-con e-parent\" data-id=\"998e55e\" data-element_type=\"container\" data-e-type=\"container\" data-settings=\"{&quot;animation&quot;:&quot;slideInLeft&quot;}\">\n\t\t<div data-particle_enable=\"false\" data-particle-mobile-disabled=\"false\" class=\"elementor-element elementor-element-76a8d3b e-con-full e-flex e-con e-child\" data-id=\"76a8d3b\" data-element_type=\"container\" data-e-type=\"container\">\n\t\t\t\t<div class=\"elementor-element elementor-element-b77c483 eael-team-align-centered elementor-widget elementor-widget-eael-team-member\" data-id=\"b77c483\" data-element_type=\"widget\" data-e-type=\"widget\" data-widget_type=\"eael-team-member.default\">\n\t\t\t\t\t\n\n\t<div id=\"eael-team-member-b77c483\" class=\"eael-team-item eael-team-members-social-bottom\">\n\t\t<div class=\"eael-team-item-inner\">\n\t\t\t<div class=\"eael-team-image\">\n\t\t\t\t<figure>\n\t\t\t\t\t\t\t\t\t\t<img decoding=\"async\" src=\"https:\/\/dpo-forum.eu\/wp-content\/uploads\/alessio-768x768.png\" alt=\",\" title=\"\">\n\t\t\t\t\t\t\t\t\t<\/figure>\n\t\t\t\t\n\t\t\t\t\n\t\t\t<\/div>\n\n\t\t\t<div class=\"eael-team-content\">\n\t\t\t\t<h2 class=\"eael-team-member-name\">Alessandro Fiorentino<\/h2><h3 class=\"eael-team-member-position\">Product Owner<\/h3>\n\t\t\t\t\t\t\t\t\t        <p class=\"eael-team-text\">ADEQUACY<\/p>\n\t\t\t\t\t\t\t\t\t<\/div>\n\t\t<\/div>\n\t<\/div>\n\t\t\t\t\t<\/div>\n\t\t\t\t<\/div>\n\t\t<div data-particle_enable=\"false\" data-particle-mobile-disabled=\"false\" class=\"elementor-element elementor-element-fd19258 e-con-full e-flex e-con e-child\" data-id=\"fd19258\" data-element_type=\"container\" data-e-type=\"container\">\n\t\t\t\t<div class=\"elementor-element elementor-element-e322d6b eael-team-align-centered elementor-widget elementor-widget-eael-team-member\" data-id=\"e322d6b\" data-element_type=\"widget\" data-e-type=\"widget\" data-widget_type=\"eael-team-member.default\">\n\t\t\t\t\t\n\n\t<div id=\"eael-team-member-e322d6b\" class=\"eael-team-item eael-team-members-social-bottom\">\n\t\t<div class=\"eael-team-item-inner\">\n\t\t\t<div class=\"eael-team-image\">\n\t\t\t\t<figure>\n\t\t\t\t\t\t\t\t\t\t<img decoding=\"async\" src=\"https:\/\/dpo-forum.eu\/wp-content\/uploads\/Ritika-juli-768x768.png\" alt=\",\" title=\"\">\n\t\t\t\t\t\t\t\t\t<\/figure>\n\t\t\t\t\n\t\t\t\t\n\t\t\t<\/div>\n\n\t\t\t<div class=\"eael-team-content\">\n\t\t\t\t<h2 class=\"eael-team-member-name\">Ritika Juli<\/h2><h3 class=\"eael-team-member-position\">Live Identity Sales Representative<\/h3>\n\t\t\t\t\t\t\t\t\t        <p class=\"eael-team-text\">ORANGE BUSINESS<\/p>\n\t\t\t\t\t\t\t\t\t<\/div>\n\t\t<\/div>\n\t<\/div>\n\t\t\t\t\t<\/div>\n\t\t\t\t<\/div>\n\t\t<div data-particle_enable=\"false\" data-particle-mobile-disabled=\"false\" class=\"elementor-element elementor-element-763d256 e-con-full e-flex e-con e-child\" data-id=\"763d256\" data-element_type=\"container\" data-e-type=\"container\">\n\t\t\t\t<div class=\"elementor-element elementor-element-f537354 eael-team-align-centered elementor-widget elementor-widget-eael-team-member\" data-id=\"f537354\" data-element_type=\"widget\" data-e-type=\"widget\" data-widget_type=\"eael-team-member.default\">\n\t\t\t\t\t\n\n\t<div id=\"eael-team-member-f537354\" class=\"eael-team-item eael-team-members-social-bottom\">\n\t\t<div class=\"eael-team-item-inner\">\n\t\t\t<div class=\"eael-team-image\">\n\t\t\t\t<figure>\n\t\t\t\t\t\t\t\t\t\t<img decoding=\"async\" src=\"https:\/\/dpo-forum.eu\/wp-content\/uploads\/paul-olivier-768x768.png\" alt=\",\" title=\"\">\n\t\t\t\t\t\t\t\t\t<\/figure>\n\t\t\t\t\n\t\t\t\t\n\t\t\t<\/div>\n\n\t\t\t<div class=\"eael-team-content\">\n\t\t\t\t<h2 class=\"eael-team-member-name\">Paul-Olivier Gibert<\/h2><h3 class=\"eael-team-member-position\">Chairman<\/h3>\n\t\t\t\t\t\t\t\t\t        <p class=\"eael-team-text\">AFCDP<\/p>\n\t\t\t\t\t\t\t\t\t<\/div>\n\t\t<\/div>\n\t<\/div>\n\t\t\t\t\t<\/div>\n\t\t\t\t<\/div>\n\t\t<div data-particle_enable=\"false\" data-particle-mobile-disabled=\"false\" class=\"elementor-element elementor-element-abf0f59 e-con-full e-flex e-con e-child\" data-id=\"abf0f59\" data-element_type=\"container\" data-e-type=\"container\">\n\t\t\t\t<div class=\"elementor-element elementor-element-7a26a3b eael-team-align-centered elementor-widget elementor-widget-eael-team-member\" data-id=\"7a26a3b\" data-element_type=\"widget\" data-e-type=\"widget\" data-widget_type=\"eael-team-member.default\">\n\t\t\t\t\t\n\n\t<div id=\"eael-team-member-7a26a3b\" class=\"eael-team-item eael-team-members-social-bottom\">\n\t\t<div class=\"eael-team-item-inner\">\n\t\t\t<div class=\"eael-team-image\">\n\t\t\t\t<figure>\n\t\t\t\t\t\t\t\t\t\t<img decoding=\"async\" src=\"https:\/\/dpo-forum.eu\/wp-content\/uploads\/catherine-martin-768x768.png\" alt=\",\" title=\"\">\n\t\t\t\t\t\t\t\t\t<\/figure>\n\t\t\t\t\n\t\t\t\t\n\t\t\t<\/div>\n\n\t\t\t<div class=\"eael-team-content\">\n\t\t\t\t<h2 class=\"eael-team-member-name\">Catherine Martin<\/h2><h3 class=\"eael-team-member-position\">DPO<\/h3>\n\t\t\t\t\t\t\t\t\t        <p class=\"eael-team-text\">DASTRA<\/p>\n\t\t\t\t\t\t\t\t\t<\/div>\n\t\t<\/div>\n\t<\/div>\n\t\t\t\t\t<\/div>\n\t\t\t\t<\/div>\n\t\t\t\t<\/div>\n\t\t<div data-particle_enable=\"false\" data-particle-mobile-disabled=\"false\" class=\"elementor-element elementor-element-3b994f2 e-con-full animated-slow e-flex elementor-invisible e-con e-parent\" data-id=\"3b994f2\" data-element_type=\"container\" data-e-type=\"container\" data-settings=\"{&quot;animation&quot;:&quot;slideInRight&quot;}\">\n\t\t<div data-particle_enable=\"false\" data-particle-mobile-disabled=\"false\" class=\"elementor-element elementor-element-5d221c4 e-con-full e-flex e-con e-child\" data-id=\"5d221c4\" data-element_type=\"container\" data-e-type=\"container\">\n\t\t\t\t<div class=\"elementor-element elementor-element-b7b82f4 eael-team-align-centered elementor-widget elementor-widget-eael-team-member\" data-id=\"b7b82f4\" data-element_type=\"widget\" data-e-type=\"widget\" data-widget_type=\"eael-team-member.default\">\n\t\t\t\t\t\n\n\t<div id=\"eael-team-member-b7b82f4\" class=\"eael-team-item eael-team-members-social-bottom\">\n\t\t<div class=\"eael-team-item-inner\">\n\t\t\t<div class=\"eael-team-image\">\n\t\t\t\t<figure>\n\t\t\t\t\t\t\t\t\t\t<img decoding=\"async\" src=\"https:\/\/dpo-forum.eu\/wp-content\/uploads\/garance-768x768.png\" alt=\",\" title=\"\">\n\t\t\t\t\t\t\t\t\t<\/figure>\n\t\t\t\t\n\t\t\t\t\n\t\t\t<\/div>\n\n\t\t\t<div class=\"eael-team-content\">\n\t\t\t\t<h2 class=\"eael-team-member-name\">Garance Mathias<\/h2><h3 class=\"eael-team-member-position\">Managing Director - Lawyer Founder<\/h3>\n\t\t\t\t\t\t\t\t\t        <p class=\"eael-team-text\">MATHIAS AVOCATS<\/p>\n\t\t\t\t\t\t\t\t\t<\/div>\n\t\t<\/div>\n\t<\/div>\n\t\t\t\t\t<\/div>\n\t\t\t\t<\/div>\n\t\t<div data-particle_enable=\"false\" data-particle-mobile-disabled=\"false\" class=\"elementor-element elementor-element-3ea4205 e-con-full e-flex e-con e-child\" data-id=\"3ea4205\" data-element_type=\"container\" data-e-type=\"container\">\n\t\t\t\t<div class=\"elementor-element elementor-element-8b744df eael-team-align-centered elementor-widget elementor-widget-eael-team-member\" data-id=\"8b744df\" data-element_type=\"widget\" data-e-type=\"widget\" data-widget_type=\"eael-team-member.default\">\n\t\t\t\t\t\n\n\t<div id=\"eael-team-member-8b744df\" class=\"eael-team-item eael-team-members-social-bottom\">\n\t\t<div class=\"eael-team-item-inner\">\n\t\t\t<div class=\"eael-team-image\">\n\t\t\t\t<figure>\n\t\t\t\t\t\t\t\t\t\t<img decoding=\"async\" src=\"https:\/\/dpo-forum.eu\/wp-content\/uploads\/fabrice-delaporte-768x768.png\" alt=\",\" title=\"\">\n\t\t\t\t\t\t\t\t\t<\/figure>\n\t\t\t\t\n\t\t\t\t\n\t\t\t<\/div>\n\n\t\t\t<div class=\"eael-team-content\">\n\t\t\t\t<h2 class=\"eael-team-member-name\">Fabrice Delaporte<\/h2><h3 class=\"eael-team-member-position\">CTO<\/h3>\n\t\t\t\t\t\t\t\t\t        <p class=\"eael-team-text\">DATA LEGAL DRIVE<\/p>\n\t\t\t\t\t\t\t\t\t<\/div>\n\t\t<\/div>\n\t<\/div>\n\t\t\t\t\t<\/div>\n\t\t\t\t<\/div>\n\t\t<div data-particle_enable=\"false\" data-particle-mobile-disabled=\"false\" class=\"elementor-element elementor-element-e14cead e-con-full e-flex e-con e-child\" data-id=\"e14cead\" data-element_type=\"container\" data-e-type=\"container\">\n\t\t\t\t<div class=\"elementor-element elementor-element-2b6347a eael-team-align-centered elementor-widget elementor-widget-eael-team-member\" data-id=\"2b6347a\" data-element_type=\"widget\" data-e-type=\"widget\" data-widget_type=\"eael-team-member.default\">\n\t\t\t\t\t\n\n\t<div id=\"eael-team-member-2b6347a\" class=\"eael-team-item eael-team-members-social-bottom\">\n\t\t<div class=\"eael-team-item-inner\">\n\t\t\t<div class=\"eael-team-image\">\n\t\t\t\t<figure>\n\t\t\t\t\t\t\t\t\t\t<img decoding=\"async\" src=\"https:\/\/dpo-forum.eu\/wp-content\/uploads\/louis-philippe-768x768.png\" alt=\",\" title=\"\">\n\t\t\t\t\t\t\t\t\t<\/figure>\n\t\t\t\t\n\t\t\t\t\n\t\t\t<\/div>\n\n\t\t\t<div class=\"eael-team-content\">\n\t\t\t\t<h2 class=\"eael-team-member-name\">Louis-Philippe Loncke<\/h2><h3 class=\"eael-team-member-position\">DPO<\/h3>\n\t\t\t\t\t\t\t\t\t        <p class=\"eael-team-text\">IRISCARE<\/p>\n\t\t\t\t\t\t\t\t\t<\/div>\n\t\t<\/div>\n\t<\/div>\n\t\t\t\t\t<\/div>\n\t\t\t\t<\/div>\n\t\t<div data-particle_enable=\"false\" data-particle-mobile-disabled=\"false\" class=\"elementor-element elementor-element-acb5805 e-con-full e-flex e-con e-child\" data-id=\"acb5805\" data-element_type=\"container\" data-e-type=\"container\">\n\t\t\t\t<div class=\"elementor-element elementor-element-705775e eael-team-align-centered elementor-widget elementor-widget-eael-team-member\" data-id=\"705775e\" data-element_type=\"widget\" data-e-type=\"widget\" data-widget_type=\"eael-team-member.default\">\n\t\t\t\t\t\n\n\t<div id=\"eael-team-member-705775e\" class=\"eael-team-item eael-team-members-social-bottom\">\n\t\t<div class=\"eael-team-item-inner\">\n\t\t\t<div class=\"eael-team-image\">\n\t\t\t\t<figure>\n\t\t\t\t\t\t\t\t\t\t<img decoding=\"async\" src=\"https:\/\/dpo-forum.eu\/wp-content\/uploads\/aziz-haouas-768x768.png\" alt=\",\" title=\"\">\n\t\t\t\t\t\t\t\t\t<\/figure>\n\t\t\t\t\n\t\t\t\t\n\t\t\t<\/div>\n\n\t\t\t<div class=\"eael-team-content\">\n\t\t\t\t<h2 class=\"eael-team-member-name\">Aziz Haouas<\/h2><h3 class=\"eael-team-member-position\">Product Marketing Manager<\/h3>\n\t\t\t\t\t\t\t\t\t        <p class=\"eael-team-text\">ORANGE BUSINESS<\/p>\n\t\t\t\t\t\t\t\t\t<\/div>\n\t\t<\/div>\n\t<\/div>\n\t\t\t\t\t<\/div>\n\t\t\t\t<\/div>\n\t\t\t\t<\/div>\n\t\t<div data-particle_enable=\"false\" data-particle-mobile-disabled=\"false\" class=\"elementor-element elementor-element-d2fdf8f e-con-full animated-slow e-flex elementor-invisible e-con e-parent\" data-id=\"d2fdf8f\" data-element_type=\"container\" data-e-type=\"container\" data-settings=\"{&quot;animation&quot;:&quot;slideInLeft&quot;}\">\n\t\t<div data-particle_enable=\"false\" data-particle-mobile-disabled=\"false\" class=\"elementor-element elementor-element-999fb62 e-con-full e-flex e-con e-child\" data-id=\"999fb62\" data-element_type=\"container\" data-e-type=\"container\">\n\t\t\t\t<div class=\"elementor-element elementor-element-298e28c eael-team-align-centered elementor-widget elementor-widget-eael-team-member\" data-id=\"298e28c\" data-element_type=\"widget\" data-e-type=\"widget\" data-widget_type=\"eael-team-member.default\">\n\t\t\t\t\t\n\n\t<div id=\"eael-team-member-298e28c\" class=\"eael-team-item eael-team-members-social-bottom\">\n\t\t<div class=\"eael-team-item-inner\">\n\t\t\t<div class=\"eael-team-image\">\n\t\t\t\t<figure>\n\t\t\t\t\t\t\t\t\t\t<img decoding=\"async\" src=\"https:\/\/dpo-forum.eu\/wp-content\/uploads\/jean-baptiste-768x768.png\" alt=\",\" title=\"\">\n\t\t\t\t\t\t\t\t\t<\/figure>\n\t\t\t\t\n\t\t\t\t\n\t\t\t<\/div>\n\n\t\t\t<div class=\"eael-team-content\">\n\t\t\t\t<h2 class=\"eael-team-member-name\">Jean-Baptiste Garcin<\/h2><h3 class=\"eael-team-member-position\">Account Executive <\/h3>\n\t\t\t\t\t\t\t\t\t        <p class=\"eael-team-text\">DIDOMI<\/p>\n\t\t\t\t\t\t\t\t\t<\/div>\n\t\t<\/div>\n\t<\/div>\n\t\t\t\t\t<\/div>\n\t\t\t\t<\/div>\n\t\t<div data-particle_enable=\"false\" data-particle-mobile-disabled=\"false\" class=\"elementor-element elementor-element-6cb9e1c e-con-full e-flex e-con e-child\" data-id=\"6cb9e1c\" data-element_type=\"container\" data-e-type=\"container\">\n\t\t\t\t<div class=\"elementor-element elementor-element-c60be90 eael-team-align-centered elementor-widget elementor-widget-eael-team-member\" data-id=\"c60be90\" data-element_type=\"widget\" data-e-type=\"widget\" data-widget_type=\"eael-team-member.default\">\n\t\t\t\t\t\n\n\t<div id=\"eael-team-member-c60be90\" class=\"eael-team-item eael-team-members-social-bottom\">\n\t\t<div class=\"eael-team-item-inner\">\n\t\t\t<div class=\"eael-team-image\">\n\t\t\t\t<figure>\n\t\t\t\t\t\t\t\t\t\t<img decoding=\"async\" src=\"https:\/\/dpo-forum.eu\/wp-content\/uploads\/paul-emmanuel-bidault-768x768.png\" alt=\",\" title=\"\">\n\t\t\t\t\t\t\t\t\t<\/figure>\n\t\t\t\t\n\t\t\t\t\n\t\t\t<\/div>\n\n\t\t\t<div class=\"eael-team-content\">\n\t\t\t\t<h2 class=\"eael-team-member-name\">Paul-Emmanuel Bidault<\/h2><h3 class=\"eael-team-member-position\">CEO &amp; Co-Founder <\/h3>\n\t\t\t\t\t\t\t\t\t        <p class=\"eael-team-text\">DASTRA<\/p>\n\t\t\t\t\t\t\t\t\t<\/div>\n\t\t<\/div>\n\t<\/div>\n\t\t\t\t\t<\/div>\n\t\t\t\t<\/div>\n\t\t<div data-particle_enable=\"false\" data-particle-mobile-disabled=\"false\" class=\"elementor-element elementor-element-cf05317 e-con-full e-flex e-con e-child\" data-id=\"cf05317\" data-element_type=\"container\" data-e-type=\"container\">\n\t\t\t\t<div class=\"elementor-element elementor-element-0e88da3 eael-team-align-centered elementor-widget elementor-widget-eael-team-member\" data-id=\"0e88da3\" data-element_type=\"widget\" data-e-type=\"widget\" data-widget_type=\"eael-team-member.default\">\n\t\t\t\t\t\n\n\t<div id=\"eael-team-member-0e88da3\" class=\"eael-team-item eael-team-members-social-bottom\">\n\t\t<div class=\"eael-team-item-inner\">\n\t\t\t<div class=\"eael-team-image\">\n\t\t\t\t<figure>\n\t\t\t\t\t\t\t\t\t\t<img decoding=\"async\" src=\"https:\/\/dpo-forum.eu\/wp-content\/uploads\/olivier-morel-768x768.png\" alt=\",\" title=\"\">\n\t\t\t\t\t\t\t\t\t<\/figure>\n\t\t\t\t\n\t\t\t\t\n\t\t\t<\/div>\n\n\t\t\t<div class=\"eael-team-content\">\n\t\t\t\t<h2 class=\"eael-team-member-name\">Olivier Morel<\/h2><h3 class=\"eael-team-member-position\">Treasurer<\/h3>\n\t\t\t\t\t\t\t\t\t        <p class=\"eael-team-text\">HEXATRUST<\/p>\n\t\t\t\t\t\t\t\t\t<\/div>\n\t\t<\/div>\n\t<\/div>\n\t\t\t\t\t<\/div>\n\t\t\t\t<\/div>\n\t\t<div data-particle_enable=\"false\" data-particle-mobile-disabled=\"false\" class=\"elementor-element elementor-element-c567f73 e-con-full e-flex e-con e-child\" data-id=\"c567f73\" data-element_type=\"container\" data-e-type=\"container\">\n\t\t\t\t<div class=\"elementor-element elementor-element-a30cfc6 eael-team-align-centered elementor-widget elementor-widget-eael-team-member\" data-id=\"a30cfc6\" data-element_type=\"widget\" data-e-type=\"widget\" data-widget_type=\"eael-team-member.default\">\n\t\t\t\t\t\n\n\t<div id=\"eael-team-member-a30cfc6\" class=\"eael-team-item eael-team-members-social-bottom\">\n\t\t<div class=\"eael-team-item-inner\">\n\t\t\t<div class=\"eael-team-image\">\n\t\t\t\t<figure>\n\t\t\t\t\t\t\t\t\t\t<img decoding=\"async\" src=\"https:\/\/dpo-forum.eu\/wp-content\/uploads\/edouard-768x768.png\" alt=\",\" title=\"\">\n\t\t\t\t\t\t\t\t\t<\/figure>\n\t\t\t\t\n\t\t\t\t\n\t\t\t<\/div>\n\n\t\t\t<div class=\"eael-team-content\">\n\t\t\t\t<h2 class=\"eael-team-member-name\">Edouard Schlumberger<\/h2><h3 class=\"eael-team-member-position\">Co-Founder<\/h3>\n\t\t\t\t\t\t\t\t\t        <p class=\"eael-team-text\">LETO.LEGAL<\/p>\n\t\t\t\t\t\t\t\t\t<\/div>\n\t\t<\/div>\n\t<\/div>\n\t\t\t\t\t<\/div>\n\t\t\t\t<\/div>\n\t\t\t\t<\/div>\n\t\t<div data-particle_enable=\"false\" data-particle-mobile-disabled=\"false\" class=\"elementor-element elementor-element-c2924c4 e-con-full animated-slow e-flex elementor-invisible e-con e-parent\" data-id=\"c2924c4\" data-element_type=\"container\" data-e-type=\"container\" data-settings=\"{&quot;animation&quot;:&quot;slideInLeft&quot;}\">\n\t\t<div data-particle_enable=\"false\" data-particle-mobile-disabled=\"false\" class=\"elementor-element elementor-element-09846cf e-con-full e-flex e-con e-child\" data-id=\"09846cf\" data-element_type=\"container\" data-e-type=\"container\">\n\t\t\t\t<div class=\"elementor-element elementor-element-ba11ed3 eael-team-align-centered elementor-widget elementor-widget-eael-team-member\" data-id=\"ba11ed3\" data-element_type=\"widget\" data-e-type=\"widget\" data-widget_type=\"eael-team-member.default\">\n\t\t\t\t\t\n\n\t<div id=\"eael-team-member-ba11ed3\" class=\"eael-team-item eael-team-members-social-bottom\">\n\t\t<div class=\"eael-team-item-inner\">\n\t\t\t<div class=\"eael-team-image\">\n\t\t\t\t<figure>\n\t\t\t\t\t\t\t\t\t\t<img decoding=\"async\" src=\"https:\/\/dpo-forum.eu\/wp-content\/uploads\/fabrice-hecquet-768x768.png\" alt=\",\" title=\"\">\n\t\t\t\t\t\t\t\t\t<\/figure>\n\t\t\t\t\n\t\t\t\t\n\t\t\t<\/div>\n\n\t\t\t<div class=\"eael-team-content\">\n\t\t\t\t<h2 class=\"eael-team-member-name\">Fabrice Hecquet<\/h2><h3 class=\"eael-team-member-position\">Business Development Manager<\/h3>\n\t\t\t\t\t\t\t\t\t        <p class=\"eael-team-text\">CYBER XPERT<\/p>\n\t\t\t\t\t\t\t\t\t<\/div>\n\t\t<\/div>\n\t<\/div>\n\t\t\t\t\t<\/div>\n\t\t\t\t<\/div>\n\t\t<div data-particle_enable=\"false\" data-particle-mobile-disabled=\"false\" class=\"elementor-element elementor-element-704e1e8 e-con-full e-flex e-con e-child\" data-id=\"704e1e8\" data-element_type=\"container\" data-e-type=\"container\">\n\t\t\t\t<\/div>\n\t\t<div data-particle_enable=\"false\" data-particle-mobile-disabled=\"false\" class=\"elementor-element elementor-element-2817efe e-con-full e-flex e-con e-child\" data-id=\"2817efe\" data-element_type=\"container\" data-e-type=\"container\">\n\t\t\t\t<\/div>\n\t\t<div data-particle_enable=\"false\" data-particle-mobile-disabled=\"false\" class=\"elementor-element elementor-element-f6da7fb e-con-full e-flex e-con e-child\" data-id=\"f6da7fb\" data-element_type=\"container\" data-e-type=\"container\">\n\t\t\t\t<\/div>\n\t\t\t\t<\/div>\n\t\t\t\t<\/div>","protected":false},"excerpt":{"rendered":"<p>DPO Forum Paris 2024 Nos orateurs Un panel d\u2019experts pour d\u00e9crypter les enjeux du RGPD, de l\u2019IA Act, de la cybers\u00e9curit\u00e9 et de la souverainet\u00e9 num\u00e9rique. Alessandro Fiorentino Product Owner ADEQUACY Ritika Juli R\u00e9f\u00e9rente commerciale Live Identity ORANGE BUSINESS Paul-Olivier Gibert Pr\u00e9sident AFCDP Catherine Martin DPO DASTRA Garance Mathias Dirigeante &#8211; Avocat Fondateur MATHIAS AVOCATS [&hellip;]<\/p>\n","protected":false},"author":1,"featured_media":0,"parent":0,"menu_order":0,"comment_status":"closed","ping_status":"closed","template":"","meta":{"footnotes":""},"class_list":["post-1166","page","type-page","status-publish","hentry"],"_links":{"self":[{"href":"https:\/\/dpo-forum.eu\/en\/wp-json\/wp\/v2\/pages\/1166","targetHints":{"allow":["GET"]}}],"collection":[{"href":"https:\/\/dpo-forum.eu\/en\/wp-json\/wp\/v2\/pages"}],"about":[{"href":"https:\/\/dpo-forum.eu\/en\/wp-json\/wp\/v2\/types\/page"}],"author":[{"embeddable":true,"href":"https:\/\/dpo-forum.eu\/en\/wp-json\/wp\/v2\/users\/1"}],"replies":[{"embeddable":true,"href":"https:\/\/dpo-forum.eu\/en\/wp-json\/wp\/v2\/comments?post=1166"}],"version-history":[{"count":4,"href":"https:\/\/dpo-forum.eu\/en\/wp-json\/wp\/v2\/pages\/1166\/revisions"}],"predecessor-version":[{"id":1185,"href":"https:\/\/dpo-forum.eu\/en\/wp-json\/wp\/v2\/pages\/1166\/revisions\/1185"}],"wp:attachment":[{"href":"https:\/\/dpo-forum.eu\/en\/wp-json\/wp\/v2\/media?parent=1166"}],"curies":[{"name":"wp","href":"https:\/\/api.w.org\/{rel}","templated":true}]}}