{"id":1161,"date":"2026-02-03T11:45:47","date_gmt":"2026-02-03T10:45:47","guid":{"rendered":"https:\/\/angry-villani.57-128-39-62.plesk.page\/?page_id=1161"},"modified":"2026-02-03T11:59:27","modified_gmt":"2026-02-03T10:59:27","slug":"programme-paris-2024","status":"publish","type":"page","link":"https:\/\/dpo-forum.eu\/en\/programme-paris-2024\/","title":{"rendered":"Paris 2024 Program"},"content":{"rendered":"<div data-elementor-type=\"wp-page\" data-elementor-id=\"1161\" class=\"elementor elementor-1161\" data-elementor-post-type=\"page\">\n\t\t\t\t<div data-particle_enable=\"false\" data-particle-mobile-disabled=\"false\" class=\"elementor-element elementor-element-52ab780 e-flex e-con-boxed e-con e-parent\" data-id=\"52ab780\" data-element_type=\"container\" data-e-type=\"container\" data-settings=\"{&quot;background_background&quot;:&quot;classic&quot;}\">\n\t\t\t\t\t<div class=\"e-con-inner\">\n\t\t\t\t<div class=\"elementor-element elementor-element-eecd028 elementor-widget elementor-widget-heading\" data-id=\"eecd028\" data-element_type=\"widget\" data-e-type=\"widget\" data-widget_type=\"heading.default\">\n\t\t\t\t\t<h2 class=\"elementor-heading-title elementor-size-default\">Program DPO Forum Paris 2025<\/h2>\t\t\t\t<\/div>\n\t\t\t\t<div class=\"elementor-element elementor-element-f78fb34 elementor-widget elementor-widget-n-accordion\" data-id=\"f78fb34\" data-element_type=\"widget\" data-e-type=\"widget\" data-settings=\"{&quot;default_state&quot;:&quot;all_collapsed&quot;,&quot;max_items_expended&quot;:&quot;multiple&quot;,&quot;n_accordion_animation_duration&quot;:{&quot;unit&quot;:&quot;ms&quot;,&quot;size&quot;:400,&quot;sizes&quot;:[]}}\" data-widget_type=\"nested-accordion.default\">\n\t\t\t\t\t\t\t<div class=\"e-n-accordion\" aria-label=\"Accordion. Open links with Enter or Space, close with Escape, and navigate with Arrow Keys\">\n\t\t\t\t\t\t<details id=\"e-n-accordion-item-2590\" class=\"e-n-accordion-item\" >\n\t\t\t\t<summary class=\"e-n-accordion-item-title\" data-accordion-index=\"1\" tabindex=\"0\" aria-expanded=\"false\" aria-controls=\"e-n-accordion-item-2590\" >\n\t\t\t\t\t<span class='e-n-accordion-item-title-header'><h4 class=\"e-n-accordion-item-title-text\"> 8:30 - 9:00: Welcome coffee <\/h4><\/span>\n\t\t\t\t\t\t\t<span class='e-n-accordion-item-title-icon'>\n\t\t\t<span class='e-opened' ><i aria-hidden=\"true\" class=\"fas fa-chevron-up\"><\/i><\/span>\n\t\t\t<span class='e-closed'><i aria-hidden=\"true\" class=\"fas fa-chevron-down\"><\/i><\/span>\n\t\t<\/span>\n\n\t\t\t\t\t\t<\/summary>\n\t\t\t\t<div data-particle_enable=\"false\" data-particle-mobile-disabled=\"false\" role=\"region\" aria-labelledby=\"e-n-accordion-item-2590\" class=\"elementor-element elementor-element-b0b74ac e-con-full e-flex e-con e-child\" data-id=\"b0b74ac\" data-element_type=\"container\" data-e-type=\"container\" data-settings=\"{&quot;background_background&quot;:&quot;classic&quot;}\">\n\t\t\t\t<div class=\"elementor-element elementor-element-54f4314 elementor-widget elementor-widget-text-editor\" data-id=\"54f4314\" data-element_type=\"widget\" data-e-type=\"widget\" data-widget_type=\"text-editor.default\">\n\t\t\t\t\t\t\t\t\t<p>Welcome coffee<\/p>\t\t\t\t\t\t\t\t<\/div>\n\t\t\t\t<\/div>\n\t\t\t\t\t<\/details>\n\t\t\t\t\t\t<details id=\"e-n-accordion-item-2591\" class=\"e-n-accordion-item\" >\n\t\t\t\t<summary class=\"e-n-accordion-item-title\" data-accordion-index=\"2\" tabindex=\"-1\" aria-expanded=\"false\" aria-controls=\"e-n-accordion-item-2591\" >\n\t\t\t\t\t<span class='e-n-accordion-item-title-header'><h4 class=\"e-n-accordion-item-title-text\"> 9:00am - 9:45am: Keynote: Artificial intelligence and personal data protection: what are the challenges for DPOs? - MATHIAS AVOCATS <\/h4><\/span>\n\t\t\t\t\t\t\t<span class='e-n-accordion-item-title-icon'>\n\t\t\t<span class='e-opened' ><i aria-hidden=\"true\" class=\"fas fa-chevron-up\"><\/i><\/span>\n\t\t\t<span class='e-closed'><i aria-hidden=\"true\" class=\"fas fa-chevron-down\"><\/i><\/span>\n\t\t<\/span>\n\n\t\t\t\t\t\t<\/summary>\n\t\t\t\t<div data-particle_enable=\"false\" data-particle-mobile-disabled=\"false\" role=\"region\" aria-labelledby=\"e-n-accordion-item-2591\" class=\"elementor-element elementor-element-821ce83 e-con-full e-flex e-con e-child\" data-id=\"821ce83\" data-element_type=\"container\" data-e-type=\"container\" data-settings=\"{&quot;background_background&quot;:&quot;classic&quot;}\">\n\t\t\t\t<div class=\"elementor-element elementor-element-574a95b elementor-widget elementor-widget-text-editor\" data-id=\"574a95b\" data-element_type=\"widget\" data-e-type=\"widget\" data-widget_type=\"text-editor.default\">\n\t\t\t\t\t\t\t\t\t<p><strong>Garance Mathias,<\/strong>\u00a0<em>Managing Director - Founder lawyer<\/em><\/p><p>AI, thanks to its ability to process and analyze vast data sets, can reveal personal and sensitive information, often without the explicit consent of the individuals concerned. A balance must therefore be struck between the need to seize the opportunities offered by AI-based technological innovations, on the one hand, and respect for individual rights and privacy, on the other.<\/p>\t\t\t\t\t\t\t\t<\/div>\n\t\t\t\t<\/div>\n\t\t\t\t\t<\/details>\n\t\t\t\t\t\t<details id=\"e-n-accordion-item-2592\" class=\"e-n-accordion-item\" >\n\t\t\t\t<summary class=\"e-n-accordion-item-title\" data-accordion-index=\"3\" tabindex=\"-1\" aria-expanded=\"false\" aria-controls=\"e-n-accordion-item-2592\" >\n\t\t\t\t\t<span class='e-n-accordion-item-title-header'><h4 class=\"e-n-accordion-item-title-text\"> 9h45 - 10h30: DPO &amp; RSSI, discover the keys to a successful collaboration for your RGPD compliance! - ADEQUACY <\/h4><\/span>\n\t\t\t\t\t\t\t<span class='e-n-accordion-item-title-icon'>\n\t\t\t<span class='e-opened' ><i aria-hidden=\"true\" class=\"fas fa-chevron-up\"><\/i><\/span>\n\t\t\t<span class='e-closed'><i aria-hidden=\"true\" class=\"fas fa-chevron-down\"><\/i><\/span>\n\t\t<\/span>\n\n\t\t\t\t\t\t<\/summary>\n\t\t\t\t<div data-particle_enable=\"false\" data-particle-mobile-disabled=\"false\" role=\"region\" aria-labelledby=\"e-n-accordion-item-2592\" class=\"elementor-element elementor-element-4f7f18f e-con-full e-flex e-con e-child\" data-id=\"4f7f18f\" data-element_type=\"container\" data-e-type=\"container\" data-settings=\"{&quot;background_background&quot;:&quot;classic&quot;}\">\n\t\t\t\t<div class=\"elementor-element elementor-element-b95d5c8 elementor-widget elementor-widget-text-editor\" data-id=\"b95d5c8\" data-element_type=\"widget\" data-e-type=\"widget\" data-widget_type=\"text-editor.default\">\n\t\t\t\t\t\t\t\t\t<p><b>Alessandro Fiorentino,\u00a0<\/b><em>Product Owner<\/em><\/p><p>Let's explore together the importance of a harmonious relationship between DPO and CISO, focusing on clarifying responsibilities, effective communication and ongoing risk assessment to ensure RGPD compliance over time. We'll discuss the use of tools, understanding constraints, and evoke the link between NIS2, cybersecurity and RGPD.<\/p><p><a href=\"https:\/\/dpo-forum.eu\/wp-content\/uploads\/2024\/04\/PPT-Adequacy-DPO-Forum-Paris-2024.pdf\"> See the conference<\/a><\/p>\t\t\t\t\t\t\t\t<\/div>\n\t\t\t\t<\/div>\n\t\t\t\t\t<\/details>\n\t\t\t\t\t\t<details id=\"e-n-accordion-item-2593\" class=\"e-n-accordion-item\" >\n\t\t\t\t<summary class=\"e-n-accordion-item-title\" data-accordion-index=\"4\" tabindex=\"-1\" aria-expanded=\"false\" aria-controls=\"e-n-accordion-item-2593\" >\n\t\t\t\t\t<span class='e-n-accordion-item-title-header'><h4 class=\"e-n-accordion-item-title-text\"> 10:30 - 11:00: Future prospects with Google Consent Mode V2 and the disappearance of third-party cookies - DIDOMI <\/h4><\/span>\n\t\t\t\t\t\t\t<span class='e-n-accordion-item-title-icon'>\n\t\t\t<span class='e-opened' ><i aria-hidden=\"true\" class=\"fas fa-chevron-up\"><\/i><\/span>\n\t\t\t<span class='e-closed'><i aria-hidden=\"true\" class=\"fas fa-chevron-down\"><\/i><\/span>\n\t\t<\/span>\n\n\t\t\t\t\t\t<\/summary>\n\t\t\t\t<div data-particle_enable=\"false\" data-particle-mobile-disabled=\"false\" role=\"region\" aria-labelledby=\"e-n-accordion-item-2593\" class=\"elementor-element elementor-element-2ca9482 e-con-full e-flex e-con e-child\" data-id=\"2ca9482\" data-element_type=\"container\" data-e-type=\"container\" data-settings=\"{&quot;background_background&quot;:&quot;classic&quot;}\">\n\t\t\t\t<div class=\"elementor-element elementor-element-1c91e7a elementor-widget elementor-widget-text-editor\" data-id=\"1c91e7a\" data-element_type=\"widget\" data-e-type=\"widget\" data-widget_type=\"text-editor.default\">\n\t\t\t\t\t\t\t\t\t<b>Jean-Baptiste Garcin,\u00a0<\/b><em>Account Executive at Didomi<\/em>\n\nDuring this conference, we'll dive into the major evolutions introduced by Google Consent Mode version 2, with a focus on the impacts observed after its deployment. We'll also look at how legal and marketing departments can prepare for a future without third-party cookies, with Google's Privacy Sandbox coming into force in 2024, and the proliferation of regulations governing the protection of personal data around the world. This in-depth analysis will equip you with the knowledge you need to adapt to these changes, ensuring optimized compliance and maintaining the trust of your users.\n\n<a href=\"https:\/\/dpo-forum.eu\/wp-content\/uploads\/2024\/04\/DPO-Forum-Bilan-et-perspectives-futures-avec-Google-Consent-Mode-v2.pdf\">See the conference<\/a>\t\t\t\t\t\t\t\t<\/div>\n\t\t\t\t<\/div>\n\t\t\t\t\t<\/details>\n\t\t\t\t\t\t<details id=\"e-n-accordion-item-2594\" class=\"e-n-accordion-item\" >\n\t\t\t\t<summary class=\"e-n-accordion-item-title\" data-accordion-index=\"5\" tabindex=\"-1\" aria-expanded=\"false\" aria-controls=\"e-n-accordion-item-2594\" >\n\t\t\t\t\t<span class='e-n-accordion-item-title-header'><h4 class=\"e-n-accordion-item-title-text\"> 11h00 - 11h30: Coffee break &amp; Networking <\/h4><\/span>\n\t\t\t\t\t\t\t<span class='e-n-accordion-item-title-icon'>\n\t\t\t<span class='e-opened' ><i aria-hidden=\"true\" class=\"fas fa-chevron-up\"><\/i><\/span>\n\t\t\t<span class='e-closed'><i aria-hidden=\"true\" class=\"fas fa-chevron-down\"><\/i><\/span>\n\t\t<\/span>\n\n\t\t\t\t\t\t<\/summary>\n\t\t\t\t<div data-particle_enable=\"false\" data-particle-mobile-disabled=\"false\" role=\"region\" aria-labelledby=\"e-n-accordion-item-2594\" class=\"elementor-element elementor-element-4f5160c e-con-full e-flex e-con e-child\" data-id=\"4f5160c\" data-element_type=\"container\" data-e-type=\"container\" data-settings=\"{&quot;background_background&quot;:&quot;classic&quot;}\">\n\t\t\t\t<\/div>\n\t\t\t\t\t<\/details>\n\t\t\t\t\t\t<details id=\"e-n-accordion-item-2595\" class=\"e-n-accordion-item\" >\n\t\t\t\t<summary class=\"e-n-accordion-item-title\" data-accordion-index=\"6\" tabindex=\"-1\" aria-expanded=\"false\" aria-controls=\"e-n-accordion-item-2595\" >\n\t\t\t\t\t<span class='e-n-accordion-item-title-header'><h4 class=\"e-n-accordion-item-title-text\"> 11:30- 12:00: How to get the most out of an RGPD tool? - DASTRA <\/h4><\/span>\n\t\t\t\t\t\t\t<span class='e-n-accordion-item-title-icon'>\n\t\t\t<span class='e-opened' ><i aria-hidden=\"true\" class=\"fas fa-chevron-up\"><\/i><\/span>\n\t\t\t<span class='e-closed'><i aria-hidden=\"true\" class=\"fas fa-chevron-down\"><\/i><\/span>\n\t\t<\/span>\n\n\t\t\t\t\t\t<\/summary>\n\t\t\t\t<div data-particle_enable=\"false\" data-particle-mobile-disabled=\"false\" role=\"region\" aria-labelledby=\"e-n-accordion-item-2595\" class=\"elementor-element elementor-element-bec55a7 e-con-full e-flex e-con e-child\" data-id=\"bec55a7\" data-element_type=\"container\" data-e-type=\"container\" data-settings=\"{&quot;background_background&quot;:&quot;classic&quot;}\">\n\t\t\t\t<div class=\"elementor-element elementor-element-8affa5a elementor-widget elementor-widget-text-editor\" data-id=\"8affa5a\" data-element_type=\"widget\" data-e-type=\"widget\" data-widget_type=\"text-editor.default\">\n\t\t\t\t\t\t\t\t\t<p><b>Paul-Emmanuel Bidault,\u00a0<\/b><em>Managing Director and Co-Founder of Dastra &amp;\u00a0<\/em><strong>Catherine Martin,\u00a0<\/strong><em>DPO\u00a0<\/em><\/p><p>Today, more and more organizations are equipping themselves or are already equipped with RGPD compliance management software. However, acquiring software is not enough to be compliant - far from it. So how can you bring maximum value to your organization with an RGPD tool, and how can you optimize your investment? Paul-Emmanuel Bidault, CEO &amp; co-founder of Dastra, invites you to immerse yourself in the day-to-day realities of the DPO's role, through feedback from experience, including that of Catherine Martin, DPO of the City of Ivry-Sur-Seine.<\/p>\t\t\t\t\t\t\t\t<\/div>\n\t\t\t\t<\/div>\n\t\t\t\t\t<\/details>\n\t\t\t\t\t\t<details id=\"e-n-accordion-item-2596\" class=\"e-n-accordion-item\" >\n\t\t\t\t<summary class=\"e-n-accordion-item-title\" data-accordion-index=\"7\" tabindex=\"-1\" aria-expanded=\"false\" aria-controls=\"e-n-accordion-item-2596\" >\n\t\t\t\t\t<span class='e-n-accordion-item-title-header'><h4 class=\"e-n-accordion-item-title-text\"> 12:00 - 12:30: Enthusiastically embracing the RGPD: Strategies and benefits - LETO <\/h4><\/span>\n\t\t\t\t\t\t\t<span class='e-n-accordion-item-title-icon'>\n\t\t\t<span class='e-opened' ><i aria-hidden=\"true\" class=\"fas fa-chevron-up\"><\/i><\/span>\n\t\t\t<span class='e-closed'><i aria-hidden=\"true\" class=\"fas fa-chevron-down\"><\/i><\/span>\n\t\t<\/span>\n\n\t\t\t\t\t\t<\/summary>\n\t\t\t\t<div data-particle_enable=\"false\" data-particle-mobile-disabled=\"false\" role=\"region\" aria-labelledby=\"e-n-accordion-item-2596\" class=\"elementor-element elementor-element-ace391b e-con-full e-flex e-con e-child\" data-id=\"ace391b\" data-element_type=\"container\" data-e-type=\"container\" data-settings=\"{&quot;background_background&quot;:&quot;classic&quot;}\">\n\t\t\t\t<div class=\"elementor-element elementor-element-3b5d2cd elementor-widget elementor-widget-text-editor\" data-id=\"3b5d2cd\" data-element_type=\"widget\" data-e-type=\"widget\" data-widget_type=\"text-editor.default\">\n\t\t\t\t\t\t\t\t\t<strong>Edouard<\/strong>\u00a0<strong>Schlumberger,<\/strong><em>\u00a0Co-founder of Leto<\/em>\n\nAt Leto, we know that the RGPD can be perceived as a restrictive and unexciting subject. Raising awareness among employees at all levels of the company, a legal obligation, becomes off-putting. So we've created an innovative, interactive awareness-raising tool to help the RGPD subject grow within the company and measure the impact of awareness as the months go by. The aim is to encourage a positive and proactive approach to personal data protection.\n\n<a href=\"https:\/\/dpo-forum.eu\/wp-content\/uploads\/2024\/04\/Sensibilisation-DPO-Forum-Paris-2024-1.pdf\">See the conference<\/a>\t\t\t\t\t\t\t\t<\/div>\n\t\t\t\t<\/div>\n\t\t\t\t\t<\/details>\n\t\t\t\t\t\t<details id=\"e-n-accordion-item-2597\" class=\"e-n-accordion-item\" >\n\t\t\t\t<summary class=\"e-n-accordion-item-title\" data-accordion-index=\"8\" tabindex=\"-1\" aria-expanded=\"false\" aria-controls=\"e-n-accordion-item-2597\" >\n\t\t\t\t\t<span class='e-n-accordion-item-title-header'><h4 class=\"e-n-accordion-item-title-text\"> 12:30 - 13:00: An RGPD captcha with Live Identity - ORANGE BUSINESS <\/h4><\/span>\n\t\t\t\t\t\t\t<span class='e-n-accordion-item-title-icon'>\n\t\t\t<span class='e-opened' ><i aria-hidden=\"true\" class=\"fas fa-chevron-up\"><\/i><\/span>\n\t\t\t<span class='e-closed'><i aria-hidden=\"true\" class=\"fas fa-chevron-down\"><\/i><\/span>\n\t\t<\/span>\n\n\t\t\t\t\t\t<\/summary>\n\t\t\t\t<div data-particle_enable=\"false\" data-particle-mobile-disabled=\"false\" role=\"region\" aria-labelledby=\"e-n-accordion-item-2597\" class=\"elementor-element elementor-element-6f03724 e-con-full e-flex e-con e-child\" data-id=\"6f03724\" data-element_type=\"container\" data-e-type=\"container\" data-settings=\"{&quot;background_background&quot;:&quot;classic&quot;}\">\n\t\t\t\t<div class=\"elementor-element elementor-element-4610141 elementor-widget elementor-widget-text-editor\" data-id=\"4610141\" data-element_type=\"widget\" data-e-type=\"widget\" data-widget_type=\"text-editor.default\">\n\t\t\t\t\t\t\t\t\t<strong>Ritika Juli,\u00a0<\/strong><em>Live Identity Product Manager<\/em>\u00a0<strong>&amp;<\/strong>\u00a0<strong>Aziz Haouas,\u00a0<\/strong><em>Product marketing manager<\/em>\n\nTo protect itself against malicious robots, Orange Business has created a Captcha solution:\n<ul>\n \t<li>100% French,<\/li>\n \t<li>RGPD and CNIL compliant<\/li>\n \t<li>For a smoother user experience<\/li>\n \t<li>Fully secure and packaged: easy, standardized technical implementation<\/li>\n<\/ul>\nWe invite you to come and meet us at our conference at DPO Forum 2024 for more information on Live Identity Captcha!\n\n<a href=\"https:\/\/dpo-forum.eu\/wp-content\/uploads\/2024\/04\/Orange-Business-DPO-Forum-Paris-2024-2-avril.pdf\">See the conference<\/a>\t\t\t\t\t\t\t\t<\/div>\n\t\t\t\t<\/div>\n\t\t\t\t\t<\/details>\n\t\t\t\t\t\t<details id=\"e-n-accordion-item-2598\" class=\"e-n-accordion-item\" >\n\t\t\t\t<summary class=\"e-n-accordion-item-title\" data-accordion-index=\"9\" tabindex=\"-1\" aria-expanded=\"false\" aria-controls=\"e-n-accordion-item-2598\" >\n\t\t\t\t\t<span class='e-n-accordion-item-title-header'><h4 class=\"e-n-accordion-item-title-text\"> 1:00 pm - 2:00 pm: Lunch &amp; Networking <\/h4><\/span>\n\t\t\t\t\t\t\t<span class='e-n-accordion-item-title-icon'>\n\t\t\t<span class='e-opened' ><i aria-hidden=\"true\" class=\"fas fa-chevron-up\"><\/i><\/span>\n\t\t\t<span class='e-closed'><i aria-hidden=\"true\" class=\"fas fa-chevron-down\"><\/i><\/span>\n\t\t<\/span>\n\n\t\t\t\t\t\t<\/summary>\n\t\t\t\t<div data-particle_enable=\"false\" data-particle-mobile-disabled=\"false\" role=\"region\" aria-labelledby=\"e-n-accordion-item-2598\" class=\"elementor-element elementor-element-0b0dee7 e-flex e-con-boxed e-con e-child\" data-id=\"0b0dee7\" data-element_type=\"container\" data-e-type=\"container\" data-settings=\"{&quot;background_background&quot;:&quot;classic&quot;}\">\n\t\t\t\t\t<div class=\"e-con-inner\">\n\t\t\t\t\t<\/div>\n\t\t\t\t<\/div>\n\t\t\t\t\t<\/details>\n\t\t\t\t\t\t<details id=\"e-n-accordion-item-2599\" class=\"e-n-accordion-item\" >\n\t\t\t\t<summary class=\"e-n-accordion-item-title\" data-accordion-index=\"10\" tabindex=\"-1\" aria-expanded=\"false\" aria-controls=\"e-n-accordion-item-2599\" >\n\t\t\t\t\t<span class='e-n-accordion-item-title-header'><h4 class=\"e-n-accordion-item-title-text\"> 2:00 pm - 2:45 pm: Round Table: DPOs and AI - CYBER XPERT - MATHIAS AVOCATS - AFCDP - IRISCARE <\/h4><\/span>\n\t\t\t\t\t\t\t<span class='e-n-accordion-item-title-icon'>\n\t\t\t<span class='e-opened' ><i aria-hidden=\"true\" class=\"fas fa-chevron-up\"><\/i><\/span>\n\t\t\t<span class='e-closed'><i aria-hidden=\"true\" class=\"fas fa-chevron-down\"><\/i><\/span>\n\t\t<\/span>\n\n\t\t\t\t\t\t<\/summary>\n\t\t\t\t<div data-particle_enable=\"false\" data-particle-mobile-disabled=\"false\" role=\"region\" aria-labelledby=\"e-n-accordion-item-2599\" class=\"elementor-element elementor-element-d2c6e7e e-flex e-con-boxed e-con e-child\" data-id=\"d2c6e7e\" data-element_type=\"container\" data-e-type=\"container\" data-settings=\"{&quot;background_background&quot;:&quot;classic&quot;}\">\n\t\t\t\t\t<div class=\"e-con-inner\">\n\t\t\t\t<div class=\"elementor-element elementor-element-4de1022 elementor-widget elementor-widget-text-editor\" data-id=\"4de1022\" data-element_type=\"widget\" data-e-type=\"widget\" data-widget_type=\"text-editor.default\">\n\t\t\t\t\t\t\t\t\t<p><b>Fabrice Hacquet,\u00a0<\/b><em>CEO &amp; Business Manager<\/em>\u00a0<strong>&amp;<\/strong>\u00a0<b>Grance Mathais,\u00a0<\/b><i>Managing Director - Lawyer Founder\u00a0<\/i><strong>&amp;<\/strong>\u00a0<strong>Paul-Olivier<\/strong>\u00a0-\u00a0<em>Chairman\u00a0<strong>&amp; Louis-Philippe Loncke,\u00a0<\/strong>DPO Iriscare<\/em><\/p><p>In this round table, we'll look at the legal and practical aspects, and at how DPOs will have to incorporate this new scope into their role.<\/p>\t\t\t\t\t\t\t\t<\/div>\n\t\t\t\t\t<\/div>\n\t\t\t\t<\/div>\n\t\t\t\t\t<\/details>\n\t\t\t\t\t\t<details id=\"e-n-accordion-item-25910\" class=\"e-n-accordion-item\" >\n\t\t\t\t<summary class=\"e-n-accordion-item-title\" data-accordion-index=\"11\" tabindex=\"-1\" aria-expanded=\"false\" aria-controls=\"e-n-accordion-item-25910\" >\n\t\t\t\t\t<span class='e-n-accordion-item-title-header'><h4 class=\"e-n-accordion-item-title-text\"> 14h45 - 15h15: How to choose the ideal hosting for your SaaS software? - DATA LEGAL DRIVE <\/h4><\/span>\n\t\t\t\t\t\t\t<span class='e-n-accordion-item-title-icon'>\n\t\t\t<span class='e-opened' ><i aria-hidden=\"true\" class=\"fas fa-chevron-up\"><\/i><\/span>\n\t\t\t<span class='e-closed'><i aria-hidden=\"true\" class=\"fas fa-chevron-down\"><\/i><\/span>\n\t\t<\/span>\n\n\t\t\t\t\t\t<\/summary>\n\t\t\t\t<div data-particle_enable=\"false\" data-particle-mobile-disabled=\"false\" role=\"region\" aria-labelledby=\"e-n-accordion-item-25910\" class=\"elementor-element elementor-element-c17e6c9 e-flex e-con-boxed e-con e-child\" data-id=\"c17e6c9\" data-element_type=\"container\" data-e-type=\"container\" data-settings=\"{&quot;background_background&quot;:&quot;classic&quot;}\">\n\t\t\t\t\t<div class=\"e-con-inner\">\n\t\t\t\t<div class=\"elementor-element elementor-element-9c569db elementor-widget elementor-widget-text-editor\" data-id=\"9c569db\" data-element_type=\"widget\" data-e-type=\"widget\" data-widget_type=\"text-editor.default\">\n\t\t\t\t\t\t\t\t\t<b>Fabrice Delaporte,\u00a0<\/b><em>CTO of Data Legal Drive<\/em>\n\nAs DPO, selecting the right RGPD software requires, among other criteria, assessing the type of data hosting. A crucial responsibility to ensure compliance within your organization in collaboration with the IT department. Given the complexity of hosting options, determining the ideal solution can be a real challenge! What are the advantages and disadvantages of shared, dedicated or on-premise data centers? Scaleway or Outscale: how to choose the right hosting provider? A must-attend conference to help you make the right decisions when it comes to data hosting.\n\n<a href=\"https:\/\/dpo-forum.eu\/wp-content\/uploads\/2024\/04\/DPO-Forum-02042024-Conference-hebergement.pdf\">See the conference<\/a>\t\t\t\t\t\t\t\t<\/div>\n\t\t\t\t\t<\/div>\n\t\t\t\t<\/div>\n\t\t\t\t\t<\/details>\n\t\t\t\t\t\t<details id=\"e-n-accordion-item-25911\" class=\"e-n-accordion-item\" >\n\t\t\t\t<summary class=\"e-n-accordion-item-title\" data-accordion-index=\"12\" tabindex=\"-1\" aria-expanded=\"false\" aria-controls=\"e-n-accordion-item-25911\" >\n\t\t\t\t\t<span class='e-n-accordion-item-title-header'><h4 class=\"e-n-accordion-item-title-text\"> 15h15 - 15h45: Making NIS2 an opportunity to protect personal data in a sovereign way - HEXATRUST <\/h4><\/span>\n\t\t\t\t\t\t\t<span class='e-n-accordion-item-title-icon'>\n\t\t\t<span class='e-opened' ><i aria-hidden=\"true\" class=\"fas fa-chevron-up\"><\/i><\/span>\n\t\t\t<span class='e-closed'><i aria-hidden=\"true\" class=\"fas fa-chevron-down\"><\/i><\/span>\n\t\t<\/span>\n\n\t\t\t\t\t\t<\/summary>\n\t\t\t\t<div data-particle_enable=\"false\" data-particle-mobile-disabled=\"false\" role=\"region\" aria-labelledby=\"e-n-accordion-item-25911\" class=\"elementor-element elementor-element-abd800b e-flex e-con-boxed e-con e-child\" data-id=\"abd800b\" data-element_type=\"container\" data-e-type=\"container\" data-settings=\"{&quot;background_background&quot;:&quot;classic&quot;}\">\n\t\t\t\t\t<div class=\"e-con-inner\">\n\t\t\t\t<div class=\"elementor-element elementor-element-39057c0 elementor-widget elementor-widget-text-editor\" data-id=\"39057c0\" data-element_type=\"widget\" data-e-type=\"widget\" data-widget_type=\"text-editor.default\">\n\t\t\t\t\t\t\t\t\t<b>Olivier Morel,\u00a0<\/b><em>Treasurer<\/em>\n\nWith the entry into force of the NIS 2 directive approaching, DPOs have the opportunity to take advantage of this new regulation to reinforce\nthe level of personal data protection for which they are responsible. Hexatrust will be presenting a complete, sovereign ecosystem\nto support this approach.\n\n<a href=\"https:\/\/dpo-forum.eu\/wp-content\/uploads\/2024\/04\/HEXATRUST-NIS2-DPO-FORUM-PARIS-2024-2-AVRIL.pdf\">See the conference<\/a>\t\t\t\t\t\t\t\t<\/div>\n\t\t\t\t\t<\/div>\n\t\t\t\t<\/div>\n\t\t\t\t\t<\/details>\n\t\t\t\t\t\t<details id=\"e-n-accordion-item-25912\" class=\"e-n-accordion-item\" >\n\t\t\t\t<summary class=\"e-n-accordion-item-title\" data-accordion-index=\"13\" tabindex=\"-1\" aria-expanded=\"false\" aria-controls=\"e-n-accordion-item-25912\" >\n\t\t\t\t\t<span class='e-n-accordion-item-title-header'><h4 class=\"e-n-accordion-item-title-text\"> 4:00 pm - 5:00 pm: Closing &amp; Networking <\/h4><\/span>\n\t\t\t\t\t\t\t<span class='e-n-accordion-item-title-icon'>\n\t\t\t<span class='e-opened' ><i aria-hidden=\"true\" class=\"fas fa-chevron-up\"><\/i><\/span>\n\t\t\t<span class='e-closed'><i aria-hidden=\"true\" class=\"fas fa-chevron-down\"><\/i><\/span>\n\t\t<\/span>\n\n\t\t\t\t\t\t<\/summary>\n\t\t\t\t<div data-particle_enable=\"false\" data-particle-mobile-disabled=\"false\" role=\"region\" aria-labelledby=\"e-n-accordion-item-25912\" class=\"elementor-element elementor-element-acfb17c e-flex e-con-boxed e-con e-child\" data-id=\"acfb17c\" data-element_type=\"container\" data-e-type=\"container\" data-settings=\"{&quot;background_background&quot;:&quot;classic&quot;}\">\n\t\t\t\t\t<div class=\"e-con-inner\">\n\t\t\t\t\t<\/div>\n\t\t\t\t<\/div>\n\t\t\t\t\t<\/details>\n\t\t\t\t\t<\/div>\n\t\t\t\t\t\t<\/div>\n\t\t\t\t\t<\/div>\n\t\t\t\t<\/div>\n\t\t\t\t<\/div>","protected":false},"excerpt":{"rendered":"<p>Programme DPO Forum Paris 2025 8h30 &#8211; 9h00 : Caf\u00e9 de bienvenue Caf\u00e9 d&rsquo;accueil 9h00 &#8211; 9h45 : Keynote : Intelligence artificielle et protection des donn\u00e9es \u00e0 caract\u00e8re personnel : quels enjeux pour les DPO ? &#8211; MATHIAS AVOCATS Garance Mathias,\u00a0Managing Director &#8211; Founder lawyer L&rsquo;IA, gr\u00e2ce \u00e0 sa capacit\u00e9 \u00e0 traiter et analyser de [&hellip;]<\/p>\n","protected":false},"author":1,"featured_media":0,"parent":0,"menu_order":0,"comment_status":"closed","ping_status":"closed","template":"","meta":{"footnotes":""},"class_list":["post-1161","page","type-page","status-publish","hentry"],"_links":{"self":[{"href":"https:\/\/dpo-forum.eu\/en\/wp-json\/wp\/v2\/pages\/1161","targetHints":{"allow":["GET"]}}],"collection":[{"href":"https:\/\/dpo-forum.eu\/en\/wp-json\/wp\/v2\/pages"}],"about":[{"href":"https:\/\/dpo-forum.eu\/en\/wp-json\/wp\/v2\/types\/page"}],"author":[{"embeddable":true,"href":"https:\/\/dpo-forum.eu\/en\/wp-json\/wp\/v2\/users\/1"}],"replies":[{"embeddable":true,"href":"https:\/\/dpo-forum.eu\/en\/wp-json\/wp\/v2\/comments?post=1161"}],"version-history":[{"count":4,"href":"https:\/\/dpo-forum.eu\/en\/wp-json\/wp\/v2\/pages\/1161\/revisions"}],"predecessor-version":[{"id":1165,"href":"https:\/\/dpo-forum.eu\/en\/wp-json\/wp\/v2\/pages\/1161\/revisions\/1165"}],"wp:attachment":[{"href":"https:\/\/dpo-forum.eu\/en\/wp-json\/wp\/v2\/media?parent=1161"}],"curies":[{"name":"wp","href":"https:\/\/api.w.org\/{rel}","templated":true}]}}