{"id":1109,"date":"2026-02-03T10:14:52","date_gmt":"2026-02-03T09:14:52","guid":{"rendered":"https:\/\/angry-villani.57-128-39-62.plesk.page\/?page_id=1109"},"modified":"2026-02-03T12:01:53","modified_gmt":"2026-02-03T11:01:53","slug":"orateurs-paris-2025","status":"publish","type":"page","link":"https:\/\/dpo-forum.eu\/en\/orateurs-paris-2025\/","title":{"rendered":"Orateurs Paris 2025"},"content":{"rendered":"<div data-elementor-type=\"wp-page\" data-elementor-id=\"1109\" class=\"elementor elementor-1109\" data-elementor-post-type=\"page\">\n\t\t\t\t<div data-particle_enable=\"false\" data-particle-mobile-disabled=\"false\" class=\"elementor-element elementor-element-e4058b5 e-flex e-con-boxed e-con e-parent\" data-id=\"e4058b5\" data-element_type=\"container\" data-e-type=\"container\" data-settings=\"{&quot;background_background&quot;:&quot;classic&quot;}\">\n\t\t\t\t\t<div class=\"e-con-inner\">\n\t\t\t\t<div class=\"elementor-element elementor-element-46d55f4 elementor-widget elementor-widget-heading\" data-id=\"46d55f4\" data-element_type=\"widget\" data-e-type=\"widget\" data-widget_type=\"heading.default\">\n\t\t\t\t\t<h1 class=\"elementor-heading-title elementor-size-default\">DPO Forum Paris 2025<\/h1>\t\t\t\t<\/div>\n\t\t\t\t<div class=\"elementor-element elementor-element-848e3f0 elementor-widget elementor-widget-heading\" data-id=\"848e3f0\" data-element_type=\"widget\" data-e-type=\"widget\" data-widget_type=\"heading.default\">\n\t\t\t\t\t<h2 class=\"elementor-heading-title elementor-size-default\">Our speakers<\/h2>\t\t\t\t<\/div>\n\t\t\t\t<div class=\"elementor-element elementor-element-3723828 elementor-widget elementor-widget-text-editor\" data-id=\"3723828\" data-element_type=\"widget\" data-e-type=\"widget\" data-widget_type=\"text-editor.default\">\n\t\t\t\t\t\t\t\t\t<p>A panel of experts to decipher the challenges of the RGPD, the IA Act, cybersecurity and digital sovereignty.<\/p>\t\t\t\t\t\t\t\t<\/div>\n\t\t\t\t\t<\/div>\n\t\t\t\t<\/div>\n\t\t<div data-particle_enable=\"false\" data-particle-mobile-disabled=\"false\" class=\"elementor-element elementor-element-e4aac6d e-con-full animated-slow e-flex elementor-invisible e-con e-parent\" data-id=\"e4aac6d\" data-element_type=\"container\" data-e-type=\"container\" data-settings=\"{&quot;animation&quot;:&quot;slideInLeft&quot;}\">\n\t\t<div data-particle_enable=\"false\" data-particle-mobile-disabled=\"false\" class=\"elementor-element elementor-element-c35e8fa e-con-full e-flex e-con e-child\" data-id=\"c35e8fa\" data-element_type=\"container\" data-e-type=\"container\">\n\t\t\t\t<div class=\"elementor-element elementor-element-a1dcb0f eael-team-align-centered elementor-widget elementor-widget-eael-team-member\" data-id=\"a1dcb0f\" data-element_type=\"widget\" data-e-type=\"widget\" data-widget_type=\"eael-team-member.default\">\n\t\t\t\t\t\n\n\t<div id=\"eael-team-member-a1dcb0f\" class=\"eael-team-item eael-team-members-social-bottom\">\n\t\t<div class=\"eael-team-item-inner\">\n\t\t\t<div class=\"eael-team-image\">\n\t\t\t\t<figure>\n\t\t\t\t\t\t\t\t\t\t<img decoding=\"async\" src=\"https:\/\/dpo-forum.eu\/wp-content\/uploads\/alessio-768x768.png\" alt=\",\" title=\"\">\n\t\t\t\t\t\t\t\t\t<\/figure>\n\t\t\t\t\n\t\t\t\t\n\t\t\t<\/div>\n\n\t\t\t<div class=\"eael-team-content\">\n\t\t\t\t<h2 class=\"eael-team-member-name\">Alessandro Fiorentino<\/h2><h3 class=\"eael-team-member-position\">Product Owner<\/h3>\n\t\t\t\t\t\t\t\t\t        <p class=\"eael-team-text\">ADEQUACY<\/p>\n\t\t            <ul class=\"eael-team-member-social-profiles\">\n\t\t\t\t                    <li class=\"eael-team-member-social-link\">\n                        <a class=\"eael-team-social-link\" href=\"https:\/\/www.linkedin.com\/checkpoint\/challenge\/AgFueXmjfIfCHAAAAZwi6s5oKc1ZtVMrbzAE6XjKTSQ21paYoQTsk6gncBK8j72RhtvgSTTuDpHTQdHZwQKA7twm0OO4nQ?ut=3shoNZaYuMas81\" target=\"_blank\" rel=\"noopener\">\n                            <i aria-hidden=\"true\" class=\"fab fa-linkedin\"><\/i>                        <\/a>\n                    <\/li>\n\t\t\t\t            <\/ul>\n\t\t\t\t\t\t\t\t\t<\/div>\n\t\t<\/div>\n\t<\/div>\n\t\t\t\t\t<\/div>\n\t\t\t\t<\/div>\n\t\t<div data-particle_enable=\"false\" data-particle-mobile-disabled=\"false\" class=\"elementor-element elementor-element-9125c32 e-con-full e-flex e-con e-child\" data-id=\"9125c32\" data-element_type=\"container\" data-e-type=\"container\">\n\t\t\t\t<div class=\"elementor-element elementor-element-5084c3e eael-team-align-centered elementor-widget elementor-widget-eael-team-member\" data-id=\"5084c3e\" data-element_type=\"widget\" data-e-type=\"widget\" data-widget_type=\"eael-team-member.default\">\n\t\t\t\t\t\n\n\t<div id=\"eael-team-member-5084c3e\" class=\"eael-team-item eael-team-members-social-bottom\">\n\t\t<div class=\"eael-team-item-inner\">\n\t\t\t<div class=\"eael-team-image\">\n\t\t\t\t<figure>\n\t\t\t\t\t\t\t\t\t\t<img decoding=\"async\" src=\"https:\/\/dpo-forum.eu\/wp-content\/uploads\/romain-768x768.png\" alt=\",\" title=\"\">\n\t\t\t\t\t\t\t\t\t<\/figure>\n\t\t\t\t\n\t\t\t\t\n\t\t\t<\/div>\n\n\t\t\t<div class=\"eael-team-content\">\n\t\t\t\t<h2 class=\"eael-team-member-name\">Romain Bidault<\/h2><h3 class=\"eael-team-member-position\">Co-founder and Sales Director<\/h3>\n\t\t\t\t\t\t\t\t\t        <p class=\"eael-team-text\">DASTRA<\/p>\n\t\t            <ul class=\"eael-team-member-social-profiles\">\n\t\t\t\t                    <li class=\"eael-team-member-social-link\">\n                        <a class=\"eael-team-social-link\" href=\"https:\/\/www.linkedin.com\/in\/romainbidault\/\" target=\"_blank\" rel=\"noopener\">\n                            <i aria-hidden=\"true\" class=\"fab fa-linkedin\"><\/i>                        <\/a>\n                    <\/li>\n\t\t\t\t            <\/ul>\n\t\t\t\t\t\t\t\t\t<\/div>\n\t\t<\/div>\n\t<\/div>\n\t\t\t\t\t<\/div>\n\t\t\t\t<\/div>\n\t\t<div data-particle_enable=\"false\" data-particle-mobile-disabled=\"false\" class=\"elementor-element elementor-element-f691483 e-con-full e-flex e-con e-child\" data-id=\"f691483\" data-element_type=\"container\" data-e-type=\"container\">\n\t\t\t\t<div class=\"elementor-element elementor-element-250318f eael-team-align-centered elementor-widget elementor-widget-eael-team-member\" data-id=\"250318f\" data-element_type=\"widget\" data-e-type=\"widget\" data-widget_type=\"eael-team-member.default\">\n\t\t\t\t\t\n\n\t<div id=\"eael-team-member-250318f\" class=\"eael-team-item eael-team-members-social-bottom\">\n\t\t<div class=\"eael-team-item-inner\">\n\t\t\t<div class=\"eael-team-image\">\n\t\t\t\t<figure>\n\t\t\t\t\t\t\t\t\t\t<img decoding=\"async\" src=\"https:\/\/dpo-forum.eu\/wp-content\/uploads\/blaise-768x768.png\" alt=\",\" title=\"\">\n\t\t\t\t\t\t\t\t\t<\/figure>\n\t\t\t\t\n\t\t\t\t\n\t\t\t<\/div>\n\n\t\t\t<div class=\"eael-team-content\">\n\t\t\t\t<h2 class=\"eael-team-member-name\">Blaise Diagne<\/h2><h3 class=\"eael-team-member-position\">DPO<\/h3>\n\t\t\t\t\t\t\t\t\t        <p class=\"eael-team-text\">ARCAD SOFTWARE - CAL&amp;F<\/p>\n\t\t            <ul class=\"eael-team-member-social-profiles\">\n\t\t\t\t                    <li class=\"eael-team-member-social-link\">\n                        <a class=\"eael-team-social-link\" href=\"https:\/\/www.linkedin.com\/in\/blaise-diagne-4054b3163\/\" target=\"_blank\" rel=\"noopener\">\n                            <i aria-hidden=\"true\" class=\"fab fa-linkedin\"><\/i>                        <\/a>\n                    <\/li>\n\t\t\t\t            <\/ul>\n\t\t\t\t\t\t\t\t\t<\/div>\n\t\t<\/div>\n\t<\/div>\n\t\t\t\t\t<\/div>\n\t\t\t\t<\/div>\n\t\t\t\t<\/div>\n\t\t<div data-particle_enable=\"false\" data-particle-mobile-disabled=\"false\" class=\"elementor-element elementor-element-d49f265 e-con-full animated-slow e-flex elementor-invisible e-con e-parent\" data-id=\"d49f265\" data-element_type=\"container\" data-e-type=\"container\" data-settings=\"{&quot;animation&quot;:&quot;slideInRight&quot;}\">\n\t\t<div data-particle_enable=\"false\" data-particle-mobile-disabled=\"false\" class=\"elementor-element elementor-element-66b82d4 e-con-full e-flex e-con e-child\" data-id=\"66b82d4\" data-element_type=\"container\" data-e-type=\"container\">\n\t\t\t\t<div class=\"elementor-element elementor-element-da5f968 eael-team-align-centered elementor-widget elementor-widget-eael-team-member\" data-id=\"da5f968\" data-element_type=\"widget\" data-e-type=\"widget\" data-widget_type=\"eael-team-member.default\">\n\t\t\t\t\t\n\n\t<div id=\"eael-team-member-da5f968\" class=\"eael-team-item eael-team-members-social-bottom\">\n\t\t<div class=\"eael-team-item-inner\">\n\t\t\t<div class=\"eael-team-image\">\n\t\t\t\t<figure>\n\t\t\t\t\t\t\t\t\t\t<img decoding=\"async\" src=\"https:\/\/dpo-forum.eu\/wp-content\/uploads\/garance-768x768.png\" alt=\",\" title=\"\">\n\t\t\t\t\t\t\t\t\t<\/figure>\n\t\t\t\t\n\t\t\t\t\n\t\t\t<\/div>\n\n\t\t\t<div class=\"eael-team-content\">\n\t\t\t\t<h2 class=\"eael-team-member-name\">Garance Mathias<\/h2><h3 class=\"eael-team-member-position\">Managing Director - Lawyer Founder<\/h3>\n\t\t\t\t\t\t\t\t\t        <p class=\"eael-team-text\">MATHIAS AVOCATS<\/p>\n\t\t            <ul class=\"eael-team-member-social-profiles\">\n\t\t\t\t                    <li class=\"eael-team-member-social-link\">\n                        <a class=\"eael-team-social-link\" href=\"https:\/\/www.linkedin.com\/in\/garance-mathias\/\" target=\"_blank\" rel=\"noopener\">\n                            <i aria-hidden=\"true\" class=\"fab fa-linkedin\"><\/i>                        <\/a>\n                    <\/li>\n\t\t\t\t            <\/ul>\n\t\t\t\t\t\t\t\t\t<\/div>\n\t\t<\/div>\n\t<\/div>\n\t\t\t\t\t<\/div>\n\t\t\t\t<\/div>\n\t\t<div data-particle_enable=\"false\" data-particle-mobile-disabled=\"false\" class=\"elementor-element elementor-element-d09ec8b e-con-full e-flex e-con e-child\" data-id=\"d09ec8b\" data-element_type=\"container\" data-e-type=\"container\">\n\t\t\t\t<div class=\"elementor-element elementor-element-c16667a eael-team-align-centered elementor-widget elementor-widget-eael-team-member\" data-id=\"c16667a\" data-element_type=\"widget\" data-e-type=\"widget\" data-widget_type=\"eael-team-member.default\">\n\t\t\t\t\t\n\n\t<div id=\"eael-team-member-c16667a\" class=\"eael-team-item eael-team-members-social-bottom\">\n\t\t<div class=\"eael-team-item-inner\">\n\t\t\t<div class=\"eael-team-image\">\n\t\t\t\t<figure>\n\t\t\t\t\t\t\t\t\t\t<img decoding=\"async\" src=\"https:\/\/dpo-forum.eu\/wp-content\/uploads\/valentin-768x768.png\" alt=\",\" title=\"\">\n\t\t\t\t\t\t\t\t\t<\/figure>\n\t\t\t\t\n\t\t\t\t\n\t\t\t<\/div>\n\n\t\t\t<div class=\"eael-team-content\">\n\t\t\t\t<h2 class=\"eael-team-member-name\">Valentin S\u00e9n\u00e9chal<\/h2><h3 class=\"eael-team-member-position\">Privacy Consultant<\/h3>\n\t\t\t\t\t\t\t\t\t        <p class=\"eael-team-text\">DATA LEGAL DRIVE (EQS GROUP)<\/p>\n\t\t            <ul class=\"eael-team-member-social-profiles\">\n\t\t\t\t                    <li class=\"eael-team-member-social-link\">\n                        <a class=\"eael-team-social-link\" href=\"https:\/\/www.linkedin.com\/in\/valentin-s%C3%A9n%C3%A9chal\/\" target=\"_blank\" rel=\"noopener\">\n                            <i aria-hidden=\"true\" class=\"fab fa-linkedin\"><\/i>                        <\/a>\n                    <\/li>\n\t\t\t\t            <\/ul>\n\t\t\t\t\t\t\t\t\t<\/div>\n\t\t<\/div>\n\t<\/div>\n\t\t\t\t\t<\/div>\n\t\t\t\t<\/div>\n\t\t<div data-particle_enable=\"false\" data-particle-mobile-disabled=\"false\" class=\"elementor-element elementor-element-7b3efae e-con-full e-flex e-con e-child\" data-id=\"7b3efae\" data-element_type=\"container\" data-e-type=\"container\">\n\t\t\t\t<div class=\"elementor-element elementor-element-aa85501 eael-team-align-centered elementor-widget elementor-widget-eael-team-member\" data-id=\"aa85501\" data-element_type=\"widget\" data-e-type=\"widget\" data-widget_type=\"eael-team-member.default\">\n\t\t\t\t\t\n\n\t<div id=\"eael-team-member-aa85501\" class=\"eael-team-item eael-team-members-social-bottom\">\n\t\t<div class=\"eael-team-item-inner\">\n\t\t\t<div class=\"eael-team-image\">\n\t\t\t\t<figure>\n\t\t\t\t\t\t\t\t\t\t<img decoding=\"async\" src=\"https:\/\/dpo-forum.eu\/wp-content\/uploads\/mustapha-768x768.png\" alt=\",\" title=\"\">\n\t\t\t\t\t\t\t\t\t<\/figure>\n\t\t\t\t\n\t\t\t\t\n\t\t\t<\/div>\n\n\t\t\t<div class=\"eael-team-content\">\n\t\t\t\t<h2 class=\"eael-team-member-name\">Mustapha Annouh<\/h2><h3 class=\"eael-team-member-position\">CEO<\/h3>\n\t\t\t\t\t\t\t\t\t        <p class=\"eael-team-text\">SHIELD AI<\/p>\n\t\t            <ul class=\"eael-team-member-social-profiles\">\n\t\t\t\t                    <li class=\"eael-team-member-social-link\">\n                        <a class=\"eael-team-social-link\" href=\"https:\/\/www.linkedin.com\/in\/cvmustaphaannouh\/\" target=\"_blank\" rel=\"noopener\">\n                            <i aria-hidden=\"true\" class=\"fab fa-linkedin\"><\/i>                        <\/a>\n                    <\/li>\n\t\t\t\t            <\/ul>\n\t\t\t\t\t\t\t\t\t<\/div>\n\t\t<\/div>\n\t<\/div>\n\t\t\t\t\t<\/div>\n\t\t\t\t<\/div>\n\t\t\t\t<\/div>\n\t\t\t\t<\/div>","protected":false},"excerpt":{"rendered":"<p>DPO Forum Paris 2025 Nos orateurs Un panel d\u2019experts pour d\u00e9crypter les enjeux du RGPD, de l\u2019IA Act, de la cybers\u00e9curit\u00e9 et de la souverainet\u00e9 num\u00e9rique. Alessandro Fiorentino Product Owner ADEQUACY Romain Bidault Co-fondateur et Directeur commercial DASTRA Blaise Diagne DPO ARCAD SOFTWARE &#8211; CAL&amp;F Garance Mathias Dirigeante &#8211; Avocat Fondateur MATHIAS AVOCATS Valentin S\u00e9n\u00e9chal [&hellip;]<\/p>\n","protected":false},"author":1,"featured_media":0,"parent":0,"menu_order":0,"comment_status":"closed","ping_status":"closed","template":"","meta":{"footnotes":""},"class_list":["post-1109","page","type-page","status-publish","hentry"],"_links":{"self":[{"href":"https:\/\/dpo-forum.eu\/en\/wp-json\/wp\/v2\/pages\/1109","targetHints":{"allow":["GET"]}}],"collection":[{"href":"https:\/\/dpo-forum.eu\/en\/wp-json\/wp\/v2\/pages"}],"about":[{"href":"https:\/\/dpo-forum.eu\/en\/wp-json\/wp\/v2\/types\/page"}],"author":[{"embeddable":true,"href":"https:\/\/dpo-forum.eu\/en\/wp-json\/wp\/v2\/users\/1"}],"replies":[{"embeddable":true,"href":"https:\/\/dpo-forum.eu\/en\/wp-json\/wp\/v2\/comments?post=1109"}],"version-history":[{"count":10,"href":"https:\/\/dpo-forum.eu\/en\/wp-json\/wp\/v2\/pages\/1109\/revisions"}],"predecessor-version":[{"id":1171,"href":"https:\/\/dpo-forum.eu\/en\/wp-json\/wp\/v2\/pages\/1109\/revisions\/1171"}],"wp:attachment":[{"href":"https:\/\/dpo-forum.eu\/en\/wp-json\/wp\/v2\/media?parent=1109"}],"curies":[{"name":"wp","href":"https:\/\/api.w.org\/{rel}","templated":true}]}}