{"id":1104,"date":"2026-02-03T10:03:55","date_gmt":"2026-02-03T09:03:55","guid":{"rendered":"https:\/\/angry-villani.57-128-39-62.plesk.page\/?page_id=1104"},"modified":"2026-02-03T10:14:20","modified_gmt":"2026-02-03T09:14:20","slug":"programme-paris-2025","status":"publish","type":"page","link":"https:\/\/dpo-forum.eu\/en\/programme-paris-2025\/","title":{"rendered":"Paris 2025 Program"},"content":{"rendered":"<div data-elementor-type=\"wp-page\" data-elementor-id=\"1104\" class=\"elementor elementor-1104\" data-elementor-post-type=\"page\">\n\t\t\t\t<div data-particle_enable=\"false\" data-particle-mobile-disabled=\"false\" class=\"elementor-element elementor-element-6631525 e-flex e-con-boxed e-con e-parent\" data-id=\"6631525\" data-element_type=\"container\" data-e-type=\"container\" data-settings=\"{&quot;background_background&quot;:&quot;classic&quot;}\">\n\t\t\t\t\t<div class=\"e-con-inner\">\n\t\t\t\t<div class=\"elementor-element elementor-element-339d2f8 elementor-widget elementor-widget-heading\" data-id=\"339d2f8\" data-element_type=\"widget\" data-e-type=\"widget\" data-widget_type=\"heading.default\">\n\t\t\t\t\t<h2 class=\"elementor-heading-title elementor-size-default\">Program DPO Forum Paris 2025<\/h2>\t\t\t\t<\/div>\n\t\t\t\t<div class=\"elementor-element elementor-element-ab3899f elementor-widget elementor-widget-n-accordion\" data-id=\"ab3899f\" data-element_type=\"widget\" data-e-type=\"widget\" data-settings=\"{&quot;default_state&quot;:&quot;all_collapsed&quot;,&quot;max_items_expended&quot;:&quot;multiple&quot;,&quot;n_accordion_animation_duration&quot;:{&quot;unit&quot;:&quot;ms&quot;,&quot;size&quot;:400,&quot;sizes&quot;:[]}}\" data-widget_type=\"nested-accordion.default\">\n\t\t\t\t\t\t\t<div class=\"e-n-accordion\" aria-label=\"Accordion. Open links with Enter or Space, close with Escape, and navigate with Arrow Keys\">\n\t\t\t\t\t\t<details id=\"e-n-accordion-item-1790\" class=\"e-n-accordion-item\" >\n\t\t\t\t<summary class=\"e-n-accordion-item-title\" data-accordion-index=\"1\" tabindex=\"0\" aria-expanded=\"false\" aria-controls=\"e-n-accordion-item-1790\" >\n\t\t\t\t\t<span class='e-n-accordion-item-title-header'><h4 class=\"e-n-accordion-item-title-text\"> 8:30 - 9:30: Welcome coffee <\/h4><\/span>\n\t\t\t\t\t\t\t<span class='e-n-accordion-item-title-icon'>\n\t\t\t<span class='e-opened' ><i aria-hidden=\"true\" class=\"fas fa-chevron-up\"><\/i><\/span>\n\t\t\t<span class='e-closed'><i aria-hidden=\"true\" class=\"fas fa-chevron-down\"><\/i><\/span>\n\t\t<\/span>\n\n\t\t\t\t\t\t<\/summary>\n\t\t\t\t<div data-particle_enable=\"false\" data-particle-mobile-disabled=\"false\" role=\"region\" aria-labelledby=\"e-n-accordion-item-1790\" class=\"elementor-element elementor-element-a587a19 e-con-full e-flex e-con e-child\" data-id=\"a587a19\" data-element_type=\"container\" data-e-type=\"container\" data-settings=\"{&quot;background_background&quot;:&quot;classic&quot;}\">\n\t\t\t\t<div class=\"elementor-element elementor-element-5f130b1 elementor-widget elementor-widget-text-editor\" data-id=\"5f130b1\" data-element_type=\"widget\" data-e-type=\"widget\" data-widget_type=\"text-editor.default\">\n\t\t\t\t\t\t\t\t\t<p>Welcome coffee<\/p>\t\t\t\t\t\t\t\t<\/div>\n\t\t\t\t<\/div>\n\t\t\t\t\t<\/details>\n\t\t\t\t\t\t<details id=\"e-n-accordion-item-1791\" class=\"e-n-accordion-item\" >\n\t\t\t\t<summary class=\"e-n-accordion-item-title\" data-accordion-index=\"2\" tabindex=\"-1\" aria-expanded=\"false\" aria-controls=\"e-n-accordion-item-1791\" >\n\t\t\t\t\t<span class='e-n-accordion-item-title-header'><h4 class=\"e-n-accordion-item-title-text\"> 9:30am - 9:50am: Keynote: Faced with the current threat and a shifting geopolitical context, the DPO is an essential pillar for any organization - Cabinet Mathias Avocats <\/h4><\/span>\n\t\t\t\t\t\t\t<span class='e-n-accordion-item-title-icon'>\n\t\t\t<span class='e-opened' ><i aria-hidden=\"true\" class=\"fas fa-chevron-up\"><\/i><\/span>\n\t\t\t<span class='e-closed'><i aria-hidden=\"true\" class=\"fas fa-chevron-down\"><\/i><\/span>\n\t\t<\/span>\n\n\t\t\t\t\t\t<\/summary>\n\t\t\t\t<div data-particle_enable=\"false\" data-particle-mobile-disabled=\"false\" role=\"region\" aria-labelledby=\"e-n-accordion-item-1791\" class=\"elementor-element elementor-element-fe39e07 e-con-full e-flex e-con e-child\" data-id=\"fe39e07\" data-element_type=\"container\" data-e-type=\"container\" data-settings=\"{&quot;background_background&quot;:&quot;classic&quot;}\">\n\t\t\t\t<div class=\"elementor-element elementor-element-f27f636 elementor-widget elementor-widget-text-editor\" data-id=\"f27f636\" data-element_type=\"widget\" data-e-type=\"widget\" data-widget_type=\"text-editor.default\">\n\t\t\t\t\t\t\t\t\t<p><b><span data-olk-copy-source=\"MessageBody\">The DPO: An essential pillar for the organization<\/span><\/b><\/p><p><b><i>Faced with the state of the threat &amp;<\/i><\/b><b>\u00a0<i>in a shifting geopolitical context<\/i><\/b><\/p><p><b>Against a backdrop of increasing cyber-attacks, the threat of the foundations of US-EU cooperation being called into question, and the rise of unbridled AI: what strategy should we adopt to protect personal data? What are the new governance issues?  How can we anticipate and manage risks?<\/b><\/p><p><b>More than ever, the DPO is a key player for the organization in maintaining compliance and trust.<\/b><\/p><p><b><span data-olk-copy-source=\"MessageBody\"><a href=\"https:\/\/dpo-forum.eu\/wp-content\/uploads\/2025\/05\/Mathias-Avocats_DPO20250506_VF.pdf\">Mathias Avocats_Keynote<\/a><\/span><\/b><\/p>\t\t\t\t\t\t\t\t<\/div>\n\t\t\t\t<\/div>\n\t\t\t\t\t<\/details>\n\t\t\t\t\t\t<details id=\"e-n-accordion-item-1792\" class=\"e-n-accordion-item\" >\n\t\t\t\t<summary class=\"e-n-accordion-item-title\" data-accordion-index=\"3\" tabindex=\"-1\" aria-expanded=\"false\" aria-controls=\"e-n-accordion-item-1792\" >\n\t\t\t\t\t<span class='e-n-accordion-item-title-header'><h4 class=\"e-n-accordion-item-title-text\"> 9h55 - 10h15: How to deal with the IA Act when you are DPO? - DASTRA  <\/h4><\/span>\n\t\t\t\t\t\t\t<span class='e-n-accordion-item-title-icon'>\n\t\t\t<span class='e-opened' ><i aria-hidden=\"true\" class=\"fas fa-chevron-up\"><\/i><\/span>\n\t\t\t<span class='e-closed'><i aria-hidden=\"true\" class=\"fas fa-chevron-down\"><\/i><\/span>\n\t\t<\/span>\n\n\t\t\t\t\t\t<\/summary>\n\t\t\t\t<div data-particle_enable=\"false\" data-particle-mobile-disabled=\"false\" role=\"region\" aria-labelledby=\"e-n-accordion-item-1792\" class=\"elementor-element elementor-element-82cbab2 e-con-full e-flex e-con e-child\" data-id=\"82cbab2\" data-element_type=\"container\" data-e-type=\"container\" data-settings=\"{&quot;background_background&quot;:&quot;classic&quot;}\">\n\t\t\t\t<div class=\"elementor-element elementor-element-e4c6935 elementor-widget elementor-widget-text-editor\" data-id=\"e4c6935\" data-element_type=\"widget\" data-e-type=\"widget\" data-widget_type=\"text-editor.default\">\n\t\t\t\t\t\t\t\t\t<p>Program:<br \/>Understanding the IA Act and compliance obligations<br \/>Understanding the role of the DPO,<br \/>How to map your AI systems<br \/>How to make AI governance a concrete reality<\/p><p><em>Romain Bidault - Co-Founder<\/em><\/p><p><a href=\"https:\/\/www.dastra.eu\/fr\/article\/comment-aborder-lai-act-en-tant-que-dpo\/58115\" target=\"_blank\" rel=\"noopener\">https:\/\/www.dastra.eu\/fr\/article\/comment-aborder-lai-act-en-tant-que-dpo\/58115<\/a><\/p>\t\t\t\t\t\t\t\t<\/div>\n\t\t\t\t<\/div>\n\t\t\t\t\t<\/details>\n\t\t\t\t\t\t<details id=\"e-n-accordion-item-1793\" class=\"e-n-accordion-item\" >\n\t\t\t\t<summary class=\"e-n-accordion-item-title\" data-accordion-index=\"4\" tabindex=\"-1\" aria-expanded=\"false\" aria-controls=\"e-n-accordion-item-1793\" >\n\t\t\t\t\t<span class='e-n-accordion-item-title-header'><h4 class=\"e-n-accordion-item-title-text\"> 10h20 - 10h40: Generative AI in the Enterprise: Risks and Opportunities - SHIELD AI <\/h4><\/span>\n\t\t\t\t\t\t\t<span class='e-n-accordion-item-title-icon'>\n\t\t\t<span class='e-opened' ><i aria-hidden=\"true\" class=\"fas fa-chevron-up\"><\/i><\/span>\n\t\t\t<span class='e-closed'><i aria-hidden=\"true\" class=\"fas fa-chevron-down\"><\/i><\/span>\n\t\t<\/span>\n\n\t\t\t\t\t\t<\/summary>\n\t\t\t\t<div data-particle_enable=\"false\" data-particle-mobile-disabled=\"false\" role=\"region\" aria-labelledby=\"e-n-accordion-item-1793\" class=\"elementor-element elementor-element-85424f2 e-con-full e-flex e-con e-child\" data-id=\"85424f2\" data-element_type=\"container\" data-e-type=\"container\" data-settings=\"{&quot;background_background&quot;:&quot;classic&quot;}\">\n\t\t\t\t<div class=\"elementor-element elementor-element-762cf90 elementor-widget elementor-widget-text-editor\" data-id=\"762cf90\" data-element_type=\"widget\" data-e-type=\"widget\" data-widget_type=\"text-editor.default\">\n\t\t\t\t\t\t\t\t\t<ul><li><span class=\"OYPEnA font-feature-liga-off font-feature-clig-off font-feature-calt-off text-decoration-none text-strikethrough-none\">Discover the impact of generative AI on business.<\/span><\/li><li><span class=\"OYPEnA font-feature-liga-off font-feature-clig-off font-feature-calt-off text-decoration-none text-strikethrough-none\">Analyze safety and compliance risks.<\/span><\/li><li><span class=\"OYPEnA font-feature-liga-off font-feature-clig-off font-feature-calt-off text-decoration-none text-strikethrough-none\">Examine opportunities for operational optimization.<\/span><\/li><li><span class=\"OYPEnA font-feature-liga-off font-feature-clig-off font-feature-calt-off text-decoration-none text-strikethrough-none\">Take a pragmatic approach to integrating these technologies.<\/span><\/li><li><span class=\"OYPEnA font-feature-liga-off font-feature-clig-off font-feature-calt-off text-decoration-none text-strikethrough-none\">Take part in an expert exchange to anticipate future challenges.<\/span><\/li><\/ul><p>Mustapha Annouh - CEO<\/p><p><a href=\"https:\/\/dpo-forum.eu\/wp-content\/uploads\/2025\/05\/DPO-Forum-GenAI-en-entreprise-2025-FR.pdf\">DPO Forum - GenAI in the workplace - 2025 FR<\/a><\/p>\t\t\t\t\t\t\t\t<\/div>\n\t\t\t\t<\/div>\n\t\t\t\t\t<\/details>\n\t\t\t\t\t\t<details id=\"e-n-accordion-item-1794\" class=\"e-n-accordion-item\" >\n\t\t\t\t<summary class=\"e-n-accordion-item-title\" data-accordion-index=\"5\" tabindex=\"-1\" aria-expanded=\"false\" aria-controls=\"e-n-accordion-item-1794\" >\n\t\t\t\t\t<span class='e-n-accordion-item-title-header'><h4 class=\"e-n-accordion-item-title-text\"> 10:40 - 11:00: Checklist for successful RGPD compliance - DATA LEGAL DRIVE (EQS GROUP) <\/h4><\/span>\n\t\t\t\t\t\t\t<span class='e-n-accordion-item-title-icon'>\n\t\t\t<span class='e-opened' ><i aria-hidden=\"true\" class=\"fas fa-chevron-up\"><\/i><\/span>\n\t\t\t<span class='e-closed'><i aria-hidden=\"true\" class=\"fas fa-chevron-down\"><\/i><\/span>\n\t\t<\/span>\n\n\t\t\t\t\t\t<\/summary>\n\t\t\t\t<div data-particle_enable=\"false\" data-particle-mobile-disabled=\"false\" role=\"region\" aria-labelledby=\"e-n-accordion-item-1794\" class=\"elementor-element elementor-element-a2efe28 e-con-full e-flex e-con e-child\" data-id=\"a2efe28\" data-element_type=\"container\" data-e-type=\"container\" data-settings=\"{&quot;background_background&quot;:&quot;classic&quot;}\">\n\t\t\t\t<div class=\"elementor-element elementor-element-946b48e elementor-widget elementor-widget-text-editor\" data-id=\"946b48e\" data-element_type=\"widget\" data-e-type=\"widget\" data-widget_type=\"text-editor.default\">\n\t\t\t\t\t\t\t\t\t<p>Is your organization really ready for an RGPD audit?<\/p><p>Complying with the RGPD may seem complex, but with a clear, structured checklist, everything becomes simpler. In this workshop, we take you step by step: from the preparation phase to risk identification, right through to final reporting. You'll leave with a concrete method for effectively managing your compliance and avoiding sanctions.<\/p><p><strong><em>Valentin Senechal - Privacy Consultant<\/em><\/strong><\/p><p><a href=\"https:\/\/dpo-forum.eu\/wp-content\/uploads\/2025\/05\/Valentin-Senechal-EQS.pdf\">Valentin S\u00e9nechal - EQS<\/a><\/p>\t\t\t\t\t\t\t\t<\/div>\n\t\t\t\t<\/div>\n\t\t\t\t\t<\/details>\n\t\t\t\t\t\t<details id=\"e-n-accordion-item-1795\" class=\"e-n-accordion-item\" >\n\t\t\t\t<summary class=\"e-n-accordion-item-title\" data-accordion-index=\"6\" tabindex=\"-1\" aria-expanded=\"false\" aria-controls=\"e-n-accordion-item-1795\" >\n\t\t\t\t\t<span class='e-n-accordion-item-title-header'><h4 class=\"e-n-accordion-item-title-text\"> 11h00 - 11h45: Coffee break &amp; Networking <\/h4><\/span>\n\t\t\t\t\t\t\t<span class='e-n-accordion-item-title-icon'>\n\t\t\t<span class='e-opened' ><i aria-hidden=\"true\" class=\"fas fa-chevron-up\"><\/i><\/span>\n\t\t\t<span class='e-closed'><i aria-hidden=\"true\" class=\"fas fa-chevron-down\"><\/i><\/span>\n\t\t<\/span>\n\n\t\t\t\t\t\t<\/summary>\n\t\t\t\t<div data-particle_enable=\"false\" data-particle-mobile-disabled=\"false\" role=\"region\" aria-labelledby=\"e-n-accordion-item-1795\" class=\"elementor-element elementor-element-ed8b2df e-con-full e-flex e-con e-child\" data-id=\"ed8b2df\" data-element_type=\"container\" data-e-type=\"container\" data-settings=\"{&quot;background_background&quot;:&quot;classic&quot;}\">\n\t\t\t\t<\/div>\n\t\t\t\t\t<\/details>\n\t\t\t\t\t\t<details id=\"e-n-accordion-item-1796\" class=\"e-n-accordion-item\" >\n\t\t\t\t<summary class=\"e-n-accordion-item-title\" data-accordion-index=\"7\" tabindex=\"-1\" aria-expanded=\"false\" aria-controls=\"e-n-accordion-item-1796\" >\n\t\t\t\t\t<span class='e-n-accordion-item-title-header'><h4 class=\"e-n-accordion-item-title-text\"> 11:45 - 12:05: CAL&amp;F &amp; ARCAD Software drastically reduce the impact of data breaches with DOT Anonymizer - ARCAD SOFTWARE <\/h4><\/span>\n\t\t\t\t\t\t\t<span class='e-n-accordion-item-title-icon'>\n\t\t\t<span class='e-opened' ><i aria-hidden=\"true\" class=\"fas fa-chevron-up\"><\/i><\/span>\n\t\t\t<span class='e-closed'><i aria-hidden=\"true\" class=\"fas fa-chevron-down\"><\/i><\/span>\n\t\t<\/span>\n\n\t\t\t\t\t\t<\/summary>\n\t\t\t\t<div data-particle_enable=\"false\" data-particle-mobile-disabled=\"false\" role=\"region\" aria-labelledby=\"e-n-accordion-item-1796\" class=\"elementor-element elementor-element-e88cbc2 e-con-full e-flex e-con e-child\" data-id=\"e88cbc2\" data-element_type=\"container\" data-e-type=\"container\" data-settings=\"{&quot;background_background&quot;:&quot;classic&quot;}\">\n\t\t\t\t<div class=\"elementor-element elementor-element-da8f324 elementor-widget elementor-widget-text-editor\" data-id=\"da8f324\" data-element_type=\"widget\" data-e-type=\"widget\" data-widget_type=\"text-editor.default\">\n\t\t\t\t\t\t\t\t\t<p>In a digital environment where cyberthreats are omnipresent,\u00a0<b>protecting sensitive data has become an absolute priority<\/b>\u00a0for businesses. CAL&amp;F, a subsidiary of the Cr\u00e9dit Agricole Group, is present in 11 countries with over 300 interconnected applications.<b>\u00a0the challenge of data anonymization to comply with european regulations<\/b>\u00a0such as RGPD, NIS 2 and DORA.<\/p><p><b>CA L&amp;F's Group DPO, Blaise Diagne, will provide practical feedback on the following topics:<\/b><\/p><ul type=\"disc\"><li>Implementing a data anonymization project in a complex information system.<\/li><li>The benefits in terms of regulatory compliance, protection against data theft and optimized data governance.<\/li><li>Challenges encountered and solutions found to ensure consistent, functionally coherent anonymization.<\/li><\/ul><p>This presentation will provide you with valuable insights into :<\/p><ul type=\"disc\"><li><b>Best practices for data anonymization<\/b>\u00a0in complex environments.<\/li><li>Strategies for\u00a0<b>reduce the impact of data leaks<\/b>, including obsolete data.<\/li><li>Tools and methods for\u00a0<b>improve your company's resilience and financial performance<\/b>\u00a0thanks to optimized data management.<\/li><\/ul><p>Don't miss the opportunity to talk to our expert Blaise Diagne and find out how to\u00a0<b>CAL&amp;F and ARCAD Software collaborate to transform the challenges of data anonymization<\/b>\u00a0into performance and safety levers<\/p><p><em>Blaise Diagne - DPO<\/em><\/p><p><a href=\"https:\/\/dpo-forum.eu\/wp-content\/uploads\/2025\/05\/Presentation-session-DPO-Forum-Paris-2025.pptx\">DPO session presentation Paris 2025 Forum<\/a><\/p>\t\t\t\t\t\t\t\t<\/div>\n\t\t\t\t<\/div>\n\t\t\t\t\t<\/details>\n\t\t\t\t\t\t<details id=\"e-n-accordion-item-1797\" class=\"e-n-accordion-item\" >\n\t\t\t\t<summary class=\"e-n-accordion-item-title\" data-accordion-index=\"8\" tabindex=\"-1\" aria-expanded=\"false\" aria-controls=\"e-n-accordion-item-1797\" >\n\t\t\t\t\t<span class='e-n-accordion-item-title-header'><h4 class=\"e-n-accordion-item-title-text\"> 12:10 - 12:35: The RGPD, a revelation of platforms' predatory techniques towards youth - ADEQUACY <\/h4><\/span>\n\t\t\t\t\t\t\t<span class='e-n-accordion-item-title-icon'>\n\t\t\t<span class='e-opened' ><i aria-hidden=\"true\" class=\"fas fa-chevron-up\"><\/i><\/span>\n\t\t\t<span class='e-closed'><i aria-hidden=\"true\" class=\"fas fa-chevron-down\"><\/i><\/span>\n\t\t<\/span>\n\n\t\t\t\t\t\t<\/summary>\n\t\t\t\t<div data-particle_enable=\"false\" data-particle-mobile-disabled=\"false\" role=\"region\" aria-labelledby=\"e-n-accordion-item-1797\" class=\"elementor-element elementor-element-68be94e e-con-full e-flex e-con e-child\" data-id=\"68be94e\" data-element_type=\"container\" data-e-type=\"container\" data-settings=\"{&quot;background_background&quot;:&quot;classic&quot;}\">\n\t\t\t\t<div class=\"elementor-element elementor-element-925c07f elementor-widget elementor-widget-text-editor\" data-id=\"925c07f\" data-element_type=\"widget\" data-e-type=\"widget\" data-widget_type=\"text-editor.default\">\n\t\t\t\t\t\t\t\t\t<p>Business strategies implemented by social networking platforms<br \/>have enabled them to become leaders in the new attention economy. They are<br \/>monopoly position in a captive market. Every day, young people get into the habit of communicating and playing on these platforms. By using the services offered, they voluntarily exchange personal information and involuntarily leave browsing traces. The strategy of these platforms, through the anchoring of habits, is to create a psychological dependence of users and use various predatory techniques to collect personal data.<\/p><p><em>Alessandro Fiorentino - Product Owner<\/em><\/p><p><a href=\"https:\/\/dpo-forum.eu\/wp-content\/uploads\/2025\/05\/PTT-Alessandro-Fiorentino-Adequacy-DPO-Forum-Paris-2025.pdf\">PTT Alessandro Fiorentino Adequacy - DPO Forum Paris 2025<\/a><\/p>\t\t\t\t\t\t\t\t<\/div>\n\t\t\t\t<\/div>\n\t\t\t\t\t<\/details>\n\t\t\t\t\t\t<details id=\"e-n-accordion-item-1798\" class=\"e-n-accordion-item\" >\n\t\t\t\t<summary class=\"e-n-accordion-item-title\" data-accordion-index=\"9\" tabindex=\"-1\" aria-expanded=\"false\" aria-controls=\"e-n-accordion-item-1798\" >\n\t\t\t\t\t<span class='e-n-accordion-item-title-header'><h4 class=\"e-n-accordion-item-title-text\"> 1:00 pm - 2:30 pm: Lunch &amp; Networking <\/h4><\/span>\n\t\t\t\t\t\t\t<span class='e-n-accordion-item-title-icon'>\n\t\t\t<span class='e-opened' ><i aria-hidden=\"true\" class=\"fas fa-chevron-up\"><\/i><\/span>\n\t\t\t<span class='e-closed'><i aria-hidden=\"true\" class=\"fas fa-chevron-down\"><\/i><\/span>\n\t\t<\/span>\n\n\t\t\t\t\t\t<\/summary>\n\t\t\t\t<div data-particle_enable=\"false\" data-particle-mobile-disabled=\"false\" role=\"region\" aria-labelledby=\"e-n-accordion-item-1798\" class=\"elementor-element elementor-element-34f985e e-con-full e-flex e-con e-child\" data-id=\"34f985e\" data-element_type=\"container\" data-e-type=\"container\" data-settings=\"{&quot;background_background&quot;:&quot;classic&quot;}\">\n\t\t\t\t<\/div>\n\t\t\t\t\t<\/details>\n\t\t\t\t\t\t<details id=\"e-n-accordion-item-1799\" class=\"e-n-accordion-item\" >\n\t\t\t\t<summary class=\"e-n-accordion-item-title\" data-accordion-index=\"10\" tabindex=\"-1\" aria-expanded=\"false\" aria-controls=\"e-n-accordion-item-1799\" >\n\t\t\t\t\t<span class='e-n-accordion-item-title-header'><h4 class=\"e-n-accordion-item-title-text\"> 2:30 pm - 3:30 pm: Round Table: How to align your RGPD obligations with the requirements of the IA Act? <\/h4><\/span>\n\t\t\t\t\t\t\t<span class='e-n-accordion-item-title-icon'>\n\t\t\t<span class='e-opened' ><i aria-hidden=\"true\" class=\"fas fa-chevron-up\"><\/i><\/span>\n\t\t\t<span class='e-closed'><i aria-hidden=\"true\" class=\"fas fa-chevron-down\"><\/i><\/span>\n\t\t<\/span>\n\n\t\t\t\t\t\t<\/summary>\n\t\t\t\t<div data-particle_enable=\"false\" data-particle-mobile-disabled=\"false\" role=\"region\" aria-labelledby=\"e-n-accordion-item-1799\" class=\"elementor-element elementor-element-276781a e-flex e-con-boxed e-con e-child\" data-id=\"276781a\" data-element_type=\"container\" data-e-type=\"container\" data-settings=\"{&quot;background_background&quot;:&quot;classic&quot;}\">\n\t\t\t\t\t<div class=\"e-con-inner\">\n\t\t\t\t<div class=\"elementor-element elementor-element-2b13a01 elementor-widget elementor-widget-text-editor\" data-id=\"2b13a01\" data-element_type=\"widget\" data-e-type=\"widget\" data-widget_type=\"text-editor.default\">\n\t\t\t\t\t\t\t\t\t<p>Participants : DASTRA, ADEQUACY, DATA LEGAL DRIVE (EQS GROUP)<\/p>\t\t\t\t\t\t\t\t<\/div>\n\t\t\t\t\t<\/div>\n\t\t\t\t<\/div>\n\t\t\t\t\t<\/details>\n\t\t\t\t\t\t<details id=\"e-n-accordion-item-17910\" class=\"e-n-accordion-item\" >\n\t\t\t\t<summary class=\"e-n-accordion-item-title\" data-accordion-index=\"11\" tabindex=\"-1\" aria-expanded=\"false\" aria-controls=\"e-n-accordion-item-17910\" >\n\t\t\t\t\t<span class='e-n-accordion-item-title-header'><h4 class=\"e-n-accordion-item-title-text\"> 4:00 pm - 5:00 pm: Closing &amp; Networking <\/h4><\/span>\n\t\t\t\t\t\t\t<span class='e-n-accordion-item-title-icon'>\n\t\t\t<span class='e-opened' ><i aria-hidden=\"true\" class=\"fas fa-chevron-up\"><\/i><\/span>\n\t\t\t<span class='e-closed'><i aria-hidden=\"true\" class=\"fas fa-chevron-down\"><\/i><\/span>\n\t\t<\/span>\n\n\t\t\t\t\t\t<\/summary>\n\t\t\t\t<div data-particle_enable=\"false\" data-particle-mobile-disabled=\"false\" role=\"region\" aria-labelledby=\"e-n-accordion-item-17910\" class=\"elementor-element elementor-element-ddb135c e-flex e-con-boxed e-con e-child\" data-id=\"ddb135c\" data-element_type=\"container\" data-e-type=\"container\" data-settings=\"{&quot;background_background&quot;:&quot;classic&quot;}\">\n\t\t\t\t\t<div class=\"e-con-inner\">\n\t\t\t\t\t<\/div>\n\t\t\t\t<\/div>\n\t\t\t\t\t<\/details>\n\t\t\t\t\t<\/div>\n\t\t\t\t\t\t<\/div>\n\t\t\t\t\t<\/div>\n\t\t\t\t<\/div>\n\t\t\t\t<\/div>","protected":false},"excerpt":{"rendered":"<p>Programme DPO Forum Paris 2025 8h30 &#8211; 9h30 : Caf\u00e9 de bienvenue Caf\u00e9 d&rsquo;accueil 9h30 &#8211; 9h50 : Keynote : Fac\u00e0 l&rsquo;\u00e9tat de la menace, \u00e0 un contexte g\u00e9opolitique mouvant, le DPO, un pilier essentiel pour un organisme &#8211; Cabinet Mathias Avocats Le DPO : Pilier essentiel\u00a0pour l\u2019organisme Face \u00e0 l\u2019\u00e9tat de la menace &amp;\u00a0au [&hellip;]<\/p>\n","protected":false},"author":1,"featured_media":0,"parent":0,"menu_order":0,"comment_status":"closed","ping_status":"closed","template":"","meta":{"footnotes":""},"class_list":["post-1104","page","type-page","status-publish","hentry"],"_links":{"self":[{"href":"https:\/\/dpo-forum.eu\/en\/wp-json\/wp\/v2\/pages\/1104","targetHints":{"allow":["GET"]}}],"collection":[{"href":"https:\/\/dpo-forum.eu\/en\/wp-json\/wp\/v2\/pages"}],"about":[{"href":"https:\/\/dpo-forum.eu\/en\/wp-json\/wp\/v2\/types\/page"}],"author":[{"embeddable":true,"href":"https:\/\/dpo-forum.eu\/en\/wp-json\/wp\/v2\/users\/1"}],"replies":[{"embeddable":true,"href":"https:\/\/dpo-forum.eu\/en\/wp-json\/wp\/v2\/comments?post=1104"}],"version-history":[{"count":4,"href":"https:\/\/dpo-forum.eu\/en\/wp-json\/wp\/v2\/pages\/1104\/revisions"}],"predecessor-version":[{"id":1108,"href":"https:\/\/dpo-forum.eu\/en\/wp-json\/wp\/v2\/pages\/1104\/revisions\/1108"}],"wp:attachment":[{"href":"https:\/\/dpo-forum.eu\/en\/wp-json\/wp\/v2\/media?parent=1104"}],"curies":[{"name":"wp","href":"https:\/\/api.w.org\/{rel}","templated":true}]}}